{"id":4333,"date":"2025-11-17T16:34:14","date_gmt":"2025-11-17T16:34:14","guid":{"rendered":"https:\/\/test.drspiegl.com\/behandlungen\/chirurgische-behandlungen\/brust\/gynaekomastie-maennerbrust\/"},"modified":"2026-01-01T15:21:55","modified_gmt":"2026-01-01T15:21:55","slug":"gynaekomastie-maennerbrust","status":"publish","type":"page","link":"https:\/\/test.drspiegl.com\/de\/chirurgische-behandlungen\/brust\/gynaekomastie-maennerbrust\/","title":{"rendered":"Gyn\u00e4komastie &#8211; M\u00e4nnerbrust"},"content":{"rendered":"\n<h2 class=\"wp-block-heading\">Gyn\u00e4komastie korrigieren \u2013 eine m\u00e4nnliche Brustkontur erzielen<\/h2>\n\n\n\n<h3 class=\"wp-block-heading\">Plastisch-chirurgische Brustkorrektur durch Dr. Matthias Spiegl Salzburg &amp; Tullnerfeld<\/h3>\n\n\n\n<p>Eine vergr\u00f6\u00dferte M\u00e4nnerbrust \u2013 medizinisch als <strong>Gyn\u00e4komastie<\/strong> bezeichnet \u2013 kann das Selbstvertrauen eines Mannes erheblich beeintr\u00e4chtigen. Wenn intensive k\u00f6rperliche Bewegung, Di\u00e4t oder Gewichtsabnahme keine dauerhafte Besserung bringen, bietet eine chirurgische <strong>Gyn\u00e4komastie-Korrektur<\/strong> eine effektive und nachhaltige L\u00f6sung.<\/p>\n\n\n\n<p>Dr. Spiegl, Facharzt f\u00fcr Plastische und \u00c4sthetische Chirurgie, f\u00fchrt diesen Eingriff mit h\u00f6chster Pr\u00e4zision und einem klaren \u00e4sthetischen Fokus in seinen modernen Einrichtungen in <strong>Salzburg und im Tullnerfeld<\/strong> durch.<\/p>\n\n\n\n<p><strong>Gleich zum gew\u00fcnschten Thema springen?<\/strong><\/p>\n\n\n\n<ul class=\"wp-block-list\">\n<li><a href=\"https:\/\/drspiegl.com\/brustvergroesserung\/#arten\">Ursache und Arten der Gyn\u00e4komastie<\/a><\/li>\n\n\n\n<li>Beratung, Planung und Kosten<\/li>\n\n\n\n<li>Der Gyn\u00e4komastie-Eingriff im \u00dcberblick<\/li>\n\n\n\n<li>Postoperative Betreuung und Genesung<\/li>\n\n\n\n<li>Dr. Spiegl &#8211; Ihr Spezialist f\u00fcr Gyn\u00e4komastiekorrekturen in Salzburg &amp; Tullnerfeld<\/li>\n\n\n\n<li><a href=\"https:\/\/drspiegl.com\/brustvergroesserung\/#fragen\">Typische Fragen meiner Patienten<\/a> (FAQ)<\/li>\n<\/ul>\n\n\n\n<h3 class=\"wp-block-heading\">Ursache und Arten der Gyn\u00e4komastie<\/h3>\n\n\n\n<p>Eine Gyn\u00e4komastie entsteht durch eine Zunahme von Dr\u00fcsen- oder Fettgewebe in der m\u00e4nnlichen Brust.<\/p>\n\n\n\n<p>Es wird unterschieden zwischen:<\/p>\n\n\n\n<ul class=\"wp-block-list\">\n<li><strong>Echter Gyn\u00e4komastie:<\/strong> Wucherung des Brustdr\u00fcsengewebes (oft hormonell oder medikament\u00f6s bedingt).<\/li>\n\n\n\n<li><strong>Pseudogyn\u00e4komastie (Lipomastie):<\/strong> Ansammlung von \u00fcbersch\u00fcssigem Fettgewebe (typischerweise aufgrund von \u00dcbergewicht oder genetischen Faktoren).<\/li>\n\n\n\n<li><strong>Kombinierte Gyn\u00e4komastie:<\/strong> Eine Kombination aus Dr\u00fcsen- und Fettgewebe\u00fcberschuss.<\/li>\n<\/ul>\n\n\n\n<p>Unabh\u00e4ngig von der zugrunde liegenden Ursache ist es Dr. Spiegls Ziel stets, eine <strong>flache, harmonische und m\u00e4nnliche Brustkontur<\/strong> zu erzielen \u2013 nat\u00fcrlich im Aussehen und dauerhaft im Ergebnis.<\/p>\n\n\n\n<p class=\"has-medium-font-size\">Beratung, Planung und Kosten<\/p>\n\n\n\n<p>Sollten Sie sich f\u00fcr eine Gyn\u00e4komastiekorrektur interessieren k\u00f6nnen Sie sich gerne einen Beratungstermin bei Dr. Spiegl vereinbaren. Bei Ihrem ersten Termin werden dann ohne Zeitdruck Fragen gekl\u00e4rt, umfangreich beraten und eine Fotodokumentation angefertigt. Mitbringen sollten Sie auf jeden Fall alle verf\u00fcgbaren Arztbriefe Ihrer Patientengeschichte. Sollten Sie sich nach Erhalt des Kostenvoranschlages (der Preis einer Bruststraffung liegt bei 5900\u20ac inkl. Narkose und Spitalsaufenthalt) f\u00fcr die Operation bei Dr. Spiegl entscheiden, so wird gemeinsam ein Termin f\u00fcr die Operation vereinbart. Diesbez\u00fcglich ist wichtig zu wissen, dass in \u00d6sterreich laut Gesetz zwei Wochen zwischen dem Aufkl\u00e4rungsgespr\u00e4ch und der Operationseinwilligung liegen m\u00fcssen.<\/p>\n\n\n\n<h3 class=\"wp-block-heading\">Der Gyn\u00e4komastie-Eingriff im \u00dcberblick<\/h3>\n\n\n\n<p>Die <strong>Gyn\u00e4komastie-Operation<\/strong> wird meist <strong>ambulant <\/strong> in modernen Kliniken in<strong> Salzburg oder in Nieder\u00f6sterreic<\/strong>h durchgef\u00fchrt.<\/p>\n\n\n\n<p>Die <strong>Operationsdauer betr\u00e4gt ca. 1 Stunde<\/strong> und wird in der Regel unter <strong>Vollnarkose<\/strong> durchgef\u00fchrt.<\/p>\n\n\n\n<p>Je nach Befund kombiniert Dr. Spiegl die <strong>Exzision von Dr\u00fcsengewebe<\/strong> \u00fcber einen minimalen Schnitt am Warzenhof mit einer <strong>feinen Liposuktion<\/strong>, um den umliegenden Bereich bei Bedarf optimal zu konturieren. Saugdrainagen sind in der Regel nicht erforderlich.<\/p>\n\n\n\n<h3 class=\"wp-block-heading\">Postoperative Betreuung und Genesung<\/h3>\n\n\n\n<p>Nach dem Eingriff tragen Patienten f\u00fcr mehrere  &#8211; meist 6 &#8211; Wochen ein <strong>Kompressionsmieder (Brustgurt)<\/strong>, um den Heilungsprozess zu unterst\u00fctzen und die neue Brustform zu stabilisieren.<\/p>\n\n\n\n<ul class=\"wp-block-list\">\n<li><strong>Arbeitsf\u00e4higkeit:<\/strong> Ca. <strong>1 Woche<\/strong>.<\/li>\n\n\n\n<li><strong>Anstrengende k\u00f6rperliche Bet\u00e4tigung:<\/strong> Sollte f\u00fcr <strong>4\u20136 Wochen<\/strong> pausiert werden.<\/li>\n\n\n\n<li><strong>Endg\u00fcltiges Ergebnis:<\/strong> Sichtbar nach <strong>3\u20136 Monaten<\/strong>, sobald die Schwellung vollst\u00e4ndig abgeklungen ist.<\/li>\n\n\n\n<li><strong>Dauerhaftigkeit:<\/strong> Die Ergebnisse sind <strong>langfristig und dauerhaft<\/strong>, vorausgesetzt, ein stabiles K\u00f6rpergewicht wird beibehalten.<\/li>\n<\/ul>\n\n\n\n<p>Dr. Spiegl und sein Team bieten eine enge, kontinuierliche Betreuung vom ersten Nachsorgetermin bis zur vollst\u00e4ndigen Genesung. Diese Nachkontrollen sind im Preis enthalten.<\/p>\n\n\n\n<h3 class=\"wp-block-heading\">Dr. Spiegl &#8211; Ihr Spezialist f\u00fcr Gyn\u00e4komastiekorrekturen in Salzburg &amp; Tullnerfeld<\/h3>\n\n\n\n<p>Mit jahrelanger Erfahrung in der plastischen Brustchirurgie und einem besonderen Fokus auf <strong>\u00e4sthetisch nat\u00fcrliche Ergebnisse<\/strong> ist Dr. Spiegl einer der Spezialisten f\u00fcr die chirurgische <strong>Behandlung der Gyn\u00e4komastie<\/strong> im deutschsprachigen Raum.<\/p>\n\n\n\n<p>Dr. Matthias Spiegl ist&nbsp;<a href=\"https:\/\/drspiegl.com\/\">Facharzt f\u00fcr Plastische, Rekonstruktive und \u00c4sthetische Chirurgie<\/a>&nbsp;und besitzt neben der \u00d6sterreichischen auch die Schweizer und die Britische Zulassung als Arzt. Nach seiner hochspezialisierten internationalen Ausbildung mit Stationen und England, der Schweiz und Schottland lie\u00df er sich in Salzburg und Tulln nieder. Seine Spezialisierung ist \u2013 unter anderem \u2013 die \u00e4sthetische Brustchirurgie, welche er auf hohem Niveau gewissenhaft und ohne Kompromisse durchf\u00fchrt.<br>Als zus\u00e4tzliche Qualifikation absolvierte Dr. Spiegl 2018 die Europ\u00e4ische Facharztpr\u00fcfung und darf sich \u201eFellow oft the European Board of Plastic, Reconstructive and Aesthetic Surgery\u201c (FEBOPRAS) nennen. Diese Zusatzqualifikation ist vor allem in \u00d6sterreich selten und zeichnet den Spezialisten der Sch\u00f6nheitschirurgie zus\u00e4tzlich aus. Dr. Spiegl ist Mitglied in zahlreichen nationalen und internationalen Fachgesellschaften, ein weiteres Qualit\u00e4tsmerkmal:<\/p>\n\n\n\n<ul class=\"wp-block-list\">\n<li>Internationale Gesellschaft f\u00fcr \u00c4sthetisch-Plastische Chirurgie (ISAPS)<\/li>\n\n\n\n<li>\u00d6sterreichische Gesellschaft f\u00fcr Plastische, \u00c4sthetische und Rekonstruktive Chirurgie<\/li>\n\n\n\n<li>Schweizerische Gesellschaft f\u00fcr Plastische, Rekonstruktive und \u00c4sthetische Chirurgie<\/li>\n\n\n\n<li>Fellow des European Board of Plastic, Reconstructive and Aesthetic Surgery<\/li>\n\n\n\n<li>General Medical Council (Vereinigtes K\u00f6nigreich)<\/li>\n\n\n\n<li>Fellow of the American College of Surgeons (FACS)<\/li>\n<\/ul>\n\n\n\n<h2 class=\"wp-block-heading\">Typische Fragen meiner Patienten (FAQ)<\/h2>\n\n\n\n<h3 class=\"wp-block-heading\">Was ist eine Gyn\u00e4komastie?<\/h3>\n\n\n\n<p>Unter einer Gyn\u00e4komastie versteht man die gutartige Vergr\u00f6\u00dferung der m\u00e4nnlichen Brust durch vermehrtes Dr\u00fcsen- und\/oder Fettgewebe. Sie kann ein- oder beidseitig auftreten und ist h\u00e4ufig hormonell bedingt.<\/p>\n\n\n\n<h3 class=\"wp-block-heading\">Wann ist eine Gyn\u00e4komastiekorrektur sinnvoll?<\/h3>\n\n\n\n<p>Eine operative Gyn\u00e4komastiekorrektur ist sinnvoll, wenn sich die Brustvergr\u00f6\u00dferung nicht von selbst zur\u00fcckbildet, \u00fcber l\u00e4ngere Zeit besteht oder f\u00fcr den Patienten eine erhebliche psychische Belastung darstellt.<\/p>\n\n\n\n<h3 class=\"wp-block-heading\">Wie l\u00e4uft eine Gyn\u00e4komastiekorrektur ab?<\/h3>\n\n\n\n<p>Je nach Befund erfolgt die Behandlung durch eine Fettabsaugung, die Entfernung von Dr\u00fcsengewebe oder eine Kombination aus beiden Methoden. Der Eingriff wird meist in Vollnarkose durchgef\u00fchrt und dauert in der Regel 60 Minuten.<\/p>\n\n\n\n<h3 class=\"wp-block-heading\">Bleiben nach der Gyn\u00e4komastie-OP sichtbare Narben?<\/h3>\n\n\n\n<p>Die Schnitte werden m\u00f6glichst unauff\u00e4llig platziert, h\u00e4ufig am Rand des Brustwarzenhofs. In den meisten F\u00e4llen sind die Narben nach abgeschlossener Heilung kaum sichtbar.<\/p>\n\n\n\n<h3 class=\"wp-block-heading\">Wie lange dauert die Heilung nach einer Gyn\u00e4komastiekorrektur?<\/h3>\n\n\n\n<p>Die meisten Patienten sind nach etwa einer Woche wieder arbeitsf\u00e4hig. Ein spezielles Kompressionsmieder sollte f\u00fcr mehrere Wochen getragen werden. Sport ist in der Regel nach 4\u20136 Wochen wieder m\u00f6glich.<\/p>\n\n\n\n<h3 class=\"wp-block-heading\">Ist das Ergebnis der Gyn\u00e4komastiekorrektur dauerhaft?<\/h3>\n\n\n\n<p>Ja, bei vollst\u00e4ndiger Entfernung des \u00fcbersch\u00fcssigen Dr\u00fcsengewebes ist das Ergebnis dauerhaft. Voraussetzung ist ein stabiles K\u00f6rpergewicht und das Vermeiden hormonell wirksamer Substanzen.<\/p>\n","protected":false},"excerpt":{"rendered":"<p>Gyn\u00e4komastie korrigieren \u2013 eine m\u00e4nnliche Brustkontur erzielen Plastisch-chirurgische Brustkorrektur durch Dr. Matthias Spiegl Salzburg &amp; Tullnerfeld Eine vergr\u00f6\u00dferte M\u00e4nnerbrust \u2013 medizinisch als Gyn\u00e4komastie bezeichnet \u2013 kann das Selbstvertrauen eines Mannes erheblich beeintr\u00e4chtigen. Wenn intensive k\u00f6rperliche Bewegung, Di\u00e4t oder Gewichtsabnahme keine dauerhafte Besserung bringen, bietet eine chirurgische Gyn\u00e4komastie-Korrektur eine effektive und nachhaltige L\u00f6sung. Dr. Spiegl, Facharzt<\/p>\n","protected":false},"author":1,"featured_media":0,"parent":4264,"menu_order":0,"comment_status":"closed","ping_status":"closed","template":"","meta":{"footnotes":""},"class_list":["post-4333","page","type-page","status-publish","hentry"],"yoast_head":"<!-- This site is optimized with the Yoast SEO plugin v27.4 - https:\/\/yoast.com\/product\/yoast-seo-wordpress\/ -->\n<title>Gyn\u00e4komastie - M\u00e4nnerbrust - test.drspiegl.com<\/title>\n<meta name=\"robots\" content=\"index, follow, max-snippet:-1, max-image-preview:large, max-video-preview:-1\" \/>\n<link rel=\"canonical\" href=\"https:\/\/test.drspiegl.com\/de\/chirurgische-behandlungen\/brust\/gynaekomastie-maennerbrust\/\" \/>\n<meta property=\"og:locale\" content=\"de_DE\" \/>\n<meta property=\"og:type\" content=\"article\" \/>\n<meta property=\"og:title\" content=\"Gyn\u00e4komastie - M\u00e4nnerbrust - test.drspiegl.com\" \/>\n<meta property=\"og:description\" content=\"Gyn\u00e4komastie korrigieren \u2013 eine m\u00e4nnliche Brustkontur erzielen Plastisch-chirurgische Brustkorrektur durch Dr. Matthias Spiegl Salzburg &amp; Tullnerfeld Eine vergr\u00f6\u00dferte M\u00e4nnerbrust \u2013 medizinisch als Gyn\u00e4komastie bezeichnet \u2013 kann das Selbstvertrauen eines Mannes erheblich beeintr\u00e4chtigen. Wenn intensive k\u00f6rperliche Bewegung, Di\u00e4t oder Gewichtsabnahme keine dauerhafte Besserung bringen, bietet eine chirurgische Gyn\u00e4komastie-Korrektur eine effektive und nachhaltige L\u00f6sung. Dr. Spiegl, Facharzt\" \/>\n<meta property=\"og:url\" content=\"https:\/\/test.drspiegl.com\/de\/chirurgische-behandlungen\/brust\/gynaekomastie-maennerbrust\/\" \/>\n<meta property=\"og:site_name\" content=\"test.drspiegl.com\" \/>\n<meta property=\"article:modified_time\" content=\"2026-01-01T15:21:55+00:00\" \/>\n<meta name=\"twitter:card\" content=\"summary_large_image\" \/>\n<meta name=\"twitter:label1\" content=\"Gesch\u00e4tzte Lesezeit\" \/>\n\t<meta name=\"twitter:data1\" content=\"4\u00a0Minuten\" \/>\n<script type=\"application\/ld+json\" class=\"yoast-schema-graph\">{\"@context\":\"https:\\\/\\\/schema.org\",\"@graph\":[{\"@type\":\"WebPage\",\"@id\":\"https:\\\/\\\/test.drspiegl.com\\\/de\\\/chirurgische-behandlungen\\\/brust\\\/gynaekomastie-maennerbrust\\\/\",\"url\":\"https:\\\/\\\/test.drspiegl.com\\\/de\\\/chirurgische-behandlungen\\\/brust\\\/gynaekomastie-maennerbrust\\\/\",\"name\":\"Gyn\u00e4komastie - M\u00e4nnerbrust - test.drspiegl.com\",\"isPartOf\":{\"@id\":\"https:\\\/\\\/test.drspiegl.com\\\/de\\\/en\\\/home\\\/#website\"},\"datePublished\":\"2025-11-17T16:34:14+00:00\",\"dateModified\":\"2026-01-01T15:21:55+00:00\",\"breadcrumb\":{\"@id\":\"https:\\\/\\\/test.drspiegl.com\\\/de\\\/chirurgische-behandlungen\\\/brust\\\/gynaekomastie-maennerbrust\\\/#breadcrumb\"},\"inLanguage\":\"de\",\"potentialAction\":[{\"@type\":\"ReadAction\",\"target\":[\"https:\\\/\\\/test.drspiegl.com\\\/de\\\/chirurgische-behandlungen\\\/brust\\\/gynaekomastie-maennerbrust\\\/\"]}]},{\"@type\":\"BreadcrumbList\",\"@id\":\"https:\\\/\\\/test.drspiegl.com\\\/de\\\/chirurgische-behandlungen\\\/brust\\\/gynaekomastie-maennerbrust\\\/#breadcrumb\",\"itemListElement\":[{\"@type\":\"ListItem\",\"position\":1,\"name\":\"Home\",\"item\":\"https:\\\/\\\/test.drspiegl.com\\\/de\\\/\"},{\"@type\":\"ListItem\",\"position\":2,\"name\":\"Chirurgische Behandlungen\",\"item\":\"https:\\\/\\\/test.drspiegl.com\\\/de\\\/chirurgische-behandlungen\\\/\"},{\"@type\":\"ListItem\",\"position\":3,\"name\":\"Brust\",\"item\":\"https:\\\/\\\/test.drspiegl.com\\\/de\\\/chirurgische-behandlungen\\\/brust\\\/\"},{\"@type\":\"ListItem\",\"position\":4,\"name\":\"Gyn\u00e4komastie &#8211; M\u00e4nnerbrust\"}]},{\"@type\":\"WebSite\",\"@id\":\"https:\\\/\\\/test.drspiegl.com\\\/de\\\/en\\\/home\\\/#website\",\"url\":\"https:\\\/\\\/test.drspiegl.com\\\/de\\\/en\\\/home\\\/\",\"name\":\"test.drspiegl.com\",\"description\":\"Health Medical Theme\",\"potentialAction\":[{\"@type\":\"SearchAction\",\"target\":{\"@type\":\"EntryPoint\",\"urlTemplate\":\"https:\\\/\\\/test.drspiegl.com\\\/de\\\/en\\\/home\\\/?s={search_term_string}\"},\"query-input\":{\"@type\":\"PropertyValueSpecification\",\"valueRequired\":true,\"valueName\":\"search_term_string\"}}],\"inLanguage\":\"de\"}]}<\/script>\n<!-- \/ Yoast SEO plugin. -->","yoast_head_json":{"title":"Gyn\u00e4komastie - M\u00e4nnerbrust - test.drspiegl.com","robots":{"index":"index","follow":"follow","max-snippet":"max-snippet:-1","max-image-preview":"max-image-preview:large","max-video-preview":"max-video-preview:-1"},"canonical":"https:\/\/test.drspiegl.com\/de\/chirurgische-behandlungen\/brust\/gynaekomastie-maennerbrust\/","og_locale":"de_DE","og_type":"article","og_title":"Gyn\u00e4komastie - M\u00e4nnerbrust - test.drspiegl.com","og_description":"Gyn\u00e4komastie korrigieren \u2013 eine m\u00e4nnliche Brustkontur erzielen Plastisch-chirurgische Brustkorrektur durch Dr. Matthias Spiegl Salzburg &amp; Tullnerfeld Eine vergr\u00f6\u00dferte M\u00e4nnerbrust \u2013 medizinisch als Gyn\u00e4komastie bezeichnet \u2013 kann das Selbstvertrauen eines Mannes erheblich beeintr\u00e4chtigen. Wenn intensive k\u00f6rperliche Bewegung, Di\u00e4t oder Gewichtsabnahme keine dauerhafte Besserung bringen, bietet eine chirurgische Gyn\u00e4komastie-Korrektur eine effektive und nachhaltige L\u00f6sung. Dr. Spiegl, Facharzt","og_url":"https:\/\/test.drspiegl.com\/de\/chirurgische-behandlungen\/brust\/gynaekomastie-maennerbrust\/","og_site_name":"test.drspiegl.com","article_modified_time":"2026-01-01T15:21:55+00:00","twitter_card":"summary_large_image","twitter_misc":{"Gesch\u00e4tzte Lesezeit":"4\u00a0Minuten"},"schema":{"@context":"https:\/\/schema.org","@graph":[{"@type":"WebPage","@id":"https:\/\/test.drspiegl.com\/de\/chirurgische-behandlungen\/brust\/gynaekomastie-maennerbrust\/","url":"https:\/\/test.drspiegl.com\/de\/chirurgische-behandlungen\/brust\/gynaekomastie-maennerbrust\/","name":"Gyn\u00e4komastie - M\u00e4nnerbrust - test.drspiegl.com","isPartOf":{"@id":"https:\/\/test.drspiegl.com\/de\/en\/home\/#website"},"datePublished":"2025-11-17T16:34:14+00:00","dateModified":"2026-01-01T15:21:55+00:00","breadcrumb":{"@id":"https:\/\/test.drspiegl.com\/de\/chirurgische-behandlungen\/brust\/gynaekomastie-maennerbrust\/#breadcrumb"},"inLanguage":"de","potentialAction":[{"@type":"ReadAction","target":["https:\/\/test.drspiegl.com\/de\/chirurgische-behandlungen\/brust\/gynaekomastie-maennerbrust\/"]}]},{"@type":"BreadcrumbList","@id":"https:\/\/test.drspiegl.com\/de\/chirurgische-behandlungen\/brust\/gynaekomastie-maennerbrust\/#breadcrumb","itemListElement":[{"@type":"ListItem","position":1,"name":"Home","item":"https:\/\/test.drspiegl.com\/de\/"},{"@type":"ListItem","position":2,"name":"Chirurgische Behandlungen","item":"https:\/\/test.drspiegl.com\/de\/chirurgische-behandlungen\/"},{"@type":"ListItem","position":3,"name":"Brust","item":"https:\/\/test.drspiegl.com\/de\/chirurgische-behandlungen\/brust\/"},{"@type":"ListItem","position":4,"name":"Gyn\u00e4komastie &#8211; M\u00e4nnerbrust"}]},{"@type":"WebSite","@id":"https:\/\/test.drspiegl.com\/de\/en\/home\/#website","url":"https:\/\/test.drspiegl.com\/de\/en\/home\/","name":"test.drspiegl.com","description":"Health Medical Theme","potentialAction":[{"@type":"SearchAction","target":{"@type":"EntryPoint","urlTemplate":"https:\/\/test.drspiegl.com\/de\/en\/home\/?s={search_term_string}"},"query-input":{"@type":"PropertyValueSpecification","valueRequired":true,"valueName":"search_term_string"}}],"inLanguage":"de"}]}},"_links":{"self":[{"href":"https:\/\/test.drspiegl.com\/de\/wp-json\/wp\/v2\/pages\/4333","targetHints":{"allow":["GET"]}}],"collection":[{"href":"https:\/\/test.drspiegl.com\/de\/wp-json\/wp\/v2\/pages"}],"about":[{"href":"https:\/\/test.drspiegl.com\/de\/wp-json\/wp\/v2\/types\/page"}],"author":[{"embeddable":true,"href":"https:\/\/test.drspiegl.com\/de\/wp-json\/wp\/v2\/users\/1"}],"replies":[{"embeddable":true,"href":"https:\/\/test.drspiegl.com\/de\/wp-json\/wp\/v2\/comments?post=4333"}],"version-history":[{"count":3,"href":"https:\/\/test.drspiegl.com\/de\/wp-json\/wp\/v2\/pages\/4333\/revisions"}],"predecessor-version":[{"id":5424,"href":"https:\/\/test.drspiegl.com\/de\/wp-json\/wp\/v2\/pages\/4333\/revisions\/5424"}],"up":[{"embeddable":true,"href":"https:\/\/test.drspiegl.com\/de\/wp-json\/wp\/v2\/pages\/4264"}],"wp:attachment":[{"href":"https:\/\/test.drspiegl.com\/de\/wp-json\/wp\/v2\/media?parent=4333"}],"curies":[{"name":"wp","href":"https:\/\/api.w.org\/{rel}","templated":true}]}}