{"id":4340,"date":"2025-11-17T16:52:53","date_gmt":"2025-11-17T16:52:53","guid":{"rendered":"https:\/\/test.drspiegl.com\/behandlungen\/chirurgische-behandlungen\/brust\/brustverkleinerung-in-salzburg-pixendorf-natuerliches-ergebnis-gesteigertes-wohlbefinden\/"},"modified":"2025-12-28T12:12:12","modified_gmt":"2025-12-28T12:12:12","slug":"brustverkleinerung-in-salzburg-pixendorf-natuerliches-ergebnis-gesteigertes-wohlbefinden","status":"publish","type":"page","link":"https:\/\/test.drspiegl.com\/de\/chirurgische-behandlungen\/brust\/brustverkleinerung-in-salzburg-pixendorf-natuerliches-ergebnis-gesteigertes-wohlbefinden\/","title":{"rendered":"Brustverkleinerung in Salzburg &amp; Pixendorf \u2013 nat\u00fcrliches Ergebnis, gesteigertes Wohlbefinden"},"content":{"rendered":"\n<p>Eine \u00fcberm\u00e4\u00dfig gro\u00dfe Brust kann nicht nur die \u00e4sthetische Wahrnehmung beeintr\u00e4chtigen, sondern auch zu erheblichen k\u00f6rperlichen Beschwerden f\u00fchren. Viele Frauen leiden unter ihren zu gro\u00dfen Br\u00fcsten, oft psychisch und physisch. Die gro\u00dfe Last kann zu Problemen bei der Sportaus\u00fcbung und zu Haltungssch\u00e4den f\u00fchren. Die Brustverkleinerung ist einer der h\u00e4ufigsten Brusteingriffe \u00fcberhaupt und damit kann diese Art der Beschwerden exzellent behandelt werden.<\/p>\n\n\n\n<p>Mit einer von Dr. Spiegl durchgef\u00fchrten Brustverkleinerung erhalten Patientinnen eine harmonischere Brustform, die optimal zu ihrem K\u00f6rper passt \u2013 was zu einer gesteigerten Lebensqualit\u00e4t und einem erh\u00f6hten Selbstvertrauen f\u00fchrt.<\/p>\n\n\n\n<p><strong>Gleich zum gew\u00fcnschten Thema springen?<\/strong><\/p>\n\n\n\n<ul class=\"wp-block-list\">\n<li>Gr\u00fcnde f\u00fcr eine Brustverkleinerung<\/li>\n\n\n\n<li>Wie funktioniert eine Brustverkleinerung?<\/li>\n\n\n\n<li>Ablauf Ihrer Brustverkleinerung bei Dr. Spiegl<\/li>\n\n\n\n<li><strong>Ergebnisse der Brustverkleinerung<\/strong><\/li>\n\n\n\n<li><strong>Kosten f\u00fcr eine Brustverkleinerung<\/strong><\/li>\n\n\n\n<li>Dr. Spiegl \u2013 der erfahrene Sch\u00f6nheitschirurg in Salzburg und Nieder\u00f6sterreich<\/li>\n\n\n\n<li><strong>H\u00e4ufig gestellte Fragen (FAQ)<\/strong><\/li>\n<\/ul>\n\n\n\n<h3 class=\"wp-block-heading has-large-font-size\">Gr\u00fcnde f\u00fcr eine Brustverkleinerung<\/h3>\n\n\n\n<p>Der Eingriff bei Dr. Spiegl in Salzburg oder Pixendorf ist besonders ratsam, wenn:<\/p>\n\n\n\n<ul class=\"wp-block-list\">\n<li>chronische R\u00fccken-, Nacken- oder Schulterschmerzen durch das Gewicht der Br\u00fcste entstehen,<\/li>\n\n\n\n<li>sportliche Aktivit\u00e4ten oder Bewegungen stark eingeschr\u00e4nkt sind,<\/li>\n\n\n\n<li>Hautirritationen oder Ekzeme in der Unterbrustfalte auftreten,<\/li>\n\n\n\n<li>die Haltung negativ beeinflusst wird,<\/li>\n\n\n\n<li>psychische Belastung durch die Brustgr\u00f6\u00dfe verursacht wird.<\/li>\n<\/ul>\n\n\n\n<p>Viele Patientinnen berichten von einer deutlichen Erleichterung im Alltag, einer verbesserten Bewegungsfreiheit und einer positiven Ver\u00e4nderung ihres Selbstwertgef\u00fchls nach der Operation.<\/p>\n\n\n\n<h3 class=\"wp-block-heading has-large-font-size\">Wie funktioniert eine Brustverkleinerung?<\/h3>\n\n\n\n<p>Bei dieser Operation wird die Brust nicht nur verkleinert, sie wird auch noch gestrafft und \u2013 falls notwendig \u2013 Ungleichheiten ausgeglichen. Techniken der Brustverkleinerung gibt es unz\u00e4hlige, wobei grunds\u00e4tzlich zwischen \u201enarbensparend\u201c und \u201eAnker- oder T-Schnitt\u201c unterschieden wird. Keinesfalls eignen sich beide Techniken f\u00fcr alle Brusttypen, die Auswahl der richtigen Operationstechnik ist hier extrem wichtig.<\/p>\n\n\n\n<p>Die gew\u00e4hlte Operationstechnik h\u00e4ngt von Faktoren wie Brustgr\u00f6\u00dfe, Hautqualit\u00e4t und individuellen W\u00fcnschen ab. In einigen F\u00e4llen kann auch die R\u00fcckg\u00e4ngigmachung einer fr\u00fcheren Brustvergr\u00f6\u00dferung Teil der Behandlung sein. <\/p>\n\n\n\n<h3 class=\"wp-block-heading\">Die Anker- oder T-Schnitt-Technik<\/h3>\n\n\n\n<p>Die \u201eAnker-\u201c oder \u201eT-Schnitt-Technik\u201c resultiert in einer Narbe rund um die Brustwarzenvorhof, einer senkrechten Narbe zur Unterbrustfalte und in einer gut versteckten Narbe in der Unterbrustfalte selbst. Diese Technik l\u00e4sst eine sehr gute Brustformung zu und die Ergebnisse sind langanhaltend und schon sehr fr\u00fch sichtbar. Generell heilen Wunden an der Brust meist sehr sch\u00f6n ab und sorgen f\u00fcr unauff\u00e4llige Narben.<\/p>\n\n\n\n<h3 class=\"wp-block-heading\">Narbensparende Techniken<\/h3>\n\n\n\n<p>Sogenannte Narbensparende Techniken kommen meist ohne den Schnitt in der Unterbrustfalte aus. Die Formung der Brust gestaltet sich jedoch etwas schwieriger und somit ist die Patientinnenauswahl eingeschr\u00e4nkter. Die Ergebnisse sind sehr wohl auch langanhaltend, aber oft dauert es etwas l\u00e4nger, bis die Patientin sich das Endergebnis vorstellen kann.<\/p>\n\n\n\n<p class=\"has-large-font-size\"><\/p>\n\n\n\n<p><\/p>\n\n\n\n<h2 class=\"wp-block-heading has-large-font-size\">Ablauf Ihrer Brustverkleinerung bei Dr. Spiegl<\/h2>\n\n\n\n<p>Der gesamte Prozess \u2013 von der ersten Beratung bis zur vollst\u00e4ndigen Heilung \u2013 erstreckt sich in der Regel \u00fcber mehrere Monate.<\/p>\n\n\n\n<h3 class=\"wp-block-heading\">Erstgespr\u00e4ch und Anamnese<\/h3>\n\n\n\n<p>Sollten Sie sich f\u00fcr eine Brustverkleinerung interessieren k\u00f6nnen Sie sich gerne einen Beratungstermin bei Dr. Spiegl vereinbaren. Bei Ihrem ersten Termin werden dann ohne Zeitdruck Fragen gekl\u00e4rt, umfangreich beraten und eine Fotodokumentation angefertigt. Mitbringen sollten Sie auf jeden Fall alle verf\u00fcgbaren Arztbriefe Ihrer Patientengeschichte. Sollten Sie sich nach Erhalt des Kostenvoranschlages (der Preis einer Brustverkleinerung liegt bei 6600\u20ac inkl. Narkose und Spitalsaufenthalt) f\u00fcr die Operation bei Dr. Spiegl entscheiden, so wird gemeinsam ein Termin f\u00fcr die Operation vereinbart. Diesbez\u00fcglich ist wichtig zu wissen, dass in \u00d6sterreich laut Gesetz zwei Wochen zwischen dem Aufkl\u00e4rungsgespr\u00e4ch und der Operationseinwilligung liegen m\u00fcssen.<\/p>\n\n\n\n<h3 class=\"wp-block-heading\">Vor der Operation<\/h3>\n\n\n\n<p>Vorbereitung ist entscheidend: Bestimmte Medikamente m\u00fcssen abgesetzt werden, Nikotinkarenz wird empfohlen, und die Narkosef\u00e4higkeit wird gepr\u00fcft. Genaue Anweisungen erhalten Sie direkt von Dr. Spiegl oder dem Narkosearzt.<\/p>\n\n\n\n<h3 class=\"wp-block-heading\">Der Operationstag<\/h3>\n\n\n\n<p>Am Eingriffstag werden Sie im Spital empfangen, f\u00fcr die Operation vorbereitet und in Narkose versetzt. Der Eingriff dauert je nach Technik ca. 1-2 Stunden. Nach einer kurzen Erholungsphase k\u00f6nnen die meisten Patientinnen die Klinik am selben oder n\u00e4chsten Tag verlassen.<\/p>\n\n\n\n<h3 class=\"wp-block-heading\">Nach der Operation<\/h3>\n\n\n\n<p>In den ersten Wochen tragen Sie einen speziellen St\u00fctz-BH, der die Heilung unterst\u00fctzt. Duschen ist nach einigen Tagen wieder m\u00f6glich, schweres Heben oder Sport sollten zu Beginn noch vermieden werden.  In der Regel ist man nach einer Woche wieder arbeitsf\u00e4hig, nach 3-4 Wochen kann wieder mit Sport begonnen werden. Das Endresultat ist nach etwa 3-6 Monaten sichtbar. Kontrolltermine bei Dr. Spiegl sichern den optimale Kontrolle des Heilungsverlaufs.<\/p>\n\n\n\n<p class=\"has-large-font-size\"><strong>Ergebnisse der Brustverkleinerung<\/strong><\/p>\n\n\n\n<p>Die <strong>Brustverkleinerung bei Dr. Spiegl<\/strong> f\u00fchrt zu:<\/p>\n\n\n\n<ul class=\"wp-block-list\">\n<li>einer sp\u00fcrbaren Entlastung von R\u00fccken, Nacken und Schultern,<\/li>\n\n\n\n<li>einer leichteren, harmonischeren Brustform,<\/li>\n\n\n\n<li>einer Verbesserung der K\u00f6rperhaltung und Bewegungsfreiheit,<\/li>\n\n\n\n<li>einem neuen, positiven K\u00f6rpergef\u00fchl,<\/li>\n\n\n\n<li>einer deutlichen Steigerung der Lebensqualit\u00e4t.<\/li>\n<\/ul>\n\n\n\n<p>Dank moderner Operationstechniken werden Narben so gesetzt, dass sie sp\u00e4ter m\u00f6glichst unauff\u00e4llig und gut zu kaschieren sind.<\/p>\n\n\n\n<p class=\"has-large-font-size\"><strong>Kosten f\u00fcr eine Brustverkleinerung in Salzburg &amp; Pixendorf<\/strong><\/p>\n\n\n\n<p>Die Preise f\u00fcr eine <strong>Brustverkleinerung bei Dr. Spiegl<\/strong> beginnen ab <strong>ca. 6.600 \u20ac<\/strong>. Der exakte Preis richtet sich nach:<\/p>\n\n\n\n<ul class=\"wp-block-list\">\n<li>dem Umfang des Eingriffs,<\/li>\n\n\n\n<li>der Aufenthaltsdauer in der Klinik,<\/li>\n\n\n\n<li>individuellen Faktoren wie Brustgr\u00f6\u00dfe und gew\u00fcnschtem Endresultat.<\/li>\n<\/ul>\n\n\n\n<p>Im pers\u00f6nlichen Beratungsgespr\u00e4ch in <strong>Salzburg oder Pixendorf<\/strong> erhalten Sie einen transparenten Kostenplan, individuell abgestimmt auf Ihre W\u00fcnsche und medizinischen Voraussetzungen.<\/p>\n\n\n\n<h2 class=\"wp-block-heading\">Dr. Spiegl \u2013 der erfahrene Sch\u00f6nheitschirurg in Salzburg und Nieder\u00f6sterreich<\/h2>\n\n\n\n<p>Dr. Matthias Spiegl ist&nbsp;<a href=\"https:\/\/drspiegl.com\/\">Facharzt f\u00fcr Plastische, Rekonstruktive und \u00c4sthetische Chirurgie<\/a>&nbsp;und besitzt neben der \u00d6sterreichischen auch die Schweizer und die Britische Zulassung als Arzt. Nach seiner hochspezialisierten internationalen Ausbildung mit Stationen und England, der Schweiz und Schottland lie\u00df er sich in Salzburg und Tulln nieder. Seine Spezialisierung ist \u2013 unter anderem \u2013 die \u00e4sthetische Brustchirurgie, welche er auf hohem Niveau gewissenhaft und ohne Kompromisse durchf\u00fchrt.<br>Als zus\u00e4tzliche Qualifikation absolvierte Dr. Spiegl 2018 die Europ\u00e4ische Facharztpr\u00fcfung und darf sich \u201eFellow oft the European Board of Plastic, Reconstructive and Aesthetic Surgery\u201c (FEBOPRAS) nennen. Diese Zusatzqualifikation ist vor allem in \u00d6sterreich selten und zeichnet den Spezialisten der Sch\u00f6nheitschirurgie zus\u00e4tzlich aus. Dr. Spiegl ist Mitglied in zahlreichen nationalen und internationalen Fachgesellschaften, ein weiteres Qualit\u00e4tsmerkmal:<\/p>\n\n\n\n<ul class=\"wp-block-list\">\n<li>Internationale Gesellschaft f\u00fcr \u00c4sthetisch-Plastische Chirurgie (ISAPS)<\/li>\n\n\n\n<li>\u00d6sterreichische Gesellschaft f\u00fcr Plastische, \u00c4sthetische und Rekonstruktive Chirurgie<\/li>\n\n\n\n<li>Schweizerische Gesellschaft f\u00fcr Plastische, Rekonstruktive und \u00c4sthetische Chirurgie<\/li>\n\n\n\n<li>Fellow des European Board of Plastic, Reconstructive and Aesthetic Surgery<\/li>\n\n\n\n<li>General Medical Council (Vereinigtes K\u00f6nigreich)<\/li>\n\n\n\n<li>Fellow of the Maerican College of Surgeons (FACS)<\/li>\n<\/ul>\n\n\n\n<p class=\"has-large-font-size\"><strong>H\u00e4ufig gestellte Fragen (FAQ)<\/strong><\/p>\n\n\n\n<h3 class=\"wp-block-heading\">Was passiert, wenn ich vor der Operation krank werde?<\/h3>\n\n\n\n<p>Die OP wird in diesem Fall verschoben, um ein sicheres Ergebnis zu gew\u00e4hrleisten.<\/p>\n\n\n\n<h3 class=\"wp-block-heading\">Welchen Einfluss hat eine Schwangerschaft auf das Ergebnis einer Brustverkleinerung?<\/h3>\n\n\n\n<p>Eine Schwangerschaft kann die Brustform erneut ver\u00e4ndern. Es empfiehlt sich, die OP nach abgeschlossener Familienplanung durchzuf\u00fchren.<\/p>\n\n\n\n<h3 class=\"wp-block-heading\">Kann man nach einer Brustverkleinerung noch stillen?<\/h3>\n\n\n\n<p>Das ist m\u00f6glich, h\u00e4ngt jedoch von der gew\u00e4hlten Operationstechnik ab. Die F\u00e4higkeit, nach der OP zu stillem liegt bei ca. 70%.<\/p>\n\n\n\n<h3 class=\"wp-block-heading\">\u00dcbernimmt die Krankenkasse die Kosten f\u00fcr eine Brustverkleinerung?<\/h3>\n\n\n\n<p>In medizinisch begr\u00fcndeten F\u00e4llen (z. B. starke R\u00fcckenschmerzen, Hautprobleme) kann eine Kosten\u00fcbernahme beantragt werden.<\/p>\n\n\n\n<h3 class=\"wp-block-heading\">Muss man vor einer Brustverkleinerung abnehmen?<\/h3>\n\n\n\n<p>Eine stabile Gewichtssituation ist von Vorteil. Bei starkem \u00dcbergewicht wird eine Gewichtsreduktion vorab empfohlen.<\/p>\n\n\n\n<h3 class=\"wp-block-heading\">Was passiert, wenn man nach einer Verkleinerung der Br\u00fcste abnimmt?<\/h3>\n\n\n\n<p>Die Brust kann an Volumen verlieren, die Form bleibt jedoch meist erhalten.<\/p>\n\n\n\n<h3 class=\"wp-block-heading\">Wie viele K\u00f6rbchengr\u00f6\u00dfen verliert man nach einer Verkleinerung der Br\u00fcste?<\/h3>\n\n\n\n<p>Das Ergebnis ist individuell, h\u00e4ufig reduziert sich die Gr\u00f6\u00dfe um 1\u20133 Cup-Gr\u00f6\u00dfen.<\/p>\n\n\n\n<h3 class=\"wp-block-heading\">K\u00f6nnen die Br\u00fcste nach einer Verkleinerung wieder wachsen?<\/h3>\n\n\n\n<p>Ja, durch Gewichtszunahme oder hormonelle Ver\u00e4nderungen kann sich die Brust erneut vergr\u00f6\u00dfern.<\/p>\n","protected":false},"excerpt":{"rendered":"<p>Eine \u00fcberm\u00e4\u00dfig gro\u00dfe Brust kann nicht nur die \u00e4sthetische Wahrnehmung beeintr\u00e4chtigen, sondern auch zu erheblichen k\u00f6rperlichen Beschwerden f\u00fchren. Viele Frauen leiden unter ihren zu gro\u00dfen Br\u00fcsten, oft psychisch und physisch. Die gro\u00dfe Last kann zu Problemen bei der Sportaus\u00fcbung und zu Haltungssch\u00e4den f\u00fchren. Die Brustverkleinerung ist einer der h\u00e4ufigsten Brusteingriffe \u00fcberhaupt und damit kann diese<\/p>\n","protected":false},"author":1,"featured_media":0,"parent":4264,"menu_order":0,"comment_status":"closed","ping_status":"closed","template":"","meta":{"footnotes":""},"class_list":["post-4340","page","type-page","status-publish","hentry"],"yoast_head":"<!-- This site is optimized with the Yoast SEO plugin v27.4 - https:\/\/yoast.com\/product\/yoast-seo-wordpress\/ -->\n<title>Brustverkleinerung in Salzburg &amp; Pixendorf \u2013 nat\u00fcrliches Ergebnis, gesteigertes Wohlbefinden - test.drspiegl.com<\/title>\n<meta name=\"robots\" content=\"index, follow, max-snippet:-1, max-image-preview:large, max-video-preview:-1\" \/>\n<link rel=\"canonical\" href=\"https:\/\/test.drspiegl.com\/de\/chirurgische-behandlungen\/brust\/brustverkleinerung-in-salzburg-pixendorf-natuerliches-ergebnis-gesteigertes-wohlbefinden\/\" \/>\n<meta property=\"og:locale\" content=\"de_DE\" \/>\n<meta property=\"og:type\" content=\"article\" \/>\n<meta property=\"og:title\" content=\"Brustverkleinerung in Salzburg &amp; Pixendorf \u2013 nat\u00fcrliches Ergebnis, gesteigertes Wohlbefinden - test.drspiegl.com\" \/>\n<meta property=\"og:description\" content=\"Eine \u00fcberm\u00e4\u00dfig gro\u00dfe Brust kann nicht nur die \u00e4sthetische Wahrnehmung beeintr\u00e4chtigen, sondern auch zu erheblichen k\u00f6rperlichen Beschwerden f\u00fchren. Viele Frauen leiden unter ihren zu gro\u00dfen Br\u00fcsten, oft psychisch und physisch. Die gro\u00dfe Last kann zu Problemen bei der Sportaus\u00fcbung und zu Haltungssch\u00e4den f\u00fchren. Die Brustverkleinerung ist einer der h\u00e4ufigsten Brusteingriffe \u00fcberhaupt und damit kann diese\" \/>\n<meta property=\"og:url\" content=\"https:\/\/test.drspiegl.com\/de\/chirurgische-behandlungen\/brust\/brustverkleinerung-in-salzburg-pixendorf-natuerliches-ergebnis-gesteigertes-wohlbefinden\/\" \/>\n<meta property=\"og:site_name\" content=\"test.drspiegl.com\" \/>\n<meta property=\"article:modified_time\" content=\"2025-12-28T12:12:12+00:00\" \/>\n<meta name=\"twitter:card\" content=\"summary_large_image\" \/>\n<meta name=\"twitter:label1\" content=\"Gesch\u00e4tzte Lesezeit\" \/>\n\t<meta name=\"twitter:data1\" content=\"6\u00a0Minuten\" \/>\n<script type=\"application\/ld+json\" class=\"yoast-schema-graph\">{\"@context\":\"https:\\\/\\\/schema.org\",\"@graph\":[{\"@type\":\"WebPage\",\"@id\":\"https:\\\/\\\/test.drspiegl.com\\\/de\\\/chirurgische-behandlungen\\\/brust\\\/brustverkleinerung-in-salzburg-pixendorf-natuerliches-ergebnis-gesteigertes-wohlbefinden\\\/\",\"url\":\"https:\\\/\\\/test.drspiegl.com\\\/de\\\/chirurgische-behandlungen\\\/brust\\\/brustverkleinerung-in-salzburg-pixendorf-natuerliches-ergebnis-gesteigertes-wohlbefinden\\\/\",\"name\":\"Brustverkleinerung in Salzburg &amp; Pixendorf \u2013 nat\u00fcrliches Ergebnis, gesteigertes Wohlbefinden - test.drspiegl.com\",\"isPartOf\":{\"@id\":\"https:\\\/\\\/test.drspiegl.com\\\/de\\\/en\\\/home\\\/#website\"},\"datePublished\":\"2025-11-17T16:52:53+00:00\",\"dateModified\":\"2025-12-28T12:12:12+00:00\",\"breadcrumb\":{\"@id\":\"https:\\\/\\\/test.drspiegl.com\\\/de\\\/chirurgische-behandlungen\\\/brust\\\/brustverkleinerung-in-salzburg-pixendorf-natuerliches-ergebnis-gesteigertes-wohlbefinden\\\/#breadcrumb\"},\"inLanguage\":\"de\",\"potentialAction\":[{\"@type\":\"ReadAction\",\"target\":[\"https:\\\/\\\/test.drspiegl.com\\\/de\\\/chirurgische-behandlungen\\\/brust\\\/brustverkleinerung-in-salzburg-pixendorf-natuerliches-ergebnis-gesteigertes-wohlbefinden\\\/\"]}]},{\"@type\":\"BreadcrumbList\",\"@id\":\"https:\\\/\\\/test.drspiegl.com\\\/de\\\/chirurgische-behandlungen\\\/brust\\\/brustverkleinerung-in-salzburg-pixendorf-natuerliches-ergebnis-gesteigertes-wohlbefinden\\\/#breadcrumb\",\"itemListElement\":[{\"@type\":\"ListItem\",\"position\":1,\"name\":\"Home\",\"item\":\"https:\\\/\\\/test.drspiegl.com\\\/de\\\/\"},{\"@type\":\"ListItem\",\"position\":2,\"name\":\"Chirurgische Behandlungen\",\"item\":\"https:\\\/\\\/test.drspiegl.com\\\/de\\\/chirurgische-behandlungen\\\/\"},{\"@type\":\"ListItem\",\"position\":3,\"name\":\"Brust\",\"item\":\"https:\\\/\\\/test.drspiegl.com\\\/de\\\/chirurgische-behandlungen\\\/brust\\\/\"},{\"@type\":\"ListItem\",\"position\":4,\"name\":\"Brustverkleinerung in Salzburg &amp; Pixendorf \u2013 nat\u00fcrliches Ergebnis, gesteigertes Wohlbefinden\"}]},{\"@type\":\"WebSite\",\"@id\":\"https:\\\/\\\/test.drspiegl.com\\\/de\\\/en\\\/home\\\/#website\",\"url\":\"https:\\\/\\\/test.drspiegl.com\\\/de\\\/en\\\/home\\\/\",\"name\":\"test.drspiegl.com\",\"description\":\"Health Medical Theme\",\"potentialAction\":[{\"@type\":\"SearchAction\",\"target\":{\"@type\":\"EntryPoint\",\"urlTemplate\":\"https:\\\/\\\/test.drspiegl.com\\\/de\\\/en\\\/home\\\/?s={search_term_string}\"},\"query-input\":{\"@type\":\"PropertyValueSpecification\",\"valueRequired\":true,\"valueName\":\"search_term_string\"}}],\"inLanguage\":\"de\"}]}<\/script>\n<!-- \/ Yoast SEO plugin. -->","yoast_head_json":{"title":"Brustverkleinerung in Salzburg &amp; Pixendorf \u2013 nat\u00fcrliches Ergebnis, gesteigertes Wohlbefinden - test.drspiegl.com","robots":{"index":"index","follow":"follow","max-snippet":"max-snippet:-1","max-image-preview":"max-image-preview:large","max-video-preview":"max-video-preview:-1"},"canonical":"https:\/\/test.drspiegl.com\/de\/chirurgische-behandlungen\/brust\/brustverkleinerung-in-salzburg-pixendorf-natuerliches-ergebnis-gesteigertes-wohlbefinden\/","og_locale":"de_DE","og_type":"article","og_title":"Brustverkleinerung in Salzburg &amp; Pixendorf \u2013 nat\u00fcrliches Ergebnis, gesteigertes Wohlbefinden - test.drspiegl.com","og_description":"Eine \u00fcberm\u00e4\u00dfig gro\u00dfe Brust kann nicht nur die \u00e4sthetische Wahrnehmung beeintr\u00e4chtigen, sondern auch zu erheblichen k\u00f6rperlichen Beschwerden f\u00fchren. Viele Frauen leiden unter ihren zu gro\u00dfen Br\u00fcsten, oft psychisch und physisch. Die gro\u00dfe Last kann zu Problemen bei der Sportaus\u00fcbung und zu Haltungssch\u00e4den f\u00fchren. Die Brustverkleinerung ist einer der h\u00e4ufigsten Brusteingriffe \u00fcberhaupt und damit kann diese","og_url":"https:\/\/test.drspiegl.com\/de\/chirurgische-behandlungen\/brust\/brustverkleinerung-in-salzburg-pixendorf-natuerliches-ergebnis-gesteigertes-wohlbefinden\/","og_site_name":"test.drspiegl.com","article_modified_time":"2025-12-28T12:12:12+00:00","twitter_card":"summary_large_image","twitter_misc":{"Gesch\u00e4tzte Lesezeit":"6\u00a0Minuten"},"schema":{"@context":"https:\/\/schema.org","@graph":[{"@type":"WebPage","@id":"https:\/\/test.drspiegl.com\/de\/chirurgische-behandlungen\/brust\/brustverkleinerung-in-salzburg-pixendorf-natuerliches-ergebnis-gesteigertes-wohlbefinden\/","url":"https:\/\/test.drspiegl.com\/de\/chirurgische-behandlungen\/brust\/brustverkleinerung-in-salzburg-pixendorf-natuerliches-ergebnis-gesteigertes-wohlbefinden\/","name":"Brustverkleinerung in Salzburg &amp; Pixendorf \u2013 nat\u00fcrliches Ergebnis, gesteigertes Wohlbefinden - test.drspiegl.com","isPartOf":{"@id":"https:\/\/test.drspiegl.com\/de\/en\/home\/#website"},"datePublished":"2025-11-17T16:52:53+00:00","dateModified":"2025-12-28T12:12:12+00:00","breadcrumb":{"@id":"https:\/\/test.drspiegl.com\/de\/chirurgische-behandlungen\/brust\/brustverkleinerung-in-salzburg-pixendorf-natuerliches-ergebnis-gesteigertes-wohlbefinden\/#breadcrumb"},"inLanguage":"de","potentialAction":[{"@type":"ReadAction","target":["https:\/\/test.drspiegl.com\/de\/chirurgische-behandlungen\/brust\/brustverkleinerung-in-salzburg-pixendorf-natuerliches-ergebnis-gesteigertes-wohlbefinden\/"]}]},{"@type":"BreadcrumbList","@id":"https:\/\/test.drspiegl.com\/de\/chirurgische-behandlungen\/brust\/brustverkleinerung-in-salzburg-pixendorf-natuerliches-ergebnis-gesteigertes-wohlbefinden\/#breadcrumb","itemListElement":[{"@type":"ListItem","position":1,"name":"Home","item":"https:\/\/test.drspiegl.com\/de\/"},{"@type":"ListItem","position":2,"name":"Chirurgische Behandlungen","item":"https:\/\/test.drspiegl.com\/de\/chirurgische-behandlungen\/"},{"@type":"ListItem","position":3,"name":"Brust","item":"https:\/\/test.drspiegl.com\/de\/chirurgische-behandlungen\/brust\/"},{"@type":"ListItem","position":4,"name":"Brustverkleinerung in Salzburg &amp; Pixendorf \u2013 nat\u00fcrliches Ergebnis, gesteigertes Wohlbefinden"}]},{"@type":"WebSite","@id":"https:\/\/test.drspiegl.com\/de\/en\/home\/#website","url":"https:\/\/test.drspiegl.com\/de\/en\/home\/","name":"test.drspiegl.com","description":"Health Medical Theme","potentialAction":[{"@type":"SearchAction","target":{"@type":"EntryPoint","urlTemplate":"https:\/\/test.drspiegl.com\/de\/en\/home\/?s={search_term_string}"},"query-input":{"@type":"PropertyValueSpecification","valueRequired":true,"valueName":"search_term_string"}}],"inLanguage":"de"}]}},"_links":{"self":[{"href":"https:\/\/test.drspiegl.com\/de\/wp-json\/wp\/v2\/pages\/4340","targetHints":{"allow":["GET"]}}],"collection":[{"href":"https:\/\/test.drspiegl.com\/de\/wp-json\/wp\/v2\/pages"}],"about":[{"href":"https:\/\/test.drspiegl.com\/de\/wp-json\/wp\/v2\/types\/page"}],"author":[{"embeddable":true,"href":"https:\/\/test.drspiegl.com\/de\/wp-json\/wp\/v2\/users\/1"}],"replies":[{"embeddable":true,"href":"https:\/\/test.drspiegl.com\/de\/wp-json\/wp\/v2\/comments?post=4340"}],"version-history":[{"count":4,"href":"https:\/\/test.drspiegl.com\/de\/wp-json\/wp\/v2\/pages\/4340\/revisions"}],"predecessor-version":[{"id":5194,"href":"https:\/\/test.drspiegl.com\/de\/wp-json\/wp\/v2\/pages\/4340\/revisions\/5194"}],"up":[{"embeddable":true,"href":"https:\/\/test.drspiegl.com\/de\/wp-json\/wp\/v2\/pages\/4264"}],"wp:attachment":[{"href":"https:\/\/test.drspiegl.com\/de\/wp-json\/wp\/v2\/media?parent=4340"}],"curies":[{"name":"wp","href":"https:\/\/api.w.org\/{rel}","templated":true}]}}