{"id":4345,"date":"2025-11-17T16:59:00","date_gmt":"2025-11-17T16:59:00","guid":{"rendered":"https:\/\/test.drspiegl.com\/?page_id=4345"},"modified":"2026-04-11T20:14:39","modified_gmt":"2026-04-11T20:14:39","slug":"brustvergroesserung-mit-eigenfett","status":"publish","type":"page","link":"https:\/\/test.drspiegl.com\/de\/chirurgische-behandlungen\/brust\/brustvergroesserung-mit-eigenfett\/","title":{"rendered":"Brustvergr\u00f6\u00dferung mit Eigenfett"},"content":{"rendered":"<div class=\"wpb-content-wrapper\"><p>[vc_row][vc_column][vc_column_text css=&#8220;&#8220;]<\/p>\n<h1><img loading=\"lazy\" decoding=\"async\" class=\"wp-image-5732 size-medicenter-gallery-image alignright img-articles\" style=\"box-shadow: 0 5px 15px rgba(0,0,0,0.05), 0 15px 35px rgba(0,0,0,0.1), 0 30px 60px rgba(0,0,0,0.15); filter: brightness(1.02) contrast(1.02);\" src=\"https:\/\/test.drspiegl.com\/wp-content\/uploads\/2026\/02\/bf-683x1024.webp\" alt=\"\" width=\"683\" height=\"1024\" srcset=\"https:\/\/test.drspiegl.com\/wp-content\/uploads\/2026\/02\/bf-683x1024.webp 683w, https:\/\/test.drspiegl.com\/wp-content\/uploads\/2026\/02\/bf-200x300.webp 200w, https:\/\/test.drspiegl.com\/wp-content\/uploads\/2026\/02\/bf-768x1152.webp 768w, https:\/\/test.drspiegl.com\/wp-content\/uploads\/2026\/02\/bf.webp 800w\" sizes=\"auto, (max-width: 683px) 100vw, 683px\" \/>Brustvergr\u00f6\u00dferung mit Eigenfett (Lipofilling)<\/h1>\n<p>Die Brustvergr\u00f6\u00dferung mit Eigenfett wurde erstmals 1987 beschrieben, wobei die grunds\u00e4tzliche Methode des Lipotransfers \u2013 also die Transplantation von k\u00f6rpereigenem Fettgewebe von einer K\u00f6rperregion in eine andere \u2013 bereits 120 Jahre alt ist. Richtig etabliert hat sich die Methode jedoch erst in den letzten 20 Jahren, nachdem gro\u00dfangelegte Studien die Wirksamkeit und Unbedenklichkeit beweisen konnten. Das sogenannte \u201eLipofilling\u201c der Brust ist die nat\u00fcrlichste aller verf\u00fcgbaren Methoden der operativen Brustvergr\u00f6\u00dferung, jedoch ist die Methode nicht f\u00fcr alle Brustformen und Patientinnen geeignet.<\/p>\n<h3>Gleich zum gew\u00fcnschten Thema springen?<\/h3>\n<ul>\n<li><a href=\"#was\">Was ist eine Brustvergr\u00f6\u00dferung mit Eigenfett?<\/a><\/li>\n<li><a href=\"#funktion\">Wie funktioniert die Brustvergr\u00f6\u00dferung mit Eigenfett?<\/a><\/li>\n<li><a href=\"#kandidatin\">Wer eignet sich f\u00fcr eine Brustvergr\u00f6\u00dferung mit Eigenfett?<\/a><\/li>\n<li><a href=\"#beratung\">Beratung, Kosten und rechtliche Vorgaben<\/a><\/li>\n<li><a href=\"#durchfuehrung\">Durchf\u00fchrung der Operation und Nachsorge<\/a><\/li>\n<li><a href=\"#spiegl\">Dr. Spiegl \u2013 der erfahrene Sch\u00f6nheitschirurg<\/a><\/li>\n<li><a href=\"#faq\">Typische Fragen meiner Patientinnen (FAQ)<\/a><\/li>\n<\/ul>\n<h2 id=\"was\">Was ist eine Brustvergr\u00f6\u00dferung mit Eigenfett?<\/h2>\n<p>Bei der Brustvergr\u00f6\u00dferung mit Eigenfett, auch Lipofilling genannt, wird von einer anderen K\u00f6rperregion abgesaugtes Fettgewebe in die Br\u00fcste eingespritzt. Das Resultat ist komplett nat\u00fcrlich und nach der Abheilungsphase stabil \u2013 es ist auch nicht mit Langzeitkomplikationen zu rechnen. Dies ist ein gewaltiger Vorteil im Vergleich zur Brustvergr\u00f6\u00dferung mit Implantaten, denn diese stellen immer k\u00f6rperfremdes Material dar, welches besch\u00e4digt oder abgekapselt werden kann \u2013 wenn auch die Implantate der neuesten Generation unglaublich sicher und stabil sind.<\/p>\n<h2 id=\"funktion\">Wie funktioniert die Brustvergr\u00f6\u00dferung mit Eigenfett?<\/h2>\n<p>Beim Lipofilling wird zuerst die Region der Fettentnahme vor dem eigentlichen Absaugen mittels einer speziellen wasserbasierten L\u00f6sung vorbereitet. Diese L\u00f6sung enth\u00e4lt unter anderem ein lokales Bet\u00e4ubungsmittel und Adrenalin, wodurch Blutungen und Schmerzen minimiert werden. Dann wird das Fett \u00fcber wenige kleine ca. 3\u20134 mm gro\u00dfe Schnitte mittels einer stumpfen Kan\u00fcle herausgesaugt. Das gewonnene Fett wird gereinigt und speziell aufbereitet, damit auch m\u00f6glichst viel Fett von der Brust angenommen wird.<\/p>\n<p>Man kann damit rechnen, dass etwa 20 % des in die Br\u00fcste eingebrachten Fettgewebes wieder resorbiert, also abgebaut, werden \u2013 deshalb wird oft ein wenig \u00fcberkorrigiert. Die Gesamtmenge Fett, welche w\u00e4hrend einer Operationssitzung transferiert werden kann, ist meist durch anatomische Gegebenheiten begrenzt. Als Grundregel kann herangezogen werden, dass eine Vergr\u00f6\u00dferung um eine Cup-Gr\u00f6\u00dfe m\u00f6glich ist.<\/p>\n<p>Sollte eine erheblichere Vergr\u00f6\u00dferung gew\u00fcnscht sein, so kann dies entweder durch mehrere Eingriffe oder aber auch durch eine etwa vier Wochen andauernde Vorbereitung der Brust mit einem BH-\u00e4hnlichen Vakuumgewebeexpander (BRAVA\u00a9) bewerkstelligt werden. Das BRAVA\u00a9-Ger\u00e4t ist dabei mind. 10 Stunden pro Tag zu tragen, es f\u00fchrt zu einer deutlich gesteigerten Durchblutung der Brust, welche wichtig ist, um gro\u00dfe Fettmengen sicher aufnehmen zu k\u00f6nnen. Au\u00dferdem wird die Brust durch das BRAVA\u00a9-Ger\u00e4t selbst auch schon etwas gr\u00f6\u00dfer und vorgedehnt \u2013 ideale Voraussetzungen f\u00fcr die Operation.<\/p>\n<h2 id=\"kandidatin\"><img loading=\"lazy\" decoding=\"async\" class=\"wp-image-5733 size-medicenter-gallery-image alignleft img-articles\" style=\"box-shadow: 0 5px 15px rgba(0,0,0,0.05), 0 15px 35px rgba(0,0,0,0.1), 0 30px 60px rgba(0,0,0,0.15); filter: brightness(1.02) contrast(1.02);\" src=\"https:\/\/test.drspiegl.com\/wp-content\/uploads\/2026\/02\/bf2-670x446.webp\" alt=\"\" width=\"670\" height=\"446\" srcset=\"https:\/\/test.drspiegl.com\/wp-content\/uploads\/2026\/02\/bf2-670x446.webp 670w, https:\/\/test.drspiegl.com\/wp-content\/uploads\/2026\/02\/bf2-300x200.webp 300w, https:\/\/test.drspiegl.com\/wp-content\/uploads\/2026\/02\/bf2-768x512.webp 768w, https:\/\/test.drspiegl.com\/wp-content\/uploads\/2026\/02\/bf2-600x400.webp 600w, https:\/\/test.drspiegl.com\/wp-content\/uploads\/2026\/02\/bf2-480x320.webp 480w, https:\/\/test.drspiegl.com\/wp-content\/uploads\/2026\/02\/bf2-390x260.webp 390w, https:\/\/test.drspiegl.com\/wp-content\/uploads\/2026\/02\/bf2-285x190.webp 285w, https:\/\/test.drspiegl.com\/wp-content\/uploads\/2026\/02\/bf2.webp 800w\" sizes=\"auto, (max-width: 670px) 100vw, 670px\" \/>Wer eignet sich f\u00fcr eine Brustvergr\u00f6\u00dferung mit Eigenfett?<\/h2>\n<p>Die ideale Kandidatin f\u00fcr eine Brustvergr\u00f6\u00dferung mit Eigenfett hat eine wohlgeformte, nicht allzu stark h\u00e4ngende Brust und nebenbei auch einige Stellen am K\u00f6rper, wo gen\u00fcgend Fettgewebe f\u00fcr die Absaugung vorhanden ist. Da die ben\u00f6tigte Fettmenge f\u00fcr ein Lipofilling der Brust nicht allzu gro\u00df ist, sind die Voraussetzungen auch bei schlanken Patientinnen sehr oft gegeben.<\/p>\n<h2 id=\"beratung\">Beratung, Kosten und rechtliche Vorgaben<\/h2>\n<p>Sollten Sie sich f\u00fcr eine Brustvergr\u00f6\u00dferung mit Eigenfett interessieren, k\u00f6nnen Sie sich gerne einen Beratungstermin bei Dr. Spiegl vereinbaren. Bei Ihrem ersten Termin werden dann ohne Zeitdruck Fragen gekl\u00e4rt, umfangreich beraten und eine Fotodokumentation angefertigt. Mitbringen sollten Sie auf jeden Fall alle verf\u00fcgbaren Arztbriefe Ihrer Patientengeschichte.<\/p>\n<p>Sollten Sie sich nach Erhalt des Kostenvoranschlages (der Preis einer Brustvergr\u00f6\u00dferung mit Eigenfett liegt bei 5900 \u20ac inkl. Narkose und Spitalsaufenthalt) f\u00fcr die Operation bei Dr. Spiegl entscheiden, so wird gemeinsam ein Termin f\u00fcr die Operation vereinbart. Diesbez\u00fcglich ist wichtig zu wissen, dass in \u00d6sterreich laut Gesetz zwei Wochen zwischen dem Aufkl\u00e4rungsgespr\u00e4ch und der Operationseinwilligung liegen m\u00fcssen.<\/p>\n<h2 id=\"durchfuehrung\">Durchf\u00fchrung der Operation und Nachsorge<\/h2>\n<p>Die Operation f\u00fchrt Dr. Spiegl in einem exzellent ausgestatteten Zentrum durch, wo er sich auf kompromisslose Qualit\u00e4t, h\u00f6chste Standards und auf sein vertrautes Team verlassen kann. Dies gibt Ihnen ein zus\u00e4tzliches \u2013 aber wichtiges \u2013 St\u00fcck Sicherheit. Der Eingriff selbst dauert ca. 1 Stunde und wird in Vollnarkose durchgef\u00fchrt.<\/p>\n<p>Nach der Operation sollte f\u00fcr sechs Wochen kein oder nur ein sehr leichter BH getragen werden, um das Einheilen des Fettgewebes zu unterst\u00fctzen. Gleichzeitig sollen die Spenderareale der Fettentnahme mittels Kompressionsw\u00e4sche unterst\u00fctzt werden.<\/p>\n<p>Der Verlauf nach dem Lipofilling der Brust sieht zusammenfassend wie folgt aus:<\/p>\n<ul>\n<li><strong>Arbeitsf\u00e4hig:<\/strong> meist nach 1 Woche<\/li>\n<li><strong>Sport:<\/strong> vorsichtig ab ca. 4 Wochen<\/li>\n<li><strong>Endergebnis:<\/strong> nach etwa 3\u20136 Monaten<\/li>\n<\/ul>\n<h2 id=\"spiegl\"><img loading=\"lazy\" decoding=\"async\" class=\"wp-image-5734 size-medicenter-gallery-image alignright img-articles\" style=\"box-shadow: 0 5px 15px rgba(0,0,0,0.05), 0 15px 35px rgba(0,0,0,0.1), 0 30px 60px rgba(0,0,0,0.15); filter: brightness(1.02) contrast(1.02);\" src=\"https:\/\/test.drspiegl.com\/wp-content\/uploads\/2026\/02\/bf3-670x446.webp\" alt=\"\" width=\"670\" height=\"446\" srcset=\"https:\/\/test.drspiegl.com\/wp-content\/uploads\/2026\/02\/bf3-670x446.webp 670w, https:\/\/test.drspiegl.com\/wp-content\/uploads\/2026\/02\/bf3-600x400.webp 600w, https:\/\/test.drspiegl.com\/wp-content\/uploads\/2026\/02\/bf3-480x320.webp 480w, https:\/\/test.drspiegl.com\/wp-content\/uploads\/2026\/02\/bf3-390x260.webp 390w, https:\/\/test.drspiegl.com\/wp-content\/uploads\/2026\/02\/bf3-285x190.webp 285w\" sizes=\"auto, (max-width: 670px) 100vw, 670px\" \/>Dr. Spiegl \u2013 der erfahrene Sch\u00f6nheitschirurg in Salzburg und Nieder\u00f6sterreich<\/h2>\n<p>Dr. Matthias Spiegl ist Facharzt f\u00fcr Plastische, Rekonstruktive und \u00c4sthetische Chirurgie und besitzt neben der \u00f6sterreichischen auch die schweizerische und die britische Zulassung als Arzt. Nach seiner hochspezialisierten internationalen Ausbildung mit Stationen in England, der Schweiz und Schottland lie\u00df er sich in Salzburg und Tulln nieder. Seine Spezialisierung ist \u2013 unter anderem \u2013 die \u00e4sthetische Brustchirurgie, welche er auf hohem Niveau gewissenhaft und ohne Kompromisse durchf\u00fchrt.<\/p>\n<p>Als zus\u00e4tzliche Qualifikation absolvierte Dr. Spiegl 2018 die Europ\u00e4ische Facharztpr\u00fcfung und darf sich \u201eFellow of the European Board of Plastic, Reconstructive and Aesthetic Surgery\u201c (FEBOPRAS) nennen. Diese Zusatzqualifikation ist vor allem in \u00d6sterreich selten und zeichnet den Spezialisten der Sch\u00f6nheitschirurgie zus\u00e4tzlich aus.<\/p>\n<p>&nbsp;<\/p>\n<ul>\n<li>Internationale Gesellschaft f\u00fcr \u00c4sthetisch-Plastische Chirurgie (ISAPS)<\/li>\n<li>\u00d6sterreichische Gesellschaft f\u00fcr Plastische, \u00c4sthetische und Rekonstruktive Chirurgie<\/li>\n<li>Schweizerische Gesellschaft f\u00fcr Plastische, Rekonstruktive und \u00c4sthetische Chirurgie<\/li>\n<li>Fellow des European Board of Plastic, Reconstructive and Aesthetic Surgery<\/li>\n<li>General Medical Council (Vereinigtes K\u00f6nigreich)<\/li>\n<li>Fellow of the American College of Surgeons (FACS)<\/li>\n<\/ul>\n<h2 id=\"faq\">Typische Fragen meiner Patientinnen (FAQ)<\/h2>\n<h3>Wie lange h\u00e4lt das Ergebnis einer Brustvergr\u00f6\u00dferung mit Eigenfett?<\/h3>\n<p>Das eingewachsene Fettgewebe bleibt dauerhaft erhalten und verh\u00e4lt sich wie normales Brustfett.<\/p>\n<h3>Kann das Eigenfett sp\u00e4ter schrumpfen oder verschwinden?<\/h3>\n<p>Nur der anf\u00e4ngliche Abbau von etwa 20 % des eingebrachten Fettes ist zu erwarten. Danach bleibt das Ergebnis stabil, auch langfristig.<\/p>\n<h3>Ist die Brustvergr\u00f6\u00dferung mit Eigenfett sicher?<\/h3>\n<p>Ja, bei korrekter Technik und entsprechender Erfahrung gilt das Lipofilling als sehr sichere Methode.<\/p>\n<h3>Kann ich nach dem Eingriff stillen?<\/h3>\n<p>In der Regel ja. Die Milchdr\u00fcsen und Milchg\u00e4nge bleiben unversehrt.<\/p>\n<h3>Gibt es sichtbare Narben?<\/h3>\n<p>Die Schnitte sind sehr klein (3\u20134 mm) und verheilen meist unauff\u00e4llig.<\/p>\n<h3>Ist eine Kombination mit Implantaten m\u00f6glich?<\/h3>\n<p>Ja, in bestimmten F\u00e4llen kann Eigenfett auch erg\u00e4nzend zu Implantaten eingesetzt werden.[\/vc_column_text][\/vc_column][\/vc_row]<\/p>\n<\/div>","protected":false},"excerpt":{"rendered":"<p>[vc_row][vc_column][vc_column_text css=&#8220;&#8220;] Brustvergr\u00f6\u00dferung mit Eigenfett (Lipofilling) Die Brustvergr\u00f6\u00dferung mit Eigenfett wurde erstmals 1987 beschrieben, wobei die grunds\u00e4tzliche Methode des Lipotransfers \u2013 also die Transplantation von k\u00f6rpereigenem Fettgewebe von einer K\u00f6rperregion in eine andere \u2013 bereits 120 Jahre alt ist. Richtig etabliert hat sich die Methode jedoch erst in den letzten 20 Jahren, nachdem gro\u00dfangelegte Studien<\/p>\n","protected":false},"author":1,"featured_media":0,"parent":4264,"menu_order":0,"comment_status":"closed","ping_status":"closed","template":"","meta":{"footnotes":""},"class_list":["post-4345","page","type-page","status-publish","hentry"],"yoast_head":"<!-- This site is optimized with the Yoast SEO plugin v27.4 - https:\/\/yoast.com\/product\/yoast-seo-wordpress\/ -->\n<title>Brustvergr\u00f6\u00dferung mit Eigenfett - test.drspiegl.com<\/title>\n<meta name=\"robots\" content=\"index, follow, max-snippet:-1, max-image-preview:large, max-video-preview:-1\" \/>\n<link rel=\"canonical\" href=\"https:\/\/test.drspiegl.com\/de\/chirurgische-behandlungen\/brust\/brustvergroesserung-mit-eigenfett\/\" \/>\n<meta property=\"og:locale\" content=\"de_DE\" \/>\n<meta property=\"og:type\" content=\"article\" \/>\n<meta property=\"og:title\" content=\"Brustvergr\u00f6\u00dferung mit Eigenfett - test.drspiegl.com\" \/>\n<meta property=\"og:description\" content=\"[vc_row][vc_column][vc_column_text css=&#8220;&#8220;] Brustvergr\u00f6\u00dferung mit Eigenfett (Lipofilling) Die Brustvergr\u00f6\u00dferung mit Eigenfett wurde erstmals 1987 beschrieben, wobei die grunds\u00e4tzliche Methode des Lipotransfers \u2013 also die Transplantation von k\u00f6rpereigenem Fettgewebe von einer K\u00f6rperregion in eine andere \u2013 bereits 120 Jahre alt ist. Richtig etabliert hat sich die Methode jedoch erst in den letzten 20 Jahren, nachdem gro\u00dfangelegte Studien\" \/>\n<meta property=\"og:url\" content=\"https:\/\/test.drspiegl.com\/de\/chirurgische-behandlungen\/brust\/brustvergroesserung-mit-eigenfett\/\" \/>\n<meta property=\"og:site_name\" content=\"test.drspiegl.com\" \/>\n<meta property=\"article:modified_time\" content=\"2026-04-11T20:14:39+00:00\" \/>\n<meta property=\"og:image\" content=\"https:\/\/test.drspiegl.com\/wp-content\/uploads\/2026\/02\/bf.webp\" \/>\n\t<meta property=\"og:image:width\" content=\"800\" \/>\n\t<meta property=\"og:image:height\" content=\"1200\" \/>\n\t<meta property=\"og:image:type\" content=\"image\/webp\" \/>\n<meta name=\"twitter:card\" content=\"summary_large_image\" \/>\n<meta name=\"twitter:label1\" content=\"Gesch\u00e4tzte Lesezeit\" \/>\n\t<meta name=\"twitter:data1\" content=\"5\u00a0Minuten\" \/>\n<script type=\"application\/ld+json\" class=\"yoast-schema-graph\">{\"@context\":\"https:\\\/\\\/schema.org\",\"@graph\":[{\"@type\":\"WebPage\",\"@id\":\"https:\\\/\\\/test.drspiegl.com\\\/de\\\/chirurgische-behandlungen\\\/brust\\\/brustvergroesserung-mit-eigenfett\\\/\",\"url\":\"https:\\\/\\\/test.drspiegl.com\\\/de\\\/chirurgische-behandlungen\\\/brust\\\/brustvergroesserung-mit-eigenfett\\\/\",\"name\":\"Brustvergr\u00f6\u00dferung mit Eigenfett - test.drspiegl.com\",\"isPartOf\":{\"@id\":\"https:\\\/\\\/test.drspiegl.com\\\/de\\\/en\\\/home\\\/#website\"},\"primaryImageOfPage\":{\"@id\":\"https:\\\/\\\/test.drspiegl.com\\\/de\\\/chirurgische-behandlungen\\\/brust\\\/brustvergroesserung-mit-eigenfett\\\/#primaryimage\"},\"image\":{\"@id\":\"https:\\\/\\\/test.drspiegl.com\\\/de\\\/chirurgische-behandlungen\\\/brust\\\/brustvergroesserung-mit-eigenfett\\\/#primaryimage\"},\"thumbnailUrl\":\"https:\\\/\\\/test.drspiegl.com\\\/wp-content\\\/uploads\\\/2026\\\/02\\\/bf-683x1024.webp\",\"datePublished\":\"2025-11-17T16:59:00+00:00\",\"dateModified\":\"2026-04-11T20:14:39+00:00\",\"breadcrumb\":{\"@id\":\"https:\\\/\\\/test.drspiegl.com\\\/de\\\/chirurgische-behandlungen\\\/brust\\\/brustvergroesserung-mit-eigenfett\\\/#breadcrumb\"},\"inLanguage\":\"de\",\"potentialAction\":[{\"@type\":\"ReadAction\",\"target\":[\"https:\\\/\\\/test.drspiegl.com\\\/de\\\/chirurgische-behandlungen\\\/brust\\\/brustvergroesserung-mit-eigenfett\\\/\"]}]},{\"@type\":\"ImageObject\",\"inLanguage\":\"de\",\"@id\":\"https:\\\/\\\/test.drspiegl.com\\\/de\\\/chirurgische-behandlungen\\\/brust\\\/brustvergroesserung-mit-eigenfett\\\/#primaryimage\",\"url\":\"https:\\\/\\\/test.drspiegl.com\\\/wp-content\\\/uploads\\\/2026\\\/02\\\/bf-683x1024.webp\",\"contentUrl\":\"https:\\\/\\\/test.drspiegl.com\\\/wp-content\\\/uploads\\\/2026\\\/02\\\/bf-683x1024.webp\"},{\"@type\":\"BreadcrumbList\",\"@id\":\"https:\\\/\\\/test.drspiegl.com\\\/de\\\/chirurgische-behandlungen\\\/brust\\\/brustvergroesserung-mit-eigenfett\\\/#breadcrumb\",\"itemListElement\":[{\"@type\":\"ListItem\",\"position\":1,\"name\":\"Home\",\"item\":\"https:\\\/\\\/test.drspiegl.com\\\/de\\\/\"},{\"@type\":\"ListItem\",\"position\":2,\"name\":\"Chirurgische Behandlungen\",\"item\":\"https:\\\/\\\/test.drspiegl.com\\\/de\\\/chirurgische-behandlungen\\\/\"},{\"@type\":\"ListItem\",\"position\":3,\"name\":\"Brust\",\"item\":\"https:\\\/\\\/test.drspiegl.com\\\/de\\\/chirurgische-behandlungen\\\/brust\\\/\"},{\"@type\":\"ListItem\",\"position\":4,\"name\":\"Brustvergr\u00f6\u00dferung mit Eigenfett\"}]},{\"@type\":\"WebSite\",\"@id\":\"https:\\\/\\\/test.drspiegl.com\\\/de\\\/en\\\/home\\\/#website\",\"url\":\"https:\\\/\\\/test.drspiegl.com\\\/de\\\/en\\\/home\\\/\",\"name\":\"test.drspiegl.com\",\"description\":\"Health Medical Theme\",\"potentialAction\":[{\"@type\":\"SearchAction\",\"target\":{\"@type\":\"EntryPoint\",\"urlTemplate\":\"https:\\\/\\\/test.drspiegl.com\\\/de\\\/en\\\/home\\\/?s={search_term_string}\"},\"query-input\":{\"@type\":\"PropertyValueSpecification\",\"valueRequired\":true,\"valueName\":\"search_term_string\"}}],\"inLanguage\":\"de\"}]}<\/script>\n<!-- \/ Yoast SEO plugin. -->","yoast_head_json":{"title":"Brustvergr\u00f6\u00dferung mit Eigenfett - test.drspiegl.com","robots":{"index":"index","follow":"follow","max-snippet":"max-snippet:-1","max-image-preview":"max-image-preview:large","max-video-preview":"max-video-preview:-1"},"canonical":"https:\/\/test.drspiegl.com\/de\/chirurgische-behandlungen\/brust\/brustvergroesserung-mit-eigenfett\/","og_locale":"de_DE","og_type":"article","og_title":"Brustvergr\u00f6\u00dferung mit Eigenfett - test.drspiegl.com","og_description":"[vc_row][vc_column][vc_column_text css=&#8220;&#8220;] Brustvergr\u00f6\u00dferung mit Eigenfett (Lipofilling) Die Brustvergr\u00f6\u00dferung mit Eigenfett wurde erstmals 1987 beschrieben, wobei die grunds\u00e4tzliche Methode des Lipotransfers \u2013 also die Transplantation von k\u00f6rpereigenem Fettgewebe von einer K\u00f6rperregion in eine andere \u2013 bereits 120 Jahre alt ist. Richtig etabliert hat sich die Methode jedoch erst in den letzten 20 Jahren, nachdem gro\u00dfangelegte Studien","og_url":"https:\/\/test.drspiegl.com\/de\/chirurgische-behandlungen\/brust\/brustvergroesserung-mit-eigenfett\/","og_site_name":"test.drspiegl.com","article_modified_time":"2026-04-11T20:14:39+00:00","og_image":[{"width":800,"height":1200,"url":"https:\/\/test.drspiegl.com\/wp-content\/uploads\/2026\/02\/bf.webp","type":"image\/webp"}],"twitter_card":"summary_large_image","twitter_misc":{"Gesch\u00e4tzte Lesezeit":"5\u00a0Minuten"},"schema":{"@context":"https:\/\/schema.org","@graph":[{"@type":"WebPage","@id":"https:\/\/test.drspiegl.com\/de\/chirurgische-behandlungen\/brust\/brustvergroesserung-mit-eigenfett\/","url":"https:\/\/test.drspiegl.com\/de\/chirurgische-behandlungen\/brust\/brustvergroesserung-mit-eigenfett\/","name":"Brustvergr\u00f6\u00dferung mit Eigenfett - test.drspiegl.com","isPartOf":{"@id":"https:\/\/test.drspiegl.com\/de\/en\/home\/#website"},"primaryImageOfPage":{"@id":"https:\/\/test.drspiegl.com\/de\/chirurgische-behandlungen\/brust\/brustvergroesserung-mit-eigenfett\/#primaryimage"},"image":{"@id":"https:\/\/test.drspiegl.com\/de\/chirurgische-behandlungen\/brust\/brustvergroesserung-mit-eigenfett\/#primaryimage"},"thumbnailUrl":"https:\/\/test.drspiegl.com\/wp-content\/uploads\/2026\/02\/bf-683x1024.webp","datePublished":"2025-11-17T16:59:00+00:00","dateModified":"2026-04-11T20:14:39+00:00","breadcrumb":{"@id":"https:\/\/test.drspiegl.com\/de\/chirurgische-behandlungen\/brust\/brustvergroesserung-mit-eigenfett\/#breadcrumb"},"inLanguage":"de","potentialAction":[{"@type":"ReadAction","target":["https:\/\/test.drspiegl.com\/de\/chirurgische-behandlungen\/brust\/brustvergroesserung-mit-eigenfett\/"]}]},{"@type":"ImageObject","inLanguage":"de","@id":"https:\/\/test.drspiegl.com\/de\/chirurgische-behandlungen\/brust\/brustvergroesserung-mit-eigenfett\/#primaryimage","url":"https:\/\/test.drspiegl.com\/wp-content\/uploads\/2026\/02\/bf-683x1024.webp","contentUrl":"https:\/\/test.drspiegl.com\/wp-content\/uploads\/2026\/02\/bf-683x1024.webp"},{"@type":"BreadcrumbList","@id":"https:\/\/test.drspiegl.com\/de\/chirurgische-behandlungen\/brust\/brustvergroesserung-mit-eigenfett\/#breadcrumb","itemListElement":[{"@type":"ListItem","position":1,"name":"Home","item":"https:\/\/test.drspiegl.com\/de\/"},{"@type":"ListItem","position":2,"name":"Chirurgische Behandlungen","item":"https:\/\/test.drspiegl.com\/de\/chirurgische-behandlungen\/"},{"@type":"ListItem","position":3,"name":"Brust","item":"https:\/\/test.drspiegl.com\/de\/chirurgische-behandlungen\/brust\/"},{"@type":"ListItem","position":4,"name":"Brustvergr\u00f6\u00dferung mit Eigenfett"}]},{"@type":"WebSite","@id":"https:\/\/test.drspiegl.com\/de\/en\/home\/#website","url":"https:\/\/test.drspiegl.com\/de\/en\/home\/","name":"test.drspiegl.com","description":"Health Medical Theme","potentialAction":[{"@type":"SearchAction","target":{"@type":"EntryPoint","urlTemplate":"https:\/\/test.drspiegl.com\/de\/en\/home\/?s={search_term_string}"},"query-input":{"@type":"PropertyValueSpecification","valueRequired":true,"valueName":"search_term_string"}}],"inLanguage":"de"}]}},"_links":{"self":[{"href":"https:\/\/test.drspiegl.com\/de\/wp-json\/wp\/v2\/pages\/4345","targetHints":{"allow":["GET"]}}],"collection":[{"href":"https:\/\/test.drspiegl.com\/de\/wp-json\/wp\/v2\/pages"}],"about":[{"href":"https:\/\/test.drspiegl.com\/de\/wp-json\/wp\/v2\/types\/page"}],"author":[{"embeddable":true,"href":"https:\/\/test.drspiegl.com\/de\/wp-json\/wp\/v2\/users\/1"}],"replies":[{"embeddable":true,"href":"https:\/\/test.drspiegl.com\/de\/wp-json\/wp\/v2\/comments?post=4345"}],"version-history":[{"count":7,"href":"https:\/\/test.drspiegl.com\/de\/wp-json\/wp\/v2\/pages\/4345\/revisions"}],"predecessor-version":[{"id":5949,"href":"https:\/\/test.drspiegl.com\/de\/wp-json\/wp\/v2\/pages\/4345\/revisions\/5949"}],"up":[{"embeddable":true,"href":"https:\/\/test.drspiegl.com\/de\/wp-json\/wp\/v2\/pages\/4264"}],"wp:attachment":[{"href":"https:\/\/test.drspiegl.com\/de\/wp-json\/wp\/v2\/media?parent=4345"}],"curies":[{"name":"wp","href":"https:\/\/api.w.org\/{rel}","templated":true}]}}