{"id":4353,"date":"2025-11-17T17:32:27","date_gmt":"2025-11-17T17:32:27","guid":{"rendered":"https:\/\/test.drspiegl.com\/?page_id=4353"},"modified":"2026-04-11T18:48:17","modified_gmt":"2026-04-11T18:48:17","slug":"bruststraffung-in-salzburg-pixendorf-fuer-eine-jugendliche-straffe-brust","status":"publish","type":"page","link":"https:\/\/test.drspiegl.com\/de\/chirurgische-behandlungen\/brust\/bruststraffung-in-salzburg-pixendorf-fuer-eine-jugendliche-straffe-brust\/","title":{"rendered":"Bruststraffung in Salzburg &amp; Pixendorf \u2013 f\u00fcr eine jugendliche, straffe Brust"},"content":{"rendered":"<div class=\"wpb-content-wrapper\"><p>[vc_row][vc_column][vc_column_text css=&#8220;&#8220;]<\/p>\n<h1><img loading=\"lazy\" decoding=\"async\" class=\"wp-image-5712 size-medicenter-gallery-image alignright img-articles\" style=\"box-shadow: 0 5px 15px rgba(0,0,0,0.05), 0 15px 35px rgba(0,0,0,0.1), 0 30px 60px rgba(0,0,0,0.15); filter: brightness(1.02) contrast(1.02);\" src=\"https:\/\/test.drspiegl.com\/wp-content\/uploads\/2026\/02\/bruststraffung-2-600x400.webp\" alt=\"\" width=\"600\" height=\"400\" \/>Bruststraffung in Salzburg &amp; Pixendorf<\/h1>\n<p>Im Laufe der Zeit verliert die Haut an Elastizit\u00e4t und Festigkeit. Schwangerschaft, Stillzeit, Gewichtsschwankungen oder der nat\u00fcrliche Alterungsprozess k\u00f6nnen dazu f\u00fchren, dass die Brust an Spannkraft verliert und erschlafft. Eine Bruststraffung (Mastopexie) bei Dr. Spiegl in Salzburg oder Pixendorf korrigiert die Brustform und sorgt wieder f\u00fcr eine jugendlichere, straffere Silhouette \u2013 f\u00fcr mehr Wohlbefinden und ein neues K\u00f6rpergef\u00fchl.<\/p>\n<h3>Gleich zum gew\u00fcnschten Thema springen?<\/h3>\n<ul>\n<li><a href=\"#gruende\">Gr\u00fcnde f\u00fcr eine Bruststraffung<\/a><\/li>\n<li><a href=\"#ablauf\">Ablauf der Bruststraffung bei Dr. Spiegl<\/a><\/li>\n<li><a href=\"#effekte\">Die positiven Effekte einer Bruststraffung<\/a><\/li>\n<li><a href=\"#kosten\">Kosten einer Bruststraffung<\/a><\/li>\n<li><a href=\"#spiegl\">Dr. Spiegl \u2013 der erfahrene Sch\u00f6nheitschirurg<\/a><\/li>\n<li><a href=\"#faq\">Typische Fragen meiner Patientinnen (FAQ)<\/a><\/li>\n<\/ul>\n<p>In Salzburg und Pixendorf im Tullnerfeld finden Sie mit Dr. Spiegl einen erfahrenen Facharzt f\u00fcr Plastische, Rekonstruktive und \u00c4sthetische Chirurgie, der mit modernsten Techniken und h\u00f6chster Pr\u00e4zision arbeitet.<\/p>\n<h2 id=\"gruende\">Gr\u00fcnde f\u00fcr eine Bruststraffung<\/h2>\n<p>Eine Bruststraffung in Salzburg oder Pixendorf ist die richtige Wahl, wenn:<\/p>\n<ul>\n<li>die Brust nach Schwangerschaft oder Stillzeit erschlafft ist,<\/li>\n<li>ein deutlicher Elastizit\u00e4tsverlust durch Gewichtsreduktion besteht,<\/li>\n<li>die Brustwarzen abgesenkt sind und nach unten zeigen,<\/li>\n<li>das \u00e4sthetische Empfinden und die K\u00f6rperhaltung unter der ver\u00e4nderten Brustform leiden.<\/li>\n<\/ul>\n<p>Viele Patientinnen berichten nach der Bruststraffung von einem neuen Gef\u00fchl der Leichtigkeit, einer verbesserten K\u00f6rperwahrnehmung und einer deutlich gesteigerten Zufriedenheit mit ihrem Aussehen.<\/p>\n<h2 id=\"ablauf\"><img loading=\"lazy\" decoding=\"async\" class=\"wp-image-5713 size-medicenter-gallery-image alignleft img-articles\" style=\"box-shadow: 0 5px 15px rgba(0,0,0,0.05), 0 15px 35px rgba(0,0,0,0.1), 0 30px 60px rgba(0,0,0,0.15); filter: brightness(1.02) contrast(1.02);\" src=\"https:\/\/test.drspiegl.com\/wp-content\/uploads\/2026\/02\/bruststraffung-1-600x400.webp\" alt=\"\" width=\"600\" height=\"400\" \/>Ablauf der Bruststraffung bei Dr. Spiegl<\/h2>\n<p>Der Eingriff wird sowohl in Salzburg als auch in Nieder\u00f6sterreich nach h\u00f6chsten medizinischen Standards durchgef\u00fchrt.<\/p>\n<h3>Beratung &amp; Analyse<\/h3>\n<p>Sollten Sie sich f\u00fcr eine Bruststraffung interessieren, k\u00f6nnen Sie gerne einen Beratungstermin bei Dr. Spiegl vereinbaren. Beim ersten Termin werden ohne Zeitdruck Fragen gekl\u00e4rt, Sie werden umfassend beraten und es wird eine Fotodokumentation angefertigt. Bringen Sie bitte alle verf\u00fcgbaren Arztbriefe Ihrer Patientengeschichte mit.<\/p>\n<p>Nach Erhalt des Kostenvoranschlages (ca. 6.600 \u20ac inkl. Narkose und Spitalsaufenthalt) und Ihrer Entscheidung f\u00fcr die Operation wird gemeinsam ein OP-Termin vereinbart. Laut Gesetz m\u00fcssen in \u00d6sterreich zwei Wochen zwischen dem Aufkl\u00e4rungsgespr\u00e4ch und der Operationseinwilligung liegen.<\/p>\n<h3>Schnitttechniken<\/h3>\n<p>Je nach Ausgangsbefund und gew\u00fcnschtem Ergebnis kommen unterschiedliche Techniken zur Anwendung:<\/p>\n<ul>\n<li><strong>Periareol\u00e4re Straffung:<\/strong> Schnittf\u00fchrung rund um den Brustwarzenhof<\/li>\n<li><strong>L-Schnitt:<\/strong> von der Brustwarze senkrecht nach unten<\/li>\n<li><strong>T-Schnitt:<\/strong> zus\u00e4tzliche horizontale Linie in der Brustfalte<\/li>\n<\/ul>\n<p>Bei st\u00e4rker h\u00e4ngenden Br\u00fcsten ist h\u00e4ufig eine \u201eAnker-\u201c oder \u201eT-Schnitt-Technik\u201c notwendig. Dabei entstehen Narben rund um den Brustwarzenvorhof, senkrecht zur Unterbrustfalte sowie in der Unterbrustfalte selbst. Generell heilen Wunden an der Brust meist sehr sch\u00f6n ab und Narben sind in der Regel unauff\u00e4llig.<\/p>\n<p>Je nach Ausgangssituation kann die Bruststraffung mit einer Brustvergr\u00f6\u00dferung durch Implantate oder Eigenfett kombiniert werden, wenn zus\u00e4tzlich Volumen gew\u00fcnscht ist.<\/p>\n<h3>Der Operationstag<\/h3>\n<p>W\u00e4hrend des Eingriffs wird \u00fcbersch\u00fcssige Haut entfernt, das Brustgewebe neu geformt und die Brustwarze in eine harmonische Position angehoben. Die Bruststraffung erfolgt in der Regel unter Vollnarkose und dauert etwa 1\u20132 Stunden.<\/p>\n<h3>Nachsorge<\/h3>\n<p>Nach der Operation unterst\u00fctzt ein spezieller St\u00fctz-BH die Heilung. Dieser sollte insgesamt 6 Wochen getragen werden \u2013 davon die ersten 3\u20134 Wochen Tag und Nacht. Kontrolltermine in Salzburg oder Pixendorf stellen sicher, dass der Heilungsverlauf optimal verl\u00e4uft.<\/p>\n<p>In der Regel ist man nach einer Woche wieder arbeitsf\u00e4hig, nach 3\u20134 Wochen kann wieder mit Sport begonnen werden. Das Endresultat ist nach etwa 3\u20136 Monaten sichtbar.<\/p>\n<h2 id=\"effekte\">Die positiven Effekte einer Bruststraffung im \u00dcberblick<\/h2>\n<p>Eine Bruststraffung kann eine positive Wirkung auf das k\u00f6rperliche Erscheinungsbild und das Selbstbewusstsein haben.<\/p>\n<p>Die Bruststraffung bei Dr. Spiegl f\u00fchrt zu:<\/p>\n<ul>\n<li>einer jugendlicheren, strafferen Brustform,<\/li>\n<li>einer harmonischeren K\u00f6rperproportion,<\/li>\n<li>einer Anhebung der Brustwarzen in eine nat\u00fcrliche Position,<\/li>\n<li>einem gesteigerten Selbstvertrauen und einem positiven K\u00f6rpergef\u00fchl.<\/li>\n<\/ul>\n<p>Narben werden durch moderne Schnittf\u00fchrungen so gesetzt, dass sie sp\u00e4ter m\u00f6glichst unauff\u00e4llig sind und mit der Zeit deutlich verblassen.<\/p>\n<h2 id=\"kosten\">Kosten f\u00fcr eine Bruststraffung in Salzburg &amp; Pixendorf<\/h2>\n<p>Die Kosten f\u00fcr eine Bruststraffung bei Dr. Spiegl beginnen ab ca. 6.600 \u20ac.<\/p>\n<p>Der endg\u00fcltige Preis h\u00e4ngt ab von:<\/p>\n<ul>\n<li>der Dauer des Spitalaufenthaltes,<\/li>\n<li>dem Umfang des Eingriffs,<\/li>\n<li>eventuellen Zusatzleistungen in Kombination mit einer Brustvergr\u00f6\u00dferung oder -verkleinerung.<\/li>\n<\/ul>\n<p>Im pers\u00f6nlichen Beratungsgespr\u00e4ch erstellt Dr. Spiegl einen transparenten Kostenplan, individuell auf Ihre W\u00fcnsche und medizinischen Voraussetzungen zugeschnitten.<br \/>\n<img loading=\"lazy\" decoding=\"async\" class=\"alignright wp-image-5714 size-medicenter-gallery-image img-articles\" style=\"box-shadow: 0 5px 15px rgba(0,0,0,0.05), 0 15px 35px rgba(0,0,0,0.1), 0 30px 60px rgba(0,0,0,0.15); filter: brightness(1.02) contrast(1.02);\" src=\"https:\/\/test.drspiegl.com\/wp-content\/uploads\/2026\/02\/bruststraffung-3-600x400.webp\" alt=\"\" width=\"600\" height=\"400\" srcset=\"https:\/\/test.drspiegl.com\/wp-content\/uploads\/2026\/02\/bruststraffung-3-600x400.webp 600w, https:\/\/test.drspiegl.com\/wp-content\/uploads\/2026\/02\/bruststraffung-3-300x200.webp 300w, https:\/\/test.drspiegl.com\/wp-content\/uploads\/2026\/02\/bruststraffung-3-768x512.webp 768w, https:\/\/test.drspiegl.com\/wp-content\/uploads\/2026\/02\/bruststraffung-3-670x446.webp 670w, https:\/\/test.drspiegl.com\/wp-content\/uploads\/2026\/02\/bruststraffung-3-480x320.webp 480w, https:\/\/test.drspiegl.com\/wp-content\/uploads\/2026\/02\/bruststraffung-3-390x260.webp 390w, https:\/\/test.drspiegl.com\/wp-content\/uploads\/2026\/02\/bruststraffung-3-285x190.webp 285w, https:\/\/test.drspiegl.com\/wp-content\/uploads\/2026\/02\/bruststraffung-3.webp 800w\" sizes=\"auto, (max-width: 600px) 100vw, 600px\" \/><\/p>\n<h2 id=\"spiegl\">Dr. Spiegl \u2013 der erfahrene Sch\u00f6nheitschirurg in Salzburg und Nieder\u00f6sterreich<\/h2>\n<p>Dr. Matthias Spiegl ist Facharzt f\u00fcr Plastische, Rekonstruktive und \u00c4sthetische Chirurgie und besitzt neben der \u00f6sterreichischen auch die schweizerische und britische Zulassung als Arzt.<\/p>\n<p>Nach seiner hochspezialisierten internationalen Ausbildung mit Stationen in England, der Schweiz und Schottland lie\u00df er sich in Salzburg und Tulln nieder. Seine Spezialisierung ist unter anderem die \u00e4sthetische Brustchirurgie, welche er auf hohem Niveau gewissenhaft und ohne Kompromisse durchf\u00fchrt.<\/p>\n<ul>\n<li>Internationale Gesellschaft f\u00fcr \u00c4sthetisch-Plastische Chirurgie (ISAPS)<\/li>\n<li>\u00d6sterreichische Gesellschaft f\u00fcr Plastische, \u00c4sthetische und Rekonstruktive Chirurgie<\/li>\n<li>Schweizerische Gesellschaft f\u00fcr Plastische, Rekonstruktive und \u00c4sthetische Chirurgie<\/li>\n<li>Fellow des European Board of Plastic, Reconstructive and Aesthetic Surgery (FEBOPRAS)<\/li>\n<li>General Medical Council (Vereinigtes K\u00f6nigreich)<\/li>\n<li>Fellow of the American College of Surgeons (FACS)<\/li>\n<\/ul>\n<h2 id=\"faq\">Typische Fragen meiner Patientinnen (FAQ)<\/h2>\n<h3>F\u00fcr wen eignet sich eine Bruststraffung?<\/h3>\n<p>F\u00fcr Frauen, deren Brust erschlafft ist oder abgesenkt wirkt, unabh\u00e4ngig von Alter oder Lebenssituation.<\/p>\n<h3>Was passiert, wenn ich vor der Operation krank werde?<\/h3>\n<p>In diesem Fall wird die Operation verschoben. Sicherheit geht vor. Sollten Sie vor dem Eingriff erkranken, kontaktieren Sie bitte die Ordination, um einen neuen Termin zu vereinbaren.<\/p>\n<h3>Welchen Einfluss hat eine Schwangerschaft auf das Ergebnis?<\/h3>\n<p>Eine Schwangerschaft kann das Ergebnis beeintr\u00e4chtigen. Daher empfiehlt sich der Eingriff meist nach abgeschlossener Familienplanung.<\/p>\n<h3>Kann man nach einer Bruststraffung noch stillen?<\/h3>\n<p>Das ist in vielen F\u00e4llen m\u00f6glich, h\u00e4ngt jedoch von der gew\u00e4hlten Schnitttechnik ab.<\/p>\n<h3>Wie lange dauert die Operation?<\/h3>\n<p>Eine Bruststraffung dauert in der Regel 1\u20132 Stunden.<\/p>\n<h3>Bin ich nach dem Eingriff stark eingeschr\u00e4nkt?<\/h3>\n<p>Leichte T\u00e4tigkeiten sind nach etwa einer Woche wieder m\u00f6glich. Sport und schwere k\u00f6rperliche Arbeiten sollten f\u00fcr vier bis sechs Wochen pausiert werden.<\/p>\n<h3>Kann eine Bruststraffung kombiniert werden?<\/h3>\n<p>Ja, h\u00e4ufig wird sie mit einer Brustvergr\u00f6\u00dferung oder Brustverkleinerung kombiniert.<\/p>\n<h3>Wie lange h\u00e4lt das Ergebnis an?<\/h3>\n<p>Eine Bruststraffung erzielt langfristige Ergebnisse. Der nat\u00fcrliche Alterungsprozess setzt sich fort, wird jedoch deutlich verlangsamt. Narben verblassen im Laufe der Zeit verblassen.[\/vc_column_text][\/vc_column][\/vc_row]<\/p>\n<\/div>","protected":false},"excerpt":{"rendered":"<p>[vc_row][vc_column][vc_column_text css=&#8220;&#8220;] Bruststraffung in Salzburg &amp; Pixendorf Im Laufe der Zeit verliert die Haut an Elastizit\u00e4t und Festigkeit. Schwangerschaft, Stillzeit, Gewichtsschwankungen oder der nat\u00fcrliche Alterungsprozess k\u00f6nnen dazu f\u00fchren, dass die Brust an Spannkraft verliert und erschlafft. Eine Bruststraffung (Mastopexie) bei Dr. Spiegl in Salzburg oder Pixendorf korrigiert die Brustform und sorgt wieder f\u00fcr eine jugendlichere,<\/p>\n","protected":false},"author":1,"featured_media":0,"parent":4264,"menu_order":0,"comment_status":"closed","ping_status":"closed","template":"","meta":{"footnotes":""},"class_list":["post-4353","page","type-page","status-publish","hentry"],"yoast_head":"<!-- This site is optimized with the Yoast SEO plugin v27.4 - https:\/\/yoast.com\/product\/yoast-seo-wordpress\/ -->\n<title>Bruststraffung in Salzburg &amp; Pixendorf \u2013 f\u00fcr eine jugendliche, straffe Brust - test.drspiegl.com<\/title>\n<meta name=\"robots\" content=\"index, follow, max-snippet:-1, max-image-preview:large, max-video-preview:-1\" \/>\n<link rel=\"canonical\" href=\"https:\/\/test.drspiegl.com\/de\/chirurgische-behandlungen\/brust\/bruststraffung-in-salzburg-pixendorf-fuer-eine-jugendliche-straffe-brust\/\" \/>\n<meta property=\"og:locale\" content=\"de_DE\" \/>\n<meta property=\"og:type\" content=\"article\" \/>\n<meta property=\"og:title\" content=\"Bruststraffung in Salzburg &amp; Pixendorf \u2013 f\u00fcr eine jugendliche, straffe Brust - test.drspiegl.com\" \/>\n<meta property=\"og:description\" content=\"[vc_row][vc_column][vc_column_text css=&#8220;&#8220;] Bruststraffung in Salzburg &amp; Pixendorf Im Laufe der Zeit verliert die Haut an Elastizit\u00e4t und Festigkeit. Schwangerschaft, Stillzeit, Gewichtsschwankungen oder der nat\u00fcrliche Alterungsprozess k\u00f6nnen dazu f\u00fchren, dass die Brust an Spannkraft verliert und erschlafft. Eine Bruststraffung (Mastopexie) bei Dr. Spiegl in Salzburg oder Pixendorf korrigiert die Brustform und sorgt wieder f\u00fcr eine jugendlichere,\" \/>\n<meta property=\"og:url\" content=\"https:\/\/test.drspiegl.com\/de\/chirurgische-behandlungen\/brust\/bruststraffung-in-salzburg-pixendorf-fuer-eine-jugendliche-straffe-brust\/\" \/>\n<meta property=\"og:site_name\" content=\"test.drspiegl.com\" \/>\n<meta property=\"article:modified_time\" content=\"2026-04-11T18:48:17+00:00\" \/>\n<meta property=\"og:image\" content=\"https:\/\/test.drspiegl.com\/wp-content\/uploads\/2026\/02\/bruststraffung-1.webp\" \/>\n\t<meta property=\"og:image:width\" content=\"800\" \/>\n\t<meta property=\"og:image:height\" content=\"533\" \/>\n\t<meta property=\"og:image:type\" content=\"image\/webp\" \/>\n<meta name=\"twitter:card\" content=\"summary_large_image\" \/>\n<meta name=\"twitter:label1\" content=\"Gesch\u00e4tzte Lesezeit\" \/>\n\t<meta name=\"twitter:data1\" content=\"5\u00a0Minuten\" \/>\n<script type=\"application\/ld+json\" class=\"yoast-schema-graph\">{\"@context\":\"https:\\\/\\\/schema.org\",\"@graph\":[{\"@type\":\"WebPage\",\"@id\":\"https:\\\/\\\/test.drspiegl.com\\\/de\\\/chirurgische-behandlungen\\\/brust\\\/bruststraffung-in-salzburg-pixendorf-fuer-eine-jugendliche-straffe-brust\\\/\",\"url\":\"https:\\\/\\\/test.drspiegl.com\\\/de\\\/chirurgische-behandlungen\\\/brust\\\/bruststraffung-in-salzburg-pixendorf-fuer-eine-jugendliche-straffe-brust\\\/\",\"name\":\"Bruststraffung in Salzburg &amp; Pixendorf \u2013 f\u00fcr eine jugendliche, straffe Brust - test.drspiegl.com\",\"isPartOf\":{\"@id\":\"https:\\\/\\\/test.drspiegl.com\\\/de\\\/en\\\/home\\\/#website\"},\"primaryImageOfPage\":{\"@id\":\"https:\\\/\\\/test.drspiegl.com\\\/de\\\/chirurgische-behandlungen\\\/brust\\\/bruststraffung-in-salzburg-pixendorf-fuer-eine-jugendliche-straffe-brust\\\/#primaryimage\"},\"image\":{\"@id\":\"https:\\\/\\\/test.drspiegl.com\\\/de\\\/chirurgische-behandlungen\\\/brust\\\/bruststraffung-in-salzburg-pixendorf-fuer-eine-jugendliche-straffe-brust\\\/#primaryimage\"},\"thumbnailUrl\":\"https:\\\/\\\/test.drspiegl.com\\\/wp-content\\\/uploads\\\/2026\\\/02\\\/bruststraffung-2-600x400.webp\",\"datePublished\":\"2025-11-17T17:32:27+00:00\",\"dateModified\":\"2026-04-11T18:48:17+00:00\",\"breadcrumb\":{\"@id\":\"https:\\\/\\\/test.drspiegl.com\\\/de\\\/chirurgische-behandlungen\\\/brust\\\/bruststraffung-in-salzburg-pixendorf-fuer-eine-jugendliche-straffe-brust\\\/#breadcrumb\"},\"inLanguage\":\"de\",\"potentialAction\":[{\"@type\":\"ReadAction\",\"target\":[\"https:\\\/\\\/test.drspiegl.com\\\/de\\\/chirurgische-behandlungen\\\/brust\\\/bruststraffung-in-salzburg-pixendorf-fuer-eine-jugendliche-straffe-brust\\\/\"]}]},{\"@type\":\"ImageObject\",\"inLanguage\":\"de\",\"@id\":\"https:\\\/\\\/test.drspiegl.com\\\/de\\\/chirurgische-behandlungen\\\/brust\\\/bruststraffung-in-salzburg-pixendorf-fuer-eine-jugendliche-straffe-brust\\\/#primaryimage\",\"url\":\"https:\\\/\\\/test.drspiegl.com\\\/wp-content\\\/uploads\\\/2026\\\/02\\\/bruststraffung-2-600x400.webp\",\"contentUrl\":\"https:\\\/\\\/test.drspiegl.com\\\/wp-content\\\/uploads\\\/2026\\\/02\\\/bruststraffung-2-600x400.webp\"},{\"@type\":\"BreadcrumbList\",\"@id\":\"https:\\\/\\\/test.drspiegl.com\\\/de\\\/chirurgische-behandlungen\\\/brust\\\/bruststraffung-in-salzburg-pixendorf-fuer-eine-jugendliche-straffe-brust\\\/#breadcrumb\",\"itemListElement\":[{\"@type\":\"ListItem\",\"position\":1,\"name\":\"Home\",\"item\":\"https:\\\/\\\/test.drspiegl.com\\\/de\\\/\"},{\"@type\":\"ListItem\",\"position\":2,\"name\":\"Chirurgische Behandlungen\",\"item\":\"https:\\\/\\\/test.drspiegl.com\\\/de\\\/chirurgische-behandlungen\\\/\"},{\"@type\":\"ListItem\",\"position\":3,\"name\":\"Brust\",\"item\":\"https:\\\/\\\/test.drspiegl.com\\\/de\\\/chirurgische-behandlungen\\\/brust\\\/\"},{\"@type\":\"ListItem\",\"position\":4,\"name\":\"Bruststraffung in Salzburg &amp; Pixendorf \u2013 f\u00fcr eine jugendliche, straffe Brust\"}]},{\"@type\":\"WebSite\",\"@id\":\"https:\\\/\\\/test.drspiegl.com\\\/de\\\/en\\\/home\\\/#website\",\"url\":\"https:\\\/\\\/test.drspiegl.com\\\/de\\\/en\\\/home\\\/\",\"name\":\"test.drspiegl.com\",\"description\":\"Health Medical Theme\",\"potentialAction\":[{\"@type\":\"SearchAction\",\"target\":{\"@type\":\"EntryPoint\",\"urlTemplate\":\"https:\\\/\\\/test.drspiegl.com\\\/de\\\/en\\\/home\\\/?s={search_term_string}\"},\"query-input\":{\"@type\":\"PropertyValueSpecification\",\"valueRequired\":true,\"valueName\":\"search_term_string\"}}],\"inLanguage\":\"de\"}]}<\/script>\n<!-- \/ Yoast SEO plugin. -->","yoast_head_json":{"title":"Bruststraffung in Salzburg &amp; Pixendorf \u2013 f\u00fcr eine jugendliche, straffe Brust - test.drspiegl.com","robots":{"index":"index","follow":"follow","max-snippet":"max-snippet:-1","max-image-preview":"max-image-preview:large","max-video-preview":"max-video-preview:-1"},"canonical":"https:\/\/test.drspiegl.com\/de\/chirurgische-behandlungen\/brust\/bruststraffung-in-salzburg-pixendorf-fuer-eine-jugendliche-straffe-brust\/","og_locale":"de_DE","og_type":"article","og_title":"Bruststraffung in Salzburg &amp; Pixendorf \u2013 f\u00fcr eine jugendliche, straffe Brust - test.drspiegl.com","og_description":"[vc_row][vc_column][vc_column_text css=&#8220;&#8220;] Bruststraffung in Salzburg &amp; Pixendorf Im Laufe der Zeit verliert die Haut an Elastizit\u00e4t und Festigkeit. Schwangerschaft, Stillzeit, Gewichtsschwankungen oder der nat\u00fcrliche Alterungsprozess k\u00f6nnen dazu f\u00fchren, dass die Brust an Spannkraft verliert und erschlafft. Eine Bruststraffung (Mastopexie) bei Dr. Spiegl in Salzburg oder Pixendorf korrigiert die Brustform und sorgt wieder f\u00fcr eine jugendlichere,","og_url":"https:\/\/test.drspiegl.com\/de\/chirurgische-behandlungen\/brust\/bruststraffung-in-salzburg-pixendorf-fuer-eine-jugendliche-straffe-brust\/","og_site_name":"test.drspiegl.com","article_modified_time":"2026-04-11T18:48:17+00:00","og_image":[{"width":800,"height":533,"url":"https:\/\/test.drspiegl.com\/wp-content\/uploads\/2026\/02\/bruststraffung-1.webp","type":"image\/webp"}],"twitter_card":"summary_large_image","twitter_misc":{"Gesch\u00e4tzte Lesezeit":"5\u00a0Minuten"},"schema":{"@context":"https:\/\/schema.org","@graph":[{"@type":"WebPage","@id":"https:\/\/test.drspiegl.com\/de\/chirurgische-behandlungen\/brust\/bruststraffung-in-salzburg-pixendorf-fuer-eine-jugendliche-straffe-brust\/","url":"https:\/\/test.drspiegl.com\/de\/chirurgische-behandlungen\/brust\/bruststraffung-in-salzburg-pixendorf-fuer-eine-jugendliche-straffe-brust\/","name":"Bruststraffung in Salzburg &amp; Pixendorf \u2013 f\u00fcr eine jugendliche, straffe Brust - test.drspiegl.com","isPartOf":{"@id":"https:\/\/test.drspiegl.com\/de\/en\/home\/#website"},"primaryImageOfPage":{"@id":"https:\/\/test.drspiegl.com\/de\/chirurgische-behandlungen\/brust\/bruststraffung-in-salzburg-pixendorf-fuer-eine-jugendliche-straffe-brust\/#primaryimage"},"image":{"@id":"https:\/\/test.drspiegl.com\/de\/chirurgische-behandlungen\/brust\/bruststraffung-in-salzburg-pixendorf-fuer-eine-jugendliche-straffe-brust\/#primaryimage"},"thumbnailUrl":"https:\/\/test.drspiegl.com\/wp-content\/uploads\/2026\/02\/bruststraffung-2-600x400.webp","datePublished":"2025-11-17T17:32:27+00:00","dateModified":"2026-04-11T18:48:17+00:00","breadcrumb":{"@id":"https:\/\/test.drspiegl.com\/de\/chirurgische-behandlungen\/brust\/bruststraffung-in-salzburg-pixendorf-fuer-eine-jugendliche-straffe-brust\/#breadcrumb"},"inLanguage":"de","potentialAction":[{"@type":"ReadAction","target":["https:\/\/test.drspiegl.com\/de\/chirurgische-behandlungen\/brust\/bruststraffung-in-salzburg-pixendorf-fuer-eine-jugendliche-straffe-brust\/"]}]},{"@type":"ImageObject","inLanguage":"de","@id":"https:\/\/test.drspiegl.com\/de\/chirurgische-behandlungen\/brust\/bruststraffung-in-salzburg-pixendorf-fuer-eine-jugendliche-straffe-brust\/#primaryimage","url":"https:\/\/test.drspiegl.com\/wp-content\/uploads\/2026\/02\/bruststraffung-2-600x400.webp","contentUrl":"https:\/\/test.drspiegl.com\/wp-content\/uploads\/2026\/02\/bruststraffung-2-600x400.webp"},{"@type":"BreadcrumbList","@id":"https:\/\/test.drspiegl.com\/de\/chirurgische-behandlungen\/brust\/bruststraffung-in-salzburg-pixendorf-fuer-eine-jugendliche-straffe-brust\/#breadcrumb","itemListElement":[{"@type":"ListItem","position":1,"name":"Home","item":"https:\/\/test.drspiegl.com\/de\/"},{"@type":"ListItem","position":2,"name":"Chirurgische Behandlungen","item":"https:\/\/test.drspiegl.com\/de\/chirurgische-behandlungen\/"},{"@type":"ListItem","position":3,"name":"Brust","item":"https:\/\/test.drspiegl.com\/de\/chirurgische-behandlungen\/brust\/"},{"@type":"ListItem","position":4,"name":"Bruststraffung in Salzburg &amp; Pixendorf \u2013 f\u00fcr eine jugendliche, straffe Brust"}]},{"@type":"WebSite","@id":"https:\/\/test.drspiegl.com\/de\/en\/home\/#website","url":"https:\/\/test.drspiegl.com\/de\/en\/home\/","name":"test.drspiegl.com","description":"Health Medical Theme","potentialAction":[{"@type":"SearchAction","target":{"@type":"EntryPoint","urlTemplate":"https:\/\/test.drspiegl.com\/de\/en\/home\/?s={search_term_string}"},"query-input":{"@type":"PropertyValueSpecification","valueRequired":true,"valueName":"search_term_string"}}],"inLanguage":"de"}]}},"_links":{"self":[{"href":"https:\/\/test.drspiegl.com\/de\/wp-json\/wp\/v2\/pages\/4353","targetHints":{"allow":["GET"]}}],"collection":[{"href":"https:\/\/test.drspiegl.com\/de\/wp-json\/wp\/v2\/pages"}],"about":[{"href":"https:\/\/test.drspiegl.com\/de\/wp-json\/wp\/v2\/types\/page"}],"author":[{"embeddable":true,"href":"https:\/\/test.drspiegl.com\/de\/wp-json\/wp\/v2\/users\/1"}],"replies":[{"embeddable":true,"href":"https:\/\/test.drspiegl.com\/de\/wp-json\/wp\/v2\/comments?post=4353"}],"version-history":[{"count":19,"href":"https:\/\/test.drspiegl.com\/de\/wp-json\/wp\/v2\/pages\/4353\/revisions"}],"predecessor-version":[{"id":5930,"href":"https:\/\/test.drspiegl.com\/de\/wp-json\/wp\/v2\/pages\/4353\/revisions\/5930"}],"up":[{"embeddable":true,"href":"https:\/\/test.drspiegl.com\/de\/wp-json\/wp\/v2\/pages\/4264"}],"wp:attachment":[{"href":"https:\/\/test.drspiegl.com\/de\/wp-json\/wp\/v2\/media?parent=4353"}],"curies":[{"name":"wp","href":"https:\/\/api.w.org\/{rel}","templated":true}]}}