{"id":4359,"date":"2025-11-17T17:43:07","date_gmt":"2025-11-17T17:43:07","guid":{"rendered":"https:\/\/test.drspiegl.com\/?page_id=4359"},"modified":"2026-04-11T20:06:58","modified_gmt":"2026-04-11T20:06:58","slug":"brustvergroesserung","status":"publish","type":"page","link":"https:\/\/test.drspiegl.com\/de\/chirurgische-behandlungen\/brust\/brustvergroesserung\/","title":{"rendered":"Brustvergr\u00f6\u00dferung in Salzburg und in Nieder\u00f6sterreich"},"content":{"rendered":"<div class=\"wpb-content-wrapper\"><p>[vc_row][vc_column top_margin=&#8220;page-margin-top&#8220;][vc_column_text css=&#8220;&#8220; el_class=&#8220;large&#8220;]<\/p>\n<h1><img loading=\"lazy\" decoding=\"async\" class=\"wp-image-5672 size-medicenter-gallery-image alignright img-articles\" style=\"box-shadow: 0 5px 15px rgba(0,0,0,0.05), 0 15px 35px rgba(0,0,0,0.1), 0 30px 60px rgba(0,0,0,0.15); filter: brightness(1.02) contrast(1.02); max-width: 480px !important; max-height: 720px !important;\" src=\"https:\/\/test.drspiegl.com\/wp-content\/uploads\/2026\/01\/b3.webp\" alt=\"\" width=\"533\" height=\"800\" srcset=\"https:\/\/test.drspiegl.com\/wp-content\/uploads\/2026\/01\/b3.webp 533w, https:\/\/test.drspiegl.com\/wp-content\/uploads\/2026\/01\/b3-200x300.webp 200w\" sizes=\"auto, (max-width: 533px) 100vw, 533px\" \/>Warum eine Brustvergr\u00f6\u00dferung?<\/h1>\n<p>Eine wohlgeformte, straffe Brust gilt seit jeher als Merkmal weiblicher Attraktivit\u00e4t und ist der Wunsch vieler Frauen. F\u00fchlt sich eine Frau mit ihrer Brust unwohl, so hat dies Einfluss auf die Psyche und kann sogar die Lebensqualit\u00e4t negativ beeinflussen. Die Gr\u00f6\u00dfe und Form der Brust waren also schon immer ein gro\u00dfes Thema \u2013 auch in der Medizin, denn bereits vor \u00fcber 100 Jahren wurde mit der chirurgischen Optimierung experimentiert. Heutzutage ist eine Brustvergr\u00f6\u00dferung kein Experiment mehr, die verschiedenen Methoden sind seit Jahrzehnten etabliert und die Resultate sind hervorragend.<\/p>\n<h3>Gleich zum gew\u00fcnschten Thema springen?<\/h3>\n<ul>\n<li><a href=\"#arten\">Arten der Brustvergr\u00f6\u00dferung<\/a><\/li>\n<li><a href=\"#implantate\">M\u00f6glichkeiten, die Implantate in die Brust einzubringen: Vor-\/Nachteile<\/a><\/li>\n<li><a href=\"#phasen\">Phasen der Sch\u00f6nheitsoperation<\/a><\/li>\n<li><a href=\"#spiegl\">Dr. Spiegl \u2013 ein erfahrener Sch\u00f6nheitschirurg in Salzburg<\/a><\/li>\n<li><a href=\"#kosten\">Kosten f\u00fcr eine Brustvergr\u00f6\u00dferung in Salzburg<\/a><\/li>\n<li><a href=\"#fragen\">Typische Fragen meiner Patienten<\/a><\/li>\n<\/ul>\n<h2 id=\"arten\">Arten der Brustvergr\u00f6\u00dferung<\/h2>\n<p>Eine Brust kann auf unterschiedliche Arten vergr\u00f6\u00dfert (\u201eaugmentiert\u201c) werden, grunds\u00e4tzlich werden zwei Methoden unterschieden: die Brustvergr\u00f6\u00dferung mit Implantaten und die <a href=\"https:\/\/drspiegl.com\/brustvergroesserung-eigenfett\/\">Vergr\u00f6\u00dferung mit Eigenfett<\/a> (auch \u201eLipofilling\u201c genannt). Jede Methode hat gewisse Vor- und potentielle Nachteile und jede Brust ist einzigartig, \u201eone fits all\u201c ist im Bereich der Brustvergr\u00f6\u00dferung definitiv nicht das richtige Motto. Umso wichtiger ist die pers\u00f6nliche Beratung durch einen Spezialisten.<\/p>\n<h3>Runde Implantate<\/h3>\n<p>Runde und anatomische Brustimplantate (auch bekannt als Teardrop-Implantate oder konturierte Brustimplantate) sind zwei verschiedene Arten von Brustimplantaten, die bei kosmetischen Brustvergr\u00f6\u00dferungsoperationen verwendet werden. Sie unterscheiden sich durch ihre Form, Projektion und das angestrebte Ergebnis.<\/p>\n<h3>Die Form<\/h3>\n<p>Wie der Name schon sagt, haben runde Brustimplantate eine symmetrische, kreisf\u00f6rmige Form. Sie sind in der Mitte volumin\u00f6ser und bieten eine gleichm\u00e4\u00dfige Projektion in alle Richtungen.<\/p>\n<h3>Projektion<\/h3>\n<p>Runde Implantate sorgen f\u00fcr mehr Projektion und F\u00fclle am oberen Pol der Brust, wodurch ein \u201ePush-up\u201c-Effekt entsteht. Dies kann zu einem ausgepr\u00e4gteren Dekollet\u00e9 und mehr F\u00fclle im oberen Bereich der Brust f\u00fchren.<\/p>\n<h3>Vielseitigkeit<\/h3>\n<p>Runde Implantate sind vielseitig einsetzbar und k\u00f6nnen bei verschiedenen Brustvergr\u00f6\u00dferungen mit oder ohne Straffung verwendet werden. Sie sind eine beliebte Wahl f\u00fcr Frauen, die eine sp\u00fcrbare Vergr\u00f6\u00dferung der Brust und ein rundes, volumin\u00f6ses Aussehen w\u00fcnschen.<\/p>\n<h3>Geringere Bedenken<\/h3>\n<p>Ein Vorteil runder Implantate besteht auch darin, dass sie sich in der Brust weniger leicht drehen k\u00f6nnen. Da sie eine symmetrische Form haben, muss man sich keine Sorgen machen, dass die Ausrichtung der Implantate das endg\u00fcltige Aussehen beeintr\u00e4chtigen k\u00f6nnte.<\/p>\n<h3>Anatomische Implantate (\u201eTropfenform\u201c)<\/h3>\n<h3>Die Form<\/h3>\n<p>Anatomische Brustimplantate haben eine tropfenf\u00f6rmige Kontur, welche die nat\u00fcrliche Form der Brust nachahmt. Sie sind unten voller und verj\u00fcngen sich nach oben hin, \u00e4hnlich wie die nat\u00fcrliche Brustform.<\/p>\n<h3>Projektion<\/h3>\n<p>Diese Implantate weisen am oberen Pol eine geringere Projektion und am unteren Pol eine st\u00e4rkere Projektion auf und \u00e4hneln damit der Art und Weise, wie die nat\u00fcrlichen Br\u00fcste h\u00e4ngen und hervorstehen.<\/p>\n<h3>Nat\u00fcrliches Erscheinungsbild<\/h3>\n<p>Anatomische Implantate werden h\u00e4ufig von Personen gew\u00e4hlt, die ein sehr nat\u00fcrlicheres Ergebnis anstreben, oder bei Personen, die eine subtile Vergr\u00f6\u00dferung w\u00fcnschen, ohne dass die Br\u00fcste \u00fcberm\u00e4\u00dfig rund aussehen.<\/p>\n<h3>Bedenken hinsichtlich der Rotation<\/h3>\n<p>Aufgrund ihrer asymmetrischen Form besteht bei anatomischen Implantaten die \u2013 sehr geringe \u2013 Gefahr, dass sie sich in der Brust drehen, was das endg\u00fcltige Aussehen beeintr\u00e4chtigen kann. Um dieses Risiko zu minimieren, sind eine korrekte Operationstechnik und eine pr\u00e4zise Implantatplatzierung von entscheidender Bedeutung. Es ist wichtig zu wissen, dass die Wahl zwischen runden und anatomischen Implantaten von verschiedenen Faktoren abh\u00e4ngt, darunter die K\u00f6rperform der Patientin, das vorhandene Brustgewebe, die \u00e4sthetischen Ziele und die Erfahrung des Chirurgen.<\/p>\n<h2 id=\"implantate\"><img loading=\"lazy\" decoding=\"async\" class=\"wp-image-5671 size-medicenter-gallery-image alignleft img-articles\" style=\"box-shadow: 0 5px 15px rgba(0,0,0,0.05), 0 15px 35px rgba(0,0,0,0.1), 0 30px 60px rgba(0,0,0,0.15); filter: brightness(1.02) contrast(1.02); max-width: 480px !important; max-height: 720px !important;\" src=\"https:\/\/test.drspiegl.com\/wp-content\/uploads\/2026\/01\/b2.webp\" alt=\"\" width=\"533\" height=\"800\" srcset=\"https:\/\/test.drspiegl.com\/wp-content\/uploads\/2026\/01\/b2.webp 533w, https:\/\/test.drspiegl.com\/wp-content\/uploads\/2026\/01\/b2-200x300.webp 200w\" sizes=\"auto, (max-width: 533px) 100vw, 533px\" \/>M\u00f6glichkeiten, die Implantate in die Brust einzubringen und deren Vor-\/Nachteile<\/h2>\n<p>Brustimplantate k\u00f6nnen mit verschiedenen Techniken eingesetzt werden, die sich nach der Lage des Implantats in der Brust und der Position des Implantats im Verh\u00e4ltnis zum Brustdr\u00fcsengewebe, dem Brustmuskel und der Brustwand richten. Die gebr\u00e4uchlichsten Techniken sind die Platzierung unter dem Brustmuskel, ober dem Brustmuskel (unter der Brustdr\u00fcse) oder teilweise Platzierung unter dem Muskel und unter der Dr\u00fcse (Dual-Plane).<\/p>\n<h3>1. Subglandul\u00e4re Platzierung (\u00fcber dem Muskel, unter dem Dr\u00fcsengewebe)<\/h3>\n<h4>Vorteile<\/h4>\n<p>H\u00e4ufig schnellere und weniger schmerzhafte Genesung, da der Muskel nicht gest\u00f6rt wird. In dieser Position eingesetzte Implantate k\u00f6nnen eine nat\u00fcrlichere Bewegung aufweisen. Weniger Verzerrung der Brustform beim Anspannen der Brustmuskeln.<\/p>\n<h4>Nachteile<\/h4>\n<p>Es kann eher zu sichtbaren Faltenbildung des Implantats kommen, insbesondere bei Patientinnen mit d\u00fcnnem Brustgewebe. Kann ein etwas h\u00f6heres Risiko f\u00fcr eine Kapselkontraktur (Bildung von Narbengewebe um das Implantat) aufweisen. Unter Umst\u00e4nden nicht geeignet f\u00fcr Patientinnen mit wenig nat\u00fcrlichem Brustgewebe und wenig Unterhautfett, da der Rand des Implantates sichtbar sein kann.<\/p>\n<h3>2. Submuskul\u00e4re Platzierung (unter dem Muskel)<\/h3>\n<h4>Vorteile<\/h4>\n<p>Bietet eine besser Abdeckung des Implantats und verringert das Risiko einer sichtbaren Faltenbildung, insbesondere bei Patientinnen mit d\u00fcnnem Brustgewebe. Kann aufgrund der Muskelabdeckung eine nat\u00fcrlicher aussehende obere Brustkontur bieten.<\/p>\n<h4>Nachteile<\/h4>\n<p>L\u00e4ngere und m\u00f6glicherweise unangenehmere Erholungsphase aufgrund der Beteiligung des Muskels. Die Kontraktion des Brustmuskels kann die Brustform verzerren, insbesondere bei Bodybuilderinnen oder Sportlerinnen.<\/p>\n<h3>3. Platzierung in zwei Ebenen (Dual-Plane-Technik)<\/h3>\n<p>Die duale Platzierung ist ein hybrider Ansatz, der Aspekte der subglandul\u00e4ren und submuskul\u00e4ren Platzierung kombiniert. Das Implantat wird teilweise unter den Muskel im oberen Teil und teilweise unter das Dr\u00fcsengewebe im unteren Teil der Brust platziert.<\/p>\n<h4>Vorteile<\/h4>\n<p>Bietet die Vorteile sowohl der subglandul\u00e4ren als auch der submuskul\u00e4ren Platzierung und minimiert deren jeweilige Nachteile. Sorgt f\u00fcr eine nat\u00fcrliche obere Brustkontur und bietet gleichzeitig eine bessere Abdeckung des Implantats. Kann das Risiko der Sichtbarkeit des Implantats und der Verzerrung bei der Kontraktion der Brustmuskeln verringern.<\/p>\n<h4>Nachteile<\/h4>\n<p>Das Fachwissen des Chirurgen ist f\u00fcr eine pr\u00e4zise Taschenbildung und Implantatpositionierung entscheidend. Die Erholungszeit kann im Vergleich zur alleinigen subglandul\u00e4ren Platzierung etwas l\u00e4nger sein. Asymmetrien zwischen dem oberen und unteren Teil der Brust k\u00f6nnen zus\u00e4tzliche chirurgische Anpassungen erforderlich machen.<\/p>\n<h2 id=\"phasen\"><img loading=\"lazy\" decoding=\"async\" class=\"wp-image-5670 size-medicenter-gallery-image alignright img-articles\" style=\"box-shadow: 0 5px 15px rgba(0,0,0,0.05), 0 15px 35px rgba(0,0,0,0.1), 0 30px 60px rgba(0,0,0,0.15); filter: brightness(1.02) contrast(1.02); max-width: 480px !important; max-height: 720px !important;\" src=\"https:\/\/test.drspiegl.com\/wp-content\/uploads\/2026\/01\/b1.webp\" alt=\"\" width=\"533\" height=\"800\" srcset=\"https:\/\/test.drspiegl.com\/wp-content\/uploads\/2026\/01\/b1.webp 533w, https:\/\/test.drspiegl.com\/wp-content\/uploads\/2026\/01\/b1-200x300.webp 200w\" sizes=\"auto, (max-width: 533px) 100vw, 533px\" \/>Phasen der Sch\u00f6nheitsoperation<\/h2>\n<p>Eine \u00e4sthetische (kosmetische) Brustoperation umfasst eine Reihe von Schritten, um das gew\u00fcnschte Aussehen und die Kontur der Br\u00fcste zu erreichen. Der Prozess verl\u00e4uft im Allgemeinen in den Schritten: Beratung, Untersuchung, Planung, Operation und Nachsorge.<\/p>\n<h3>Vor der Operation: Beratung und k\u00f6rperliche Untersuchung<\/h3>\n<p>Die umfassende pers\u00f6nliche Beratung und ausf\u00fchrliche Untersuchung ist das A und O eines guten Plastischen Chirurgen. Dr. Spiegl ber\u00e4t ehrlich und offen und wendet nur erprobte und sicherere Verfahren an.<\/p>\n<h4>Das erste Beratungsgespr\u00e4ch<\/h4>\n<p>W\u00e4hrend dieses Gespr\u00e4chs werden Sie Ihre \u00e4sthetischen Ziele, Ihre Krankengeschichte und Ihren aktuellen Gesundheitszustand besprechen. Dr. Spiegl wird Ihre Brustanatomie, die Hautqualit\u00e4t und die Eignung f\u00fcr den Eingriff beurteilen.<\/p>\n<h4>Die pr\u00e4operative Untersuchung<\/h4>\n<p>Vor der Operation werden Sie einer umfassenden pr\u00e4operativen Untersuchung unterzogen, die k\u00f6rperliche Untersuchungen, Messungen und medizinische Tests umfassen kann.<\/p>\n<h3>Die chirurgische Planung<\/h3>\n<p>Dr. Spiegl wird den Operationsplan im Detail besprechen, einschlie\u00dflich der Art des Eingriffs, der Implantatgr\u00f6\u00dfe, der Platzierung des Hautschnitts e m\u00f6glicher Risiken.<\/p>\n<h4>Hochwertige Materialien f\u00fcr die Behandlung<\/h4>\n<p>Bei einer Brustvergr\u00f6\u00dferung mit Qualit\u00e4tsimplantaten ist mit ca. 7.500\u20ac (Komplettpreis inkl. An\u00e4sthesie und Aufenthalt) zu rechnen.<\/p>\n<h4>Chirurgischer Eingriff zur Brustvergr\u00f6\u00dferung in Salzburg oder Nieder\u00f6sterreich<\/h4>\n<p>Die Operation f\u00fchrt Dr. Spiegl im Krankenhaus der Barmherzigen Br\u00fcder in Salzburg durch.<\/p>\n<h4>Aufenthalt w\u00e4hrend des chirurgischen Eingriffs<\/h4>\n<p>Ein standardm\u00e4\u00dfiger ambulanter Aufenthalt f\u00fcr eine Brustvergr\u00f6\u00dferung beinhaltet in der Regel, dass die Patientin noch am selben Tag wieder entlassen wird. Die Dauer betr\u00e4gt in der Regel mehrere Stunden von der Ankunft bis zur Entlassung.<\/p>\n<h4>Dauer der Operation<\/h4>\n<p>Im Durchschnitt dauert eine einfache Brustvergr\u00f6\u00dferungsoperation etwa 1 bis 2 Stunden.<\/p>\n<h3>Nachoperationsphase<\/h3>\n<p>In den ersten 6 Wochen wird die meiste Schwellung verschwinden. F\u00fcr diese Zeit muss in der Regel ein Kompressions- oder Sport-BH getragen werden. Vermeiden Sie \u00dcberlastungen des Oberk\u00f6rpers.<\/p>\n<h4>Arbeitsf\u00e4higkeit und Sport<\/h4>\n<p>B\u00fcroarbeit ist spesso dopo una settimana possibile. Per lo sport leggero (camminata) va bene dopo una settimana, ma per attivit\u00e0 pesanti Dr. Spiegl raccomanda di attendere almeno 6 settimane.<\/p>\n<h4>Wann sind Resultate sichtbar?<\/h4>\n<p>Ein erstes Ergebnis ist unmittelbar nach dem Eingriff sichtbar. Das endg\u00fcltige Ergebnis wird erst im Laufe einiger Monate (3 bis 6 Monate) sichtbar, wenn die Schwellungen abgeklungen sind.<\/p>\n<h2 id=\"spiegl\">Dr. Spiegl \u2013 der erfahrene Sch\u00f6nheitschirurg in Salzburg und in Nieder\u00f6sterreich<\/h2>\n<p>Dr. Matthias Spiegl ist Facharzt f\u00fcr Plastische, Rekonstruktive und \u00c4sthetische Chirurgie. Er besitzt Zulassungen in \u00d6sterreich, der Schweiz und dem Vereinigten K\u00f6nigreich.<\/p>\n<ul>\n<li>Internationale Gesellschaft f\u00fcr \u00c4sthetisch-Plastische Chirurgie (ISAPS)<\/li>\n<li>\u00d6sterreichische Gesellschaft f\u00fcr Plastische, \u00c4sthetische und Rekonstruktive Chirurgie<\/li>\n<li>Schweizerische Gesellschaft f\u00fcr Plastische, Rekonstruktive und \u00c4sthetische Chirurgie<\/li>\n<li>Fellow des European Board of Plastic, Reconstructive and Aesthetic Surgery (FEBOPRAS)<\/li>\n<li>General Medical Council (Vereinigtes K\u00f6nigreich)<\/li>\n<li>Fellow of the American College of Surgeons (FACS)<\/li>\n<\/ul>\n<h2 id=\"kosten\">Kosten f\u00fcr eine Brustvergr\u00f6\u00dferung in Salzburg und Nieder\u00f6sterreich<\/h2>\n<p>Der Preis liegt bei ca. 7.500\u20ac inkl. Narkose und Spitalsaufenthalt. Die Kosten des Erstgespr\u00e4ches (120\u20ac) werden bei einer Operation gutgeschrieben. Eine Finanzierung \u00fcber beautykredit.at ist m\u00f6glich.<\/p>\n<h2 id=\"fragen\">Typische Fragen meiner Patienten<\/h2>\n<h3>Was ist der Unterschied zwischen Brustvergr\u00f6\u00dferung mit Eigenfett und Brustvergr\u00f6\u00dferung mit Implantaten?<\/h3>\n<p>Bei der <a href=\"https:\/\/drspiegl.com\/brustvergroesserung-eigenfett\/\">Brustvergr\u00f6\u00dferung mit Eigenfett<\/a> wird Fettgewebe abgesaugt und in die Brust eingebracht. Es entstehen keine Narben und das Ergebnis ist sehr nat\u00fcrlich. Implantate hingegen sind Fremdk\u00f6rper, erm\u00f6glichen aber oft eine st\u00e4rkere Vergr\u00f6\u00dferung.<\/p>\n<h3>Wie hoch sind die Kosten f\u00fcr eine Brustvergr\u00f6\u00dferung in Salzburg?<\/h3>\n<p>Ca. 7.500\u20ac alles inklusive. Bei einer zus\u00e4tzlichen Straffung ca. 8.500\u20ac.<\/p>\n<h3>Wie genau funktioniert eine Brustvergr\u00f6\u00dferung?<\/h3>\n<p>Implantate werden chirurgisch unter das Brustgewebe oder die Brustmuskulatur eingebracht.<\/p>\n<h3>Was gibt es beim Vergr\u00f6\u00dfern der Br\u00fcste zu beachten?<\/h3>\n<p>Implantatgr\u00f6\u00dfe, Typ, Lage der Narbe e la fase di recupero postoperatorio.<\/p>\n<h3>Gibt es alternative Methoden?<\/h3>\n<p>Ja, der Eigenfetttransfer (Lipofilling).<\/p>\n<h3>Wie viel kostet eine Brust OP in \u00d6sterreich?<\/h3>\n<p>In der Regel zwischen 6.000\u20ac und 10.000\u20ac.[\/vc_column_text][\/vc_column][\/vc_row]<\/p>\n<\/div>","protected":false},"excerpt":{"rendered":"<p>[vc_row][vc_column top_margin=&#8220;page-margin-top&#8220;][vc_column_text css=&#8220;&#8220; el_class=&#8220;large&#8220;] Warum eine Brustvergr\u00f6\u00dferung? Eine wohlgeformte, straffe Brust gilt seit jeher als Merkmal weiblicher Attraktivit\u00e4t und ist der Wunsch vieler Frauen. F\u00fchlt sich eine Frau mit ihrer Brust unwohl, so hat dies Einfluss auf die Psyche und kann sogar die Lebensqualit\u00e4t negativ beeinflussen. Die Gr\u00f6\u00dfe und Form der Brust waren also schon<\/p>\n","protected":false},"author":1,"featured_media":0,"parent":4264,"menu_order":0,"comment_status":"closed","ping_status":"closed","template":"","meta":{"footnotes":""},"class_list":["post-4359","page","type-page","status-publish","hentry"],"yoast_head":"<!-- This site is optimized with the Yoast SEO plugin v27.4 - https:\/\/yoast.com\/product\/yoast-seo-wordpress\/ -->\n<title>Brustvergr\u00f6\u00dferung in Salzburg und in Nieder\u00f6sterreich - test.drspiegl.com<\/title>\n<meta name=\"robots\" content=\"index, follow, max-snippet:-1, max-image-preview:large, max-video-preview:-1\" \/>\n<link rel=\"canonical\" href=\"https:\/\/test.drspiegl.com\/de\/chirurgische-behandlungen\/brust\/brustvergroesserung\/\" \/>\n<meta property=\"og:locale\" content=\"de_DE\" \/>\n<meta property=\"og:type\" content=\"article\" \/>\n<meta property=\"og:title\" content=\"Brustvergr\u00f6\u00dferung in Salzburg und in Nieder\u00f6sterreich - test.drspiegl.com\" \/>\n<meta property=\"og:description\" content=\"[vc_row][vc_column top_margin=&#8220;page-margin-top&#8220;][vc_column_text css=&#8220;&#8220; el_class=&#8220;large&#8220;] Warum eine Brustvergr\u00f6\u00dferung? Eine wohlgeformte, straffe Brust gilt seit jeher als Merkmal weiblicher Attraktivit\u00e4t und ist der Wunsch vieler Frauen. F\u00fchlt sich eine Frau mit ihrer Brust unwohl, so hat dies Einfluss auf die Psyche und kann sogar die Lebensqualit\u00e4t negativ beeinflussen. Die Gr\u00f6\u00dfe und Form der Brust waren also schon\" \/>\n<meta property=\"og:url\" content=\"https:\/\/test.drspiegl.com\/de\/chirurgische-behandlungen\/brust\/brustvergroesserung\/\" \/>\n<meta property=\"og:site_name\" content=\"test.drspiegl.com\" \/>\n<meta property=\"article:modified_time\" content=\"2026-04-11T20:06:58+00:00\" \/>\n<meta property=\"og:image\" content=\"https:\/\/test.drspiegl.com\/wp-content\/uploads\/2026\/01\/b3.webp\" \/>\n\t<meta property=\"og:image:width\" content=\"533\" \/>\n\t<meta property=\"og:image:height\" content=\"800\" \/>\n\t<meta property=\"og:image:type\" content=\"image\/webp\" \/>\n<meta name=\"twitter:card\" content=\"summary_large_image\" \/>\n<meta name=\"twitter:label1\" content=\"Gesch\u00e4tzte Lesezeit\" \/>\n\t<meta name=\"twitter:data1\" content=\"8\u00a0Minuten\" \/>\n<script type=\"application\/ld+json\" class=\"yoast-schema-graph\">{\"@context\":\"https:\\\/\\\/schema.org\",\"@graph\":[{\"@type\":\"WebPage\",\"@id\":\"https:\\\/\\\/test.drspiegl.com\\\/de\\\/chirurgische-behandlungen\\\/brust\\\/brustvergroesserung\\\/\",\"url\":\"https:\\\/\\\/test.drspiegl.com\\\/de\\\/chirurgische-behandlungen\\\/brust\\\/brustvergroesserung\\\/\",\"name\":\"Brustvergr\u00f6\u00dferung in Salzburg und in Nieder\u00f6sterreich - test.drspiegl.com\",\"isPartOf\":{\"@id\":\"https:\\\/\\\/test.drspiegl.com\\\/de\\\/en\\\/home\\\/#website\"},\"primaryImageOfPage\":{\"@id\":\"https:\\\/\\\/test.drspiegl.com\\\/de\\\/chirurgische-behandlungen\\\/brust\\\/brustvergroesserung\\\/#primaryimage\"},\"image\":{\"@id\":\"https:\\\/\\\/test.drspiegl.com\\\/de\\\/chirurgische-behandlungen\\\/brust\\\/brustvergroesserung\\\/#primaryimage\"},\"thumbnailUrl\":\"https:\\\/\\\/test.drspiegl.com\\\/wp-content\\\/uploads\\\/2026\\\/01\\\/b3.webp\",\"datePublished\":\"2025-11-17T17:43:07+00:00\",\"dateModified\":\"2026-04-11T20:06:58+00:00\",\"breadcrumb\":{\"@id\":\"https:\\\/\\\/test.drspiegl.com\\\/de\\\/chirurgische-behandlungen\\\/brust\\\/brustvergroesserung\\\/#breadcrumb\"},\"inLanguage\":\"de\",\"potentialAction\":[{\"@type\":\"ReadAction\",\"target\":[\"https:\\\/\\\/test.drspiegl.com\\\/de\\\/chirurgische-behandlungen\\\/brust\\\/brustvergroesserung\\\/\"]}]},{\"@type\":\"ImageObject\",\"inLanguage\":\"de\",\"@id\":\"https:\\\/\\\/test.drspiegl.com\\\/de\\\/chirurgische-behandlungen\\\/brust\\\/brustvergroesserung\\\/#primaryimage\",\"url\":\"https:\\\/\\\/test.drspiegl.com\\\/wp-content\\\/uploads\\\/2026\\\/01\\\/b3.webp\",\"contentUrl\":\"https:\\\/\\\/test.drspiegl.com\\\/wp-content\\\/uploads\\\/2026\\\/01\\\/b3.webp\"},{\"@type\":\"BreadcrumbList\",\"@id\":\"https:\\\/\\\/test.drspiegl.com\\\/de\\\/chirurgische-behandlungen\\\/brust\\\/brustvergroesserung\\\/#breadcrumb\",\"itemListElement\":[{\"@type\":\"ListItem\",\"position\":1,\"name\":\"Home\",\"item\":\"https:\\\/\\\/test.drspiegl.com\\\/de\\\/\"},{\"@type\":\"ListItem\",\"position\":2,\"name\":\"Chirurgische Behandlungen\",\"item\":\"https:\\\/\\\/test.drspiegl.com\\\/de\\\/chirurgische-behandlungen\\\/\"},{\"@type\":\"ListItem\",\"position\":3,\"name\":\"Brust\",\"item\":\"https:\\\/\\\/test.drspiegl.com\\\/de\\\/chirurgische-behandlungen\\\/brust\\\/\"},{\"@type\":\"ListItem\",\"position\":4,\"name\":\"Brustvergr\u00f6\u00dferung in Salzburg und in Nieder\u00f6sterreich\"}]},{\"@type\":\"WebSite\",\"@id\":\"https:\\\/\\\/test.drspiegl.com\\\/de\\\/en\\\/home\\\/#website\",\"url\":\"https:\\\/\\\/test.drspiegl.com\\\/de\\\/en\\\/home\\\/\",\"name\":\"test.drspiegl.com\",\"description\":\"Health Medical Theme\",\"potentialAction\":[{\"@type\":\"SearchAction\",\"target\":{\"@type\":\"EntryPoint\",\"urlTemplate\":\"https:\\\/\\\/test.drspiegl.com\\\/de\\\/en\\\/home\\\/?s={search_term_string}\"},\"query-input\":{\"@type\":\"PropertyValueSpecification\",\"valueRequired\":true,\"valueName\":\"search_term_string\"}}],\"inLanguage\":\"de\"}]}<\/script>\n<!-- \/ Yoast SEO plugin. -->","yoast_head_json":{"title":"Brustvergr\u00f6\u00dferung in Salzburg und in Nieder\u00f6sterreich - test.drspiegl.com","robots":{"index":"index","follow":"follow","max-snippet":"max-snippet:-1","max-image-preview":"max-image-preview:large","max-video-preview":"max-video-preview:-1"},"canonical":"https:\/\/test.drspiegl.com\/de\/chirurgische-behandlungen\/brust\/brustvergroesserung\/","og_locale":"de_DE","og_type":"article","og_title":"Brustvergr\u00f6\u00dferung in Salzburg und in Nieder\u00f6sterreich - test.drspiegl.com","og_description":"[vc_row][vc_column top_margin=&#8220;page-margin-top&#8220;][vc_column_text css=&#8220;&#8220; el_class=&#8220;large&#8220;] Warum eine Brustvergr\u00f6\u00dferung? Eine wohlgeformte, straffe Brust gilt seit jeher als Merkmal weiblicher Attraktivit\u00e4t und ist der Wunsch vieler Frauen. F\u00fchlt sich eine Frau mit ihrer Brust unwohl, so hat dies Einfluss auf die Psyche und kann sogar die Lebensqualit\u00e4t negativ beeinflussen. Die Gr\u00f6\u00dfe und Form der Brust waren also schon","og_url":"https:\/\/test.drspiegl.com\/de\/chirurgische-behandlungen\/brust\/brustvergroesserung\/","og_site_name":"test.drspiegl.com","article_modified_time":"2026-04-11T20:06:58+00:00","og_image":[{"width":533,"height":800,"url":"https:\/\/test.drspiegl.com\/wp-content\/uploads\/2026\/01\/b3.webp","type":"image\/webp"}],"twitter_card":"summary_large_image","twitter_misc":{"Gesch\u00e4tzte Lesezeit":"8\u00a0Minuten"},"schema":{"@context":"https:\/\/schema.org","@graph":[{"@type":"WebPage","@id":"https:\/\/test.drspiegl.com\/de\/chirurgische-behandlungen\/brust\/brustvergroesserung\/","url":"https:\/\/test.drspiegl.com\/de\/chirurgische-behandlungen\/brust\/brustvergroesserung\/","name":"Brustvergr\u00f6\u00dferung in Salzburg und in Nieder\u00f6sterreich - test.drspiegl.com","isPartOf":{"@id":"https:\/\/test.drspiegl.com\/de\/en\/home\/#website"},"primaryImageOfPage":{"@id":"https:\/\/test.drspiegl.com\/de\/chirurgische-behandlungen\/brust\/brustvergroesserung\/#primaryimage"},"image":{"@id":"https:\/\/test.drspiegl.com\/de\/chirurgische-behandlungen\/brust\/brustvergroesserung\/#primaryimage"},"thumbnailUrl":"https:\/\/test.drspiegl.com\/wp-content\/uploads\/2026\/01\/b3.webp","datePublished":"2025-11-17T17:43:07+00:00","dateModified":"2026-04-11T20:06:58+00:00","breadcrumb":{"@id":"https:\/\/test.drspiegl.com\/de\/chirurgische-behandlungen\/brust\/brustvergroesserung\/#breadcrumb"},"inLanguage":"de","potentialAction":[{"@type":"ReadAction","target":["https:\/\/test.drspiegl.com\/de\/chirurgische-behandlungen\/brust\/brustvergroesserung\/"]}]},{"@type":"ImageObject","inLanguage":"de","@id":"https:\/\/test.drspiegl.com\/de\/chirurgische-behandlungen\/brust\/brustvergroesserung\/#primaryimage","url":"https:\/\/test.drspiegl.com\/wp-content\/uploads\/2026\/01\/b3.webp","contentUrl":"https:\/\/test.drspiegl.com\/wp-content\/uploads\/2026\/01\/b3.webp"},{"@type":"BreadcrumbList","@id":"https:\/\/test.drspiegl.com\/de\/chirurgische-behandlungen\/brust\/brustvergroesserung\/#breadcrumb","itemListElement":[{"@type":"ListItem","position":1,"name":"Home","item":"https:\/\/test.drspiegl.com\/de\/"},{"@type":"ListItem","position":2,"name":"Chirurgische Behandlungen","item":"https:\/\/test.drspiegl.com\/de\/chirurgische-behandlungen\/"},{"@type":"ListItem","position":3,"name":"Brust","item":"https:\/\/test.drspiegl.com\/de\/chirurgische-behandlungen\/brust\/"},{"@type":"ListItem","position":4,"name":"Brustvergr\u00f6\u00dferung in Salzburg und in Nieder\u00f6sterreich"}]},{"@type":"WebSite","@id":"https:\/\/test.drspiegl.com\/de\/en\/home\/#website","url":"https:\/\/test.drspiegl.com\/de\/en\/home\/","name":"test.drspiegl.com","description":"Health Medical Theme","potentialAction":[{"@type":"SearchAction","target":{"@type":"EntryPoint","urlTemplate":"https:\/\/test.drspiegl.com\/de\/en\/home\/?s={search_term_string}"},"query-input":{"@type":"PropertyValueSpecification","valueRequired":true,"valueName":"search_term_string"}}],"inLanguage":"de"}]}},"_links":{"self":[{"href":"https:\/\/test.drspiegl.com\/de\/wp-json\/wp\/v2\/pages\/4359","targetHints":{"allow":["GET"]}}],"collection":[{"href":"https:\/\/test.drspiegl.com\/de\/wp-json\/wp\/v2\/pages"}],"about":[{"href":"https:\/\/test.drspiegl.com\/de\/wp-json\/wp\/v2\/types\/page"}],"author":[{"embeddable":true,"href":"https:\/\/test.drspiegl.com\/de\/wp-json\/wp\/v2\/users\/1"}],"replies":[{"embeddable":true,"href":"https:\/\/test.drspiegl.com\/de\/wp-json\/wp\/v2\/comments?post=4359"}],"version-history":[{"count":129,"href":"https:\/\/test.drspiegl.com\/de\/wp-json\/wp\/v2\/pages\/4359\/revisions"}],"predecessor-version":[{"id":5946,"href":"https:\/\/test.drspiegl.com\/de\/wp-json\/wp\/v2\/pages\/4359\/revisions\/5946"}],"up":[{"embeddable":true,"href":"https:\/\/test.drspiegl.com\/de\/wp-json\/wp\/v2\/pages\/4264"}],"wp:attachment":[{"href":"https:\/\/test.drspiegl.com\/de\/wp-json\/wp\/v2\/media?parent=4359"}],"curies":[{"name":"wp","href":"https:\/\/api.w.org\/{rel}","templated":true}]}}