{"id":4409,"date":"2025-11-17T18:31:02","date_gmt":"2025-11-17T18:31:02","guid":{"rendered":"https:\/\/test.drspiegl.com\/?page_id=4409"},"modified":"2026-01-02T12:36:27","modified_gmt":"2026-01-02T12:36:27","slug":"oberschenkelstraffung-neue-straffheit-und-kontur-fuer-ihre-beine","status":"publish","type":"page","link":"https:\/\/test.drspiegl.com\/de\/chirurgische-behandlungen\/koerper\/oberschenkelstraffung-neue-straffheit-und-kontur-fuer-ihre-beine\/","title":{"rendered":"Oberschenkelstraffung \u2013 neue Straffheit und Kontur f\u00fcr Ihre Beine"},"content":{"rendered":"\n<p><strong>\u00c4sthetische K\u00f6rperformung bei Dr. Matthias Spiegl in Salzburg &amp; Tullnerfeld<\/strong><\/p>\n\n\n\n<p>Nach starkem Gewichtsverlust oder im Laufe der Jahre verliert die Haut an den Oberschenkeln h\u00e4ufig an Elastizit\u00e4t. \u00dcbersch\u00fcssige Haut kann nicht nur das \u00e4sthetische Erscheinungsbild beeintr\u00e4chtigen, sondern auch das Wohlbefinden im Alltag einschr\u00e4nken. Mit einer\u00a0<strong>Oberschenkelstraffung<\/strong>\u00a0lassen sich Haut- und Gewebe\u00fcbersch\u00fcsse schonend entfernen \u2013 f\u00fcr\u00a0<strong>straffere, schlankere und harmonische Beine<\/strong>.<\/p>\n\n\n\n<p><strong>Dr. Matthias Spiegl<\/strong>, Facharzt f\u00fcr Plastische und \u00c4sthetische Chirurgie, f\u00fchrt diesen Eingriff in\u00a0<strong>Salzburg<\/strong>\u00a0und\u00a0<strong>Nieder\u00f6sterreich<\/strong>\u00a0mit hoher Pr\u00e4zision und einem Fokus auf nat\u00fcrlich sch\u00f6ne Ergebnisse durch.<\/p>\n\n\n\n<p><strong>Gleich zum gew\u00fcnschten Thema springen?<\/strong><\/p>\n\n\n\n<ul class=\"wp-block-list\">\n<li>Wann ist eine Oberschenkelstraffung sinnvoll?<\/li>\n\n\n\n<li>Beratung &amp; Terminvereinbarung<\/li>\n\n\n\n<li>Ablauf der Operation &amp; Straffungsvarianten<\/li>\n\n\n\n<li><a href=\"https:\/\/drspiegl.com\/brustvergroesserung\/#dr_spiegl\">Heilungsverlauf &amp; Ausfallzeit<\/a><\/li>\n\n\n\n<li><a href=\"https:\/\/drspiegl.com\/brustvergroesserung\/#kosten\">Kosten der Oberschenkelstraffung<\/a><\/li>\n\n\n\n<li>Dr. Spiegl &#8211; Ihr Spezialist f\u00fcr Oberschenkelstraffung in Salzburg &amp; Tullnerfeld<\/li>\n\n\n\n<li><a href=\"https:\/\/drspiegl.com\/brustvergroesserung\/#fragen\">Typische Fragen meiner Patienten<\/a> (FAQ)<\/li>\n<\/ul>\n\n\n\n<h2 class=\"wp-block-heading\">Wann ist eine Oberschenkelstraffung sinnvoll?<\/h2>\n\n\n\n<p>Eine&nbsp;<strong>Oberschenkelstraffung<\/strong>&nbsp;(Thigh Lift) wird empfohlen bei:<\/p>\n\n\n\n<ul class=\"wp-block-list\">\n<li>Haut\u00fcberschuss oder Gewebeschw\u00e4che an den Innenseiten der Oberschenkel<\/li>\n\n\n\n<li>Hauterschlaffung nach starker Gewichtsreduktion<\/li>\n\n\n\n<li>Reibung oder Unwohlsein durch \u00fcbersch\u00fcssige Haut<\/li>\n\n\n\n<li>Wunsch nach strafferen, definierteren Beinen<\/li>\n<\/ul>\n\n\n\n<p>Ziel ist eine&nbsp;<strong>harmonische Beinlinie<\/strong>&nbsp;mit&nbsp;<strong>gleichm\u00e4\u00dfiger Kontur<\/strong>&nbsp;und m\u00f6glichst unauff\u00e4lligen Narben.<\/p>\n\n\n\n<h2 class=\"wp-block-heading\">Beratung &amp; Terminvereinbarung<\/h2>\n\n\n\n<p>Sollten Sie sich f\u00fcr eine Oberschenkelstraffung interessieren k\u00f6nnen Sie sich gerne einen Beratungstermin bei Dr. Spiegl vereinbaren. Bei Ihrem ersten Termin werden dann ohne Zeitdruck Fragen gekl\u00e4rt, umfangreich beraten und eine Fotodokumentation angefertigt. Mitbringen sollten Sie auf jeden Fall alle verf\u00fcgbaren Arztbriefe Ihrer Patientengeschichte. Sollten Sie sich nach Erhalt des Kostenvoranschlages (der Preis einer Bruststraffung liegt bei ca. 6500\u20ac inkl. Narkose und Spitalsaufenthalt) f\u00fcr die Operation bei Dr. Spiegl entscheiden, so wird gemeinsam ein Termin f\u00fcr die Operation vereinbart. Diesbez\u00fcglich ist wichtig zu wissen, dass in \u00d6sterreich laut Gesetz zwei Wochen zwischen dem Aufkl\u00e4rungsgespr\u00e4ch und der Operationseinwilligung liegen m\u00fcssen.<\/p>\n\n\n\n<h2 class=\"wp-block-heading\">Ablauf der Operation &amp; Straffungsvarianten<\/h2>\n\n\n\n<p>Die Operation wird\u00a0<strong>unter Vollnarkose<\/strong>\u00a0durchgef\u00fchrt und dauert etwa\u00a0<strong>1-2  Stunden<\/strong>.<br>Der Eingriff erfolgt\u00a0<strong>ambulant oder mit 1 Nacht station\u00e4rem Aufenthalt<\/strong>\u00a0in der Klinik, in den allermeisten F\u00e4llen ist keine \u00dcbernachtung in der Klinik notwendig.<\/p>\n\n\n\n<p>Dr. Spiegl entfernt \u00fcbersch\u00fcssige Haut \u00fcber einen feinen, m\u00f6glichst unauff\u00e4lligen Schnitt an der&nbsp;<strong>Innenseite der Oberschenkel<\/strong>.<br>Bei Bedarf kann die Straffung mit einer&nbsp;<strong>Fettabsaugung (Liposuktion)<\/strong>&nbsp;kombiniert werden, um eine glatte, nat\u00fcrliche \u00dcbergangszone zu schaffen.<br><strong>Saugdrainagen<\/strong>&nbsp;sind meist nicht notwendig.<\/p>\n\n\n\n<p>Es drei Varianten der Schnittf\u00fchrung, die VERTIKALE, die HORIZONTALE und das T. Welche Schnittf\u00fchrung f\u00fcr Sie in Frage kommt, wird Dr. Spiegl pers\u00f6nlich mit Ihnen besprechen. In den meisten F\u00e4llen ist die vertikale Schnittf\u00fchrung, also der Schnitt entlang der Innenseite der Oberschenkel die beste Variante.<\/p>\n\n\n\n<h2 class=\"wp-block-heading\">Heilungsverlauf &amp; Ausfallzeit<\/h2>\n\n\n\n<p>Nach der Operation sollte f\u00fcr einige Tage Ruhe eingehalten werden.<\/p>\n\n\n\n<ul class=\"wp-block-list\">\n<li><strong>Arbeitsf\u00e4hig:<\/strong>&nbsp;nach ca.&nbsp;<strong>1\u20132 Wochen<\/strong><\/li>\n\n\n\n<li><strong>Sport:<\/strong>&nbsp;nach&nbsp;<strong>6 Wochen<\/strong><\/li>\n\n\n\n<li><strong>Endergebnis:<\/strong>&nbsp;nach&nbsp;<strong>3\u20136 Monaten<\/strong>&nbsp;sichtbar<\/li>\n\n\n\n<li><strong>Ergebnis:<\/strong>&nbsp;<strong>langanhaltend<\/strong>, bei stabilem Gewicht dauerhaft<\/li>\n<\/ul>\n\n\n\n<p>F\u00fcr etwa&nbsp;<strong>6 Wochen<\/strong>&nbsp;wird das Tragen eines&nbsp;<strong>Kompressionsmieders<\/strong>&nbsp;empfohlen, um Schwellungen zu reduzieren und die Heilung zu unterst\u00fctzen.<\/p>\n\n\n\n<h2 class=\"wp-block-heading\">Kosten der Oberschenkelstraffung<\/h2>\n\n\n\n<p>Die Kosten f\u00fcr eine\u00a0<strong>Oberschenkelstraffung<\/strong>\u00a0beginnen bei\u00a0<strong>ca. 6.500 \u20ac<\/strong>. Im pers\u00f6nlichen Beratungsgespr\u00e4ch in\u00a0<strong>Salzburg<\/strong>\u00a0oder im\u00a0<strong>Tullnerfeld<\/strong>\u00a0erstellt\u00a0<strong>Dr. Spiegl<\/strong>\u00a0einen individuellen Kosten- und Behandlungsplan, abgestimmt auf Ihre Bed\u00fcrfnisse und anatomischen Voraussetzungen. Die entstandenen Kosten des Erstgespr\u00e4ches (120\u20ac) werden Ihnen f\u00fcr die Operation gutgeschrieben und jede Nachsorgeuntersuchung im Rahmen des \u00fcblichen Intervalls ist bis ein Jahr nach Operation gratis.<br>Eine Finanzierung ist m\u00f6glich, somit k\u00f6nnen die Kosten einer Operation auch in Raten bezahlt werden. Hierf\u00fcr arbeitet Dr. Spiegl mit dem Markf\u00fchrer in \u00d6sterreich, beautykredit.at, zusammen.<\/p>\n\n\n\n<h2 class=\"wp-block-heading\">Dr. Spiegl &#8211; Ihr Spezialist f\u00fcr Oberschenkelstraffung in Salzburg &amp; Tullnerfeld<\/h2>\n\n\n\n<p>Dank seiner Spezialisierung auf&nbsp;<strong>k\u00f6rperformende Chirurgie<\/strong>&nbsp;verhilft&nbsp;<strong>Dr. Matthias Spiegl<\/strong>&nbsp;Patientinnen und Patienten zu nat\u00fcrlich proportionierten, straffen Beinen \u2013 mit pr\u00e4ziser Schnittf\u00fchrung, modernsten Techniken und einem hohen \u00e4sthetischen Anspruch.<\/p>\n\n\n\n<p>Dr. Matthias Spiegl ist&nbsp;<a href=\"https:\/\/drspiegl.com\/\">Facharzt f\u00fcr Plastische, Rekonstruktive und \u00c4sthetische Chirurgie<\/a>&nbsp;und besitzt neben der \u00d6sterreichischen auch die Schweizer und die Britische Zulassung als Arzt. Nach seiner hochspezialisierten internationalen Ausbildung mit Stationen und England, der Schweiz und Schottland lie\u00df er sich in Salzburg und Tulln nieder. Seine Spezialisierung ist \u2013 unter anderem \u2013 die \u00e4sthetische Brustchirurgie, welche er auf hohem Niveau gewissenhaft und ohne Kompromisse durchf\u00fchrt.<br>Als zus\u00e4tzliche Qualifikation absolvierte Dr. Spiegl 2018 die Europ\u00e4ische Facharztpr\u00fcfung und darf sich \u201eFellow oft the European Board of Plastic, Reconstructive and Aesthetic Surgery\u201c (FEBOPRAS) nennen. Diese Zusatzqualifikation ist vor allem in \u00d6sterreich selten und zeichnet den Spezialisten der Sch\u00f6nheitschirurgie zus\u00e4tzlich aus. Dr. Spiegl ist Mitglied in zahlreichen nationalen und internationalen Fachgesellschaften, ein weiteres Qualit\u00e4tsmerkmal:<\/p>\n\n\n\n<ul class=\"wp-block-list\">\n<li>Internationale Gesellschaft f\u00fcr \u00c4sthetisch-Plastische Chirurgie (ISAPS)<\/li>\n\n\n\n<li>\u00d6sterreichische Gesellschaft f\u00fcr Plastische, \u00c4sthetische und Rekonstruktive Chirurgie<\/li>\n\n\n\n<li>Schweizerische Gesellschaft f\u00fcr Plastische, Rekonstruktive und \u00c4sthetische Chirurgie<\/li>\n\n\n\n<li>Fellow des European Board of Plastic, Reconstructive and Aesthetic Surgery<\/li>\n\n\n\n<li>General Medical Council (Vereinigtes K\u00f6nigreich)<\/li>\n\n\n\n<li>Fellow of the American College of Surgeons (FACS)<\/li>\n<\/ul>\n\n\n\n<h2 class=\"wp-block-heading\">Typische Fragen meiner Patienten (FAQ)<\/h2>\n\n\n\n<p>Hier finden Sie Antworten zu einigen Fragen meiner Patientinnen und Patienten.<\/p>\n\n\n\n<h4 class=\"wp-block-heading\">Wie genau funktioniert eine Oberschenkelstraffung?<\/h4>\n\n\n\n<p>Es wird nach einer lokalen Fettabsaugung die \u00fcbersch\u00fcssige Haut entfernt und die Wunden wieder verschlossen. Die dabei entstehenden Narben k\u00f6nnen horizontal, vertikal oder T-f\u00f6rmig sein.<\/p>\n\n\n\n<h4 class=\"wp-block-heading\">Was gibt es nach einer Oberschenkelstraffung zu beachten?<\/h4>\n\n\n\n<p>Je nach Schnittf\u00fchrung besteht ein kurzes Sitzverbot, in jedem Fall aber sollten Sie sich f\u00fcr einige Wochen schonen. Ganz wichtig: die Kompressionsw\u00e4sche nach der OP wie verordnet tragen!<\/p>\n\n\n\n<h4 class=\"wp-block-heading\">Gibt es alternative Methoden f\u00fcr die Oberschenkelstraffung?<\/h4>\n\n\n\n<p>Jein! Es gibt zwar nichtoperative Methoden zur Hautstraffung, diese sind jedoch deutlich limitiert und der Effekt einer Operation eben ohne eine solche ist nicht erreichbar.<\/p>\n\n\n\n<h4 class=\"wp-block-heading\">Wie viel kostet eine Oberschenkelstreaffung in \u00d6sterreich?<\/h4>\n\n\n\n<p>Eine Oberschenkelstraffung in \u00d6sterreich bei einem erfahrenen Plastischen Chirurgen kostet in der Regel zwischen 5.000\u20ac und 10.000\u20ac. Bei Dr. Spiegl sind es ca. 6.500\u20ac.<\/p>\n\n\n\n<p><\/p>\n","protected":false},"excerpt":{"rendered":"<p>\u00c4sthetische K\u00f6rperformung bei Dr. Matthias Spiegl in Salzburg &amp; Tullnerfeld Nach starkem Gewichtsverlust oder im Laufe der Jahre verliert die Haut an den Oberschenkeln h\u00e4ufig an Elastizit\u00e4t. \u00dcbersch\u00fcssige Haut kann nicht nur das \u00e4sthetische Erscheinungsbild beeintr\u00e4chtigen, sondern auch das Wohlbefinden im Alltag einschr\u00e4nken. Mit einer\u00a0Oberschenkelstraffung\u00a0lassen sich Haut- und Gewebe\u00fcbersch\u00fcsse schonend entfernen \u2013 f\u00fcr\u00a0straffere, schlankere und<\/p>\n","protected":false},"author":1,"featured_media":0,"parent":4268,"menu_order":0,"comment_status":"closed","ping_status":"closed","template":"","meta":{"footnotes":""},"class_list":["post-4409","page","type-page","status-publish","hentry"],"yoast_head":"<!-- This site is optimized with the Yoast SEO plugin v27.4 - https:\/\/yoast.com\/product\/yoast-seo-wordpress\/ -->\n<title>Oberschenkelstraffung \u2013 neue Straffheit und Kontur f\u00fcr Ihre Beine - test.drspiegl.com<\/title>\n<meta name=\"robots\" content=\"index, follow, max-snippet:-1, max-image-preview:large, max-video-preview:-1\" \/>\n<link rel=\"canonical\" href=\"https:\/\/test.drspiegl.com\/de\/chirurgische-behandlungen\/koerper\/oberschenkelstraffung-neue-straffheit-und-kontur-fuer-ihre-beine\/\" \/>\n<meta property=\"og:locale\" content=\"de_DE\" \/>\n<meta property=\"og:type\" content=\"article\" \/>\n<meta property=\"og:title\" content=\"Oberschenkelstraffung \u2013 neue Straffheit und Kontur f\u00fcr Ihre Beine - test.drspiegl.com\" \/>\n<meta property=\"og:description\" content=\"\u00c4sthetische K\u00f6rperformung bei Dr. Matthias Spiegl in Salzburg &amp; Tullnerfeld Nach starkem Gewichtsverlust oder im Laufe der Jahre verliert die Haut an den Oberschenkeln h\u00e4ufig an Elastizit\u00e4t. \u00dcbersch\u00fcssige Haut kann nicht nur das \u00e4sthetische Erscheinungsbild beeintr\u00e4chtigen, sondern auch das Wohlbefinden im Alltag einschr\u00e4nken. Mit einer\u00a0Oberschenkelstraffung\u00a0lassen sich Haut- und Gewebe\u00fcbersch\u00fcsse schonend entfernen \u2013 f\u00fcr\u00a0straffere, schlankere und\" \/>\n<meta property=\"og:url\" content=\"https:\/\/test.drspiegl.com\/de\/chirurgische-behandlungen\/koerper\/oberschenkelstraffung-neue-straffheit-und-kontur-fuer-ihre-beine\/\" \/>\n<meta property=\"og:site_name\" content=\"test.drspiegl.com\" \/>\n<meta property=\"article:modified_time\" content=\"2026-01-02T12:36:27+00:00\" \/>\n<meta name=\"twitter:card\" content=\"summary_large_image\" \/>\n<meta name=\"twitter:label1\" content=\"Gesch\u00e4tzte Lesezeit\" \/>\n\t<meta name=\"twitter:data1\" content=\"4\u00a0Minuten\" \/>\n<script type=\"application\/ld+json\" class=\"yoast-schema-graph\">{\"@context\":\"https:\\\/\\\/schema.org\",\"@graph\":[{\"@type\":\"WebPage\",\"@id\":\"https:\\\/\\\/test.drspiegl.com\\\/de\\\/chirurgische-behandlungen\\\/koerper\\\/oberschenkelstraffung-neue-straffheit-und-kontur-fuer-ihre-beine\\\/\",\"url\":\"https:\\\/\\\/test.drspiegl.com\\\/de\\\/chirurgische-behandlungen\\\/koerper\\\/oberschenkelstraffung-neue-straffheit-und-kontur-fuer-ihre-beine\\\/\",\"name\":\"Oberschenkelstraffung \u2013 neue Straffheit und Kontur f\u00fcr Ihre Beine - test.drspiegl.com\",\"isPartOf\":{\"@id\":\"https:\\\/\\\/test.drspiegl.com\\\/de\\\/en\\\/home\\\/#website\"},\"datePublished\":\"2025-11-17T18:31:02+00:00\",\"dateModified\":\"2026-01-02T12:36:27+00:00\",\"breadcrumb\":{\"@id\":\"https:\\\/\\\/test.drspiegl.com\\\/de\\\/chirurgische-behandlungen\\\/koerper\\\/oberschenkelstraffung-neue-straffheit-und-kontur-fuer-ihre-beine\\\/#breadcrumb\"},\"inLanguage\":\"de\",\"potentialAction\":[{\"@type\":\"ReadAction\",\"target\":[\"https:\\\/\\\/test.drspiegl.com\\\/de\\\/chirurgische-behandlungen\\\/koerper\\\/oberschenkelstraffung-neue-straffheit-und-kontur-fuer-ihre-beine\\\/\"]}]},{\"@type\":\"BreadcrumbList\",\"@id\":\"https:\\\/\\\/test.drspiegl.com\\\/de\\\/chirurgische-behandlungen\\\/koerper\\\/oberschenkelstraffung-neue-straffheit-und-kontur-fuer-ihre-beine\\\/#breadcrumb\",\"itemListElement\":[{\"@type\":\"ListItem\",\"position\":1,\"name\":\"Home\",\"item\":\"https:\\\/\\\/test.drspiegl.com\\\/de\\\/\"},{\"@type\":\"ListItem\",\"position\":2,\"name\":\"Chirurgische Behandlungen\",\"item\":\"https:\\\/\\\/test.drspiegl.com\\\/de\\\/chirurgische-behandlungen\\\/\"},{\"@type\":\"ListItem\",\"position\":3,\"name\":\"K\u00f6rper\",\"item\":\"https:\\\/\\\/test.drspiegl.com\\\/de\\\/chirurgische-behandlungen\\\/koerper\\\/\"},{\"@type\":\"ListItem\",\"position\":4,\"name\":\"Oberschenkelstraffung \u2013 neue Straffheit und Kontur f\u00fcr Ihre Beine\"}]},{\"@type\":\"WebSite\",\"@id\":\"https:\\\/\\\/test.drspiegl.com\\\/de\\\/en\\\/home\\\/#website\",\"url\":\"https:\\\/\\\/test.drspiegl.com\\\/de\\\/en\\\/home\\\/\",\"name\":\"test.drspiegl.com\",\"description\":\"Health Medical Theme\",\"potentialAction\":[{\"@type\":\"SearchAction\",\"target\":{\"@type\":\"EntryPoint\",\"urlTemplate\":\"https:\\\/\\\/test.drspiegl.com\\\/de\\\/en\\\/home\\\/?s={search_term_string}\"},\"query-input\":{\"@type\":\"PropertyValueSpecification\",\"valueRequired\":true,\"valueName\":\"search_term_string\"}}],\"inLanguage\":\"de\"}]}<\/script>\n<!-- \/ Yoast SEO plugin. -->","yoast_head_json":{"title":"Oberschenkelstraffung \u2013 neue Straffheit und Kontur f\u00fcr Ihre Beine - test.drspiegl.com","robots":{"index":"index","follow":"follow","max-snippet":"max-snippet:-1","max-image-preview":"max-image-preview:large","max-video-preview":"max-video-preview:-1"},"canonical":"https:\/\/test.drspiegl.com\/de\/chirurgische-behandlungen\/koerper\/oberschenkelstraffung-neue-straffheit-und-kontur-fuer-ihre-beine\/","og_locale":"de_DE","og_type":"article","og_title":"Oberschenkelstraffung \u2013 neue Straffheit und Kontur f\u00fcr Ihre Beine - test.drspiegl.com","og_description":"\u00c4sthetische K\u00f6rperformung bei Dr. Matthias Spiegl in Salzburg &amp; Tullnerfeld Nach starkem Gewichtsverlust oder im Laufe der Jahre verliert die Haut an den Oberschenkeln h\u00e4ufig an Elastizit\u00e4t. \u00dcbersch\u00fcssige Haut kann nicht nur das \u00e4sthetische Erscheinungsbild beeintr\u00e4chtigen, sondern auch das Wohlbefinden im Alltag einschr\u00e4nken. Mit einer\u00a0Oberschenkelstraffung\u00a0lassen sich Haut- und Gewebe\u00fcbersch\u00fcsse schonend entfernen \u2013 f\u00fcr\u00a0straffere, schlankere und","og_url":"https:\/\/test.drspiegl.com\/de\/chirurgische-behandlungen\/koerper\/oberschenkelstraffung-neue-straffheit-und-kontur-fuer-ihre-beine\/","og_site_name":"test.drspiegl.com","article_modified_time":"2026-01-02T12:36:27+00:00","twitter_card":"summary_large_image","twitter_misc":{"Gesch\u00e4tzte Lesezeit":"4\u00a0Minuten"},"schema":{"@context":"https:\/\/schema.org","@graph":[{"@type":"WebPage","@id":"https:\/\/test.drspiegl.com\/de\/chirurgische-behandlungen\/koerper\/oberschenkelstraffung-neue-straffheit-und-kontur-fuer-ihre-beine\/","url":"https:\/\/test.drspiegl.com\/de\/chirurgische-behandlungen\/koerper\/oberschenkelstraffung-neue-straffheit-und-kontur-fuer-ihre-beine\/","name":"Oberschenkelstraffung \u2013 neue Straffheit und Kontur f\u00fcr Ihre Beine - test.drspiegl.com","isPartOf":{"@id":"https:\/\/test.drspiegl.com\/de\/en\/home\/#website"},"datePublished":"2025-11-17T18:31:02+00:00","dateModified":"2026-01-02T12:36:27+00:00","breadcrumb":{"@id":"https:\/\/test.drspiegl.com\/de\/chirurgische-behandlungen\/koerper\/oberschenkelstraffung-neue-straffheit-und-kontur-fuer-ihre-beine\/#breadcrumb"},"inLanguage":"de","potentialAction":[{"@type":"ReadAction","target":["https:\/\/test.drspiegl.com\/de\/chirurgische-behandlungen\/koerper\/oberschenkelstraffung-neue-straffheit-und-kontur-fuer-ihre-beine\/"]}]},{"@type":"BreadcrumbList","@id":"https:\/\/test.drspiegl.com\/de\/chirurgische-behandlungen\/koerper\/oberschenkelstraffung-neue-straffheit-und-kontur-fuer-ihre-beine\/#breadcrumb","itemListElement":[{"@type":"ListItem","position":1,"name":"Home","item":"https:\/\/test.drspiegl.com\/de\/"},{"@type":"ListItem","position":2,"name":"Chirurgische Behandlungen","item":"https:\/\/test.drspiegl.com\/de\/chirurgische-behandlungen\/"},{"@type":"ListItem","position":3,"name":"K\u00f6rper","item":"https:\/\/test.drspiegl.com\/de\/chirurgische-behandlungen\/koerper\/"},{"@type":"ListItem","position":4,"name":"Oberschenkelstraffung \u2013 neue Straffheit und Kontur f\u00fcr Ihre Beine"}]},{"@type":"WebSite","@id":"https:\/\/test.drspiegl.com\/de\/en\/home\/#website","url":"https:\/\/test.drspiegl.com\/de\/en\/home\/","name":"test.drspiegl.com","description":"Health Medical Theme","potentialAction":[{"@type":"SearchAction","target":{"@type":"EntryPoint","urlTemplate":"https:\/\/test.drspiegl.com\/de\/en\/home\/?s={search_term_string}"},"query-input":{"@type":"PropertyValueSpecification","valueRequired":true,"valueName":"search_term_string"}}],"inLanguage":"de"}]}},"_links":{"self":[{"href":"https:\/\/test.drspiegl.com\/de\/wp-json\/wp\/v2\/pages\/4409","targetHints":{"allow":["GET"]}}],"collection":[{"href":"https:\/\/test.drspiegl.com\/de\/wp-json\/wp\/v2\/pages"}],"about":[{"href":"https:\/\/test.drspiegl.com\/de\/wp-json\/wp\/v2\/types\/page"}],"author":[{"embeddable":true,"href":"https:\/\/test.drspiegl.com\/de\/wp-json\/wp\/v2\/users\/1"}],"replies":[{"embeddable":true,"href":"https:\/\/test.drspiegl.com\/de\/wp-json\/wp\/v2\/comments?post=4409"}],"version-history":[{"count":2,"href":"https:\/\/test.drspiegl.com\/de\/wp-json\/wp\/v2\/pages\/4409\/revisions"}],"predecessor-version":[{"id":5435,"href":"https:\/\/test.drspiegl.com\/de\/wp-json\/wp\/v2\/pages\/4409\/revisions\/5435"}],"up":[{"embeddable":true,"href":"https:\/\/test.drspiegl.com\/de\/wp-json\/wp\/v2\/pages\/4268"}],"wp:attachment":[{"href":"https:\/\/test.drspiegl.com\/de\/wp-json\/wp\/v2\/media?parent=4409"}],"curies":[{"name":"wp","href":"https:\/\/api.w.org\/{rel}","templated":true}]}}