{"id":4423,"date":"2025-11-17T19:24:04","date_gmt":"2025-11-17T19:24:04","guid":{"rendered":"https:\/\/test.drspiegl.com\/?page_id=4423"},"modified":"2026-01-02T13:27:41","modified_gmt":"2026-01-02T13:27:41","slug":"intimchirurgie","status":"publish","type":"page","link":"https:\/\/test.drspiegl.com\/de\/chirurgische-behandlungen\/koerper\/intimchirurgie\/","title":{"rendered":"Intimchirurgie"},"content":{"rendered":"\n<h1 class=\"wp-block-heading\">Intimchirurgie f\u00fcr die Frau \u2013 Feinf\u00fchlige Korrekturen f\u00fcr Wohlbefinden und Selbstvertrauen<\/h1>\n\n\n\n<p><strong>Spezialisierte Intimchirurgie bei Dr. Matthias Spiegl in Salzburg &amp; Tullnerfeld<\/strong><\/p>\n\n\n\n<p>Das pers\u00f6nliche Wohlbefinden im Intimbereich ist ein zentraler Bestandteil von Selbstvertrauen, Lebensqualit\u00e4t und Weiblichkeit. Ver\u00e4nderungen nach Schwangerschaften, Geburten, Gewichtsabnahme oder dem nat\u00fcrlichen Alterungsprozess k\u00f6nnen zu funktionellen oder \u00e4sthetischen Beeintr\u00e4chtigungen f\u00fchren.<br>Mit modernen, pr\u00e4zisen Methoden der&nbsp;<strong>weiblichen Intimchirurgie<\/strong>&nbsp;kann hier sanft und diskret Abhilfe geschaffen werden.<\/p>\n\n\n\n<p><strong>Dr. Matthias Spiegl<\/strong>, Facharzt f\u00fcr Plastische und \u00c4sthetische Chirurgie, f\u00fchrt\u00a0<strong>ausschlie\u00dflich Eingriffe der weiblichen Intimchirurgie<\/strong>\u00a0durch \u2013 mit gr\u00f6\u00dfter Vorsicht, Sensibilit\u00e4t und einem klaren Fokus auf nat\u00fcrliche, unauff\u00e4llige Ergebnisse.<\/p>\n\n\n\n<p><strong>Gleich zum gew\u00fcnschten Thema springen?<\/strong><\/p>\n\n\n\n<ul class=\"wp-block-list\">\n<li><a href=\"https:\/\/drspiegl.com\/fettabsaugung\/#fettabsaugung\">Was versteht man unter weiblicher Intimchirurgie?<\/a><\/li>\n\n\n\n<li><a href=\"https:\/\/drspiegl.com\/fettabsaugung\/#phasen\">Beratung &amp; Terminvereinbarung<\/a><\/li>\n\n\n\n<li><a href=\"https:\/\/drspiegl.com\/fettabsaugung\/#risiken\">Ein behutsamer, diskreter Eingriff<\/a><\/li>\n\n\n\n<li><a href=\"https:\/\/drspiegl.com\/fettabsaugung\/#dr_spiegl\">Nach der Operation<\/a><\/li>\n\n\n\n<li><a href=\"https:\/\/drspiegl.com\/fettabsaugung\/#kosten\">Kosten der Intimchirurgie<\/a><\/li>\n\n\n\n<li>Wichtig: Keine Eingriffe am m\u00e4nnlichen Genitalbereich<\/li>\n\n\n\n<li>Ihr Spezialist f\u00fcr weibliche Intimchirurgie in Salzburg &amp; Tullnerfeld<\/li>\n\n\n\n<li>Typische Fragen meiner Patientinnen (FAQ)<\/li>\n<\/ul>\n\n\n\n<h2 class=\"wp-block-heading\">Was versteht man unter weiblicher Intimchirurgie?<\/h2>\n\n\n\n<p>Die weibliche Intimchirurgie umfasst Eingriffe, die Form und Funktion der \u00e4u\u00dferen weiblichen Genitalregion verbessern k\u00f6nnen.<br>Sie kann sowohl aus&nbsp;<strong>\u00e4sthetischen<\/strong>&nbsp;als auch&nbsp;<strong>medizinischen Gr\u00fcnden<\/strong>&nbsp;erfolgen \u2013 etwa bei Beschwerden durch Reibung, Asymmetrien oder nach Geburten.<\/p>\n\n\n\n<p>Zu den h\u00e4ufigsten Behandlungen z\u00e4hlen:<\/p>\n\n\n\n<ul class=\"wp-block-list\">\n<li><strong>Schamlippenkorrektur (Labioplastik):<\/strong>\u00a0Verkleinerung oder Formkorrektur der inneren oder \u00e4u\u00dferen Schamlippen<\/li>\n\n\n\n<li><strong>Straffung des Intimbereichs<\/strong>&nbsp;nach Gewebeerschlaffung<\/li>\n<\/ul>\n\n\n\n<p><strong>Dr. Spiegl<\/strong>&nbsp;arbeitet hierbei mit besonders feinen Techniken, um ein&nbsp;<strong>nat\u00fcrliches, harmonisches und funktionelles Ergebnis<\/strong>&nbsp;zu erzielen \u2013 ohne \u00dcberkorrekturen oder \u00fcberm\u00e4\u00dfige Spannung.<\/p>\n\n\n\n<h2 class=\"wp-block-heading\">Beratung &amp; Terminvereinbarung<\/h2>\n\n\n\n<p>Sollten Sie sich f\u00fcr eine Schamlippenreduktion interessieren k\u00f6nnen Sie sich gerne einen Beratungstermin bei Dr. Spiegl vereinbaren. Bei Ihrem ersten Termin werden dann ohne Zeitdruck Fragen gekl\u00e4rt, umfangreich beraten und eine Fotodokumentation angefertigt. Mitbringen sollten Sie auf jeden Fall alle verf\u00fcgbaren Arztbriefe Ihrer Patientengeschichte. Sollten Sie sich nach Erhalt des Kostenvoranschlages (der Preis einer Bruststraffung liegt bei ca. 3.500-4.500\u20ac) f\u00fcr die Operation bei Dr. Spiegl entscheiden, so wird gemeinsam ein Termin f\u00fcr die Operation vereinbart. Diesbez\u00fcglich ist wichtig zu wissen, dass in \u00d6sterreich laut Gesetz zwei Wochen zwischen dem Aufkl\u00e4rungsgespr\u00e4ch und der Operationseinwilligung liegen m\u00fcssen.<\/p>\n\n\n\n<h2 class=\"wp-block-heading\">Ein behutsamer, diskreter Eingriff<\/h2>\n\n\n\n<p>Die\u00a0<strong>Schamlippenkorrektur<\/strong>\u00a0und andere intimchirurgische Eingriffe werden in der Regel\u00a0<strong>ambulant oder mit einer \u00dcbernachtung<\/strong>\u00a0in einer unserer Kliniken in\u00a0<strong>Salzburg<\/strong>\u00a0oder im\u00a0<strong>Tullnerfeld<\/strong>\u00a0durchgef\u00fchrt.<br>Die\u00a0<strong>Operationsdauer betr\u00e4gt etwa 1 Stunde<\/strong>, meist unter\u00a0<strong>lokaler Bet\u00e4ubung oder in Vollnarkose<\/strong>\u00a0\u2013 je nach Wunsch und medizinischer Indikation.<\/p>\n\n\n\n<p>Die Schnitte erfolgen so fein und unauff\u00e4llig wie m\u00f6glich. Dr. Spiegl legt gr\u00f6\u00dften Wert auf&nbsp;<strong>Gewebeschonung und nat\u00fcrliche Anatomie<\/strong>&nbsp;\u2013 das bedeutet:<\/p>\n\n\n\n<ul class=\"wp-block-list\">\n<li>keine unn\u00f6tige Gewebereduktion,<\/li>\n\n\n\n<li>\u00e4sthetisch harmonische Form,<\/li>\n\n\n\n<li>m\u00f6glichst schmerz- und narbenarme Heilung<\/li>\n<\/ul>\n\n\n\n<p><strong>Saugdrainagen sind nicht erforderlich.<\/strong><\/p>\n\n\n\n<h2 class=\"wp-block-heading\">Nach der Operation<\/h2>\n\n\n\n<p>Nach dem Eingriff ist meist nur eine kurze Erholungsphase notwendig.<\/p>\n\n\n\n<ul class=\"wp-block-list\">\n<li><strong>Arbeitsf\u00e4hig:<\/strong>&nbsp;nach ca.&nbsp;<strong>3\u20135 Tagen<\/strong><\/li>\n\n\n\n<li><strong>Sport \/ Geschlechtsverkehr:<\/strong>&nbsp;nach&nbsp;<strong>4\u20136 Wochen<\/strong><\/li>\n\n\n\n<li><strong>Endergebnis:<\/strong>\u00a0nach\u00a0ca. <strong>6\u201312 Wochen<\/strong>\u00a0sichtbar<\/li>\n\n\n\n<li><strong>Ergebnis:<\/strong>&nbsp;<strong>langanhaltend<\/strong>, bei stabiler Gewebequalit\u00e4t dauerhaft<\/li>\n<\/ul>\n\n\n\n<p>Leichte Schwellungen oder Empfindlichkeiten sind in den ersten Tagen normal und klingen in der Regel rasch ab. Dr. Spiegl begleitet Sie mit viel Einf\u00fchlungsverm\u00f6gen durch den gesamten Heilungsprozess.<\/p>\n\n\n\n<h2 class=\"wp-block-heading\">Kosten der Intimchirurgie<\/h2>\n\n\n\n<p>Die Kosten f\u00fcr eine\u00a0<strong>weibliche Intimkorrektur<\/strong>\u00a0h\u00e4ngen vom individuellen Befund und Behandlungsumfang ab.<br>In der Regel beginnen sie bei\u00a0<strong>ca. 3.500 \u20ac<\/strong>.<\/p>\n\n\n\n<p>Im pers\u00f6nlichen&nbsp;<strong>Beratungsgespr\u00e4ch in Salzburg oder im Tullnerfeld<\/strong>&nbsp;bespricht&nbsp;<strong>Dr. Spiegl<\/strong>&nbsp;Ihre W\u00fcnsche, erl\u00e4utert die M\u00f6glichkeiten der weiblichen Intimchirurgie und erstellt einen&nbsp;<strong>ma\u00dfgeschneiderten Behandlungsplan<\/strong>&nbsp;\u2013 selbstverst\u00e4ndlich&nbsp;<strong>diskret und respektvoll<\/strong>.<\/p>\n\n\n\n<h2 class=\"wp-block-heading\">Wichtig: Keine Eingriffe am m\u00e4nnlichen Genitalbereich<\/h2>\n\n\n\n<p><strong>Dr. Matthias Spiegl f\u00fchrt ausschlie\u00dflich chirurgische Eingriffe im Bereich der weiblichen Genitalien durch.<\/strong> <strong>Behandlungen des m\u00e4nnlichen Geschlechtsteils oder Injektionstherapien (z. B. zur Vergr\u00f6\u00dferung oder Formver\u00e4nderung)<\/strong>\u00a0werden\u00a0<strong>nicht angeboten<\/strong>. Damit fokussiert sich Dr. Spiegl klar auf seine Spezialisierung: die\u00a0<strong>pr\u00e4zise, sichere und \u00e4sthetisch anspruchsvolle Chirurgie der weiblichen Genitalregion<\/strong>.<\/p>\n\n\n\n<h2 class=\"wp-block-heading\">Ihr Spezialist f\u00fcr weibliche Intimchirurgie in Salzburg &amp; Tullnerfeld<\/h2>\n\n\n\n<p>Die Intimchirurgie erfordert neben chirurgischem K\u00f6nnen vor allem&nbsp;<strong>Feingef\u00fchl, Erfahrung und Respekt f\u00fcr die individuelle Anatomie der Frau<\/strong>.<br><strong>Dr. Matthias Spiegl<\/strong>&nbsp;kombiniert modernste Technik mit gr\u00f6\u00dfter Achtsamkeit und \u00e4sthetischem Verst\u00e4ndnis \u2013 f\u00fcr Ergebnisse, die&nbsp;<strong>nat\u00fcrlich wirken und das Wohlbefinden nachhaltig steigern<\/strong>.<\/p>\n\n\n\n<p>Dr. Matthias Spiegl ist Facharzt f\u00fcr Plastische, Rekonstruktive und \u00c4sthetische Chirurgie und besitzt neben der \u00d6sterreichischen auch die Schweizer und die Britische Zulassung als Arzt. Nach seiner hochspezialisierten internationalen Ausbildung mit Stationen und England, der Schweiz und Schottland lie\u00df er sich in Salzburg und Tulln nieder. Seine Spezialisierung ist \u2013 unter anderem \u2013 die \u00e4sthetische Brustchirurgie, welche er auf hohem Niveau gewissenhaft und ohne Kompromisse durchf\u00fchrt.<br>Als zus\u00e4tzliche Qualifikation absolvierte Dr. Spiegl 2018 die Europ\u00e4ische Facharztpr\u00fcfung und darf sich \u201eFellow oft the European Board of Plastic, Reconstructive and Aesthetic Surgery\u201c (FEBOPRAS) nennen. Diese Zusatzqualifikation ist vor allem in \u00d6sterreich selten und zeichnet den Spezialisten der Sch\u00f6nheitschirurgie zus\u00e4tzlich aus. Dr. Spiegl ist Mitglied in zahlreichen nationalen und internationalen Fachgesellschaften, ein weiteres Qualit\u00e4tsmerkmal:<\/p>\n\n\n\n<ul class=\"wp-block-list\">\n<li>Internationale Gesellschaft f\u00fcr \u00c4sthetisch-Plastische Chirurgie (ISAPS)<\/li>\n\n\n\n<li>\u00d6sterreichische Gesellschaft f\u00fcr Plastische, \u00c4sthetische und Rekonstruktive Chirurgie<\/li>\n\n\n\n<li>Schweizerische Gesellschaft f\u00fcr Plastische, Rekonstruktive und \u00c4sthetische Chirurgie<\/li>\n\n\n\n<li>Fellow des European Board of Plastic, Reconstructive and Aesthetic Surgery<\/li>\n\n\n\n<li>General Medical Council (Vereinigtes K\u00f6nigreich)<\/li>\n\n\n\n<li>Fellow of the American College of Surgeons (FACS)<\/li>\n<\/ul>\n\n\n\n<h2 class=\"wp-block-heading\">Typische Fragen meiner Patientinnen (FAQ)<\/h2>\n\n\n\n<p>Hier finden Sie Antworten zu einigen Fragen meiner Patientinnen und Patienten.<\/p>\n\n\n\n<h4 class=\"wp-block-heading\">Warum f\u00fchren Sie keine Eingriffe am m\u00e4nnlichen Genital vor?<\/h4>\n\n\n\n<p>Die Intimchirurgie beim Mann ist um ein vielfaches komplikationstr\u00e4chtiger und die Ergebnisse bei weitem nicht so langanhaltend bzw. befriedigend wie bei der Frau. Dr. Spiegl hat somit f\u00fcr sich selbst entschieden, dass er diese Eingriffe nicht anbieten will.<\/p>\n\n\n\n<h4 class=\"wp-block-heading\">Kann die Schamlippe nach einer Reduktion wieder wachsen?<\/h4>\n\n\n\n<p>Nein, von einem weiteren Wachstum ist nicht auszugehen. Durch den Alterungsprozess kann sich das Aussehen jedoch weiterhin ver\u00e4ndern, meist geht das Volumen der gro\u00dfen Schamlippen verloren und dadurch wirken die kleinen inneren Schamlippen wieder l\u00e4nger.<\/p>\n\n\n\n<h4 class=\"wp-block-heading\">Was ist direkt nach der Schamlippenverkleinerung zu beachten?<\/h4>\n\n\n\n<p>Nach einer Schamlippenverkleinerung ist es wichtig, die postoperativen Anweisungen von Dr. Spiegl genau zu befolgen, dazu geh\u00f6rt die K\u00fchlung f\u00fcr einige Tage und der Verzicht auf Geschlechtsverkehr\/Tamponverwendung f\u00fcr 3-4 Wochen um eine reibungslose Genesung und optimale Ergebnisse zu gew\u00e4hrleisten.<\/p>\n\n\n\n<h4 class=\"wp-block-heading\">Kann sie das sexuelle Empfinden nach einer Schamlippenkorrektur ver\u00e4ndern?<\/h4>\n\n\n\n<p>Ja, es ist m\u00f6glich, dass sich das Empfinden nach einer Korrektur ver\u00e4ndert. Es ist sowohl ein h\u00f6heres Empfinden als ein vermindertes Empfinden m\u00f6glich, je nach Ausgangsbefund und der OP-Technik. Dr. Spiegl ist bei Korrekturen im Intimbereich jedoch \u00e4u\u00dferst vorsichtig, sodass die Wahrscheinlichkeit einer Verschlechterung fast ausgeschlossen ist.<\/p>\n\n\n\n<h4 class=\"wp-block-heading\">Was kostet eine Schamlippenkorrektur?<\/h4>\n\n\n\n<p>Die Kosten f\u00fcr eine Fettabsaugung bei Dr. Spiegl in Salzburg oder Tulln k\u00f6nnen je nach Aufwand variieren und liegen in der Regel zwischen 3.500 und etwa 4.500 Euro.<\/p>\n\n\n\n<h4 class=\"wp-block-heading\">Zahlt die Krankenkassa die Kosten einer Schamlippenkorrektur?<\/h4>\n\n\n\n<p>Unter gewissen Umst\u00e4nden kann eine Korrektur beim krankhafter Vergr\u00f6\u00dferung (L\u00e4nge der inneren Schamlippen von mehr als 4cm) von der Krankenkasse \u00fcbernommen werden. Dr. Spiegl ist Privatarzt ohne Kassenvertr\u00e4ge, sodass die Leistung privat \u00fcbernommen und dann die Rechnung an die entsprechende Kasse eingereicht werden muss.<\/p>\n","protected":false},"excerpt":{"rendered":"<p>Intimchirurgie f\u00fcr die Frau \u2013 Feinf\u00fchlige Korrekturen f\u00fcr Wohlbefinden und Selbstvertrauen Spezialisierte Intimchirurgie bei Dr. Matthias Spiegl in Salzburg &amp; Tullnerfeld Das pers\u00f6nliche Wohlbefinden im Intimbereich ist ein zentraler Bestandteil von Selbstvertrauen, Lebensqualit\u00e4t und Weiblichkeit. Ver\u00e4nderungen nach Schwangerschaften, Geburten, Gewichtsabnahme oder dem nat\u00fcrlichen Alterungsprozess k\u00f6nnen zu funktionellen oder \u00e4sthetischen Beeintr\u00e4chtigungen f\u00fchren.Mit modernen, pr\u00e4zisen Methoden der&nbsp;weiblichen<\/p>\n","protected":false},"author":1,"featured_media":0,"parent":4268,"menu_order":0,"comment_status":"closed","ping_status":"closed","template":"","meta":{"footnotes":""},"class_list":["post-4423","page","type-page","status-publish","hentry"],"yoast_head":"<!-- This site is optimized with the Yoast SEO plugin v27.4 - https:\/\/yoast.com\/product\/yoast-seo-wordpress\/ -->\n<title>Intimchirurgie - test.drspiegl.com<\/title>\n<meta name=\"robots\" content=\"index, follow, max-snippet:-1, max-image-preview:large, max-video-preview:-1\" \/>\n<link rel=\"canonical\" href=\"https:\/\/test.drspiegl.com\/de\/chirurgische-behandlungen\/koerper\/intimchirurgie\/\" \/>\n<meta property=\"og:locale\" content=\"de_DE\" \/>\n<meta property=\"og:type\" content=\"article\" \/>\n<meta property=\"og:title\" content=\"Intimchirurgie - test.drspiegl.com\" \/>\n<meta property=\"og:description\" content=\"Intimchirurgie f\u00fcr die Frau \u2013 Feinf\u00fchlige Korrekturen f\u00fcr Wohlbefinden und Selbstvertrauen Spezialisierte Intimchirurgie bei Dr. Matthias Spiegl in Salzburg &amp; Tullnerfeld Das pers\u00f6nliche Wohlbefinden im Intimbereich ist ein zentraler Bestandteil von Selbstvertrauen, Lebensqualit\u00e4t und Weiblichkeit. Ver\u00e4nderungen nach Schwangerschaften, Geburten, Gewichtsabnahme oder dem nat\u00fcrlichen Alterungsprozess k\u00f6nnen zu funktionellen oder \u00e4sthetischen Beeintr\u00e4chtigungen f\u00fchren.Mit modernen, pr\u00e4zisen Methoden der&nbsp;weiblichen\" \/>\n<meta property=\"og:url\" content=\"https:\/\/test.drspiegl.com\/de\/chirurgische-behandlungen\/koerper\/intimchirurgie\/\" \/>\n<meta property=\"og:site_name\" content=\"test.drspiegl.com\" \/>\n<meta property=\"article:modified_time\" content=\"2026-01-02T13:27:41+00:00\" \/>\n<meta name=\"twitter:card\" content=\"summary_large_image\" \/>\n<meta name=\"twitter:label1\" content=\"Gesch\u00e4tzte Lesezeit\" \/>\n\t<meta name=\"twitter:data1\" content=\"5\u00a0Minuten\" \/>\n<script type=\"application\/ld+json\" class=\"yoast-schema-graph\">{\"@context\":\"https:\\\/\\\/schema.org\",\"@graph\":[{\"@type\":\"WebPage\",\"@id\":\"https:\\\/\\\/test.drspiegl.com\\\/de\\\/chirurgische-behandlungen\\\/koerper\\\/intimchirurgie\\\/\",\"url\":\"https:\\\/\\\/test.drspiegl.com\\\/de\\\/chirurgische-behandlungen\\\/koerper\\\/intimchirurgie\\\/\",\"name\":\"Intimchirurgie - test.drspiegl.com\",\"isPartOf\":{\"@id\":\"https:\\\/\\\/test.drspiegl.com\\\/de\\\/en\\\/home\\\/#website\"},\"datePublished\":\"2025-11-17T19:24:04+00:00\",\"dateModified\":\"2026-01-02T13:27:41+00:00\",\"breadcrumb\":{\"@id\":\"https:\\\/\\\/test.drspiegl.com\\\/de\\\/chirurgische-behandlungen\\\/koerper\\\/intimchirurgie\\\/#breadcrumb\"},\"inLanguage\":\"de\",\"potentialAction\":[{\"@type\":\"ReadAction\",\"target\":[\"https:\\\/\\\/test.drspiegl.com\\\/de\\\/chirurgische-behandlungen\\\/koerper\\\/intimchirurgie\\\/\"]}]},{\"@type\":\"BreadcrumbList\",\"@id\":\"https:\\\/\\\/test.drspiegl.com\\\/de\\\/chirurgische-behandlungen\\\/koerper\\\/intimchirurgie\\\/#breadcrumb\",\"itemListElement\":[{\"@type\":\"ListItem\",\"position\":1,\"name\":\"Home\",\"item\":\"https:\\\/\\\/test.drspiegl.com\\\/de\\\/\"},{\"@type\":\"ListItem\",\"position\":2,\"name\":\"Chirurgische Behandlungen\",\"item\":\"https:\\\/\\\/test.drspiegl.com\\\/de\\\/chirurgische-behandlungen\\\/\"},{\"@type\":\"ListItem\",\"position\":3,\"name\":\"K\u00f6rper\",\"item\":\"https:\\\/\\\/test.drspiegl.com\\\/de\\\/chirurgische-behandlungen\\\/koerper\\\/\"},{\"@type\":\"ListItem\",\"position\":4,\"name\":\"Intimchirurgie\"}]},{\"@type\":\"WebSite\",\"@id\":\"https:\\\/\\\/test.drspiegl.com\\\/de\\\/en\\\/home\\\/#website\",\"url\":\"https:\\\/\\\/test.drspiegl.com\\\/de\\\/en\\\/home\\\/\",\"name\":\"test.drspiegl.com\",\"description\":\"Health Medical Theme\",\"potentialAction\":[{\"@type\":\"SearchAction\",\"target\":{\"@type\":\"EntryPoint\",\"urlTemplate\":\"https:\\\/\\\/test.drspiegl.com\\\/de\\\/en\\\/home\\\/?s={search_term_string}\"},\"query-input\":{\"@type\":\"PropertyValueSpecification\",\"valueRequired\":true,\"valueName\":\"search_term_string\"}}],\"inLanguage\":\"de\"}]}<\/script>\n<!-- \/ Yoast SEO plugin. -->","yoast_head_json":{"title":"Intimchirurgie - test.drspiegl.com","robots":{"index":"index","follow":"follow","max-snippet":"max-snippet:-1","max-image-preview":"max-image-preview:large","max-video-preview":"max-video-preview:-1"},"canonical":"https:\/\/test.drspiegl.com\/de\/chirurgische-behandlungen\/koerper\/intimchirurgie\/","og_locale":"de_DE","og_type":"article","og_title":"Intimchirurgie - test.drspiegl.com","og_description":"Intimchirurgie f\u00fcr die Frau \u2013 Feinf\u00fchlige Korrekturen f\u00fcr Wohlbefinden und Selbstvertrauen Spezialisierte Intimchirurgie bei Dr. Matthias Spiegl in Salzburg &amp; Tullnerfeld Das pers\u00f6nliche Wohlbefinden im Intimbereich ist ein zentraler Bestandteil von Selbstvertrauen, Lebensqualit\u00e4t und Weiblichkeit. Ver\u00e4nderungen nach Schwangerschaften, Geburten, Gewichtsabnahme oder dem nat\u00fcrlichen Alterungsprozess k\u00f6nnen zu funktionellen oder \u00e4sthetischen Beeintr\u00e4chtigungen f\u00fchren.Mit modernen, pr\u00e4zisen Methoden der&nbsp;weiblichen","og_url":"https:\/\/test.drspiegl.com\/de\/chirurgische-behandlungen\/koerper\/intimchirurgie\/","og_site_name":"test.drspiegl.com","article_modified_time":"2026-01-02T13:27:41+00:00","twitter_card":"summary_large_image","twitter_misc":{"Gesch\u00e4tzte Lesezeit":"5\u00a0Minuten"},"schema":{"@context":"https:\/\/schema.org","@graph":[{"@type":"WebPage","@id":"https:\/\/test.drspiegl.com\/de\/chirurgische-behandlungen\/koerper\/intimchirurgie\/","url":"https:\/\/test.drspiegl.com\/de\/chirurgische-behandlungen\/koerper\/intimchirurgie\/","name":"Intimchirurgie - test.drspiegl.com","isPartOf":{"@id":"https:\/\/test.drspiegl.com\/de\/en\/home\/#website"},"datePublished":"2025-11-17T19:24:04+00:00","dateModified":"2026-01-02T13:27:41+00:00","breadcrumb":{"@id":"https:\/\/test.drspiegl.com\/de\/chirurgische-behandlungen\/koerper\/intimchirurgie\/#breadcrumb"},"inLanguage":"de","potentialAction":[{"@type":"ReadAction","target":["https:\/\/test.drspiegl.com\/de\/chirurgische-behandlungen\/koerper\/intimchirurgie\/"]}]},{"@type":"BreadcrumbList","@id":"https:\/\/test.drspiegl.com\/de\/chirurgische-behandlungen\/koerper\/intimchirurgie\/#breadcrumb","itemListElement":[{"@type":"ListItem","position":1,"name":"Home","item":"https:\/\/test.drspiegl.com\/de\/"},{"@type":"ListItem","position":2,"name":"Chirurgische Behandlungen","item":"https:\/\/test.drspiegl.com\/de\/chirurgische-behandlungen\/"},{"@type":"ListItem","position":3,"name":"K\u00f6rper","item":"https:\/\/test.drspiegl.com\/de\/chirurgische-behandlungen\/koerper\/"},{"@type":"ListItem","position":4,"name":"Intimchirurgie"}]},{"@type":"WebSite","@id":"https:\/\/test.drspiegl.com\/de\/en\/home\/#website","url":"https:\/\/test.drspiegl.com\/de\/en\/home\/","name":"test.drspiegl.com","description":"Health Medical Theme","potentialAction":[{"@type":"SearchAction","target":{"@type":"EntryPoint","urlTemplate":"https:\/\/test.drspiegl.com\/de\/en\/home\/?s={search_term_string}"},"query-input":{"@type":"PropertyValueSpecification","valueRequired":true,"valueName":"search_term_string"}}],"inLanguage":"de"}]}},"_links":{"self":[{"href":"https:\/\/test.drspiegl.com\/de\/wp-json\/wp\/v2\/pages\/4423","targetHints":{"allow":["GET"]}}],"collection":[{"href":"https:\/\/test.drspiegl.com\/de\/wp-json\/wp\/v2\/pages"}],"about":[{"href":"https:\/\/test.drspiegl.com\/de\/wp-json\/wp\/v2\/types\/page"}],"author":[{"embeddable":true,"href":"https:\/\/test.drspiegl.com\/de\/wp-json\/wp\/v2\/users\/1"}],"replies":[{"embeddable":true,"href":"https:\/\/test.drspiegl.com\/de\/wp-json\/wp\/v2\/comments?post=4423"}],"version-history":[{"count":2,"href":"https:\/\/test.drspiegl.com\/de\/wp-json\/wp\/v2\/pages\/4423\/revisions"}],"predecessor-version":[{"id":5439,"href":"https:\/\/test.drspiegl.com\/de\/wp-json\/wp\/v2\/pages\/4423\/revisions\/5439"}],"up":[{"embeddable":true,"href":"https:\/\/test.drspiegl.com\/de\/wp-json\/wp\/v2\/pages\/4268"}],"wp:attachment":[{"href":"https:\/\/test.drspiegl.com\/de\/wp-json\/wp\/v2\/media?parent=4423"}],"curies":[{"name":"wp","href":"https:\/\/api.w.org\/{rel}","templated":true}]}}