{"id":4469,"date":"2025-11-17T19:48:34","date_gmt":"2025-11-17T19:48:34","guid":{"rendered":"https:\/\/test.drspiegl.com\/?page_id=4469"},"modified":"2026-01-02T20:05:45","modified_gmt":"2026-01-02T20:05:45","slug":"oberlidstraffung","status":"publish","type":"page","link":"https:\/\/test.drspiegl.com\/de\/chirurgische-behandlungen\/gesicht\/oberlidstraffung\/","title":{"rendered":""},"content":{"rendered":"\n<h1 class=\"wp-block-heading\">Oberlidstraffung in Salzburg &amp; im Tullnerfeld \u2013 f\u00fcr einen wachen, frischen Blick<\/h1>\n\n\n\n<p>Sie leiden trotz ausreichendem Schlaf unter m\u00fcden Augen? <strong>\u00dcbersch\u00fcssige Haut an den Oberlidern<\/strong> und ein <strong>schlaffes Bindegewebe<\/strong> in der Augenpartie sind oft der Grund hierf\u00fcr. Eine operative Korrektur, also eine Oberlidstraffung \u2013 auch \u201e<strong>Blepharoplastik<\/strong>\u201c genannt, kann diesbez\u00fcglich wahre Wunder wirken. Eingriffe an den Augenlidern z\u00e4hlen zu den verbreitetsten \u00e4sthetischen Behandlungen im Gesicht und sind die am h\u00e4ufigsten durchgef\u00fchrten \u201eSch\u00f6nheitsoperationen\u201c bei M\u00e4nnern \u00fcberhaupt.<\/p>\n\n\n\n<p>Das Ergebnis: ein offener, frischer und jugendlicher Blick.<\/p>\n\n\n\n<p><strong>Gleich zum gew\u00fcnschten Thema springen?<\/strong><\/p>\n\n\n\n<ul class=\"wp-block-list\">\n<li>Warum eine Oberlidstraffung sinnvoll ist<\/li>\n\n\n\n<li>Ablauf Ihrer Oberlidstraffung bei Dr. Spiegl<\/li>\n\n\n\n<li><a href=\"https:\/\/drspiegl.com\/brustvergroesserung\/#phasen\">R\u00fcckkehr zur Arbeit &amp; zum Sport<\/a><\/li>\n\n\n\n<li>Kosten der Oberlidstraffung in Salzburg &amp; Pixendorf<\/li>\n\n\n\n<li>Die positiven Effekte einer Oberlidstraffung<\/li>\n\n\n\n<li><strong>Dr. Spiegl &#8211; Ihr Arzt f\u00fcr die gelungene Oberlidstraffung in Salzburg oder Nieder\u00f6sterreich<\/strong><\/li>\n\n\n\n<li>Typische Fragen meiner Patienten zur Oberlidstraffung (FAQ)<\/li>\n<\/ul>\n\n\n\n<h2 class=\"wp-block-heading\">Warum eine Oberlidstraffung sinnvoll ist<\/h2>\n\n\n\n<p>Eine Oberlidstraffung in Salzburg oder im Tullnerfeld ist empfehlenswert bei:<\/p>\n\n\n\n<ul class=\"wp-block-list\">\n<li><strong>Schlupflidern<\/strong> oder <strong>\u00fcbersch\u00fcssiger Haut am Oberlid<\/strong> (die kann auch angeboren sein),<\/li>\n\n\n\n<li><strong>m\u00fcdem<\/strong> oder traurigem <strong>Gesichtsausdruck<\/strong> trotz ausreichendem Schlaf,<\/li>\n\n\n\n<li><strong>Einschr\u00e4nkungen des Sichtfeldes<\/strong> durch Haut\u00fcberschuss,<\/li>\n\n\n\n<li>st\u00f6renden Falten und <strong>Haut\u00fcbersch\u00fcssen<\/strong> am Oberlid,<\/li>\n\n\n\n<li>dem Wunsch nach einem <strong>frischeren, vitaleren Erscheinungsbild<\/strong>.<\/li>\n<\/ul>\n\n\n\n<p>Die Operation geh\u00f6rt zu den Routine-Eingriffen in der \u00e4sthetischen Chirurgie und erzielt langanhaltende Ergebnisse.<\/p>\n\n\n\n<h2 class=\"wp-block-heading\">Ablauf Ihrer Oberlidstraffung bei Dr. Spiegl<\/h2>\n\n\n\n<h3 class=\"wp-block-heading\">Wir nehmen uns Zeit f\u00fcr Ihr Anliegen. Wie bei vielen anderen Eingriffen auch, kommen w\u00e4hrend des Ablaufs immer wieder Fragen auf. Wenn Sie sich f\u00fcr eine Oberlidstraffung interessieren, k\u00f6nnen Sie gerne einen Beratungstermin bei Dr. Spiegl vereinbaren.<\/h3>\n\n\n\n<h3 class=\"wp-block-heading\">Beratung &amp; Analyse:<\/h3>\n\n\n\n<p>In einem <strong>Termin<\/strong> ohne Zeitdruck werden <strong>Fragen<\/strong> <strong>gekl\u00e4rt<\/strong> und Sie erhalten eine <strong>umfangreiche Beratung<\/strong>. Zudem wird eine <strong>Fotodokumentation angefertigt<\/strong>. Mitbringen sollten Sie auf jeden Fall alle <strong>verf\u00fcgbaren Arztbriefe Ihrer Patientengeschichte<\/strong>. Sollten Sie sich nach Erhalt des Kostenvoranschlages f\u00fcr den Eingriff bei Dr. Spiegl entscheiden, so wird gemeinsam ein Termin f\u00fcr die Operation vereinbart. Diesbez\u00fcglich ist wichtig zu wissen, dass in \u00d6sterreich laut Gesetz 2 Wochen zwischen dem Aufkl\u00e4rungsgespr\u00e4ch und der Operationseinwilligung liegen m\u00fcssen.<\/p>\n\n\n\n<h3 class=\"wp-block-heading\">Der OP-Tag:<\/h3>\n\n\n\n<p>Nachdem nochmals in aller Ruhe letzte Fragen gekl\u00e4rt wurden, beginnt das sterile <strong>Abwaschen und Abdecken des Operationsgebietes<\/strong>. Anschlie\u00dfend wird eine gewisse Zeit f\u00fcr die <strong>Anzeichnung des zu entfernenden Haut\u00fcberschusses<\/strong> aufgewendet, um ein m\u00f6glichst <strong>symmetrisches Ergebnis<\/strong> zu erzielen. Dann werden die Oberlider mit einer feinen Injektion bet\u00e4ubt, sodass der Eingriff v\u00f6llig schmerzfrei abl\u00e4uft.<\/p>\n\n\n\n<p>Sp\u00e4ter werden die <strong>\u00fcbersch\u00fcssige Haut<\/strong> und ggf. kleine <strong>Fettdepots<\/strong> pr\u00e4zise <strong>entfernt<\/strong> und die Wunden verschlossen. Die Narbe wird in der nat\u00fcrlichen Lidfalte liegen und ist sp\u00e4ter kaum sichtbar. Nach der OP werden die Lider gek\u00fchlt, um das Risiko von Schwellungen zu reduzieren.<\/p>\n\n\n\n<p class=\"has-medium-font-size\"><strong>Die Nachsorge:<\/strong><\/p>\n\n\n\n<p>Bevor die F\u00e4den nach ca. 7 Tagen wieder entfernt werden, ist die Nachsorge bei Ihnen zu Hause immens wichtig. Beachten Sie deshalb folgende Punkte:<\/p>\n\n\n\n<ul class=\"wp-block-list\">\n<li><strong>Tragen Sie<\/strong> auf der Heimreise eine <strong>dunkle Sonnenbrille<\/strong>. Sie sind m\u00f6glicherweise <strong>lichtempfindlich<\/strong>. Die w\u00e4hrend der Operation verwendeten Augentropfen k\u00f6nnen dazu f\u00fchren, dass Sie verschwommen sehen. Dies ist nur vor\u00fcbergehend und verschwindet normalerweise innerhalb von 24 Stunden.<\/li>\n\n\n\n<li>Tragen Sie <strong>bis mindestens 2 Wochen nach der Operation keine Kontaktlinsen<\/strong>. Setzen Sie stattdessen auf eine Brille.<\/li>\n\n\n\n<li>Solange Sie eine verschwommene Sicht haben, sollten Sie <strong>Fahrten mit dem Auto vermeiden<\/strong>. Vergewissern Sie sich, dass Sie sicher und bequem ein Fahrzeug fahren k\u00f6nnen. Dies ist in der Regel etwa 5-10 Tage nach der Operation der Fall.<\/li>\n\n\n\n<li>Es ist wichtig, dass Sie sich <strong>in den ersten 3-4 Tagen nach der Operation ausruhen<\/strong>. Sorgen Sie in R\u00fcckenlage f\u00fcr die <strong>erh\u00f6hte Position Ihres Kopfes<\/strong>. Dies hilft, Schwellungen an den Operationsstellen zu vermeiden. Bis die F\u00e4den vollst\u00e4ndig entfernt sind, sollten Sie die Wunde so oft und so viel wie m\u00f6glich k\u00fchlen.<\/li>\n<\/ul>\n\n\n\n<h3 class=\"wp-block-heading has-medium-font-size\">R\u00fcckkehr zur Arbeit &amp; zum Sport<\/h3>\n\n\n\n<p>Wann Sie nach der OP wieder an den Arbeitsplatz zur\u00fcckkehren k\u00f6nnen, h\u00e4ngt von Faktoren wie der <strong>Art der Arbeit<\/strong> und dem <strong>Heilungsfortschritt<\/strong> ab. Wenn Ihre T\u00e4tigkeit nur minimale k\u00f6rperliche Aktivit\u00e4t beinhaltet und kein schweres Heben erfordert, k\u00f6nnen Sie m\u00f6glicherweise schon vor dem Fadenzug wieder aktiv werden, sobald Sie sich wohlf\u00fchlen.<\/p>\n\n\n\n<p>Wenn Ihre Arbeit <strong>leichte k\u00f6rperliche T\u00e4tigkeiten<\/strong> oder Bewegungen erfordert, m\u00fcssen Sie m\u00f6glicherweise <strong>1-2 Wochen pausieren<\/strong>. Falls Ihr Beruf mit schwerem Heben, <strong>anstrengender k\u00f6rperlicher T\u00e4tigkeit<\/strong> oder Handarbeit verbunden ist, m\u00fcssen Sie sich eventuell <strong>2 volle Wochen freinehmen<\/strong>, um eine ordnungsgem\u00e4\u00dfe Heilung und vor allem Abschwellung zu gew\u00e4hrleisten und Komplikationen zu vermeiden.<\/p>\n\n\n\n<p>Bei der Aus\u00fcbung von Sport oder k\u00f6rperlichen Aktivit\u00e4ten nach einer Oberlidstraffung m\u00fcssen Sie vorsichtig sein. Halten Sie diesbez\u00fcglich R\u00fccksprache mit uns.<br>Leichte Aktivit\u00e4ten wie <strong>Gehen<\/strong> oder <strong>sanftes Dehnen<\/strong> k\u00f6nnen in der Regel <strong>innerhalb weniger Tage bis einer Woche nach der Operation<\/strong> wieder ausge\u00fcbt werden. <strong>\u00dcbungen mit einer leichten Belastung<\/strong> wie station\u00e4res Radfahren oder langsames Joggen k\u00f6nnen nach etwa <strong>2 Wochen<\/strong> allm\u00e4hlich wieder aufgenommen werden. <strong>Sportarten mit hoher Intensit\u00e4t<\/strong> wie Gewichtheben und Aktivit\u00e4ten, die intensive Bewegungen des Oberk\u00f6rpers erfordern, sollten f\u00fcr ca. <strong>3 Wochen lang vermieden<\/strong> werden.<\/p>\n\n\n\n<p>Es ist wichtig zu wissen, dass der <strong>Heilungsprozess bei jedem Patienten anders verl\u00e4uft<\/strong> und dass Sie die Anweisungen Ihres Chirurgen genau befolgen m\u00fcssen. Wenn Sie sich zu sehr anstrengen oder zu fr\u00fch zum Sport zur\u00fcckkehren, kann sich das Risiko von Komplikationen erh\u00f6hen.<\/p>\n\n\n\n<h2 class=\"wp-block-heading\">Kosten der Oberlidstraffung in Salzburg &amp; Pixendorf<\/h2>\n\n\n\n<p>Die Preise f\u00fcr eine reine <strong>Oberlidstraffung bei Dr. Spiegl<\/strong> liegen bei <strong>2.500 \u20ac<\/strong>. Der endg\u00fcltige Betrag h\u00e4ngt von individuellen Faktoren wie Kombinationen mit weiteren Behandlungen ab., es gibt jedoch keine versteckten Kosten. Jede Nachkontrolle im normalen Intervall ist bis ein Jahr nach der OP im Preis inkludiert.<\/p>\n\n\n\n<p>Im pers\u00f6nlichen Beratungsgespr\u00e4ch in <strong>Salzburg oder Pixendorf\/Tullnerfeld<\/strong> erhalten Sie einen <strong>transparenten Kostenplan<\/strong>, abgestimmt auf Ihre W\u00fcnsche und medizinischen Voraussetzungen.<\/p>\n\n\n\n<h2 class=\"wp-block-heading\">Die positiven Effekte einer Oberlidstraffung<\/h2>\n\n\n\n<p>Eine Oberlidstraffung kann das Aussehen der Augenpartie deutlich verj\u00fcngen und das Gesicht insgesamt frischer und wacher wirken lassen. Der Eingriff entfernt \u00fcbersch\u00fcssige Haut und gegebenenfalls auch Fettgewebe. Trotz der geringen Risiken, die mit der Operation verbunden sind, f\u00fchrt eine <strong>Oberlidstraffung in der Regel zu langanhaltenden, nat\u00fcrlichen Ergebnissen<\/strong>.<\/p>\n\n\n\n<p>Die Vorteile im \u00dcberblick:<\/p>\n\n\n\n<ul class=\"wp-block-list\">\n<li>ein wacher, <strong>verj\u00fcngter<\/strong> und freundlicher <strong>Gesichtsausdruck<\/strong>,<\/li>\n\n\n\n<li>Entfernung von Schlupflidern und \u00fcbersch\u00fcssiger Haut,<\/li>\n\n\n\n<li>ggf. <strong>Verbesserung des Gesichtsfeldes<\/strong>,<\/li>\n\n\n\n<li>dauerhafte <strong>Verj\u00fcngung<\/strong> <strong>der Augenpartie<\/strong>,<\/li>\n\n\n\n<li>nat\u00fcrliche Ergebnisse ohne \u201eoperierten\u201c Look.<\/li>\n<\/ul>\n\n\n\n<p><strong>Das endg\u00fcltige Ergebnis ist nach 3-6 Monaten sichtbar<\/strong> und h\u00e4lt in der Regel viele Jahre an. Gesellschaftsf\u00e4hig sind die meisten Patientinnen und Patienten aber bereits nach 10 Tagen.<\/p>\n\n\n\n<p class=\"has-medium-font-size\"><strong>Dr. Spiegl &#8211; Ihr Arzt f\u00fcr die gelungene Oberlidstraffung in Salzburg oder Nieder\u00f6sterreich<\/strong><\/p>\n\n\n\n<p>Dr. Matthias Spiegl ist\u00a0<a href=\"https:\/\/drspiegl.com\/\">Facharzt f\u00fcr Plastische, Rekonstruktive und \u00c4sthetische Chirurgie<\/a>\u00a0und besitzt neben der \u00d6sterreichischen auch die Schweizer und die Britische Zulassung als Arzt. Nach seiner hochspezialisierten internationalen Ausbildung mit Stationen und England, der Schweiz und Schottland lie\u00df er sich in Salzburg und Pixendorf nieder. Seine Spezialisierung ist \u2013 unter anderem \u2013 die \u00e4sthetische Lidchirurgie, welche er auf hohem Niveau gewissenhaft und ohne Kompromisse durchf\u00fchrt.<br>Als zus\u00e4tzliche Qualifikation absolvierte Dr. Spiegl 2018 die Europ\u00e4ische Facharztpr\u00fcfung und darf sich \u201eFellow oft the European Board of Plastic, Reconstructive and Aesthetic Surgery\u201c (FEBOPRAS) nennen. Diese Zusatzqualifikation ist vor allem in \u00d6sterreich selten und zeichnet den Spezialisten der Sch\u00f6nheitschirurgie zus\u00e4tzlich aus. Dr. Spiegl ist Mitglied in zahlreichen nationalen und internationalen Fachgesellschaften, ein weiteres Qualit\u00e4tsmerkmal:<\/p>\n\n\n\n<ul class=\"wp-block-list\">\n<li>Internationale Gesellschaft f\u00fcr \u00c4sthetisch-Plastische Chirurgie (ISAPS)<\/li>\n\n\n\n<li>\u00d6sterreichische Gesellschaft f\u00fcr Plastische, \u00c4sthetische und Rekonstruktive Chirurgie<\/li>\n\n\n\n<li>Schweizerische Gesellschaft f\u00fcr Plastische, Rekonstruktive und \u00c4sthetische Chirurgie<\/li>\n\n\n\n<li>Fellow des European Board of Plastic, Reconstructive and Aesthetic Surgery<\/li>\n\n\n\n<li>General Medical Council (Vereinigtes K\u00f6nigreich)<\/li>\n\n\n\n<li>Fellow of the American College of Surgeons (FACS)<\/li>\n<\/ul>\n\n\n\n<h2 class=\"wp-block-heading\">Typische Fragen meiner Patienten zur Oberlidstraffung (FAQ)<\/h2>\n\n\n\n<p>Tut der Eingriff weh?<br>Nein. <strong>Durch<\/strong> die <strong>\u00f6rtliche Bet\u00e4ubung<\/strong> ist die Operation <strong>schmerzfrei<\/strong>, Sie sp\u00fcren nur ganz zu Beginn den Stich der Bet\u00e4ubungsspritze. Danach empfinden Sie lediglich ein leichtes Druckgef\u00fchl.<\/p>\n\n\n\n<p>Wie lange dauert die Oberlidstraffung?<br>In der Regel 45-60 Minuten.<\/p>\n\n\n\n<p>Wann bin ich wieder gesellschaftsf\u00e4hig?<br>Nach 7-10 Tagen sind <strong>Schwellungen<\/strong> und <strong>kleine Bluterg\u00fcsse<\/strong> meist so weit <strong>abgeklungen<\/strong>, dass man unter Leute gehen kann. Auch einige Tage vor dem Fadenzug kann man f\u00fcr gew\u00f6hnlich schon einfache Dinge in der \u00d6ffentlichkeit erledigen, wenn man sich durch die kleinen hautfarbenen Klebestreifen nicht gest\u00f6rt f\u00fchlt.<\/p>\n\n\n\n<p>Bleiben sichtbare Narben zur\u00fcck?<br>Die <strong>feine Narbe<\/strong> liegt in der nat\u00fcrlichen Lidfalte und ist sp\u00e4ter <strong>kaum<\/strong> noch <strong>erkennbar<\/strong>.<\/p>\n\n\n\n<p>Kann die Oberlidstraffung mit anderen Behandlungen kombiniert werden?<br>Ja \u2013 besonders beliebt ist die <strong>Kombination mit einer CO2-<a>Laserbehandlung<\/a>&nbsp;<\/strong>, die zus\u00e4tzlich die Hautstruktur verfeinert und ein extra harmonisches Ergebnis schafft. Hier k\u00f6nnen sowohl die Unterlider als auch das ganze Gesicht mitbehandelt werden.<\/p>\n","protected":false},"excerpt":{"rendered":"<p>Oberlidstraffung in Salzburg &amp; im Tullnerfeld \u2013 f\u00fcr einen wachen, frischen Blick Sie leiden trotz ausreichendem Schlaf unter m\u00fcden Augen? \u00dcbersch\u00fcssige Haut an den Oberlidern und ein schlaffes Bindegewebe in der Augenpartie sind oft der Grund hierf\u00fcr. Eine operative Korrektur, also eine Oberlidstraffung \u2013 auch \u201eBlepharoplastik\u201c genannt, kann diesbez\u00fcglich wahre Wunder wirken. Eingriffe an den<\/p>\n","protected":false},"author":1,"featured_media":0,"parent":4272,"menu_order":0,"comment_status":"closed","ping_status":"closed","template":"","meta":{"footnotes":""},"class_list":["post-4469","page","type-page","status-publish","hentry"],"yoast_head":"<!-- This site is optimized with the Yoast SEO plugin v27.4 - https:\/\/yoast.com\/product\/yoast-seo-wordpress\/ -->\n<title>- test.drspiegl.com<\/title>\n<meta name=\"robots\" content=\"index, follow, max-snippet:-1, max-image-preview:large, max-video-preview:-1\" \/>\n<link rel=\"canonical\" href=\"https:\/\/test.drspiegl.com\/de\/chirurgische-behandlungen\/gesicht\/oberlidstraffung\/\" \/>\n<meta property=\"og:locale\" content=\"de_DE\" \/>\n<meta property=\"og:type\" content=\"article\" \/>\n<meta property=\"og:title\" content=\"- test.drspiegl.com\" \/>\n<meta property=\"og:description\" content=\"Oberlidstraffung in Salzburg &amp; im Tullnerfeld \u2013 f\u00fcr einen wachen, frischen Blick Sie leiden trotz ausreichendem Schlaf unter m\u00fcden Augen? \u00dcbersch\u00fcssige Haut an den Oberlidern und ein schlaffes Bindegewebe in der Augenpartie sind oft der Grund hierf\u00fcr. Eine operative Korrektur, also eine Oberlidstraffung \u2013 auch \u201eBlepharoplastik\u201c genannt, kann diesbez\u00fcglich wahre Wunder wirken. Eingriffe an den\" \/>\n<meta property=\"og:url\" content=\"https:\/\/test.drspiegl.com\/de\/chirurgische-behandlungen\/gesicht\/oberlidstraffung\/\" \/>\n<meta property=\"og:site_name\" content=\"test.drspiegl.com\" \/>\n<meta property=\"article:modified_time\" content=\"2026-01-02T20:05:45+00:00\" \/>\n<meta name=\"twitter:card\" content=\"summary_large_image\" \/>\n<meta name=\"twitter:label1\" content=\"Gesch\u00e4tzte Lesezeit\" \/>\n\t<meta name=\"twitter:data1\" content=\"6\u00a0Minuten\" \/>\n<script type=\"application\/ld+json\" class=\"yoast-schema-graph\">{\"@context\":\"https:\\\/\\\/schema.org\",\"@graph\":[{\"@type\":\"WebPage\",\"@id\":\"https:\\\/\\\/test.drspiegl.com\\\/de\\\/chirurgische-behandlungen\\\/gesicht\\\/oberlidstraffung\\\/\",\"url\":\"https:\\\/\\\/test.drspiegl.com\\\/de\\\/chirurgische-behandlungen\\\/gesicht\\\/oberlidstraffung\\\/\",\"name\":\"- test.drspiegl.com\",\"isPartOf\":{\"@id\":\"https:\\\/\\\/test.drspiegl.com\\\/de\\\/en\\\/home\\\/#website\"},\"datePublished\":\"2025-11-17T19:48:34+00:00\",\"dateModified\":\"2026-01-02T20:05:45+00:00\",\"breadcrumb\":{\"@id\":\"https:\\\/\\\/test.drspiegl.com\\\/de\\\/chirurgische-behandlungen\\\/gesicht\\\/oberlidstraffung\\\/#breadcrumb\"},\"inLanguage\":\"de\",\"potentialAction\":[{\"@type\":\"ReadAction\",\"target\":[\"https:\\\/\\\/test.drspiegl.com\\\/de\\\/chirurgische-behandlungen\\\/gesicht\\\/oberlidstraffung\\\/\"]}]},{\"@type\":\"BreadcrumbList\",\"@id\":\"https:\\\/\\\/test.drspiegl.com\\\/de\\\/chirurgische-behandlungen\\\/gesicht\\\/oberlidstraffung\\\/#breadcrumb\",\"itemListElement\":[{\"@type\":\"ListItem\",\"position\":1,\"name\":\"Home\",\"item\":\"https:\\\/\\\/test.drspiegl.com\\\/de\\\/\"},{\"@type\":\"ListItem\",\"position\":2,\"name\":\"Chirurgische Behandlungen\",\"item\":\"https:\\\/\\\/test.drspiegl.com\\\/de\\\/chirurgische-behandlungen\\\/\"},{\"@type\":\"ListItem\",\"position\":3,\"name\":\"Gesicht\",\"item\":\"https:\\\/\\\/test.drspiegl.com\\\/de\\\/chirurgische-behandlungen\\\/gesicht\\\/\"}]},{\"@type\":\"WebSite\",\"@id\":\"https:\\\/\\\/test.drspiegl.com\\\/de\\\/en\\\/home\\\/#website\",\"url\":\"https:\\\/\\\/test.drspiegl.com\\\/de\\\/en\\\/home\\\/\",\"name\":\"test.drspiegl.com\",\"description\":\"Health Medical Theme\",\"potentialAction\":[{\"@type\":\"SearchAction\",\"target\":{\"@type\":\"EntryPoint\",\"urlTemplate\":\"https:\\\/\\\/test.drspiegl.com\\\/de\\\/en\\\/home\\\/?s={search_term_string}\"},\"query-input\":{\"@type\":\"PropertyValueSpecification\",\"valueRequired\":true,\"valueName\":\"search_term_string\"}}],\"inLanguage\":\"de\"}]}<\/script>\n<!-- \/ Yoast SEO plugin. -->","yoast_head_json":{"title":"- test.drspiegl.com","robots":{"index":"index","follow":"follow","max-snippet":"max-snippet:-1","max-image-preview":"max-image-preview:large","max-video-preview":"max-video-preview:-1"},"canonical":"https:\/\/test.drspiegl.com\/de\/chirurgische-behandlungen\/gesicht\/oberlidstraffung\/","og_locale":"de_DE","og_type":"article","og_title":"- test.drspiegl.com","og_description":"Oberlidstraffung in Salzburg &amp; im Tullnerfeld \u2013 f\u00fcr einen wachen, frischen Blick Sie leiden trotz ausreichendem Schlaf unter m\u00fcden Augen? \u00dcbersch\u00fcssige Haut an den Oberlidern und ein schlaffes Bindegewebe in der Augenpartie sind oft der Grund hierf\u00fcr. Eine operative Korrektur, also eine Oberlidstraffung \u2013 auch \u201eBlepharoplastik\u201c genannt, kann diesbez\u00fcglich wahre Wunder wirken. Eingriffe an den","og_url":"https:\/\/test.drspiegl.com\/de\/chirurgische-behandlungen\/gesicht\/oberlidstraffung\/","og_site_name":"test.drspiegl.com","article_modified_time":"2026-01-02T20:05:45+00:00","twitter_card":"summary_large_image","twitter_misc":{"Gesch\u00e4tzte Lesezeit":"6\u00a0Minuten"},"schema":{"@context":"https:\/\/schema.org","@graph":[{"@type":"WebPage","@id":"https:\/\/test.drspiegl.com\/de\/chirurgische-behandlungen\/gesicht\/oberlidstraffung\/","url":"https:\/\/test.drspiegl.com\/de\/chirurgische-behandlungen\/gesicht\/oberlidstraffung\/","name":"- test.drspiegl.com","isPartOf":{"@id":"https:\/\/test.drspiegl.com\/de\/en\/home\/#website"},"datePublished":"2025-11-17T19:48:34+00:00","dateModified":"2026-01-02T20:05:45+00:00","breadcrumb":{"@id":"https:\/\/test.drspiegl.com\/de\/chirurgische-behandlungen\/gesicht\/oberlidstraffung\/#breadcrumb"},"inLanguage":"de","potentialAction":[{"@type":"ReadAction","target":["https:\/\/test.drspiegl.com\/de\/chirurgische-behandlungen\/gesicht\/oberlidstraffung\/"]}]},{"@type":"BreadcrumbList","@id":"https:\/\/test.drspiegl.com\/de\/chirurgische-behandlungen\/gesicht\/oberlidstraffung\/#breadcrumb","itemListElement":[{"@type":"ListItem","position":1,"name":"Home","item":"https:\/\/test.drspiegl.com\/de\/"},{"@type":"ListItem","position":2,"name":"Chirurgische Behandlungen","item":"https:\/\/test.drspiegl.com\/de\/chirurgische-behandlungen\/"},{"@type":"ListItem","position":3,"name":"Gesicht","item":"https:\/\/test.drspiegl.com\/de\/chirurgische-behandlungen\/gesicht\/"}]},{"@type":"WebSite","@id":"https:\/\/test.drspiegl.com\/de\/en\/home\/#website","url":"https:\/\/test.drspiegl.com\/de\/en\/home\/","name":"test.drspiegl.com","description":"Health Medical Theme","potentialAction":[{"@type":"SearchAction","target":{"@type":"EntryPoint","urlTemplate":"https:\/\/test.drspiegl.com\/de\/en\/home\/?s={search_term_string}"},"query-input":{"@type":"PropertyValueSpecification","valueRequired":true,"valueName":"search_term_string"}}],"inLanguage":"de"}]}},"_links":{"self":[{"href":"https:\/\/test.drspiegl.com\/de\/wp-json\/wp\/v2\/pages\/4469","targetHints":{"allow":["GET"]}}],"collection":[{"href":"https:\/\/test.drspiegl.com\/de\/wp-json\/wp\/v2\/pages"}],"about":[{"href":"https:\/\/test.drspiegl.com\/de\/wp-json\/wp\/v2\/types\/page"}],"author":[{"embeddable":true,"href":"https:\/\/test.drspiegl.com\/de\/wp-json\/wp\/v2\/users\/1"}],"replies":[{"embeddable":true,"href":"https:\/\/test.drspiegl.com\/de\/wp-json\/wp\/v2\/comments?post=4469"}],"version-history":[{"count":2,"href":"https:\/\/test.drspiegl.com\/de\/wp-json\/wp\/v2\/pages\/4469\/revisions"}],"predecessor-version":[{"id":5445,"href":"https:\/\/test.drspiegl.com\/de\/wp-json\/wp\/v2\/pages\/4469\/revisions\/5445"}],"up":[{"embeddable":true,"href":"https:\/\/test.drspiegl.com\/de\/wp-json\/wp\/v2\/pages\/4272"}],"wp:attachment":[{"href":"https:\/\/test.drspiegl.com\/de\/wp-json\/wp\/v2\/media?parent=4469"}],"curies":[{"name":"wp","href":"https:\/\/api.w.org\/{rel}","templated":true}]}}