{"id":4501,"date":"2025-11-17T20:12:40","date_gmt":"2025-11-17T20:12:40","guid":{"rendered":"https:\/\/test.drspiegl.com\/?page_id=4501"},"modified":"2026-01-03T14:53:56","modified_gmt":"2026-01-03T14:53:56","slug":"otoplastik","status":"publish","type":"page","link":"https:\/\/test.drspiegl.com\/de\/chirurgische-behandlungen\/gesicht\/otoplastik\/","title":{"rendered":"Ohren anlegen (Otoplastik) \u2013 f\u00fcr ein harmonisches Gesichtsprofil"},"content":{"rendered":"\n<h1 class=\"wp-block-heading\">Ohranlegeplastik in Salzburg &amp; im Tullnerfeld bei Dr. Matthias Spiegl<\/h1>\n\n\n\n<p>Abstehende Ohren z\u00e4hlen zu den h\u00e4ufigsten \u00e4sthetischen Auff\u00e4lligkeiten im Gesichtsbereich \u2013 sowohl bei Kindern als auch bei Erwachsenen.<br>Viele Betroffene empfinden ihre Ohren als st\u00f6rend oder unverh\u00e4ltnism\u00e4\u00dfig auff\u00e4llig. Ein operatives&nbsp;<strong>Ohrenanlegen (Otoplastik)<\/strong>&nbsp;kann hier dauerhaft Abhilfe schaffen und das Gesichtsbild deutlich harmonisieren.<br>Das Ziel ist dabei stets ein&nbsp;<strong>nat\u00fcrliches, ausgewogenes Ergebnis<\/strong>, das sich harmonisch in die individuelle Gesichtsanatomie einf\u00fcgt.<\/p>\n\n\n\n<p><strong>Gleich zum gew\u00fcnschten Thema springen?<\/strong><\/p>\n\n\n\n<ul class=\"wp-block-list\">\n<li><a href=\"https:\/\/drspiegl.com\/brustvergroesserung\/#arten\">Das Verfahren der Ohranlegeplastik<\/a><\/li>\n\n\n\n<li><a href=\"https:\/\/drspiegl.com\/brustvergroesserung\/#m%C3%B6glichkeiten\"><strong>Beratung &amp; Terminvereinbarung<\/strong><\/a><\/li>\n\n\n\n<li><a href=\"https:\/\/drspiegl.com\/brustvergroesserung\/#phasen\"><strong>Ablauf und Heilungsverlauf nach dem Ohrenanlegen<\/strong><\/a><\/li>\n\n\n\n<li><a href=\"https:\/\/drspiegl.com\/brustvergroesserung\/#dr_spiegl\"><strong>Vorteile der Otoplastik<\/strong> bei Dr. Spiegl<\/a><\/li>\n\n\n\n<li><a href=\"https:\/\/drspiegl.com\/brustvergroesserung\/#kosten\"><strong>Kosten f\u00fcr das Anlegen Ihrer Ohren<\/strong><\/a><\/li>\n\n\n\n<li><a href=\"https:\/\/drspiegl.com\/brustvergroesserung\/#fragen\"><strong>Dr. Spiegl &#8211; Ihr Facharzt f\u00fcr \u00e4sthetische Gesichtschirurgie<\/strong><\/a><\/li>\n\n\n\n<li><strong>H\u00e4ufige Fragen meiner Patientinnen und Patienten zur Ohranlegeplastik (Otoplastik)<\/strong> &#8211; FAQ<\/li>\n<\/ul>\n\n\n\n<h2 class=\"wp-block-heading\"><strong>Das Verfahren der Ohranlegeplastik<\/strong><\/h2>\n\n\n\n<p>Beim Ohrenanlegen werden die Ohrmuscheln chirurgisch so geformt, dass sie n\u00e4her am Kopf liegen und symmetrisch erscheinen. Je nach anatomischer Ausgangssituation werden\u00a0<strong>Knorpel modelliert, verkleinert oder fixiert<\/strong>, um die gew\u00fcnschte Stellung zu erreichen. Manchmal ist auch eine Verkleinerung der Ohrmuschel und eine Faltung notwendig, um ein perfektes Resultat zu erreichen.<\/p>\n\n\n\n<p>Der Eingriff wird in der Regel\u00a0<strong>ambulant und unter einer kurzen Vollnarkose oder lokaler Bet\u00e4ubung (bei wenig ausgepr\u00e4gtem Befund)<\/strong>\u00a0durchgef\u00fchrt und dauert etwa\u00a0<strong>1 bis 1,5 Stunden<\/strong>.<br>Die Nahtmaterialien werden nach ca. 12 Tagen entfernt, und die feinen Narben verlaufen unauff\u00e4llig hinter dem Ohr.<\/p>\n\n\n\n<h2 class=\"wp-block-heading\"><strong>Beratung &amp; Terminvereinbarung<\/strong><\/h2>\n\n\n\n<p>Sollten Sie sich f\u00fcr eine Otoplastik interessieren k\u00f6nnen Sie sich gerne einen Beratungstermin bei Dr. Spiegl vereinbaren. Bei Ihrem ersten Termin werden dann ohne Zeitdruck Fragen gekl\u00e4rt, umfangreich beraten und eine Fotodokumentation angefertigt. Mitbringen sollten Sie auf jeden Fall alle verf\u00fcgbaren Arztbriefe Ihrer Patientengeschichte. Sollten Sie sich nach Erhalt des Kostenvoranschlages f\u00fcr die Operation bei Dr. Spiegl entscheiden, so wird gemeinsam ein Termin f\u00fcr die Operation vereinbart. Diesbez\u00fcglich ist wichtig zu wissen, dass in \u00d6sterreich laut Gesetz zwei Wochen zwischen dem Aufkl\u00e4rungsgespr\u00e4ch und der Operationseinwilligung liegen m\u00fcssen.<\/p>\n\n\n\n<h2 class=\"wp-block-heading\"><strong>Ablauf und Heilungsverlauf nach dem Ohrenanlegen<\/strong><\/h2>\n\n\n\n<h3 class=\"wp-block-heading\">Operationsdetails<\/h3>\n\n\n\n<ul class=\"wp-block-list\">\n<li><strong>Operationsdauer:<\/strong>&nbsp;ca. 1\u20131,5 Stunden<\/li>\n\n\n\n<li><strong>Bet\u00e4ubung:<\/strong>\u00a0Vollnarkose, lokal oder auf Wunsch mit D\u00e4mmerschlaf<\/li>\n\n\n\n<li><strong>Art des Eingriffs:<\/strong>&nbsp;ambulant<\/li>\n\n\n\n<li><strong>Saugdrainagen:<\/strong>&nbsp;nicht erforderlich<\/li>\n<\/ul>\n\n\n\n<h3 class=\"wp-block-heading\">Heilungsphase<\/h3>\n\n\n\n<ul class=\"wp-block-list\">\n<li><strong>Arbeitsf\u00e4hig \/ schulgeeignet:<\/strong>&nbsp;nach etwa 5\u20137 Tagen<\/li>\n\n\n\n<li><strong>Sport \/ k\u00f6rperliche Belastung:<\/strong>&nbsp;nach ca. 3 Wochen<\/li>\n\n\n\n<li><strong>Tragen eines Stirnbandes:<\/strong>&nbsp;\u00fcber 2\u20133 Wochen (zur Stabilisierung)<\/li>\n\n\n\n<li><strong>Endergebnis:<\/strong>&nbsp;sichtbar nach etwa 2\u20133 Monaten<\/li>\n<\/ul>\n\n\n\n<p>In den ersten Tagen ist eine\u00a0<strong>leichte Schwellung oder Druckempfindlichkeit<\/strong>\u00a0normal. Das Tragen eines weichen Stirnbandes f\u00fcr ca. 3 Wochen sch\u00fctzt die neue Ohrposition w\u00e4hrend der Heilung.<\/p>\n\n\n\n<h2 class=\"wp-block-heading\"><strong>Vorteile der Otoplastik<\/strong> bei Dr. Spiegl<\/h2>\n\n\n\n<ul class=\"wp-block-list\">\n<li>Dauerhafte Korrektur abstehender Ohren<\/li>\n\n\n\n<li>Harmonischere Gesichtsproportionen<\/li>\n\n\n\n<li>Symmetrische und nat\u00fcrlich wirkende Ohrenform<\/li>\n\n\n\n<li>Ambulante Operation mit kurzer Ausfallzeit<\/li>\n\n\n\n<li>Kaum sichtbare Narben hinter dem Ohr<\/li>\n<\/ul>\n\n\n\n<h2 class=\"wp-block-heading\"><strong>Kosten f\u00fcr das Anlegen Ihrer Ohren<\/strong><\/h2>\n\n\n\n<p>Der Preis f\u00fcr eine beidseitige Ohranlegeplastik betr\u00e4gt\u00a0<strong>ab 3.500 \u20ac<\/strong>, abh\u00e4ngig vom individuellen Befund und dem gew\u00e4hlten An\u00e4sthesieverfahren.<br>Im pers\u00f6nlichen Beratungsgespr\u00e4ch werden\u00a0<strong>Operationsplan, Kosten, Heilungsverlauf und m\u00f6gliche Alternativen<\/strong>transparent besprochen.<\/p>\n\n\n\n<h2 class=\"wp-block-heading\"><strong>Dr. Spiegl &#8211; Ihr Facharzt f\u00fcr \u00e4sthetische Gesichtschirurgie<\/strong><\/h2>\n\n\n\n<p>Dr.\u00a0<strong>Matthias Spiegl<\/strong>\u00a0ist Facharzt f\u00fcr Plastische, Rekonstruktive und \u00c4sthetische Chirurgie mit Praxen in\u00a0<strong>Salzburg<\/strong>\u00a0und im\u00a0<strong>Tullnerfeld<\/strong>.<br>Er verf\u00fcgt \u00fcber langj\u00e4hrige Erfahrung in der \u00e4sthetischen und rekonstruktiven Gesichtschirurgie und hat sich auf\u00a0<strong>feinpr\u00e4zise Eingriffe im Bereich der Ohren, Nase und Augenlider<\/strong>\u00a0spezialisiert. Nach seiner hochspezialisierten internationalen Ausbildung mit Stationen und England, der Schweiz und Schottland lie\u00df er sich in Salzburg und Tulln nieder. Seine Spezialisierung ist \u2013 unter anderem \u2013 die \u00e4sthetische Brustchirurgie, welche er auf hohem Niveau gewissenhaft und ohne Kompromisse durchf\u00fchrt.<br>Als zus\u00e4tzliche Qualifikation absolvierte Dr. Spiegl 2018 die Europ\u00e4ische Facharztpr\u00fcfung und darf sich \u201eFellow oft the European Board of Plastic, Reconstructive and Aesthetic Surgery\u201c (FEBOPRAS) nennen. Diese Zusatzqualifikation ist vor allem in \u00d6sterreich selten und zeichnet den Spezialisten der Sch\u00f6nheitschirurgie zus\u00e4tzlich aus. Dr. Spiegl ist Mitglied in zahlreichen nationalen und internationalen Fachgesellschaften, ein weiteres Qualit\u00e4tsmerkmal:<\/p>\n\n\n\n<ul class=\"wp-block-list\">\n<li>Internationale Gesellschaft f\u00fcr \u00c4sthetisch-Plastische Chirurgie (ISAPS)<\/li>\n\n\n\n<li>\u00d6sterreichische Gesellschaft f\u00fcr Plastische, \u00c4sthetische und Rekonstruktive Chirurgie<\/li>\n\n\n\n<li>Schweizerische Gesellschaft f\u00fcr Plastische, Rekonstruktive und \u00c4sthetische Chirurgie<\/li>\n\n\n\n<li>Fellow des European Board of Plastic, Reconstructive and Aesthetic Surgery<\/li>\n\n\n\n<li>General Medical Council (Vereinigtes K\u00f6nigreich)<\/li>\n\n\n\n<li>Fellow of the American College of Surgeons (FACS)<\/li>\n<\/ul>\n\n\n\n<h2 class=\"wp-block-heading\"><strong>H\u00e4ufige Fragen meiner Patientinnen und Patienten zur Ohranlegeplastik (Otoplastik)<\/strong> &#8211; FAQ<\/h2>\n\n\n\n<h3 class=\"wp-block-heading\">Ab welchem Alter kann man Ohren anlegen lassen?<\/h3>\n\n\n\n<p>Der Eingriff kann bei Kindern ab etwa 5\u20136 Jahren durchgef\u00fchrt werden \u2013 also dann, wenn das Ohrwachstum weitgehend abgeschlossen ist. Bei Erwachsenen ist die Operation jederzeit m\u00f6glich.<\/p>\n\n\n\n<h3 class=\"wp-block-heading\">Ist das Ohrenanlegen schmerzhaft?<\/h3>\n\n\n\n<p>Durch die lokale Bet\u00e4ubung ist der Eingriff schmerzfrei. In den ersten Tagen nach der Operation kann es zu einem leichten Druckgef\u00fchl oder Ziehen kommen.<\/p>\n\n\n\n<h3 class=\"wp-block-heading\">Bleiben Narben sichtbar?<\/h3>\n\n\n\n<p>Die Schnitte liegen hinter der Ohrmuschel und sind nach der Heilung kaum wahrnehmbar.<\/p>\n\n\n\n<h3 class=\"wp-block-heading\">Wie lange muss das Stirnband getragen werden?<\/h3>\n\n\n\n<p>Zur Stabilisierung der neuen Ohrform sollte das Stirnband f\u00fcr etwa zwei bis drei Wochen \u2013 insbesondere nachts \u2013 getragen werden.<\/p>\n\n\n\n<h2 class=\"wp-block-heading\"><\/h2>\n","protected":false},"excerpt":{"rendered":"<p>Ohranlegeplastik in Salzburg &amp; im Tullnerfeld bei Dr. Matthias Spiegl Abstehende Ohren z\u00e4hlen zu den h\u00e4ufigsten \u00e4sthetischen Auff\u00e4lligkeiten im Gesichtsbereich \u2013 sowohl bei Kindern als auch bei Erwachsenen.Viele Betroffene empfinden ihre Ohren als st\u00f6rend oder unverh\u00e4ltnism\u00e4\u00dfig auff\u00e4llig. Ein operatives&nbsp;Ohrenanlegen (Otoplastik)&nbsp;kann hier dauerhaft Abhilfe schaffen und das Gesichtsbild deutlich harmonisieren.Das Ziel ist dabei stets ein&nbsp;nat\u00fcrliches, ausgewogenes<\/p>\n","protected":false},"author":1,"featured_media":0,"parent":4272,"menu_order":0,"comment_status":"closed","ping_status":"closed","template":"","meta":{"footnotes":""},"class_list":["post-4501","page","type-page","status-publish","hentry"],"yoast_head":"<!-- This site is optimized with the Yoast SEO plugin v27.4 - https:\/\/yoast.com\/product\/yoast-seo-wordpress\/ -->\n<title>Ohren anlegen (Otoplastik) \u2013 f\u00fcr ein harmonisches Gesichtsprofil - test.drspiegl.com<\/title>\n<meta name=\"robots\" content=\"index, follow, max-snippet:-1, max-image-preview:large, max-video-preview:-1\" \/>\n<link rel=\"canonical\" href=\"https:\/\/test.drspiegl.com\/de\/chirurgische-behandlungen\/gesicht\/otoplastik\/\" \/>\n<meta property=\"og:locale\" content=\"de_DE\" \/>\n<meta property=\"og:type\" content=\"article\" \/>\n<meta property=\"og:title\" content=\"Ohren anlegen (Otoplastik) \u2013 f\u00fcr ein harmonisches Gesichtsprofil - test.drspiegl.com\" \/>\n<meta property=\"og:description\" content=\"Ohranlegeplastik in Salzburg &amp; im Tullnerfeld bei Dr. Matthias Spiegl Abstehende Ohren z\u00e4hlen zu den h\u00e4ufigsten \u00e4sthetischen Auff\u00e4lligkeiten im Gesichtsbereich \u2013 sowohl bei Kindern als auch bei Erwachsenen.Viele Betroffene empfinden ihre Ohren als st\u00f6rend oder unverh\u00e4ltnism\u00e4\u00dfig auff\u00e4llig. Ein operatives&nbsp;Ohrenanlegen (Otoplastik)&nbsp;kann hier dauerhaft Abhilfe schaffen und das Gesichtsbild deutlich harmonisieren.Das Ziel ist dabei stets ein&nbsp;nat\u00fcrliches, ausgewogenes\" \/>\n<meta property=\"og:url\" content=\"https:\/\/test.drspiegl.com\/de\/chirurgische-behandlungen\/gesicht\/otoplastik\/\" \/>\n<meta property=\"og:site_name\" content=\"test.drspiegl.com\" \/>\n<meta property=\"article:modified_time\" content=\"2026-01-03T14:53:56+00:00\" \/>\n<meta name=\"twitter:card\" content=\"summary_large_image\" \/>\n<meta name=\"twitter:label1\" content=\"Gesch\u00e4tzte Lesezeit\" \/>\n\t<meta name=\"twitter:data1\" content=\"4\u00a0Minuten\" \/>\n<script type=\"application\/ld+json\" class=\"yoast-schema-graph\">{\"@context\":\"https:\\\/\\\/schema.org\",\"@graph\":[{\"@type\":\"WebPage\",\"@id\":\"https:\\\/\\\/test.drspiegl.com\\\/de\\\/chirurgische-behandlungen\\\/gesicht\\\/otoplastik\\\/\",\"url\":\"https:\\\/\\\/test.drspiegl.com\\\/de\\\/chirurgische-behandlungen\\\/gesicht\\\/otoplastik\\\/\",\"name\":\"Ohren anlegen (Otoplastik) \u2013 f\u00fcr ein harmonisches Gesichtsprofil - test.drspiegl.com\",\"isPartOf\":{\"@id\":\"https:\\\/\\\/test.drspiegl.com\\\/de\\\/en\\\/home\\\/#website\"},\"datePublished\":\"2025-11-17T20:12:40+00:00\",\"dateModified\":\"2026-01-03T14:53:56+00:00\",\"breadcrumb\":{\"@id\":\"https:\\\/\\\/test.drspiegl.com\\\/de\\\/chirurgische-behandlungen\\\/gesicht\\\/otoplastik\\\/#breadcrumb\"},\"inLanguage\":\"de\",\"potentialAction\":[{\"@type\":\"ReadAction\",\"target\":[\"https:\\\/\\\/test.drspiegl.com\\\/de\\\/chirurgische-behandlungen\\\/gesicht\\\/otoplastik\\\/\"]}]},{\"@type\":\"BreadcrumbList\",\"@id\":\"https:\\\/\\\/test.drspiegl.com\\\/de\\\/chirurgische-behandlungen\\\/gesicht\\\/otoplastik\\\/#breadcrumb\",\"itemListElement\":[{\"@type\":\"ListItem\",\"position\":1,\"name\":\"Home\",\"item\":\"https:\\\/\\\/test.drspiegl.com\\\/de\\\/\"},{\"@type\":\"ListItem\",\"position\":2,\"name\":\"Chirurgische Behandlungen\",\"item\":\"https:\\\/\\\/test.drspiegl.com\\\/de\\\/chirurgische-behandlungen\\\/\"},{\"@type\":\"ListItem\",\"position\":3,\"name\":\"Gesicht\",\"item\":\"https:\\\/\\\/test.drspiegl.com\\\/de\\\/chirurgische-behandlungen\\\/gesicht\\\/\"},{\"@type\":\"ListItem\",\"position\":4,\"name\":\"Ohren anlegen (Otoplastik) \u2013 f\u00fcr ein harmonisches Gesichtsprofil\"}]},{\"@type\":\"WebSite\",\"@id\":\"https:\\\/\\\/test.drspiegl.com\\\/de\\\/en\\\/home\\\/#website\",\"url\":\"https:\\\/\\\/test.drspiegl.com\\\/de\\\/en\\\/home\\\/\",\"name\":\"test.drspiegl.com\",\"description\":\"Health Medical Theme\",\"potentialAction\":[{\"@type\":\"SearchAction\",\"target\":{\"@type\":\"EntryPoint\",\"urlTemplate\":\"https:\\\/\\\/test.drspiegl.com\\\/de\\\/en\\\/home\\\/?s={search_term_string}\"},\"query-input\":{\"@type\":\"PropertyValueSpecification\",\"valueRequired\":true,\"valueName\":\"search_term_string\"}}],\"inLanguage\":\"de\"}]}<\/script>\n<!-- \/ Yoast SEO plugin. -->","yoast_head_json":{"title":"Ohren anlegen (Otoplastik) \u2013 f\u00fcr ein harmonisches Gesichtsprofil - test.drspiegl.com","robots":{"index":"index","follow":"follow","max-snippet":"max-snippet:-1","max-image-preview":"max-image-preview:large","max-video-preview":"max-video-preview:-1"},"canonical":"https:\/\/test.drspiegl.com\/de\/chirurgische-behandlungen\/gesicht\/otoplastik\/","og_locale":"de_DE","og_type":"article","og_title":"Ohren anlegen (Otoplastik) \u2013 f\u00fcr ein harmonisches Gesichtsprofil - test.drspiegl.com","og_description":"Ohranlegeplastik in Salzburg &amp; im Tullnerfeld bei Dr. Matthias Spiegl Abstehende Ohren z\u00e4hlen zu den h\u00e4ufigsten \u00e4sthetischen Auff\u00e4lligkeiten im Gesichtsbereich \u2013 sowohl bei Kindern als auch bei Erwachsenen.Viele Betroffene empfinden ihre Ohren als st\u00f6rend oder unverh\u00e4ltnism\u00e4\u00dfig auff\u00e4llig. Ein operatives&nbsp;Ohrenanlegen (Otoplastik)&nbsp;kann hier dauerhaft Abhilfe schaffen und das Gesichtsbild deutlich harmonisieren.Das Ziel ist dabei stets ein&nbsp;nat\u00fcrliches, ausgewogenes","og_url":"https:\/\/test.drspiegl.com\/de\/chirurgische-behandlungen\/gesicht\/otoplastik\/","og_site_name":"test.drspiegl.com","article_modified_time":"2026-01-03T14:53:56+00:00","twitter_card":"summary_large_image","twitter_misc":{"Gesch\u00e4tzte Lesezeit":"4\u00a0Minuten"},"schema":{"@context":"https:\/\/schema.org","@graph":[{"@type":"WebPage","@id":"https:\/\/test.drspiegl.com\/de\/chirurgische-behandlungen\/gesicht\/otoplastik\/","url":"https:\/\/test.drspiegl.com\/de\/chirurgische-behandlungen\/gesicht\/otoplastik\/","name":"Ohren anlegen (Otoplastik) \u2013 f\u00fcr ein harmonisches Gesichtsprofil - test.drspiegl.com","isPartOf":{"@id":"https:\/\/test.drspiegl.com\/de\/en\/home\/#website"},"datePublished":"2025-11-17T20:12:40+00:00","dateModified":"2026-01-03T14:53:56+00:00","breadcrumb":{"@id":"https:\/\/test.drspiegl.com\/de\/chirurgische-behandlungen\/gesicht\/otoplastik\/#breadcrumb"},"inLanguage":"de","potentialAction":[{"@type":"ReadAction","target":["https:\/\/test.drspiegl.com\/de\/chirurgische-behandlungen\/gesicht\/otoplastik\/"]}]},{"@type":"BreadcrumbList","@id":"https:\/\/test.drspiegl.com\/de\/chirurgische-behandlungen\/gesicht\/otoplastik\/#breadcrumb","itemListElement":[{"@type":"ListItem","position":1,"name":"Home","item":"https:\/\/test.drspiegl.com\/de\/"},{"@type":"ListItem","position":2,"name":"Chirurgische Behandlungen","item":"https:\/\/test.drspiegl.com\/de\/chirurgische-behandlungen\/"},{"@type":"ListItem","position":3,"name":"Gesicht","item":"https:\/\/test.drspiegl.com\/de\/chirurgische-behandlungen\/gesicht\/"},{"@type":"ListItem","position":4,"name":"Ohren anlegen (Otoplastik) \u2013 f\u00fcr ein harmonisches Gesichtsprofil"}]},{"@type":"WebSite","@id":"https:\/\/test.drspiegl.com\/de\/en\/home\/#website","url":"https:\/\/test.drspiegl.com\/de\/en\/home\/","name":"test.drspiegl.com","description":"Health Medical Theme","potentialAction":[{"@type":"SearchAction","target":{"@type":"EntryPoint","urlTemplate":"https:\/\/test.drspiegl.com\/de\/en\/home\/?s={search_term_string}"},"query-input":{"@type":"PropertyValueSpecification","valueRequired":true,"valueName":"search_term_string"}}],"inLanguage":"de"}]}},"_links":{"self":[{"href":"https:\/\/test.drspiegl.com\/de\/wp-json\/wp\/v2\/pages\/4501","targetHints":{"allow":["GET"]}}],"collection":[{"href":"https:\/\/test.drspiegl.com\/de\/wp-json\/wp\/v2\/pages"}],"about":[{"href":"https:\/\/test.drspiegl.com\/de\/wp-json\/wp\/v2\/types\/page"}],"author":[{"embeddable":true,"href":"https:\/\/test.drspiegl.com\/de\/wp-json\/wp\/v2\/users\/1"}],"replies":[{"embeddable":true,"href":"https:\/\/test.drspiegl.com\/de\/wp-json\/wp\/v2\/comments?post=4501"}],"version-history":[{"count":2,"href":"https:\/\/test.drspiegl.com\/de\/wp-json\/wp\/v2\/pages\/4501\/revisions"}],"predecessor-version":[{"id":5457,"href":"https:\/\/test.drspiegl.com\/de\/wp-json\/wp\/v2\/pages\/4501\/revisions\/5457"}],"up":[{"embeddable":true,"href":"https:\/\/test.drspiegl.com\/de\/wp-json\/wp\/v2\/pages\/4272"}],"wp:attachment":[{"href":"https:\/\/test.drspiegl.com\/de\/wp-json\/wp\/v2\/media?parent=4501"}],"curies":[{"name":"wp","href":"https:\/\/api.w.org\/{rel}","templated":true}]}}