{"id":4525,"date":"2025-11-18T12:34:35","date_gmt":"2025-11-18T12:34:35","guid":{"rendered":"https:\/\/test.drspiegl.com\/?page_id=4525"},"modified":"2026-01-03T15:28:55","modified_gmt":"2026-01-03T15:28:55","slug":"karpaltunnelsyndrom","status":"publish","type":"page","link":"https:\/\/test.drspiegl.com\/de\/chirurgische-behandlungen\/haende\/karpaltunnelsyndrom\/","title":{"rendered":"Karpaltunnelsyndrom \u2013 Behandlung &amp; Operation in Salzburg und im Tullnerfeld"},"content":{"rendered":"\n<h1 class=\"wp-block-heading\">Schonende, ultraschallgezielte Operation unter lokaler Bet\u00e4ubung bei Dr. Matthias Spiegl<\/h1>\n\n\n\n<h3 class=\"wp-block-heading\">Was ist das Karpaltunnelsyndrom?<\/h3>\n\n\n\n<p>Das&nbsp;<strong>Karpaltunnelsyndrom (CTS)<\/strong>&nbsp;ist eine h\u00e4ufige&nbsp;<strong>Drucksch\u00e4digung des Nervus medianus<\/strong>&nbsp;im Bereich des Handgelenks. Es \u00e4u\u00dfert sich durch&nbsp;<strong>Kribbeln, Taubheitsgef\u00fchl oder Schmerzen<\/strong>&nbsp;in Daumen, Zeige- und Mittelfinger, die insbesondere nachts auftreten.<br>Im fortgeschrittenen Stadium kann es zu&nbsp;<strong>Kraftverlust<\/strong>&nbsp;und&nbsp;<strong>Muskelr\u00fcckbildung im Daumenballen<\/strong>&nbsp;kommen. Eine rechtzeitige Behandlung ist daher entscheidend, um bleibende Nervensch\u00e4den zu vermeiden.<\/p>\n\n\n\n<p><strong>Gleich zum gew\u00fcnschten Thema springen?<\/strong><\/p>\n\n\n\n<ul class=\"wp-block-list\">\n<li><a href=\"https:\/\/drspiegl.com\/brustvergroesserung\/#arten\">Moderne Behandlungsmethoden bei Dr. Spiegl<\/a><\/li>\n\n\n\n<li><a href=\"https:\/\/drspiegl.com\/brustvergroesserung\/#m%C3%B6glichkeiten\"><strong>Beratung &amp; Terminvereinbarung<\/strong><\/a><\/li>\n\n\n\n<li><a href=\"https:\/\/drspiegl.com\/brustvergroesserung\/#phasen\"><strong>Minimalinvasive Operation des Karpaltunnelsyndroms<\/strong><\/a><\/li>\n\n\n\n<li><a href=\"https:\/\/drspiegl.com\/brustvergroesserung\/#dr_spiegl\"><strong>Ablauf und Heilungsverlauf<\/strong><\/a><\/li>\n\n\n\n<li><a href=\"https:\/\/drspiegl.com\/brustvergroesserung\/#kosten\"><strong>Vorteile der ultraschallgezielten Karpaltunneloperation<\/strong><\/a><\/li>\n\n\n\n<li><a href=\"https:\/\/drspiegl.com\/brustvergroesserung\/#fragen\"><strong>Kosten &amp; Aufkl\u00e4rung<\/strong><\/a><\/li>\n\n\n\n<li><strong>Ihr Spezialist f\u00fcr Hand- und Nervenchirurgie<\/strong> in Salzburg und in Pixendorf<\/li>\n\n\n\n<li><strong>H\u00e4ufige Fragen zum Karpaltunnelsyndrom<\/strong> (FAQ)<\/li>\n<\/ul>\n\n\n\n<h2 class=\"wp-block-heading\"><strong>Moderne Behandlungsmethoden<\/strong> bei Dr. Spiegl<\/h2>\n\n\n\n<p>Je nach Stadium des Karpaltunnelsyndroms stehen\u00a0<strong>konservative und operative Therapieoptionen<\/strong>\u00a0zur Verf\u00fcgung. In leichten F\u00e4llen kann zun\u00e4chst eine\u00a0<strong>n\u00e4chtliche Handgelenksschiene<\/strong>\u00a0oder eine\u00a0<strong>Infiltrationstherapie<\/strong>\u00a0helfen, die Beschwerden zu lindern. Diese Ma\u00dfnahmen helfen aber meist nur vor\u00fcbergehend, sodass bei den meisten Karpaltunnelsyndromen eine OP, also eine operative\u00a0<strong>Druckentlastung des Medianusnervs<\/strong>, angezeigt ist.<\/p>\n\n\n\n<h2 class=\"wp-block-heading\"><strong>Beratung &amp; Terminvereinbarung<\/strong><\/h2>\n\n\n\n<p>Sollten Sie sich f\u00fcr eine Karpaltunnel-Operation interessieren k\u00f6nnen Sie sich gerne einen Beratungstermin bei Dr. Spiegl vereinbaren. Bei Ihrem ersten Termin werden dann ohne Zeitdruck Fragen gekl\u00e4rt, umfangreich beraten und eine Fotodokumentation angefertigt. Au\u00dferdem wird ein Ultraschall durchgef\u00fchrt, um festzustellen, ob Sie sich f\u00fcr die neue Operationsmethode ohne klassischen Hautschnitt eignen. Mitbringen sollten Sie auf jeden Fall alle verf\u00fcgbaren Arztbriefe (insbesondere die Befunde eines Neurologen) Ihrer Patientengeschichte. Sollten Sie sich nach Erhalt des Kostenvoranschlages f\u00fcr die Operation bei Dr. Spiegl entscheiden, so wird gemeinsam ein Termin f\u00fcr die Operation vereinbart.<\/p>\n\n\n\n<h2 class=\"wp-block-heading\"><strong>Minimalinvasive Operation des Karpaltunnelsyndroms<\/strong><\/h2>\n\n\n\n<p>Dr.\u00a0<strong>Matthias Spiegl<\/strong>\u00a0f\u00fchrt die Operation\u00a0<strong>grunds\u00e4tzlich in lokaler Bet\u00e4ubung<\/strong>\u00a0durch \u2013 schonend, schmerzfrei und ambulant.<br>Dank seiner umfangreichen Ausbildung in der\u00a0<strong>Handchirurgie<\/strong>\u00a0und moderner Technik kann der Eingriff in vielen F\u00e4llen\u00a0<strong>ultraschallgezielt und nahezu ohne Hautschnitt<\/strong>\u00a0erfolgen. <\/p>\n\n\n\n<p>Bei dieser\u00a0<strong>minimalinvasiven Methode<\/strong>\u00a0wird der\u00a0<strong>Karpalbanddurchtrennung<\/strong>\u00a0gezielt unter Ultraschallkontrolle durchgef\u00fchrt. Dadurch kann auf einen gr\u00f6\u00dferen Schnitt verzichtet werden, was die Heilung beschleunigt und die Narbenbildung minimiert. Falls aufgrund anatomischer Gegebenheiten kein Eingriff mit dem Ultraschallger\u00e4t m\u00f6glich ist wird eine &#8222;klassische&#8220; Mini-Open-Technik angewendet. Auch hier ist der Schnitt nur ca. 2,5cm lang.<\/p>\n\n\n\n<p><strong>Aktuell wird die ultraschallgezielte Operation nur in der Praxis Pixendorf durchgef\u00fchrt!<\/strong><\/p>\n\n\n\n<h2 class=\"wp-block-heading\"><strong>Ablauf und Heilungsverlauf<\/strong><\/h2>\n\n\n\n<h3 class=\"wp-block-heading\">Operationsdetails<\/h3>\n\n\n\n<ul class=\"wp-block-list\">\n<li><strong>Operationsdauer:<\/strong>&nbsp;ca. 20\u201330 Minuten<\/li>\n\n\n\n<li><strong>Bet\u00e4ubung:<\/strong>&nbsp;lokale Infiltrationsan\u00e4sthesie<\/li>\n\n\n\n<li><strong>Art des Eingriffs:<\/strong>&nbsp;ambulant<\/li>\n\n\n\n<li><strong>Technik:<\/strong>\u00a0ultraschallgezielte, minimalinvasive Operation ohne gro\u00dfen Schnitt falls anatomisch m\u00f6glich, ansonsten Mini-Open-Technik<\/li>\n<\/ul>\n\n\n\n<h3 class=\"wp-block-heading\">Heilungsphase<\/h3>\n\n\n\n<ul class=\"wp-block-list\">\n<li><strong>Arbeitsf\u00e4hig (leichte T\u00e4tigkeiten):<\/strong>&nbsp;nach ca. 3\u20135 Tagen<\/li>\n\n\n\n<li><strong>Fadenzug \/ Wundkontrolle:<\/strong>&nbsp;nach 10\u201314 Tagen<\/li>\n\n\n\n<li><strong>Belastung der Hand:<\/strong>&nbsp;allm\u00e4hlich steigerbar nach 1\u20132 Wochen<\/li>\n\n\n\n<li><strong>Endg\u00fcltiges Ergebnis:<\/strong>&nbsp;nach etwa 6\u20138 Wochen (komplette Nervenerholung kann jedoch auch ein Jahr und l\u00e4nger andauern)<\/li>\n<\/ul>\n\n\n\n<p>Patientinnen und Patienten profitieren von&nbsp;<strong>kurzer Ausfallzeit<\/strong>,&nbsp;<strong>geringer Narbenbildung<\/strong>&nbsp;und einer&nbsp;<strong>schnellen Wiederherstellung der Handfunktion<\/strong>.<\/p>\n\n\n\n<h2 class=\"wp-block-heading\"><strong>Vorteile der ultraschallgezielten Karpaltunneloperation<\/strong><\/h2>\n\n\n\n<ul class=\"wp-block-list\">\n<li>Lokale Bet\u00e4ubung \u2013 keine Vollnarkose erforderlich<\/li>\n\n\n\n<li>Minimalinvasiv, oft ohne sichtbare Narbe<\/li>\n\n\n\n<li>Geringes Risiko f\u00fcr Wundheilungsst\u00f6rungen<\/li>\n\n\n\n<li>K\u00fcrzere Erholungszeit und weniger Schmerzen postoperativ<\/li>\n\n\n\n<li>Pr\u00e4zise, sichere Technik durch direkte Ultraschallkontrolle<\/li>\n<\/ul>\n\n\n\n<h2 class=\"wp-block-heading\"><strong>Kosten &amp; Aufkl\u00e4rung<\/strong><\/h2>\n\n\n\n<p>Die genauen Kosten der Karpaltunneloperation h\u00e4ngen von der gew\u00e4hlten Technik und dem individuellen Befund ab &#8211; in den allermeisten F\u00e4llen ist mit 2.000\u20ac zu rechnen.<br>In einem pers\u00f6nlichen Beratungsgespr\u00e4ch werden\u00a0<strong>Diagnose, Operationsmethode, Kosten, Erholungszeit und Nachsorge<\/strong>\u00a0detailliert besprochen.<br>Dr. Spiegl legt besonderen Wert auf eine\u00a0<strong>transparente und patientenzentrierte Aufkl\u00e4rung<\/strong>, damit jede Entscheidung fundiert getroffen werden kann.<\/p>\n\n\n\n<h2 class=\"wp-block-heading\"><strong>Ihr Spezialist f\u00fcr Hand- und Nervenchirurgie<\/strong> in Salzburg und in Pixendorf<\/h2>\n\n\n\n<p>Dr. Matthias Spiegl ist\u00a0<a href=\"https:\/\/drspiegl.com\/\">Facharzt f\u00fcr Plastische, Rekonstruktive und \u00c4sthetische Chirurgie<\/a>\u00a0und besitzt neben der \u00d6sterreichischen auch die Schweizer und die Britische Zulassung als Arzt. Nach seiner hochspezialisierten internationalen Ausbildung mit Stationen und England, der Schweiz und Schottland lie\u00df er sich in Salzburg und Nieder\u00f6sterreich nieder. Als zus\u00e4tzliche Qualifikation absolvierte Dr. Spiegl 2018 die Europ\u00e4ische Facharztpr\u00fcfung und darf sich \u201eFellow oft the European Board of Plastic, Reconstructive and Aesthetic Surgery\u201c (FEBOPRAS) nennen. Diese Zusatzqualifikation ist vor allem in \u00d6sterreich selten und zeichnet den Spezialisten der Sch\u00f6nheitschirurgie zus\u00e4tzlich aus. Dr. Spiegl ist Mitglied in zahlreichen nationalen und internationalen Fachgesellschaften, ein weiteres Qualit\u00e4tsmerkmal:<\/p>\n\n\n\n<ul class=\"wp-block-list\">\n<li>Internationale Gesellschaft f\u00fcr \u00c4sthetisch-Plastische Chirurgie (ISAPS)<\/li>\n\n\n\n<li>\u00d6sterreichische Gesellschaft f\u00fcr Plastische, \u00c4sthetische und Rekonstruktive Chirurgie<\/li>\n\n\n\n<li>Schweizerische Gesellschaft f\u00fcr Plastische, Rekonstruktive und \u00c4sthetische Chirurgie<\/li>\n\n\n\n<li>Fellow des European Board of Plastic, Reconstructive and Aesthetic Surgery<\/li>\n\n\n\n<li>General Medical Council (Vereinigtes K\u00f6nigreich)<\/li>\n\n\n\n<li>Fellow of the American College of Surgeons (FACS)<\/li>\n<\/ul>\n\n\n\n<h2 class=\"wp-block-heading\"><strong>H\u00e4ufige Fragen zum Karpaltunnelsyndrom<\/strong> (FAQ)<\/h2>\n\n\n\n<h3 class=\"wp-block-heading\">Ist die Operation schmerzhaft?<\/h3>\n\n\n\n<p>Nein. Die Operation erfolgt unter lokaler Bet\u00e4ubung. Der Bereich ist vollst\u00e4ndig schmerzfrei, und Patientinnen und Patienten bleiben dabei wach und ansprechbar.<\/p>\n\n\n\n<h3 class=\"wp-block-heading\">Wie lange dauert die Heilung?<\/h3>\n\n\n\n<p>Bereits nach wenigen Tagen k\u00f6nnen leichte T\u00e4tigkeiten wieder aufgenommen werden. Nach 3-4 Wochen ist die Hand meist voll belastbar. Eine komplette Regeneration des Nerven kann aber bis zu einem Jahr dauern.<\/p>\n\n\n\n<h3 class=\"wp-block-heading\">Bleibt eine Narbe zur\u00fcck?<\/h3>\n\n\n\n<p>Bei der ultraschallgezielten Methode bleibt oft&nbsp;<strong>nur eine winzige Punktnarbe<\/strong>. Bei klassischen Verfahren wird ein kleiner Schnitt von etwa 2\u20133 cm in der Handinnenfl\u00e4che gesetzt, der sp\u00e4ter kaum auff\u00e4llt.<\/p>\n\n\n\n<h3 class=\"wp-block-heading\">Kann das Karpaltunnelsyndrom wiederkehren?<\/h3>\n\n\n\n<p>In der Regel nicht, aber Rezidive sind nicht unm\u00f6glich. Nach vollst\u00e4ndiger Durchtrennung des Karpalbandes ist der Druck auf den Nerv entlastet, manchmal ist die Narbenbildung aber unvorteilhaft und Beschwerden bleiben bestehen.<\/p>\n","protected":false},"excerpt":{"rendered":"<p>Schonende, ultraschallgezielte Operation unter lokaler Bet\u00e4ubung bei Dr. Matthias Spiegl Was ist das Karpaltunnelsyndrom? Das&nbsp;Karpaltunnelsyndrom (CTS)&nbsp;ist eine h\u00e4ufige&nbsp;Drucksch\u00e4digung des Nervus medianus&nbsp;im Bereich des Handgelenks. Es \u00e4u\u00dfert sich durch&nbsp;Kribbeln, Taubheitsgef\u00fchl oder Schmerzen&nbsp;in Daumen, Zeige- und Mittelfinger, die insbesondere nachts auftreten.Im fortgeschrittenen Stadium kann es zu&nbsp;Kraftverlust&nbsp;und&nbsp;Muskelr\u00fcckbildung im Daumenballen&nbsp;kommen. Eine rechtzeitige Behandlung ist daher entscheidend, um bleibende Nervensch\u00e4den<\/p>\n","protected":false},"author":1,"featured_media":0,"parent":4277,"menu_order":0,"comment_status":"closed","ping_status":"closed","template":"","meta":{"footnotes":""},"class_list":["post-4525","page","type-page","status-publish","hentry"],"yoast_head":"<!-- This site is optimized with the Yoast SEO plugin v27.4 - https:\/\/yoast.com\/product\/yoast-seo-wordpress\/ -->\n<title>Karpaltunnelsyndrom \u2013 Behandlung &amp; Operation in Salzburg und im Tullnerfeld - test.drspiegl.com<\/title>\n<meta name=\"robots\" content=\"index, follow, max-snippet:-1, max-image-preview:large, max-video-preview:-1\" \/>\n<link rel=\"canonical\" href=\"https:\/\/test.drspiegl.com\/de\/chirurgische-behandlungen\/haende\/karpaltunnelsyndrom\/\" \/>\n<meta property=\"og:locale\" content=\"de_DE\" \/>\n<meta property=\"og:type\" content=\"article\" \/>\n<meta property=\"og:title\" content=\"Karpaltunnelsyndrom \u2013 Behandlung &amp; Operation in Salzburg und im Tullnerfeld - test.drspiegl.com\" \/>\n<meta property=\"og:description\" content=\"Schonende, ultraschallgezielte Operation unter lokaler Bet\u00e4ubung bei Dr. Matthias Spiegl Was ist das Karpaltunnelsyndrom? Das&nbsp;Karpaltunnelsyndrom (CTS)&nbsp;ist eine h\u00e4ufige&nbsp;Drucksch\u00e4digung des Nervus medianus&nbsp;im Bereich des Handgelenks. Es \u00e4u\u00dfert sich durch&nbsp;Kribbeln, Taubheitsgef\u00fchl oder Schmerzen&nbsp;in Daumen, Zeige- und Mittelfinger, die insbesondere nachts auftreten.Im fortgeschrittenen Stadium kann es zu&nbsp;Kraftverlust&nbsp;und&nbsp;Muskelr\u00fcckbildung im Daumenballen&nbsp;kommen. Eine rechtzeitige Behandlung ist daher entscheidend, um bleibende Nervensch\u00e4den\" \/>\n<meta property=\"og:url\" content=\"https:\/\/test.drspiegl.com\/de\/chirurgische-behandlungen\/haende\/karpaltunnelsyndrom\/\" \/>\n<meta property=\"og:site_name\" content=\"test.drspiegl.com\" \/>\n<meta property=\"article:modified_time\" content=\"2026-01-03T15:28:55+00:00\" \/>\n<meta name=\"twitter:card\" content=\"summary_large_image\" \/>\n<meta name=\"twitter:label1\" content=\"Gesch\u00e4tzte Lesezeit\" \/>\n\t<meta name=\"twitter:data1\" content=\"4\u00a0Minuten\" \/>\n<script type=\"application\/ld+json\" class=\"yoast-schema-graph\">{\"@context\":\"https:\\\/\\\/schema.org\",\"@graph\":[{\"@type\":\"WebPage\",\"@id\":\"https:\\\/\\\/test.drspiegl.com\\\/de\\\/chirurgische-behandlungen\\\/haende\\\/karpaltunnelsyndrom\\\/\",\"url\":\"https:\\\/\\\/test.drspiegl.com\\\/de\\\/chirurgische-behandlungen\\\/haende\\\/karpaltunnelsyndrom\\\/\",\"name\":\"Karpaltunnelsyndrom \u2013 Behandlung &amp; Operation in Salzburg und im Tullnerfeld - test.drspiegl.com\",\"isPartOf\":{\"@id\":\"https:\\\/\\\/test.drspiegl.com\\\/de\\\/en\\\/home\\\/#website\"},\"datePublished\":\"2025-11-18T12:34:35+00:00\",\"dateModified\":\"2026-01-03T15:28:55+00:00\",\"breadcrumb\":{\"@id\":\"https:\\\/\\\/test.drspiegl.com\\\/de\\\/chirurgische-behandlungen\\\/haende\\\/karpaltunnelsyndrom\\\/#breadcrumb\"},\"inLanguage\":\"de\",\"potentialAction\":[{\"@type\":\"ReadAction\",\"target\":[\"https:\\\/\\\/test.drspiegl.com\\\/de\\\/chirurgische-behandlungen\\\/haende\\\/karpaltunnelsyndrom\\\/\"]}]},{\"@type\":\"BreadcrumbList\",\"@id\":\"https:\\\/\\\/test.drspiegl.com\\\/de\\\/chirurgische-behandlungen\\\/haende\\\/karpaltunnelsyndrom\\\/#breadcrumb\",\"itemListElement\":[{\"@type\":\"ListItem\",\"position\":1,\"name\":\"Home\",\"item\":\"https:\\\/\\\/test.drspiegl.com\\\/de\\\/\"},{\"@type\":\"ListItem\",\"position\":2,\"name\":\"Chirurgische Behandlungen\",\"item\":\"https:\\\/\\\/test.drspiegl.com\\\/de\\\/chirurgische-behandlungen\\\/\"},{\"@type\":\"ListItem\",\"position\":3,\"name\":\"H\u00e4nde\",\"item\":\"https:\\\/\\\/test.drspiegl.com\\\/de\\\/chirurgische-behandlungen\\\/haende\\\/\"},{\"@type\":\"ListItem\",\"position\":4,\"name\":\"Karpaltunnelsyndrom \u2013 Behandlung &amp; Operation in Salzburg und im Tullnerfeld\"}]},{\"@type\":\"WebSite\",\"@id\":\"https:\\\/\\\/test.drspiegl.com\\\/de\\\/en\\\/home\\\/#website\",\"url\":\"https:\\\/\\\/test.drspiegl.com\\\/de\\\/en\\\/home\\\/\",\"name\":\"test.drspiegl.com\",\"description\":\"Health Medical Theme\",\"potentialAction\":[{\"@type\":\"SearchAction\",\"target\":{\"@type\":\"EntryPoint\",\"urlTemplate\":\"https:\\\/\\\/test.drspiegl.com\\\/de\\\/en\\\/home\\\/?s={search_term_string}\"},\"query-input\":{\"@type\":\"PropertyValueSpecification\",\"valueRequired\":true,\"valueName\":\"search_term_string\"}}],\"inLanguage\":\"de\"}]}<\/script>\n<!-- \/ Yoast SEO plugin. -->","yoast_head_json":{"title":"Karpaltunnelsyndrom \u2013 Behandlung &amp; Operation in Salzburg und im Tullnerfeld - test.drspiegl.com","robots":{"index":"index","follow":"follow","max-snippet":"max-snippet:-1","max-image-preview":"max-image-preview:large","max-video-preview":"max-video-preview:-1"},"canonical":"https:\/\/test.drspiegl.com\/de\/chirurgische-behandlungen\/haende\/karpaltunnelsyndrom\/","og_locale":"de_DE","og_type":"article","og_title":"Karpaltunnelsyndrom \u2013 Behandlung &amp; Operation in Salzburg und im Tullnerfeld - test.drspiegl.com","og_description":"Schonende, ultraschallgezielte Operation unter lokaler Bet\u00e4ubung bei Dr. Matthias Spiegl Was ist das Karpaltunnelsyndrom? Das&nbsp;Karpaltunnelsyndrom (CTS)&nbsp;ist eine h\u00e4ufige&nbsp;Drucksch\u00e4digung des Nervus medianus&nbsp;im Bereich des Handgelenks. Es \u00e4u\u00dfert sich durch&nbsp;Kribbeln, Taubheitsgef\u00fchl oder Schmerzen&nbsp;in Daumen, Zeige- und Mittelfinger, die insbesondere nachts auftreten.Im fortgeschrittenen Stadium kann es zu&nbsp;Kraftverlust&nbsp;und&nbsp;Muskelr\u00fcckbildung im Daumenballen&nbsp;kommen. Eine rechtzeitige Behandlung ist daher entscheidend, um bleibende Nervensch\u00e4den","og_url":"https:\/\/test.drspiegl.com\/de\/chirurgische-behandlungen\/haende\/karpaltunnelsyndrom\/","og_site_name":"test.drspiegl.com","article_modified_time":"2026-01-03T15:28:55+00:00","twitter_card":"summary_large_image","twitter_misc":{"Gesch\u00e4tzte Lesezeit":"4\u00a0Minuten"},"schema":{"@context":"https:\/\/schema.org","@graph":[{"@type":"WebPage","@id":"https:\/\/test.drspiegl.com\/de\/chirurgische-behandlungen\/haende\/karpaltunnelsyndrom\/","url":"https:\/\/test.drspiegl.com\/de\/chirurgische-behandlungen\/haende\/karpaltunnelsyndrom\/","name":"Karpaltunnelsyndrom \u2013 Behandlung &amp; Operation in Salzburg und im Tullnerfeld - test.drspiegl.com","isPartOf":{"@id":"https:\/\/test.drspiegl.com\/de\/en\/home\/#website"},"datePublished":"2025-11-18T12:34:35+00:00","dateModified":"2026-01-03T15:28:55+00:00","breadcrumb":{"@id":"https:\/\/test.drspiegl.com\/de\/chirurgische-behandlungen\/haende\/karpaltunnelsyndrom\/#breadcrumb"},"inLanguage":"de","potentialAction":[{"@type":"ReadAction","target":["https:\/\/test.drspiegl.com\/de\/chirurgische-behandlungen\/haende\/karpaltunnelsyndrom\/"]}]},{"@type":"BreadcrumbList","@id":"https:\/\/test.drspiegl.com\/de\/chirurgische-behandlungen\/haende\/karpaltunnelsyndrom\/#breadcrumb","itemListElement":[{"@type":"ListItem","position":1,"name":"Home","item":"https:\/\/test.drspiegl.com\/de\/"},{"@type":"ListItem","position":2,"name":"Chirurgische Behandlungen","item":"https:\/\/test.drspiegl.com\/de\/chirurgische-behandlungen\/"},{"@type":"ListItem","position":3,"name":"H\u00e4nde","item":"https:\/\/test.drspiegl.com\/de\/chirurgische-behandlungen\/haende\/"},{"@type":"ListItem","position":4,"name":"Karpaltunnelsyndrom \u2013 Behandlung &amp; Operation in Salzburg und im Tullnerfeld"}]},{"@type":"WebSite","@id":"https:\/\/test.drspiegl.com\/de\/en\/home\/#website","url":"https:\/\/test.drspiegl.com\/de\/en\/home\/","name":"test.drspiegl.com","description":"Health Medical Theme","potentialAction":[{"@type":"SearchAction","target":{"@type":"EntryPoint","urlTemplate":"https:\/\/test.drspiegl.com\/de\/en\/home\/?s={search_term_string}"},"query-input":{"@type":"PropertyValueSpecification","valueRequired":true,"valueName":"search_term_string"}}],"inLanguage":"de"}]}},"_links":{"self":[{"href":"https:\/\/test.drspiegl.com\/de\/wp-json\/wp\/v2\/pages\/4525","targetHints":{"allow":["GET"]}}],"collection":[{"href":"https:\/\/test.drspiegl.com\/de\/wp-json\/wp\/v2\/pages"}],"about":[{"href":"https:\/\/test.drspiegl.com\/de\/wp-json\/wp\/v2\/types\/page"}],"author":[{"embeddable":true,"href":"https:\/\/test.drspiegl.com\/de\/wp-json\/wp\/v2\/users\/1"}],"replies":[{"embeddable":true,"href":"https:\/\/test.drspiegl.com\/de\/wp-json\/wp\/v2\/comments?post=4525"}],"version-history":[{"count":2,"href":"https:\/\/test.drspiegl.com\/de\/wp-json\/wp\/v2\/pages\/4525\/revisions"}],"predecessor-version":[{"id":5459,"href":"https:\/\/test.drspiegl.com\/de\/wp-json\/wp\/v2\/pages\/4525\/revisions\/5459"}],"up":[{"embeddable":true,"href":"https:\/\/test.drspiegl.com\/de\/wp-json\/wp\/v2\/pages\/4277"}],"wp:attachment":[{"href":"https:\/\/test.drspiegl.com\/de\/wp-json\/wp\/v2\/media?parent=4525"}],"curies":[{"name":"wp","href":"https:\/\/api.w.org\/{rel}","templated":true}]}}