{"id":4579,"date":"2025-11-18T13:15:38","date_gmt":"2025-11-18T13:15:38","guid":{"rendered":"https:\/\/test.drspiegl.com\/?page_id=4579"},"modified":"2026-01-04T11:55:20","modified_gmt":"2026-01-04T11:55:20","slug":"btx-gegen-schwitzen","status":"publish","type":"page","link":"https:\/\/test.drspiegl.com\/de\/nicht-chirurgische-behandlungen\/botox\/btx-gegen-schwitzen\/","title":{"rendered":"Botox\u2122 gegen Schwitzen bei Dr. Spiegl"},"content":{"rendered":"\n<p><\/p>\n\n\n\n<p><strong>\u00dcberm\u00e4\u00dfiges Schwitzen<\/strong>, egal ob im Bereich der Achseln oder H\u00e4nde, kann f\u00fcr Betroffene zu einer&nbsp;<strong>belastenden Herausforderung<\/strong>&nbsp;werden, die ihren Alltag beeintr\u00e4chtigt. Doch dank innovativer Behandlungsmethoden wie Botox-Therapie gibt es&nbsp;<strong>wirksame L\u00f6sungen<\/strong>. In diesem Artikel werden wir uns mit der&nbsp;<strong>Anwendung von Botulinumtoxin (\u201eBotox\u201c) gegen Schwitzen<\/strong>, insbesondere bei Hyperhidrose, auseinandersetzen.<\/p>\n\n\n\n<p><strong>Hyperhidrose<\/strong>&nbsp;tritt auf, wenn das&nbsp;<strong>Schwitzen \u00fcber das normale Ma\u00df<\/strong>&nbsp;hinausgeht und das t\u00e4gliche Leben beeintr\u00e4chtigt. Wir werden uns damit besch\u00e4ftigen, wie Botox bei dieser spezifischen Form des \u00fcberm\u00e4\u00dfigen Schwitzens helfen kann und welche Ergebnisse zu erwarten sind. Au\u00dferdem erhalten Sie alle Informationen \u00fcber Ablauf und Kosten Ihrer Hyperhidrose Behandlung bei Dr. Spiegl in Salzburg.<\/p>\n\n\n\n<p><strong>Inhaltsverzeichnis:<\/strong><\/p>\n\n\n\n<ul class=\"wp-block-list\">\n<li><a href=\"https:\/\/drspiegl.com\/botox-gegen-schwitzen\/#funktionsweise\">So kann Botox gegen Schwitzen helfen<\/a><\/li>\n\n\n\n<li><a href=\"https:\/\/drspiegl.com\/botox-gegen-schwitzen\/#ablauf\">Ablauf der Hyperhidrose-Behandlung<\/a> bei Dr. Spiegl<\/li>\n\n\n\n<li><a href=\"https:\/\/drspiegl.com\/botox-gegen-schwitzen\/#kosten\">Kosten<\/a> der Botoxbehandlung gegen Schwitzen<\/li>\n\n\n\n<li><a href=\"https:\/\/drspiegl.com\/botox-gegen-schwitzen\/#eignung\">Wann eignet sich eine Botoxbehandlung gegen Schwitzen nicht?<\/a><\/li>\n\n\n\n<li>M\u00f6gliche <a href=\"https:\/\/drspiegl.com\/botox-gegen-schwitzen\/#risiken\">Risiken und Nebenwirkungen<\/a><\/li>\n\n\n\n<li><a href=\"https:\/\/drspiegl.com\/botox-gegen-schwitzen\/#dr_spiegl\">Dr. Spiegl \u2013 Ihr erfahrener Sch\u00f6nheitschirurg in Salzburg<\/a> und Nieder\u00f6sterreich<\/li>\n\n\n\n<li><a href=\"https:\/\/drspiegl.com\/botox-gegen-schwitzen\/#fragen\">Typische Fragen <\/a>zur Hyperhidrose-Behandlung mit Botox (FAQ)<\/li>\n<\/ul>\n\n\n\n<h2 class=\"wp-block-heading\">So kann eine Botox Behandlung gegen \u00fcberm\u00e4\u00dfiges Schwitzen helfen<\/h2>\n\n\n\n<p><strong>Eine Botox-Behandlung gegen \u00fcberm\u00e4\u00dfiges Schwitzen hat drei Vorteile:<\/strong><\/p>\n\n\n\n<ol class=\"wp-block-list\">\n<li><strong>Blockierung der Schwei\u00dfdr\u00fcsen<\/strong>: Botox-Injektionen blockieren vor\u00fcbergehend die Nervenimpulse, die die Schwei\u00dfdr\u00fcsen stimulieren. Dadurch wird die Schwei\u00dfproduktion in den behandelten Bereichen reduziert oder sogar gestoppt.<\/li>\n\n\n\n<li><strong>Langanhaltende Wirkung<\/strong>: Die Effekte einer Botox-Behandlung gegen Schwitzen k\u00f6nnen mehrere Monate lang anhalten, was den Betroffenen eine langfristige Linderung bietet. Oftmals wirkt die Behandlung l\u00e4nger als bei der Verwendung von Botulinumtoxin im Rahmen der&nbsp;<a href=\"https:\/\/drspiegl.com\/faltenunterspritzung\/\">Faltenunterspritzung<\/a>.<\/li>\n\n\n\n<li><strong>Minimale Nebenwirkungen<\/strong>: Im Vergleich zu anderen Behandlungsmethoden f\u00fcr \u00fcberm\u00e4\u00dfiges Schwitzen, wie etwa&nbsp;<a href=\"https:\/\/drspiegl.com\/leistungen\/\">chirurgischen Eingriffen<\/a>, sind die Nebenwirkungen von Botox in der Regel gering und vor\u00fcbergehend.<\/li>\n<\/ol>\n\n\n\n<p>Die Wirksamkeit von Botox bei der Behandlung von \u00fcberm\u00e4\u00dfigem Schwitzen ist gut erforscht und durch klinische Studien belegt. Es ist eine etablierte und weit verbreitete Methode, die von \u00c4rztinnen und \u00c4rzten auf der ganzen Welt angewendet wird.<\/p>\n\n\n\n<p><strong>Botox kann in verschiedenen Behandlungsregionen eingesetzt werden, darunter:<\/strong><\/p>\n\n\n\n<ul class=\"wp-block-list\">\n<li><strong>Achselh\u00f6hlen<\/strong>: Dies ist eine der h\u00e4ufigsten Anwendungen von Botox gegen Schwitzen, da \u00fcberm\u00e4\u00dfiges Schwitzen in den Achselh\u00f6hlen f\u00fcr viele Menschen besonders belastend ist.<\/li>\n\n\n\n<li><strong>Handfl\u00e4chen<\/strong>: \u00dcberm\u00e4\u00dfiges Schwitzen an den H\u00e4nden kann besch\u00e4mend sein und das allt\u00e4gliche Leben beeintr\u00e4chtigen. Deshalb wird Botox auch in diesem Bereich angewendet.<\/li>\n\n\n\n<li><strong>Fu\u00dfsohlen<\/strong>: Schwitzen an den Fu\u00dfsohlen kann zu unangenehmem Geruch und Feuchtigkeit f\u00fchren, weshalb Botox auch hier als Behandlungsmethode genutzt wird.<\/li>\n<\/ul>\n\n\n\n<h2 class=\"wp-block-heading\">Ablauf Ihrer Hyperhidrose-Behandlung bei Dr. Spiegl<\/h2>\n\n\n\n<p><strong>Finden Sie hier einen kurzen \u00dcberblick zur Behandlung bei Dr. Spiegl:<\/strong><\/p>\n\n\n\n<ol class=\"wp-block-list\">\n<li><strong>Ambulante Behandlung<\/strong>: Die Botox-Injektionen werden nach entsprechender \u00e4rztlicher Aufkl\u00e4rung direkt in der Praxis von Dr. Spiegl durchgef\u00fchrt, ohne dass ein station\u00e4rer Krankenhausaufenthalt erforderlich ist.<\/li>\n\n\n\n<li><strong>Anzahl der Sitzungen<\/strong>: In den meisten F\u00e4llen reicht eine einzige Sitzung aus, um die gew\u00fcnschten Ergebnisse zu erzielen. Gelegentlich kann jedoch eine Auffrischungsbehandlung erforderlich sein, insbesondere wenn die Wirkung nach einigen Monaten nachl\u00e4sst.<\/li>\n\n\n\n<li><strong>Zeit bis zur Wirkung<\/strong>: Die Wirkung der Behandlung tritt in der Regel innerhalb weniger Tage bis hin zu einer Woche ein. In einigen F\u00e4llen kann es etwas l\u00e4nger dauern, bis die volle Wirkung erreicht ist.<\/li>\n\n\n\n<li><strong>Dauer der Wirkung<\/strong>: Die Wirkung von Botox gegen \u00fcberm\u00e4\u00dfiges Schwitzen h\u00e4lt in der Regel etwa vier bis sechs Monate an. Danach ist eine erneute Behandlung erforderlich, um die Ergebnisse aufrechtzuerhalten.<\/li>\n<\/ol>\n\n\n\n<p>Nachstehend geben wir Ihnen einen Einblick in den Verlauf Ihrer Hyperhidrose Therapie. Erfahren Sie das Wichtigste zu Beratung, Untersuchung, dem Termin selbst sowie der Heilungsphase.<\/p>\n\n\n\n<h3 class=\"wp-block-heading\">Der Behandlungstag<\/h3>\n\n\n\n<p>Vor dem Termin ist Ihrerseits keine spezielle Vorbereitung n\u00f6tig. W\u00e4hrend des Erstgespr\u00e4chs und der Anamnese nimmt sich Dr. Spiegl Zeit, um Ihre Erwartungen an die Behandlung zu verstehen und m\u00f6gliche Risiken zu besprechen. Sie haben nat\u00fcrlich immer die M\u00f6glichkeit, Fragen zu stellen und Bedenken zu \u00e4u\u00dfern. Die eigentliche Behandlungssitzung dauert in der Regel etwa 15 bis 30 Minuten. Das ist abh\u00e4ngig von der Anzahl der zu behandelnden Bereiche und Ihren individuellen Bed\u00fcrfnissen, vor allem, was das Schmerzempfinden betrifft. Dr. Spiegl tr\u00e4gt falls gew\u00fcnscht eine lokale Bet\u00e4ubungscreme auf, damit die Behandlung f\u00fcr Sie so schmerzarm wie nur m\u00f6glich ist.<\/p>\n\n\n\n<h3 class=\"wp-block-heading\">Nach der Behandlung<\/h3>\n\n\n\n<p>Die Heilungsphase nach einer Botox Behandlung gegen \u00fcberm\u00e4\u00dfiges Schwitzen ist in der Regel sehr kurz und die meisten Patienten k\u00f6nnen sofort zu ihren normalen Aktivit\u00e4ten zur\u00fcckkehren. Folgende Empfehlungen sind jedoch zu beachten:<\/p>\n\n\n\n<ul class=\"wp-block-list\">\n<li><strong>Nachuntersuchungen<\/strong>: \u00dcblicherweise sind keine Nachkontrollen notwendig. Wenn die Therapie nicht so erfolgreich war wie erwartet, kann im Rahmen einer Kontrolle nat\u00fcrlich nachjustiert werden.<\/li>\n\n\n\n<li><strong>Duschen<\/strong>: In der Regel ist es sicher, sofort nach der Behandlung zu duschen. Es wird jedoch empfohlen, auf aggressive Reibung oder Massage der behandelten Bereiche zu verzichten, um ein ung\u00fcnstiges Verteilen des Botulinumtoxins zu vermeiden.<\/li>\n\n\n\n<li><strong>Heben und Sport<\/strong>: Leichte k\u00f6rperliche Aktivit\u00e4t und normales Heben k\u00f6nnen in der Regel sofort nach der Behandlung wieder aufgenommen werden. Dennoch ist es empfehlenswert, anstrengende k\u00f6rperliche Aktivit\u00e4ten f\u00fcr mindestens 24 Stunden zu vermeiden.<\/li>\n\n\n\n<li><strong>Schwimmen<\/strong>: Schwimmen in chloriertem Wasser ist in der Regel unmittelbar nach der Behandlung m\u00f6glich. Jedoch wird empfohlen, auf \u00fcberm\u00e4\u00dfiges Reiben oder Massieren der behandelten Bereiche zu verzichten, um eine gleichm\u00e4\u00dfige Verteilung des Botulinumtoxins sicherzustellen.<\/li>\n\n\n\n<li><strong>Sonnenexposition<\/strong>: Direkte Sonnenexposition sollte nach der Behandlung vermieden werden, um m\u00f6gliche Nebenwirkungen wie vor\u00fcbergehende R\u00f6tungen oder Schwellungen zu minimieren. Wenn eine Sonnenexposition unvermeidlich ist, sollte ein Sonnenschutzmittel mit einem hohen Lichtschutzfaktor verwendet werden.<\/li>\n<\/ul>\n\n\n\n<h2 class=\"wp-block-heading\">Kosten der Botoxbehandlung gegen Schwitzen<\/h2>\n\n\n\n<p>Die\u00a0<strong>Kosten<\/strong>\u00a0einer Botox Behandlung gegen \u00fcberm\u00e4\u00dfiges Schwitzen sind leicht variabel, in der Regel kann man jedoch\u00a0<strong>mit ca. 520 \u20ac rechnen<\/strong>. Es kommt darauf an, ob die Achseln, die H\u00e4nde oder die F\u00fc\u00dfe behandelt werden und auch wie stark ausgepr\u00e4gt die Hyperhidrosis ist.<\/p>\n\n\n\n<h2 class=\"wp-block-heading\">Wann eignet sich eine Botoxbehandlung gegen Schwitzen nicht?<\/h2>\n\n\n\n<p>Wenn das \u00fcberm\u00e4\u00dfige Schwitzen durch&nbsp;<strong>hormonelle Probleme, Stoffwechselst\u00f6rungen oder bestimmte Medikamente<\/strong>&nbsp;verursacht wird, kann Botox&nbsp;<strong>weniger effektiv<\/strong>&nbsp;sein. Botulinumtoxin sollte au\u00dferdem&nbsp;<strong>nicht bei schwangeren oder stillenden Frauen<\/strong>&nbsp;angewendet werden, da die Sicherheit f\u00fcr das ungeborene Kind oder den S\u00e4ugling nicht ausreichend belegt ist.<br>Eine weitere Kontraindikation liegt bei&nbsp;<strong>Patienten mit neuromuskul\u00e4ren Erkrankungen<\/strong>&nbsp;wie Myasthenia gravis oder Lambert-Eaton-Syndrom vor. Hier sollte man&nbsp;<strong>auf Botulinumtoxin verzichten<\/strong>, da das Medikament ihre Symptome verschlimmern k\u00f6nnte.<\/p>\n\n\n\n<h2 class=\"wp-block-heading\">M\u00f6gliche Risiken und Nebenwirkungen<\/h2>\n\n\n\n<p>Da Botulinumtoxin mittlerweile&nbsp;<strong>\u00e4u\u00dferst gut erforscht<\/strong>&nbsp;ist, sind die m\u00f6glichen unerwarteten&nbsp;<strong>Nebenwirkungen sehr gering<\/strong>. Nach der Behandlung kann es f\u00fcr ein paar Tage zu&nbsp;<strong>Bluterg\u00fcssen und Schwellungen<\/strong>&nbsp;kommen, diese klingen aber in der Regel nach wenigen Tagen wieder ab. Taubheitsgef\u00fchle treten keine auf, unter Umst\u00e4nden kann es jedoch zu kompensatorischem Schwitzen an anderen Stellen des K\u00f6rpers kommen \u2013 dies ist jedoch sehr selten und klingt immer nach wenigen Wochen ab.<\/p>\n\n\n\n<h2 class=\"wp-block-heading\">Dr. Spiegl \u2013 Ihr erfahrener Sch\u00f6nheitschirurg in Salzburg<\/h2>\n\n\n\n<p>Dr. Spiegl ist\u00a0<strong>Facharzt f\u00fcr Plastische, Rekonstruktive und \u00c4sthetische Chirurgie<\/strong>\u00a0mit langj\u00e4hriger Erfahrung in der\u00a0<strong>Hand- und Mikrochirurgie<\/strong>.<br>Dr. Matthias Spiegl ist\u00a0<a href=\"https:\/\/drspiegl.com\/\">Facharzt f\u00fcr Plastische, Rekonstruktive und \u00c4sthetische Chirurgie<\/a>\u00a0und besitzt neben der \u00d6sterreichischen auch die Schweizer und die Britische Zulassung als Arzt. Nach seiner hochspezialisierten internationalen Ausbildung mit Stationen und England, der Schweiz und Schottland lie\u00df er sich in Salzburg und Pixendorf nieder. Seine Spezialisierung ist \u2013 unter anderem \u2013 die \u00e4sthetische Brustchirurgie, welche er auf hohem Niveau gewissenhaft und ohne Kompromisse durchf\u00fchrt.<br>Als zus\u00e4tzliche Qualifikation absolvierte Dr. Spiegl 2018 die Europ\u00e4ische Facharztpr\u00fcfung und darf sich \u201eFellow oft the European Board of Plastic, Reconstructive and Aesthetic Surgery\u201c (FEBOPRAS) nennen. Diese Zusatzqualifikation ist vor allem in \u00d6sterreich selten und zeichnet den Spezialisten der Sch\u00f6nheitschirurgie zus\u00e4tzlich aus. Dr. Spiegl ist Mitglied in zahlreichen nationalen und internationalen Fachgesellschaften, ein weiteres Qualit\u00e4tsmerkmal:<\/p>\n\n\n\n<ul class=\"wp-block-list\">\n<li>Internationale Gesellschaft f\u00fcr \u00c4sthetisch-Plastische Chirurgie (ISAPS)<\/li>\n\n\n\n<li>\u00d6sterreichische Gesellschaft f\u00fcr Plastische, \u00c4sthetische und Rekonstruktive Chirurgie<\/li>\n\n\n\n<li>Schweizerische Gesellschaft f\u00fcr Plastische, Rekonstruktive und \u00c4sthetische Chirurgie<\/li>\n\n\n\n<li>Fellow des European Board of Plastic, Reconstructive and Aesthetic Surgery<\/li>\n\n\n\n<li>General Medical Council (Vereinigtes K\u00f6nigreich)<\/li>\n\n\n\n<li>Fellow des American College of Surgeons (FACS)<\/li>\n<\/ul>\n\n\n\n<h2 class=\"wp-block-heading\">Typische Fragen meiner Patienten zur Hyperhidrose-Behandlung mit Botox (FAQ)<\/h2>\n\n\n\n<p>Hier finden Sie Antworten zu einigen Fragen meiner Patientinnen und Patienten.<\/p>\n\n\n\n<h3 class=\"wp-block-heading\">Ist die Hyperhidrose-Behandlung mit Botox schmerzhaft?<\/h3>\n\n\n\n<p>Die Hyperhidrose Behandlung mit Botox ist meist nur&nbsp;<strong>minimal<\/strong>&nbsp;schmerzhaft, vergleichbar mit kleinen Nadelstichen.<\/p>\n\n\n\n<h3 class=\"wp-block-heading\">\u00dcbernimmt die Krankenkasse die Behandlungskosten bei krankhaftem Schwitzen?<\/h3>\n\n\n\n<p><strong>In einigen F\u00e4llen<\/strong>&nbsp;\u00fcbernehmen Krankenkassen die Kosten, wenn eine medizinische Notwendigkeit besteht. Pr\u00fcfen Sie dies am besten direkt bei Ihrer Krankenkasse.<\/p>\n\n\n\n<h3 class=\"wp-block-heading\">Schwitzt man nach einer Botox Behandlung gar nicht mehr?<\/h3>\n\n\n\n<p>Nach einer Botox-Behandlung reduziert sich das Schwitzen erheblich, die&nbsp;<strong>Schwei\u00dfproduktion<\/strong>&nbsp;wird stark&nbsp;<strong>vermindert<\/strong>, aber&nbsp;<strong>nicht komplett gestoppt<\/strong>.<\/p>\n\n\n\n<h3 class=\"wp-block-heading\">Kann Hyperhidrose wieder verschwinden?<\/h3>\n\n\n\n<p>Hyperhidrose kann&nbsp;<strong>in manchen F\u00e4llen<\/strong>&nbsp;von selbst verschwinden, insbesondere wenn sie durch tempor\u00e4re Faktoren wie Stress oder hormonelle Ver\u00e4nderungen verursacht wird. H\u00e4ufig ist jedoch eine gezielte Behandlung erforderlich, um die Symptome dauerhaft zu lindern.<\/p>\n\n\n\n<h3 class=\"wp-block-heading\">Was passiert, wenn man mit der Botox Behandlung aufh\u00f6rt?<\/h3>\n\n\n\n<p>Wenn man die Botox Behandlung gegen \u00fcberm\u00e4\u00dfiges Schwitzen beendet,&nbsp;<strong>kehrt das Schwitzen<\/strong>&nbsp;in den behandelten Bereichen nach etwa 4 bis 6 Monaten wieder&nbsp;<strong>zu seinem urspr\u00fcnglichen Niveau zur\u00fcck<\/strong>. Die Wirkung von Botox ist nicht dauerhaft und erfordert regelm\u00e4\u00dfige Auffrischungen.<\/p>\n\n\n\n<h3 class=\"wp-block-heading\">Bleibt Botox im K\u00f6rper?<\/h3>\n\n\n\n<p>Botox bleibt&nbsp;<strong>nicht dauerhaft<\/strong>&nbsp;im K\u00f6rper. Es wird&nbsp;<strong>mit der Zeit abgebaut<\/strong>&nbsp;und seine Wirkung l\u00e4sst nach etwa 4 bis 6 Monaten nach. Danach sind die Nervenfunktionen und die Schwei\u00dfproduktion wieder wie zuvor.<\/p>\n","protected":false},"excerpt":{"rendered":"<p>\u00dcberm\u00e4\u00dfiges Schwitzen, egal ob im Bereich der Achseln oder H\u00e4nde, kann f\u00fcr Betroffene zu einer&nbsp;belastenden Herausforderung&nbsp;werden, die ihren Alltag beeintr\u00e4chtigt. Doch dank innovativer Behandlungsmethoden wie Botox-Therapie gibt es&nbsp;wirksame L\u00f6sungen. In diesem Artikel werden wir uns mit der&nbsp;Anwendung von Botulinumtoxin (\u201eBotox\u201c) gegen Schwitzen, insbesondere bei Hyperhidrose, auseinandersetzen. Hyperhidrose&nbsp;tritt auf, wenn das&nbsp;Schwitzen \u00fcber das normale Ma\u00df&nbsp;hinausgeht und<\/p>\n","protected":false},"author":1,"featured_media":0,"parent":4281,"menu_order":0,"comment_status":"closed","ping_status":"closed","template":"","meta":{"footnotes":""},"class_list":["post-4579","page","type-page","status-publish","hentry"],"yoast_head":"<!-- This site is optimized with the Yoast SEO plugin v27.4 - https:\/\/yoast.com\/product\/yoast-seo-wordpress\/ -->\n<title>Botox\u2122 gegen Schwitzen bei Dr. Spiegl - test.drspiegl.com<\/title>\n<meta name=\"robots\" content=\"index, follow, max-snippet:-1, max-image-preview:large, max-video-preview:-1\" \/>\n<link rel=\"canonical\" href=\"https:\/\/test.drspiegl.com\/de\/nicht-chirurgische-behandlungen\/botox\/btx-gegen-schwitzen\/\" \/>\n<meta property=\"og:locale\" content=\"de_DE\" \/>\n<meta property=\"og:type\" content=\"article\" \/>\n<meta property=\"og:title\" content=\"Botox\u2122 gegen Schwitzen bei Dr. Spiegl - test.drspiegl.com\" \/>\n<meta property=\"og:description\" content=\"\u00dcberm\u00e4\u00dfiges Schwitzen, egal ob im Bereich der Achseln oder H\u00e4nde, kann f\u00fcr Betroffene zu einer&nbsp;belastenden Herausforderung&nbsp;werden, die ihren Alltag beeintr\u00e4chtigt. Doch dank innovativer Behandlungsmethoden wie Botox-Therapie gibt es&nbsp;wirksame L\u00f6sungen. In diesem Artikel werden wir uns mit der&nbsp;Anwendung von Botulinumtoxin (\u201eBotox\u201c) gegen Schwitzen, insbesondere bei Hyperhidrose, auseinandersetzen. Hyperhidrose&nbsp;tritt auf, wenn das&nbsp;Schwitzen \u00fcber das normale Ma\u00df&nbsp;hinausgeht und\" \/>\n<meta property=\"og:url\" content=\"https:\/\/test.drspiegl.com\/de\/nicht-chirurgische-behandlungen\/botox\/btx-gegen-schwitzen\/\" \/>\n<meta property=\"og:site_name\" content=\"test.drspiegl.com\" \/>\n<meta property=\"article:modified_time\" content=\"2026-01-04T11:55:20+00:00\" \/>\n<meta name=\"twitter:card\" content=\"summary_large_image\" \/>\n<meta name=\"twitter:label1\" content=\"Gesch\u00e4tzte Lesezeit\" \/>\n\t<meta name=\"twitter:data1\" content=\"7\u00a0Minuten\" \/>\n<script type=\"application\/ld+json\" class=\"yoast-schema-graph\">{\"@context\":\"https:\\\/\\\/schema.org\",\"@graph\":[{\"@type\":\"WebPage\",\"@id\":\"https:\\\/\\\/test.drspiegl.com\\\/de\\\/nicht-chirurgische-behandlungen\\\/botox\\\/btx-gegen-schwitzen\\\/\",\"url\":\"https:\\\/\\\/test.drspiegl.com\\\/de\\\/nicht-chirurgische-behandlungen\\\/botox\\\/btx-gegen-schwitzen\\\/\",\"name\":\"Botox\u2122 gegen Schwitzen bei Dr. Spiegl - test.drspiegl.com\",\"isPartOf\":{\"@id\":\"https:\\\/\\\/test.drspiegl.com\\\/de\\\/en\\\/home\\\/#website\"},\"datePublished\":\"2025-11-18T13:15:38+00:00\",\"dateModified\":\"2026-01-04T11:55:20+00:00\",\"breadcrumb\":{\"@id\":\"https:\\\/\\\/test.drspiegl.com\\\/de\\\/nicht-chirurgische-behandlungen\\\/botox\\\/btx-gegen-schwitzen\\\/#breadcrumb\"},\"inLanguage\":\"de\",\"potentialAction\":[{\"@type\":\"ReadAction\",\"target\":[\"https:\\\/\\\/test.drspiegl.com\\\/de\\\/nicht-chirurgische-behandlungen\\\/botox\\\/btx-gegen-schwitzen\\\/\"]}]},{\"@type\":\"BreadcrumbList\",\"@id\":\"https:\\\/\\\/test.drspiegl.com\\\/de\\\/nicht-chirurgische-behandlungen\\\/botox\\\/btx-gegen-schwitzen\\\/#breadcrumb\",\"itemListElement\":[{\"@type\":\"ListItem\",\"position\":1,\"name\":\"Home\",\"item\":\"https:\\\/\\\/test.drspiegl.com\\\/de\\\/\"},{\"@type\":\"ListItem\",\"position\":2,\"name\":\"Nichtchirurgische Behandlungen\",\"item\":\"https:\\\/\\\/test.drspiegl.com\\\/de\\\/nicht-chirurgische-behandlungen\\\/\"},{\"@type\":\"ListItem\",\"position\":3,\"name\":\"Botox\u2122\",\"item\":\"https:\\\/\\\/test.drspiegl.com\\\/de\\\/nicht-chirurgische-behandlungen\\\/botox\\\/\"},{\"@type\":\"ListItem\",\"position\":4,\"name\":\"Botox\u2122 gegen Schwitzen bei Dr. Spiegl\"}]},{\"@type\":\"WebSite\",\"@id\":\"https:\\\/\\\/test.drspiegl.com\\\/de\\\/en\\\/home\\\/#website\",\"url\":\"https:\\\/\\\/test.drspiegl.com\\\/de\\\/en\\\/home\\\/\",\"name\":\"test.drspiegl.com\",\"description\":\"Health Medical Theme\",\"potentialAction\":[{\"@type\":\"SearchAction\",\"target\":{\"@type\":\"EntryPoint\",\"urlTemplate\":\"https:\\\/\\\/test.drspiegl.com\\\/de\\\/en\\\/home\\\/?s={search_term_string}\"},\"query-input\":{\"@type\":\"PropertyValueSpecification\",\"valueRequired\":true,\"valueName\":\"search_term_string\"}}],\"inLanguage\":\"de\"}]}<\/script>\n<!-- \/ Yoast SEO plugin. -->","yoast_head_json":{"title":"Botox\u2122 gegen Schwitzen bei Dr. Spiegl - test.drspiegl.com","robots":{"index":"index","follow":"follow","max-snippet":"max-snippet:-1","max-image-preview":"max-image-preview:large","max-video-preview":"max-video-preview:-1"},"canonical":"https:\/\/test.drspiegl.com\/de\/nicht-chirurgische-behandlungen\/botox\/btx-gegen-schwitzen\/","og_locale":"de_DE","og_type":"article","og_title":"Botox\u2122 gegen Schwitzen bei Dr. Spiegl - test.drspiegl.com","og_description":"\u00dcberm\u00e4\u00dfiges Schwitzen, egal ob im Bereich der Achseln oder H\u00e4nde, kann f\u00fcr Betroffene zu einer&nbsp;belastenden Herausforderung&nbsp;werden, die ihren Alltag beeintr\u00e4chtigt. Doch dank innovativer Behandlungsmethoden wie Botox-Therapie gibt es&nbsp;wirksame L\u00f6sungen. In diesem Artikel werden wir uns mit der&nbsp;Anwendung von Botulinumtoxin (\u201eBotox\u201c) gegen Schwitzen, insbesondere bei Hyperhidrose, auseinandersetzen. Hyperhidrose&nbsp;tritt auf, wenn das&nbsp;Schwitzen \u00fcber das normale Ma\u00df&nbsp;hinausgeht und","og_url":"https:\/\/test.drspiegl.com\/de\/nicht-chirurgische-behandlungen\/botox\/btx-gegen-schwitzen\/","og_site_name":"test.drspiegl.com","article_modified_time":"2026-01-04T11:55:20+00:00","twitter_card":"summary_large_image","twitter_misc":{"Gesch\u00e4tzte Lesezeit":"7\u00a0Minuten"},"schema":{"@context":"https:\/\/schema.org","@graph":[{"@type":"WebPage","@id":"https:\/\/test.drspiegl.com\/de\/nicht-chirurgische-behandlungen\/botox\/btx-gegen-schwitzen\/","url":"https:\/\/test.drspiegl.com\/de\/nicht-chirurgische-behandlungen\/botox\/btx-gegen-schwitzen\/","name":"Botox\u2122 gegen Schwitzen bei Dr. Spiegl - test.drspiegl.com","isPartOf":{"@id":"https:\/\/test.drspiegl.com\/de\/en\/home\/#website"},"datePublished":"2025-11-18T13:15:38+00:00","dateModified":"2026-01-04T11:55:20+00:00","breadcrumb":{"@id":"https:\/\/test.drspiegl.com\/de\/nicht-chirurgische-behandlungen\/botox\/btx-gegen-schwitzen\/#breadcrumb"},"inLanguage":"de","potentialAction":[{"@type":"ReadAction","target":["https:\/\/test.drspiegl.com\/de\/nicht-chirurgische-behandlungen\/botox\/btx-gegen-schwitzen\/"]}]},{"@type":"BreadcrumbList","@id":"https:\/\/test.drspiegl.com\/de\/nicht-chirurgische-behandlungen\/botox\/btx-gegen-schwitzen\/#breadcrumb","itemListElement":[{"@type":"ListItem","position":1,"name":"Home","item":"https:\/\/test.drspiegl.com\/de\/"},{"@type":"ListItem","position":2,"name":"Nichtchirurgische Behandlungen","item":"https:\/\/test.drspiegl.com\/de\/nicht-chirurgische-behandlungen\/"},{"@type":"ListItem","position":3,"name":"Botox\u2122","item":"https:\/\/test.drspiegl.com\/de\/nicht-chirurgische-behandlungen\/botox\/"},{"@type":"ListItem","position":4,"name":"Botox\u2122 gegen Schwitzen bei Dr. Spiegl"}]},{"@type":"WebSite","@id":"https:\/\/test.drspiegl.com\/de\/en\/home\/#website","url":"https:\/\/test.drspiegl.com\/de\/en\/home\/","name":"test.drspiegl.com","description":"Health Medical Theme","potentialAction":[{"@type":"SearchAction","target":{"@type":"EntryPoint","urlTemplate":"https:\/\/test.drspiegl.com\/de\/en\/home\/?s={search_term_string}"},"query-input":{"@type":"PropertyValueSpecification","valueRequired":true,"valueName":"search_term_string"}}],"inLanguage":"de"}]}},"_links":{"self":[{"href":"https:\/\/test.drspiegl.com\/de\/wp-json\/wp\/v2\/pages\/4579","targetHints":{"allow":["GET"]}}],"collection":[{"href":"https:\/\/test.drspiegl.com\/de\/wp-json\/wp\/v2\/pages"}],"about":[{"href":"https:\/\/test.drspiegl.com\/de\/wp-json\/wp\/v2\/types\/page"}],"author":[{"embeddable":true,"href":"https:\/\/test.drspiegl.com\/de\/wp-json\/wp\/v2\/users\/1"}],"replies":[{"embeddable":true,"href":"https:\/\/test.drspiegl.com\/de\/wp-json\/wp\/v2\/comments?post=4579"}],"version-history":[{"count":3,"href":"https:\/\/test.drspiegl.com\/de\/wp-json\/wp\/v2\/pages\/4579\/revisions"}],"predecessor-version":[{"id":5478,"href":"https:\/\/test.drspiegl.com\/de\/wp-json\/wp\/v2\/pages\/4579\/revisions\/5478"}],"up":[{"embeddable":true,"href":"https:\/\/test.drspiegl.com\/de\/wp-json\/wp\/v2\/pages\/4281"}],"wp:attachment":[{"href":"https:\/\/test.drspiegl.com\/de\/wp-json\/wp\/v2\/media?parent=4579"}],"curies":[{"name":"wp","href":"https:\/\/api.w.org\/{rel}","templated":true}]}}