{"id":4667,"date":"2025-11-18T17:39:10","date_gmt":"2025-11-18T17:39:10","guid":{"rendered":"https:\/\/test.drspiegl.com\/?page_id=4667"},"modified":"2026-01-09T09:44:24","modified_gmt":"2026-01-09T09:44:24","slug":"ueber-dr-spiegl","status":"publish","type":"page","link":"https:\/\/test.drspiegl.com\/de\/ueber-dr-spiegl\/","title":{"rendered":"\u00dcber Uns"},"content":{"rendered":"<div class=\"wpb-content-wrapper\"><p>[vc_row type=&#8220;full-width&#8220;][vc_column width=&#8220;1\/2&#8243;][vc_single_image image=&#8220;5247&#8243; img_size=&#8220;large-thumb&#8220; css_animation=&#8220;fadeIn&#8220; css=&#8220;&#8220;][\/vc_column][vc_column width=&#8220;1\/2&#8243;][vc_column_text css=&#8220;&#8220; el_class=&#8220;padding-left-100&#8243;]<\/p>\r\n<p><span style=\"padding-left: 20px;\">Dr. Matthias Spiegl begann seine medizinische Ausbildung an der Medizinischen Universit\u00e4t Wien und setzte diese am Krankenhaus Tulln in \u00d6sterreich fort. Am Kantonsspital St. Gallen in der Schweiz entwickelte er sich vom Assistenzarzt bis zum Facharzt und ist weiterhin als Konsiliararzt am Krankenhaus der Barmherzigen Br\u00fcder in Salzburg, \u00d6sterreich, t\u00e4tig.<br \/><!-- \/wp:post-content --><\/span><\/p>\r\n<p><!-- wp:paragraph --><span style=\"padding-left: 20px;\">Dr. Spiegl entschied sich f\u00fcr die Plastische Chirurgie aus seiner tiefen Wertsch\u00e4tzung f\u00fcr den menschlichen K\u00f6rper. Als sich ihm die M\u00f6glichkeit bot, in dieses hochkompetitive Fachgebiet in der Schweiz einzutreten, z\u00f6gerte er nicht. Gepr\u00e4gt durch ein gro\u00dfes Trauma- und Tumorzentrum absolvierte er eine umfassende Ausbildung, unter anderem in der Handchirurgie mit Spezialisierung auf die Brustchirurgie.<\/span><\/p>\r\n<p><!-- wp:paragraph --><span style=\"padding-left: 20px;\">Dr. Spiegl ist \u00fcberzeugt, dass ein erf\u00fclltes Leben ohne Kompromisse nur durch volle Hingabe an die Arbeit und das bewusste Genie\u00dfen der sch\u00f6nen Seiten des Lebens m\u00f6glich ist.<\/span><\/p>\r\n<p>[\/vc_column_text][\/vc_column][\/vc_row][vc_row type=&#8220;full-width&#8220;][vc_column width=&#8220;1\/2&#8243; el_class=&#8220;padding-right-100&#8243;][vc_column_text css=&#8220;&#8220;]<\/p>\r\n<p data-start=\"129\" data-end=\"229\">Als Ergebnis seiner unerm\u00fcdlichen Arbeitsweise geh\u00f6rt er den folgenden angesehenen Institutionen an.<\/p>\r\n<ul>\r\n<li data-start=\"231\" data-end=\"581\">International Society for Aesthetic Plastic Surgery (ISAPS)<\/li>\r\n<li data-start=\"231\" data-end=\"581\">\u00d6sterreichische Gesellschaft f\u00fcr Plastische, \u00c4sthetische und Rekonstruktive Chirurgie (\u00d6GP\u00c4RC)<\/li>\r\n<li data-start=\"231\" data-end=\"581\">SwissPlasticSurgery<\/li>\r\n<li data-start=\"231\" data-end=\"581\">Fellow des European Board of Plastic, Reconstructive and Aesthetic Surgery (FEBOPRAS)<\/li>\r\n<li data-start=\"231\" data-end=\"581\">General Medical Council (GMC)<\/li>\r\n<li data-start=\"231\" data-end=\"581\">Fellow of the American College of Surgeons (FACS)<\/li>\r\n<\/ul>\r\n<div style=\"display: flex; align-items: center; gap: 12px; flex-wrap: wrap;\">\r\n<p><iframe loading=\"lazy\" class=\"doctify-widget\" src=\"https:\/\/h3kssctze3.execute-api.eu-central-1.amazonaws.com\/production\/wv2\/average-rating-widget?language=de&amp;profileType=specialist&amp;slugs=matthias-spiegl&amp;tenantId=athena-at&amp;theme=darkNavy&amp;widgetName=average-rating-widget\" name=\"average-rating-widget\" width=\"150px\" height=\"92px\" frameborder=\"1\" scrolling=\"no\"><span data-mce-type=\"bookmark\" style=\"display: inline-block; width: 0px; overflow: hidden; line-height: 0;\" class=\"mce_SELRES_start\">\ufeff<\/span><span data-mce-type=\"bookmark\" style=\"display: inline-block; width: 0px; overflow: hidden; line-height: 0;\" class=\"mce_SELRES_start\">\ufeff<\/span><span data-mce-type=\"bookmark\" style=\"display: inline-block; width: 0px; overflow: hidden; line-height: 0;\" class=\"mce_SELRES_start\">\ufeff<\/span><span data-mce-type=\"bookmark\" style=\"display: inline-block; width: 0px; overflow: hidden; line-height: 0;\" class=\"mce_SELRES_start\">\ufeff<\/span><span data-mce-type=\"bookmark\" style=\"display: inline-block; width: 0px; overflow: hidden; line-height: 0;\" class=\"mce_SELRES_start\"><span data-mce-type=\"bookmark\" style=\"display: inline-block; width: 0px; overflow: hidden; line-height: 0;\" class=\"mce_SELRES_start\">\ufeff<\/span>\ufeff<\/span><span data-mce-type=\"bookmark\" style=\"display: inline-block; width: 0px; overflow: hidden; line-height: 0;\" class=\"mce_SELRES_start\">\ufeff<\/span> Browser doesn&#8217;t support frames<\/iframe><\/p>\r\n<p><a href=\"https:\/\/www.doctify.com\/de-at\/specialist\/matthias-spiegl\" target=\"blank\"><img loading=\"lazy\" decoding=\"async\" class=\"alignnone wp-image-4775\" style=\"width: 130px; margin: -10px 10px 0 0;\" src=\"https:\/\/test.drspiegl.com\/wp-content\/uploads\/2025\/11\/ex-1-300x174.webp\" alt=\"\" width=\"153\" height=\"89\" srcset=\"https:\/\/test.drspiegl.com\/wp-content\/uploads\/2025\/11\/ex-1-300x174.webp 300w, https:\/\/test.drspiegl.com\/wp-content\/uploads\/2025\/11\/ex-1.webp 450w\" sizes=\"auto, (max-width: 153px) 100vw, 153px\" \/><\/a><\/p>\r\n<p><a href=\"https:\/\/www.doctify.com\/de-at\/specialist\/matthias-spiegl\" target=\"blank\"><img loading=\"lazy\" decoding=\"async\" class=\"alignnone wp-image-4774\" style=\"width: 130px; margin: -10px 0 0 0;\" src=\"https:\/\/test.drspiegl.com\/wp-content\/uploads\/2025\/11\/ex-2-300x173.webp\" alt=\"\" width=\"132\" height=\"76\" srcset=\"https:\/\/test.drspiegl.com\/wp-content\/uploads\/2025\/11\/ex-2-300x173.webp 300w, https:\/\/test.drspiegl.com\/wp-content\/uploads\/2025\/11\/ex-2-768x443.webp 768w, https:\/\/test.drspiegl.com\/wp-content\/uploads\/2025\/11\/ex-2.webp 899w\" sizes=\"auto, (max-width: 132px) 100vw, 132px\" \/><\/a><\/p>\r\n<\/div>\r\n<p>[\/vc_column_text][\/vc_column][vc_column width=&#8220;1\/2&#8243;][vc_single_image image=&#8220;5246&#8243; img_size=&#8220;large-thumb&#8220; css_animation=&#8220;fadeIn&#8220; css=&#8220;&#8220;][\/vc_column][\/vc_row]<\/p><!-- \/wp:paragraph --><\/div>","protected":false},"excerpt":{"rendered":"<p>[vc_row type=&#8220;full-width&#8220;][vc_column width=&#8220;1\/2&#8243;][vc_single_image image=&#8220;5247&#8243; img_size=&#8220;large-thumb&#8220; css_animation=&#8220;fadeIn&#8220; css=&#8220;&#8220;][\/vc_column][vc_column width=&#8220;1\/2&#8243;][vc_column_text css=&#8220;&#8220; el_class=&#8220;padding-left-100&#8243;] Dr. Matthias Spiegl begann seine medizinische Ausbildung an der Medizinischen Universit\u00e4t Wien und setzte diese am Krankenhaus Tulln in \u00d6sterreich fort. Am Kantonsspital St. Gallen in der Schweiz entwickelte er sich vom Assistenzarzt bis zum Facharzt und ist weiterhin als Konsiliararzt am Krankenhaus der Barmherzigen<\/p>\n","protected":false},"author":1,"featured_media":0,"parent":0,"menu_order":0,"comment_status":"closed","ping_status":"closed","template":"","meta":{"footnotes":""},"class_list":["post-4667","page","type-page","status-publish","hentry"],"yoast_head":"<!-- This site is optimized with the Yoast SEO plugin v27.4 - https:\/\/yoast.com\/product\/yoast-seo-wordpress\/ -->\n<title>\u00dcber Uns - test.drspiegl.com<\/title>\n<meta name=\"robots\" content=\"index, follow, max-snippet:-1, max-image-preview:large, max-video-preview:-1\" \/>\n<link rel=\"canonical\" href=\"https:\/\/test.drspiegl.com\/de\/ueber-dr-spiegl\/\" \/>\n<meta property=\"og:locale\" content=\"de_DE\" \/>\n<meta property=\"og:type\" content=\"article\" \/>\n<meta property=\"og:title\" content=\"\u00dcber Uns - test.drspiegl.com\" \/>\n<meta property=\"og:description\" content=\"[vc_row type=&#8220;full-width&#8220;][vc_column width=&#8220;1\/2&#8243;][vc_single_image image=&#8220;5247&#8243; img_size=&#8220;large-thumb&#8220; css_animation=&#8220;fadeIn&#8220; css=&#8220;&#8220;][\/vc_column][vc_column width=&#8220;1\/2&#8243;][vc_column_text css=&#8220;&#8220; el_class=&#8220;padding-left-100&#8243;] Dr. Matthias Spiegl begann seine medizinische Ausbildung an der Medizinischen Universit\u00e4t Wien und setzte diese am Krankenhaus Tulln in \u00d6sterreich fort. Am Kantonsspital St. Gallen in der Schweiz entwickelte er sich vom Assistenzarzt bis zum Facharzt und ist weiterhin als Konsiliararzt am Krankenhaus der Barmherzigen\" \/>\n<meta property=\"og:url\" content=\"https:\/\/test.drspiegl.com\/de\/ueber-dr-spiegl\/\" \/>\n<meta property=\"og:site_name\" content=\"test.drspiegl.com\" \/>\n<meta property=\"article:modified_time\" content=\"2026-01-09T09:44:24+00:00\" \/>\n<meta property=\"og:image\" content=\"https:\/\/test.drspiegl.com\/wp-content\/uploads\/2025\/11\/ex-1-300x174.webp\" \/>\n<meta name=\"twitter:card\" content=\"summary_large_image\" \/>\n<meta name=\"twitter:label1\" content=\"Gesch\u00e4tzte Lesezeit\" \/>\n\t<meta name=\"twitter:data1\" content=\"2\u00a0Minuten\" \/>\n<script type=\"application\/ld+json\" class=\"yoast-schema-graph\">{\"@context\":\"https:\\\/\\\/schema.org\",\"@graph\":[{\"@type\":\"WebPage\",\"@id\":\"https:\\\/\\\/test.drspiegl.com\\\/de\\\/ueber-dr-spiegl\\\/\",\"url\":\"https:\\\/\\\/test.drspiegl.com\\\/de\\\/ueber-dr-spiegl\\\/\",\"name\":\"\u00dcber Uns - test.drspiegl.com\",\"isPartOf\":{\"@id\":\"https:\\\/\\\/test.drspiegl.com\\\/de\\\/en\\\/home\\\/#website\"},\"primaryImageOfPage\":{\"@id\":\"https:\\\/\\\/test.drspiegl.com\\\/de\\\/ueber-dr-spiegl\\\/#primaryimage\"},\"image\":{\"@id\":\"https:\\\/\\\/test.drspiegl.com\\\/de\\\/ueber-dr-spiegl\\\/#primaryimage\"},\"thumbnailUrl\":\"https:\\\/\\\/test.drspiegl.com\\\/wp-content\\\/uploads\\\/2025\\\/11\\\/ex-1-300x174.webp\",\"datePublished\":\"2025-11-18T17:39:10+00:00\",\"dateModified\":\"2026-01-09T09:44:24+00:00\",\"breadcrumb\":{\"@id\":\"https:\\\/\\\/test.drspiegl.com\\\/de\\\/ueber-dr-spiegl\\\/#breadcrumb\"},\"inLanguage\":\"de\",\"potentialAction\":[{\"@type\":\"ReadAction\",\"target\":[\"https:\\\/\\\/test.drspiegl.com\\\/de\\\/ueber-dr-spiegl\\\/\"]}]},{\"@type\":\"ImageObject\",\"inLanguage\":\"de\",\"@id\":\"https:\\\/\\\/test.drspiegl.com\\\/de\\\/ueber-dr-spiegl\\\/#primaryimage\",\"url\":\"https:\\\/\\\/test.drspiegl.com\\\/wp-content\\\/uploads\\\/2025\\\/11\\\/ex-1-300x174.webp\",\"contentUrl\":\"https:\\\/\\\/test.drspiegl.com\\\/wp-content\\\/uploads\\\/2025\\\/11\\\/ex-1-300x174.webp\"},{\"@type\":\"BreadcrumbList\",\"@id\":\"https:\\\/\\\/test.drspiegl.com\\\/de\\\/ueber-dr-spiegl\\\/#breadcrumb\",\"itemListElement\":[{\"@type\":\"ListItem\",\"position\":1,\"name\":\"Home\",\"item\":\"https:\\\/\\\/test.drspiegl.com\\\/de\\\/\"},{\"@type\":\"ListItem\",\"position\":2,\"name\":\"\u00dcber Uns\"}]},{\"@type\":\"WebSite\",\"@id\":\"https:\\\/\\\/test.drspiegl.com\\\/de\\\/en\\\/home\\\/#website\",\"url\":\"https:\\\/\\\/test.drspiegl.com\\\/de\\\/en\\\/home\\\/\",\"name\":\"test.drspiegl.com\",\"description\":\"Health Medical Theme\",\"potentialAction\":[{\"@type\":\"SearchAction\",\"target\":{\"@type\":\"EntryPoint\",\"urlTemplate\":\"https:\\\/\\\/test.drspiegl.com\\\/de\\\/en\\\/home\\\/?s={search_term_string}\"},\"query-input\":{\"@type\":\"PropertyValueSpecification\",\"valueRequired\":true,\"valueName\":\"search_term_string\"}}],\"inLanguage\":\"de\"}]}<\/script>\n<!-- \/ Yoast SEO plugin. -->","yoast_head_json":{"title":"\u00dcber Uns - test.drspiegl.com","robots":{"index":"index","follow":"follow","max-snippet":"max-snippet:-1","max-image-preview":"max-image-preview:large","max-video-preview":"max-video-preview:-1"},"canonical":"https:\/\/test.drspiegl.com\/de\/ueber-dr-spiegl\/","og_locale":"de_DE","og_type":"article","og_title":"\u00dcber Uns - test.drspiegl.com","og_description":"[vc_row type=&#8220;full-width&#8220;][vc_column width=&#8220;1\/2&#8243;][vc_single_image image=&#8220;5247&#8243; img_size=&#8220;large-thumb&#8220; css_animation=&#8220;fadeIn&#8220; css=&#8220;&#8220;][\/vc_column][vc_column width=&#8220;1\/2&#8243;][vc_column_text css=&#8220;&#8220; el_class=&#8220;padding-left-100&#8243;] Dr. Matthias Spiegl begann seine medizinische Ausbildung an der Medizinischen Universit\u00e4t Wien und setzte diese am Krankenhaus Tulln in \u00d6sterreich fort. Am Kantonsspital St. Gallen in der Schweiz entwickelte er sich vom Assistenzarzt bis zum Facharzt und ist weiterhin als Konsiliararzt am Krankenhaus der Barmherzigen","og_url":"https:\/\/test.drspiegl.com\/de\/ueber-dr-spiegl\/","og_site_name":"test.drspiegl.com","article_modified_time":"2026-01-09T09:44:24+00:00","og_image":[{"url":"https:\/\/test.drspiegl.com\/wp-content\/uploads\/2025\/11\/ex-1-300x174.webp","type":"","width":"","height":""}],"twitter_card":"summary_large_image","twitter_misc":{"Gesch\u00e4tzte Lesezeit":"2\u00a0Minuten"},"schema":{"@context":"https:\/\/schema.org","@graph":[{"@type":"WebPage","@id":"https:\/\/test.drspiegl.com\/de\/ueber-dr-spiegl\/","url":"https:\/\/test.drspiegl.com\/de\/ueber-dr-spiegl\/","name":"\u00dcber Uns - test.drspiegl.com","isPartOf":{"@id":"https:\/\/test.drspiegl.com\/de\/en\/home\/#website"},"primaryImageOfPage":{"@id":"https:\/\/test.drspiegl.com\/de\/ueber-dr-spiegl\/#primaryimage"},"image":{"@id":"https:\/\/test.drspiegl.com\/de\/ueber-dr-spiegl\/#primaryimage"},"thumbnailUrl":"https:\/\/test.drspiegl.com\/wp-content\/uploads\/2025\/11\/ex-1-300x174.webp","datePublished":"2025-11-18T17:39:10+00:00","dateModified":"2026-01-09T09:44:24+00:00","breadcrumb":{"@id":"https:\/\/test.drspiegl.com\/de\/ueber-dr-spiegl\/#breadcrumb"},"inLanguage":"de","potentialAction":[{"@type":"ReadAction","target":["https:\/\/test.drspiegl.com\/de\/ueber-dr-spiegl\/"]}]},{"@type":"ImageObject","inLanguage":"de","@id":"https:\/\/test.drspiegl.com\/de\/ueber-dr-spiegl\/#primaryimage","url":"https:\/\/test.drspiegl.com\/wp-content\/uploads\/2025\/11\/ex-1-300x174.webp","contentUrl":"https:\/\/test.drspiegl.com\/wp-content\/uploads\/2025\/11\/ex-1-300x174.webp"},{"@type":"BreadcrumbList","@id":"https:\/\/test.drspiegl.com\/de\/ueber-dr-spiegl\/#breadcrumb","itemListElement":[{"@type":"ListItem","position":1,"name":"Home","item":"https:\/\/test.drspiegl.com\/de\/"},{"@type":"ListItem","position":2,"name":"\u00dcber Uns"}]},{"@type":"WebSite","@id":"https:\/\/test.drspiegl.com\/de\/en\/home\/#website","url":"https:\/\/test.drspiegl.com\/de\/en\/home\/","name":"test.drspiegl.com","description":"Health Medical Theme","potentialAction":[{"@type":"SearchAction","target":{"@type":"EntryPoint","urlTemplate":"https:\/\/test.drspiegl.com\/de\/en\/home\/?s={search_term_string}"},"query-input":{"@type":"PropertyValueSpecification","valueRequired":true,"valueName":"search_term_string"}}],"inLanguage":"de"}]}},"_links":{"self":[{"href":"https:\/\/test.drspiegl.com\/de\/wp-json\/wp\/v2\/pages\/4667","targetHints":{"allow":["GET"]}}],"collection":[{"href":"https:\/\/test.drspiegl.com\/de\/wp-json\/wp\/v2\/pages"}],"about":[{"href":"https:\/\/test.drspiegl.com\/de\/wp-json\/wp\/v2\/types\/page"}],"author":[{"embeddable":true,"href":"https:\/\/test.drspiegl.com\/de\/wp-json\/wp\/v2\/users\/1"}],"replies":[{"embeddable":true,"href":"https:\/\/test.drspiegl.com\/de\/wp-json\/wp\/v2\/comments?post=4667"}],"version-history":[{"count":38,"href":"https:\/\/test.drspiegl.com\/de\/wp-json\/wp\/v2\/pages\/4667\/revisions"}],"predecessor-version":[{"id":5536,"href":"https:\/\/test.drspiegl.com\/de\/wp-json\/wp\/v2\/pages\/4667\/revisions\/5536"}],"wp:attachment":[{"href":"https:\/\/test.drspiegl.com\/de\/wp-json\/wp\/v2\/media?parent=4667"}],"curies":[{"name":"wp","href":"https:\/\/api.w.org\/{rel}","templated":true}]}}