{"id":5297,"date":"2025-12-29T14:08:40","date_gmt":"2025-12-29T14:08:40","guid":{"rendered":"https:\/\/test.drspiegl.com\/?page_id=5297"},"modified":"2026-01-08T11:54:45","modified_gmt":"2026-01-08T11:54:45","slug":"impressum","status":"publish","type":"page","link":"https:\/\/test.drspiegl.com\/de\/impressum\/","title":{"rendered":"Impressum"},"content":{"rendered":"<div class=\"wpb-content-wrapper\"><p>[vc_row][vc_column][vc_column_text css=&#8220;&#8220;]<\/p>\n<p data-path-to-node=\"2\"><strong>Medieninhaber und Herausgeber:<\/strong><br \/>\nDr.med.univ. Matthias Spiegl, FEBOPRAS FACS<br \/>\nAdresse 1: Reichenhallerstr. 7 5020 Salzburg (\u00d6sterreich)<br \/>\nAdresse 2: Annaweg 1, 3451 Pixendorf (\u00d6sterreich)<\/p>\n<p data-path-to-node=\"4\"><strong>Kontaktdaten:<\/strong><br \/>\nTel: +43 660 2483 816<br \/>\nE-Mail: <a href=\"mailto:o&#102;fice&#64;&#100;&#114;s&#112;&#105;&#101;&#103;l&#46;&#99;o&#109;\">o&#102;fice&#64;&#100;&#114;s&#112;&#105;&#101;&#103;l&#46;&#99;o&#109;<\/a><\/p>\n<p data-path-to-node=\"5\"><strong>Kammerzugeh\u00f6rigkeit:<\/strong><br \/>\nMitglied der \u00c4rztekammer Salzburg<br \/>\nMitglied der \u00c4rztekammer Nieder\u00f6sterreich<\/p>\n<p data-path-to-node=\"6\"><strong>Berufsbezeichnung:<\/strong><br \/>\nFacharzt f\u00fcr Plastische, Rekonstruktive und \u00c4sthetische Chirurgie<\/p>\n<p data-path-to-node=\"6\"><b>Umsatzsteuer-ID:<br \/>\n<\/b>ATU81223034<\/p>\n<p data-path-to-node=\"7\"><strong>Anwendbare Rechtsvorschriften:<\/strong><br \/>\n\u00c4rztegesetz 1998 (abrufbar unter <a href=\"http:\/\/www.ris.bka.gv.at\/\">www.ris.bka.gv.at<\/a>)<\/p>\n<p data-path-to-node=\"7\"><b>Gerichtsstand:<br \/>\n<\/b>Salzburg<\/p>\n<p>[\/vc_column_text][\/vc_column][\/vc_row]<\/p>\n<\/div>","protected":false},"excerpt":{"rendered":"<p>[vc_row][vc_column][vc_column_text css=&#8220;&#8220;] Medieninhaber und Herausgeber: Dr.med.univ. Matthias Spiegl, FEBOPRAS FACS Adresse 1: Reichenhallerstr. 7 5020 Salzburg (\u00d6sterreich) Adresse 2: Annaweg 1, 3451 Pixendorf (\u00d6sterreich) Kontaktdaten: Tel: +43 660 2483 816 E-Mail: Kammerzugeh\u00f6rigkeit: Mitglied der \u00c4rztekammer Salzburg Mitglied der \u00c4rztekammer Nieder\u00f6sterreich Berufsbezeichnung: Facharzt f\u00fcr Plastische, Rekonstruktive und \u00c4sthetische Chirurgie Umsatzsteuer-ID: ATU81223034 Anwendbare Rechtsvorschriften: \u00c4rztegesetz 1998 (abrufbar<\/p>\n","protected":false},"author":1,"featured_media":0,"parent":0,"menu_order":0,"comment_status":"closed","ping_status":"closed","template":"","meta":{"footnotes":""},"class_list":["post-5297","page","type-page","status-publish","hentry"],"yoast_head":"<!-- This site is optimized with the Yoast SEO plugin v27.4 - https:\/\/yoast.com\/product\/yoast-seo-wordpress\/ -->\n<title>Impressum - test.drspiegl.com<\/title>\n<meta name=\"robots\" content=\"index, follow, max-snippet:-1, max-image-preview:large, max-video-preview:-1\" \/>\n<link rel=\"canonical\" href=\"https:\/\/test.drspiegl.com\/de\/impressum\/\" \/>\n<meta property=\"og:locale\" content=\"de_DE\" \/>\n<meta property=\"og:type\" content=\"article\" \/>\n<meta property=\"og:title\" content=\"Impressum - test.drspiegl.com\" \/>\n<meta property=\"og:description\" content=\"[vc_row][vc_column][vc_column_text css=&#8220;&#8220;] Medieninhaber und Herausgeber: Dr.med.univ. Matthias Spiegl, FEBOPRAS FACS Adresse 1: Reichenhallerstr. 7 5020 Salzburg (\u00d6sterreich) Adresse 2: Annaweg 1, 3451 Pixendorf (\u00d6sterreich) Kontaktdaten: Tel: +43 660 2483 816 E-Mail: Kammerzugeh\u00f6rigkeit: Mitglied der \u00c4rztekammer Salzburg Mitglied der \u00c4rztekammer Nieder\u00f6sterreich Berufsbezeichnung: Facharzt f\u00fcr Plastische, Rekonstruktive und \u00c4sthetische Chirurgie Umsatzsteuer-ID: ATU81223034 Anwendbare Rechtsvorschriften: \u00c4rztegesetz 1998 (abrufbar\" \/>\n<meta property=\"og:url\" content=\"https:\/\/test.drspiegl.com\/de\/impressum\/\" \/>\n<meta property=\"og:site_name\" content=\"test.drspiegl.com\" \/>\n<meta property=\"article:modified_time\" content=\"2026-01-08T11:54:45+00:00\" \/>\n<meta name=\"twitter:card\" content=\"summary_large_image\" \/>\n<meta name=\"twitter:label1\" content=\"Gesch\u00e4tzte Lesezeit\" \/>\n\t<meta name=\"twitter:data1\" content=\"1\u00a0Minute\" \/>\n<script type=\"application\/ld+json\" class=\"yoast-schema-graph\">{\"@context\":\"https:\\\/\\\/schema.org\",\"@graph\":[{\"@type\":\"WebPage\",\"@id\":\"https:\\\/\\\/test.drspiegl.com\\\/de\\\/impressum\\\/\",\"url\":\"https:\\\/\\\/test.drspiegl.com\\\/de\\\/impressum\\\/\",\"name\":\"Impressum - test.drspiegl.com\",\"isPartOf\":{\"@id\":\"https:\\\/\\\/test.drspiegl.com\\\/de\\\/en\\\/home\\\/#website\"},\"datePublished\":\"2025-12-29T14:08:40+00:00\",\"dateModified\":\"2026-01-08T11:54:45+00:00\",\"breadcrumb\":{\"@id\":\"https:\\\/\\\/test.drspiegl.com\\\/de\\\/impressum\\\/#breadcrumb\"},\"inLanguage\":\"de\",\"potentialAction\":[{\"@type\":\"ReadAction\",\"target\":[\"https:\\\/\\\/test.drspiegl.com\\\/de\\\/impressum\\\/\"]}]},{\"@type\":\"BreadcrumbList\",\"@id\":\"https:\\\/\\\/test.drspiegl.com\\\/de\\\/impressum\\\/#breadcrumb\",\"itemListElement\":[{\"@type\":\"ListItem\",\"position\":1,\"name\":\"Home\",\"item\":\"https:\\\/\\\/test.drspiegl.com\\\/de\\\/\"},{\"@type\":\"ListItem\",\"position\":2,\"name\":\"Impressum\"}]},{\"@type\":\"WebSite\",\"@id\":\"https:\\\/\\\/test.drspiegl.com\\\/de\\\/en\\\/home\\\/#website\",\"url\":\"https:\\\/\\\/test.drspiegl.com\\\/de\\\/en\\\/home\\\/\",\"name\":\"test.drspiegl.com\",\"description\":\"Health Medical Theme\",\"potentialAction\":[{\"@type\":\"SearchAction\",\"target\":{\"@type\":\"EntryPoint\",\"urlTemplate\":\"https:\\\/\\\/test.drspiegl.com\\\/de\\\/en\\\/home\\\/?s={search_term_string}\"},\"query-input\":{\"@type\":\"PropertyValueSpecification\",\"valueRequired\":true,\"valueName\":\"search_term_string\"}}],\"inLanguage\":\"de\"}]}<\/script>\n<!-- \/ Yoast SEO plugin. -->","yoast_head_json":{"title":"Impressum - test.drspiegl.com","robots":{"index":"index","follow":"follow","max-snippet":"max-snippet:-1","max-image-preview":"max-image-preview:large","max-video-preview":"max-video-preview:-1"},"canonical":"https:\/\/test.drspiegl.com\/de\/impressum\/","og_locale":"de_DE","og_type":"article","og_title":"Impressum - test.drspiegl.com","og_description":"[vc_row][vc_column][vc_column_text css=&#8220;&#8220;] Medieninhaber und Herausgeber: Dr.med.univ. Matthias Spiegl, FEBOPRAS FACS Adresse 1: Reichenhallerstr. 7 5020 Salzburg (\u00d6sterreich) Adresse 2: Annaweg 1, 3451 Pixendorf (\u00d6sterreich) Kontaktdaten: Tel: +43 660 2483 816 E-Mail: Kammerzugeh\u00f6rigkeit: Mitglied der \u00c4rztekammer Salzburg Mitglied der \u00c4rztekammer Nieder\u00f6sterreich Berufsbezeichnung: Facharzt f\u00fcr Plastische, Rekonstruktive und \u00c4sthetische Chirurgie Umsatzsteuer-ID: ATU81223034 Anwendbare Rechtsvorschriften: \u00c4rztegesetz 1998 (abrufbar","og_url":"https:\/\/test.drspiegl.com\/de\/impressum\/","og_site_name":"test.drspiegl.com","article_modified_time":"2026-01-08T11:54:45+00:00","twitter_card":"summary_large_image","twitter_misc":{"Gesch\u00e4tzte Lesezeit":"1\u00a0Minute"},"schema":{"@context":"https:\/\/schema.org","@graph":[{"@type":"WebPage","@id":"https:\/\/test.drspiegl.com\/de\/impressum\/","url":"https:\/\/test.drspiegl.com\/de\/impressum\/","name":"Impressum - test.drspiegl.com","isPartOf":{"@id":"https:\/\/test.drspiegl.com\/de\/en\/home\/#website"},"datePublished":"2025-12-29T14:08:40+00:00","dateModified":"2026-01-08T11:54:45+00:00","breadcrumb":{"@id":"https:\/\/test.drspiegl.com\/de\/impressum\/#breadcrumb"},"inLanguage":"de","potentialAction":[{"@type":"ReadAction","target":["https:\/\/test.drspiegl.com\/de\/impressum\/"]}]},{"@type":"BreadcrumbList","@id":"https:\/\/test.drspiegl.com\/de\/impressum\/#breadcrumb","itemListElement":[{"@type":"ListItem","position":1,"name":"Home","item":"https:\/\/test.drspiegl.com\/de\/"},{"@type":"ListItem","position":2,"name":"Impressum"}]},{"@type":"WebSite","@id":"https:\/\/test.drspiegl.com\/de\/en\/home\/#website","url":"https:\/\/test.drspiegl.com\/de\/en\/home\/","name":"test.drspiegl.com","description":"Health Medical Theme","potentialAction":[{"@type":"SearchAction","target":{"@type":"EntryPoint","urlTemplate":"https:\/\/test.drspiegl.com\/de\/en\/home\/?s={search_term_string}"},"query-input":{"@type":"PropertyValueSpecification","valueRequired":true,"valueName":"search_term_string"}}],"inLanguage":"de"}]}},"_links":{"self":[{"href":"https:\/\/test.drspiegl.com\/de\/wp-json\/wp\/v2\/pages\/5297","targetHints":{"allow":["GET"]}}],"collection":[{"href":"https:\/\/test.drspiegl.com\/de\/wp-json\/wp\/v2\/pages"}],"about":[{"href":"https:\/\/test.drspiegl.com\/de\/wp-json\/wp\/v2\/types\/page"}],"author":[{"embeddable":true,"href":"https:\/\/test.drspiegl.com\/de\/wp-json\/wp\/v2\/users\/1"}],"replies":[{"embeddable":true,"href":"https:\/\/test.drspiegl.com\/de\/wp-json\/wp\/v2\/comments?post=5297"}],"version-history":[{"count":8,"href":"https:\/\/test.drspiegl.com\/de\/wp-json\/wp\/v2\/pages\/5297\/revisions"}],"predecessor-version":[{"id":5520,"href":"https:\/\/test.drspiegl.com\/de\/wp-json\/wp\/v2\/pages\/5297\/revisions\/5520"}],"wp:attachment":[{"href":"https:\/\/test.drspiegl.com\/de\/wp-json\/wp\/v2\/media?parent=5297"}],"curies":[{"name":"wp","href":"https:\/\/api.w.org\/{rel}","templated":true}]}}