{"id":4351,"date":"2025-11-17T16:59:00","date_gmt":"2025-11-17T16:59:00","guid":{"rendered":"https:\/\/test.drspiegl.com\/_trattamenti\/trattamenti-chirurgici\/seno\/aumento-del-seno-con-grasso-autologo\/"},"modified":"2026-04-11T20:11:22","modified_gmt":"2026-04-11T20:11:22","slug":"aumento-del-seno-con-grasso-autologo","status":"publish","type":"page","link":"https:\/\/test.drspiegl.com\/it\/trattamenti-chirurgici\/seno\/aumento-del-seno-con-grasso-autologo\/","title":{"rendered":"Aumento del seno con grasso autologo"},"content":{"rendered":"<div class=\"wpb-content-wrapper\"><p>[vc_row][vc_column][vc_column_text css=&#8221;&#8221;]<\/p>\n<h1><img loading=\"lazy\" decoding=\"async\" class=\"wp-image-5732 size-medicenter-gallery-image alignright img-articles\" style=\"box-shadow: 0 5px 15px rgba(0,0,0,0.05), 0 15px 35px rgba(0,0,0,0.1), 0 30px 60px rgba(0,0,0,0.15); filter: brightness(1.02) contrast(1.02);\" src=\"https:\/\/test.drspiegl.com\/wp-content\/uploads\/2026\/02\/bf-683x1024.webp\" alt=\"\" width=\"683\" height=\"1024\" srcset=\"https:\/\/test.drspiegl.com\/wp-content\/uploads\/2026\/02\/bf-683x1024.webp 683w, https:\/\/test.drspiegl.com\/wp-content\/uploads\/2026\/02\/bf-200x300.webp 200w, https:\/\/test.drspiegl.com\/wp-content\/uploads\/2026\/02\/bf-768x1152.webp 768w, https:\/\/test.drspiegl.com\/wp-content\/uploads\/2026\/02\/bf.webp 800w\" sizes=\"auto, (max-width: 683px) 100vw, 683px\" \/>Aumento del seno con grasso autologo (Lipofilling)<\/h1>\n<p>L\u2019aumento del seno con grasso autologo \u00e8 stato descritto per la prima volta nel 1987, sebbene il principio del lipotrasferimento \u2013 ossia il trapianto di tessuto adiposo autologo da una regione corporea a un\u2019altra \u2013 sia noto da oltre 120 anni. La metodica si \u00e8 realmente affermata solo negli ultimi 20 anni, dopo che studi su larga scala ne hanno dimostrato efficacia e sicurezza. Il cosiddetto \u201clipofilling\u201d del seno rappresenta la tecnica pi\u00f9 naturale tra le metodiche chirurgiche di aumento mammario attualmente disponibili; tuttavia, non \u00e8 indicato per tutte le conformazioni mammarie e per tutte le pazienti.<\/p>\n<h3>Vai direttamente all\u2019argomento desiderato?<\/h3>\n<ul>\n<li><a href=\"#was\">Che cos\u2019\u00e8 l\u2019aumento del seno con grasso autologo?<\/a><\/li>\n<li><a href=\"#funktion\">Come funziona l\u2019aumento del seno con grasso autologo?<\/a><\/li>\n<li><a href=\"#kandidatin\">Chi \u00e8 candidata ideale per l\u2019aumento con grasso autologo?<\/a><\/li>\n<li><a href=\"#beratung\">Consulenza, costi e disposizioni legali<\/a><\/li>\n<li><a href=\"#durchfuehrung\">Svolgimento dell\u2019intervento e decorso post-operatorio<\/a><\/li>\n<li><a href=\"#spiegl\">Dr. Spiegl \u2013 chirurgo estetico esperto<\/a><\/li>\n<li><a href=\"#faq\">Domande frequenti (FAQ)<\/a><\/li>\n<\/ul>\n<h2 id=\"was\">Che cos\u2019\u00e8 l\u2019aumento del seno con grasso autologo?<\/h2>\n<p>Nell\u2019aumento del seno con grasso autologo, detto anche lipofilling, il tessuto adiposo prelevato da un\u2019altra area del corpo viene iniettato nel seno. Il risultato \u00e8 completamente naturale e stabile dopo la fase di guarigione; non sono previste complicanze a lungo termine. Questo rappresenta un vantaggio significativo rispetto all\u2019aumento mammario con protesi, poich\u00e9 le protesi costituiscono sempre un materiale estraneo che pu\u00f2 danneggiarsi o andare incontro a capsulazione \u2013 sebbene le protesi di ultima generazione siano estremamente sicure e affidabili.<\/p>\n<h2 id=\"funktion\">Come funziona l\u2019aumento del seno con grasso autologo?<\/h2>\n<p>Nel lipofilling, la zona donatrice viene inizialmente preparata con una speciale soluzione a base acquosa prima dell\u2019aspirazione del grasso. Tale soluzione contiene, tra l\u2019altro, un anestetico locale e adrenalina, al fine di ridurre sanguinamento e dolore. Il grasso viene quindi aspirato attraverso piccole incisioni di circa 3\u20134 mm mediante una cannula smussa. Il tessuto adiposo prelevato viene successivamente purificato e trattato in modo specifico per massimizzare l\u2019attecchimento del grasso nel seno.<\/p>\n<p>\u00c8 prevedibile che circa il 20% del grasso trasferito venga riassorbito dall\u2019organismo; per questo motivo si effettua spesso una lieve ipercorrezione. La quantit\u00e0 totale di grasso trasferibile in una singola seduta \u00e8 generalmente limitata da fattori anatomici. Come regola generale, \u00e8 possibile ottenere un aumento di circa una taglia di coppa.<\/p>\n<p>Qualora si desideri un aumento pi\u00f9 significativo, ci\u00f2 pu\u00f2 essere ottenuto tramite pi\u00f9 interventi oppure mediante una preparazione preoperatoria della durata di circa quattro settimane con un espansore tissutale a vuoto simile a un reggiseno (BRAVA\u00a9). Il dispositivo BRAVA\u00a9 deve essere indossato almeno 10 ore al giorno; aumenta significativamente la vascolarizzazione del seno, condizione fondamentale per consentire l\u2019attecchimento sicuro di maggiori quantit\u00e0 di grasso. Inoltre, il dispositivo provoca un leggero aumento e una pre-espansione del seno, creando condizioni ideali per l\u2019intervento.<\/p>\n<h2 id=\"kandidatin\"><img loading=\"lazy\" decoding=\"async\" class=\"wp-image-5733 size-medicenter-gallery-image alignleft img-articles\" style=\"box-shadow: 0 5px 15px rgba(0,0,0,0.05), 0 15px 35px rgba(0,0,0,0.1), 0 30px 60px rgba(0,0,0,0.15); filter: brightness(1.02) contrast(1.02);\" src=\"https:\/\/test.drspiegl.com\/wp-content\/uploads\/2026\/02\/bf2-670x446.webp\" alt=\"\" width=\"670\" height=\"446\" srcset=\"https:\/\/test.drspiegl.com\/wp-content\/uploads\/2026\/02\/bf2-670x446.webp 670w, https:\/\/test.drspiegl.com\/wp-content\/uploads\/2026\/02\/bf2-300x200.webp 300w, https:\/\/test.drspiegl.com\/wp-content\/uploads\/2026\/02\/bf2-768x512.webp 768w, https:\/\/test.drspiegl.com\/wp-content\/uploads\/2026\/02\/bf2-600x400.webp 600w, https:\/\/test.drspiegl.com\/wp-content\/uploads\/2026\/02\/bf2-480x320.webp 480w, https:\/\/test.drspiegl.com\/wp-content\/uploads\/2026\/02\/bf2-390x260.webp 390w, https:\/\/test.drspiegl.com\/wp-content\/uploads\/2026\/02\/bf2-285x190.webp 285w, https:\/\/test.drspiegl.com\/wp-content\/uploads\/2026\/02\/bf2.webp 800w\" sizes=\"auto, (max-width: 670px) 100vw, 670px\" \/>Chi \u00e8 candidata ideale per l\u2019aumento del seno con grasso autologo?<\/h2>\n<p>La candidata ideale presenta un seno ben conformato e non eccessivamente ptosico, oltre a disporre di adeguate aree corporee con sufficiente tessuto adiposo per il prelievo. Poich\u00e9 la quantit\u00e0 di grasso necessaria per il lipofilling mammario non \u00e8 elevata, anche pazienti magre possono spesso soddisfare i requisiti per l\u2019intervento.<\/p>\n<h2 id=\"beratung\">Consulenza, costi e disposizioni legali<\/h2>\n<p>Se \u00e8 interessata a un aumento del seno con grasso autologo, pu\u00f2 fissare un appuntamento di consulenza con il Dr. Spiegl. Durante il primo incontro verranno chiariti tutti i dubbi senza limiti di tempo, verr\u00e0 fornita una consulenza approfondita e verr\u00e0 effettuata una documentazione fotografica. \u00c8 consigliabile portare con s\u00e9 tutta la documentazione medica disponibile relativa alla propria storia clinica.<\/p>\n<p>Dopo aver ricevuto il preventivo (il costo dell\u2019aumento con grasso autologo \u00e8 di 5.900 \u20ac comprensivi di anestesia e degenza) e aver deciso di procedere, verr\u00e0 concordata la data dell\u2019intervento. In Austria, per legge, devono trascorrere due settimane tra il colloquio informativo e la firma del consenso all\u2019intervento.<\/p>\n<h2 id=\"durchfuehrung\">Svolgimento dell\u2019intervento e decorso post-operatorio<\/h2>\n<p>L\u2019intervento viene eseguito dal Dr. Spiegl in un centro altamente attrezzato, dove pu\u00f2 contare su standard qualitativi elevatissimi e su un\u2019\u00e9quipe consolidata. Questo rappresenta un ulteriore e importante elemento di sicurezza. La procedura dura circa un\u2019ora e viene effettuata in anestesia generale.<\/p>\n<p>Dopo l\u2019intervento, per sei settimane non dovrebbe essere indossato alcun reggiseno o soltanto un reggiseno molto leggero, al fine di favorire l\u2019attecchimento del tessuto adiposo. Contemporaneamente, le aree donatrici devono essere sostenute mediante indumenti compressivi.<\/p>\n<p>Il decorso post-operatorio dopo lipofilling mammario \u00e8 generalmente il seguente:<\/p>\n<ul>\n<li><strong>Ritorno al lavoro:<\/strong> generalmente dopo 1 settimana<\/li>\n<li><strong>Attivit\u00e0 sportiva:<\/strong> con cautela dopo circa 4 settimane<\/li>\n<li><strong>Risultato definitivo:<\/strong> dopo circa 3\u20136 mesi<\/li>\n<\/ul>\n<h2 id=\"spiegl\"><img loading=\"lazy\" decoding=\"async\" class=\"wp-image-5734 size-medicenter-gallery-image alignright img-articles\" style=\"box-shadow: 0 5px 15px rgba(0,0,0,0.05), 0 15px 35px rgba(0,0,0,0.1), 0 30px 60px rgba(0,0,0,0.15); filter: brightness(1.02) contrast(1.02);\" src=\"https:\/\/test.drspiegl.com\/wp-content\/uploads\/2026\/02\/bf3-670x446.webp\" alt=\"\" width=\"670\" height=\"446\" srcset=\"https:\/\/test.drspiegl.com\/wp-content\/uploads\/2026\/02\/bf3-670x446.webp 670w, https:\/\/test.drspiegl.com\/wp-content\/uploads\/2026\/02\/bf3-600x400.webp 600w, https:\/\/test.drspiegl.com\/wp-content\/uploads\/2026\/02\/bf3-480x320.webp 480w, https:\/\/test.drspiegl.com\/wp-content\/uploads\/2026\/02\/bf3-390x260.webp 390w, https:\/\/test.drspiegl.com\/wp-content\/uploads\/2026\/02\/bf3-285x190.webp 285w\" sizes=\"auto, (max-width: 670px) 100vw, 670px\" \/>Dr. Spiegl \u2013 chirurgo estetico esperto a Salisburgo e in Bassa Austria<\/h2>\n<p>Il Dr. Matthias Spiegl \u00e8 specialista in Chirurgia Plastica, Ricostruttiva ed Estetica ed \u00e8 abilitato all\u2019esercizio della professione medica in Austria, Svizzera e Regno Unito. Dopo una formazione altamente specializzata con esperienze in Inghilterra, Svizzera e Scozia, ha stabilito la propria attivit\u00e0 a Salisburgo e Tulln. Tra le sue aree di specializzazione figura la chirurgia estetica del seno, che esegue con elevati standard qualitativi e massima precisione.<\/p>\n<p>Nel 2018 ha superato l\u2019esame europeo di specializzazione ottenendo il titolo di \u201cFellow of the European Board of Plastic, Reconstructive and Aesthetic Surgery\u201d (FEBOPRAS), una qualifica rara in Austria che sottolinea ulteriormente la sua competenza specialistica.<\/p>\n<p>&nbsp;<\/p>\n<p>&nbsp;<\/p>\n<ul>\n<li>Societ\u00e0 Internazionale di Chirurgia Plastica Estetica (ISAPS)<\/li>\n<li>Societ\u00e0 Austriaca di Chirurgia Plastica, Estetica e Ricostruttiva<\/li>\n<li>Societ\u00e0 Svizzera di Chirurgia Plastica, Ricostruttiva ed Estetica<\/li>\n<li>Fellow del European Board of Plastic, Reconstructive and Aesthetic Surgery<\/li>\n<li>General Medical Council (Regno Unito)<\/li>\n<li>Fellow dell\u2019American College of Surgeons (FACS)<\/li>\n<\/ul>\n<h2 id=\"faq\">Domande frequenti (FAQ)<\/h2>\n<h3>Quanto dura il risultato dell\u2019aumento del seno con grasso autologo?<\/h3>\n<p>Il tessuto adiposo attecchito rimane in modo permanente e si comporta come normale grasso mammario.<\/p>\n<h3>Il grasso trasferito pu\u00f2 ridursi o scomparire nel tempo?<\/h3>\n<p>\u00c8 previsto soltanto il riassorbimento iniziale di circa il 20% del grasso trasferito. Successivamente il risultato rimane stabile nel lungo periodo.<\/p>\n<h3>L\u2019aumento del seno con grasso autologo \u00e8 sicuro?<\/h3>\n<p>S\u00ec, se eseguito con tecnica corretta ed esperienza adeguata, il lipofilling \u00e8 considerato una metodica molto sicura.<\/p>\n<h3>\u00c8 possibile allattare dopo l\u2019intervento?<\/h3>\n<p>Nella maggior parte dei casi s\u00ec, poich\u00e9 ghiandole mammarie e dotti galattofori rimangono integri.<\/p>\n<h3>Sono presenti cicatrici visibili?<\/h3>\n<p>Le incisioni sono molto piccole (3\u20134 mm) e generalmente guariscono in modo poco evidente.<\/p>\n<h3>\u00c8 possibile combinare il lipofilling con protesi?<\/h3>\n<p>S\u00ec, in determinati casi il grasso autologo pu\u00f2 essere utilizzato come complemento alle protesi mammarie.[\/vc_column_text][\/vc_column][\/vc_row]<\/p>\n<\/div>","protected":false},"excerpt":{"rendered":"<p>[vc_row][vc_column][vc_column_text css=&#8221;&#8221;] Aumento del seno con grasso autologo (Lipofilling) L\u2019aumento del seno con grasso autologo \u00e8 stato descritto per la prima volta nel 1987, sebbene il principio del lipotrasferimento \u2013 ossia il trapianto di tessuto adiposo autologo da una regione corporea a un\u2019altra \u2013 sia noto da oltre 120 anni. La metodica si \u00e8 realmente<\/p>\n","protected":false},"author":1,"featured_media":0,"parent":4265,"menu_order":0,"comment_status":"closed","ping_status":"closed","template":"","meta":{"footnotes":""},"class_list":["post-4351","page","type-page","status-publish","hentry"],"yoast_head":"<!-- This site is optimized with the Yoast SEO plugin v27.4 - https:\/\/yoast.com\/product\/yoast-seo-wordpress\/ -->\n<title>Aumento del seno con grasso autologo - test.drspiegl.com<\/title>\n<meta name=\"robots\" content=\"index, follow, max-snippet:-1, max-image-preview:large, max-video-preview:-1\" \/>\n<link rel=\"canonical\" href=\"https:\/\/test.drspiegl.com\/it\/trattamenti-chirurgici\/seno\/aumento-del-seno-con-grasso-autologo\/\" \/>\n<meta property=\"og:locale\" content=\"it_IT\" \/>\n<meta property=\"og:type\" content=\"article\" \/>\n<meta property=\"og:title\" content=\"Aumento del seno con grasso autologo - test.drspiegl.com\" \/>\n<meta property=\"og:description\" content=\"[vc_row][vc_column][vc_column_text css=&#8221;&#8221;] Aumento del seno con grasso autologo (Lipofilling) L\u2019aumento del seno con grasso autologo \u00e8 stato descritto per la prima volta nel 1987, sebbene il principio del lipotrasferimento \u2013 ossia il trapianto di tessuto adiposo autologo da una regione corporea a un\u2019altra \u2013 sia noto da oltre 120 anni. La metodica si \u00e8 realmente\" \/>\n<meta property=\"og:url\" content=\"https:\/\/test.drspiegl.com\/it\/trattamenti-chirurgici\/seno\/aumento-del-seno-con-grasso-autologo\/\" \/>\n<meta property=\"og:site_name\" content=\"test.drspiegl.com\" \/>\n<meta property=\"article:modified_time\" content=\"2026-04-11T20:11:22+00:00\" \/>\n<meta property=\"og:image\" content=\"https:\/\/test.drspiegl.com\/wp-content\/uploads\/2026\/02\/bf.webp\" \/>\n\t<meta property=\"og:image:width\" content=\"800\" \/>\n\t<meta property=\"og:image:height\" content=\"1200\" \/>\n\t<meta property=\"og:image:type\" content=\"image\/webp\" \/>\n<meta name=\"twitter:card\" content=\"summary_large_image\" \/>\n<meta name=\"twitter:label1\" content=\"Tempo di lettura stimato\" \/>\n\t<meta name=\"twitter:data1\" content=\"6 minuti\" \/>\n<script type=\"application\/ld+json\" class=\"yoast-schema-graph\">{\"@context\":\"https:\\\/\\\/schema.org\",\"@graph\":[{\"@type\":\"WebPage\",\"@id\":\"https:\\\/\\\/test.drspiegl.com\\\/it\\\/trattamenti-chirurgici\\\/seno\\\/aumento-del-seno-con-grasso-autologo\\\/\",\"url\":\"https:\\\/\\\/test.drspiegl.com\\\/it\\\/trattamenti-chirurgici\\\/seno\\\/aumento-del-seno-con-grasso-autologo\\\/\",\"name\":\"Aumento del seno con grasso autologo - test.drspiegl.com\",\"isPartOf\":{\"@id\":\"https:\\\/\\\/test.drspiegl.com\\\/it\\\/en\\\/home\\\/#website\"},\"primaryImageOfPage\":{\"@id\":\"https:\\\/\\\/test.drspiegl.com\\\/it\\\/trattamenti-chirurgici\\\/seno\\\/aumento-del-seno-con-grasso-autologo\\\/#primaryimage\"},\"image\":{\"@id\":\"https:\\\/\\\/test.drspiegl.com\\\/it\\\/trattamenti-chirurgici\\\/seno\\\/aumento-del-seno-con-grasso-autologo\\\/#primaryimage\"},\"thumbnailUrl\":\"https:\\\/\\\/test.drspiegl.com\\\/wp-content\\\/uploads\\\/2026\\\/02\\\/bf-683x1024.webp\",\"datePublished\":\"2025-11-17T16:59:00+00:00\",\"dateModified\":\"2026-04-11T20:11:22+00:00\",\"breadcrumb\":{\"@id\":\"https:\\\/\\\/test.drspiegl.com\\\/it\\\/trattamenti-chirurgici\\\/seno\\\/aumento-del-seno-con-grasso-autologo\\\/#breadcrumb\"},\"inLanguage\":\"it-IT\",\"potentialAction\":[{\"@type\":\"ReadAction\",\"target\":[\"https:\\\/\\\/test.drspiegl.com\\\/it\\\/trattamenti-chirurgici\\\/seno\\\/aumento-del-seno-con-grasso-autologo\\\/\"]}]},{\"@type\":\"ImageObject\",\"inLanguage\":\"it-IT\",\"@id\":\"https:\\\/\\\/test.drspiegl.com\\\/it\\\/trattamenti-chirurgici\\\/seno\\\/aumento-del-seno-con-grasso-autologo\\\/#primaryimage\",\"url\":\"https:\\\/\\\/test.drspiegl.com\\\/wp-content\\\/uploads\\\/2026\\\/02\\\/bf-683x1024.webp\",\"contentUrl\":\"https:\\\/\\\/test.drspiegl.com\\\/wp-content\\\/uploads\\\/2026\\\/02\\\/bf-683x1024.webp\"},{\"@type\":\"BreadcrumbList\",\"@id\":\"https:\\\/\\\/test.drspiegl.com\\\/it\\\/trattamenti-chirurgici\\\/seno\\\/aumento-del-seno-con-grasso-autologo\\\/#breadcrumb\",\"itemListElement\":[{\"@type\":\"ListItem\",\"position\":1,\"name\":\"Home\",\"item\":\"https:\\\/\\\/test.drspiegl.com\\\/it\\\/\"},{\"@type\":\"ListItem\",\"position\":2,\"name\":\"Trattamenti Chirurgici\",\"item\":\"https:\\\/\\\/test.drspiegl.com\\\/it\\\/trattamenti-chirurgici\\\/\"},{\"@type\":\"ListItem\",\"position\":3,\"name\":\"Seno\",\"item\":\"https:\\\/\\\/test.drspiegl.com\\\/it\\\/trattamenti-chirurgici\\\/seno\\\/\"},{\"@type\":\"ListItem\",\"position\":4,\"name\":\"Aumento del seno con grasso autologo\"}]},{\"@type\":\"WebSite\",\"@id\":\"https:\\\/\\\/test.drspiegl.com\\\/it\\\/en\\\/home\\\/#website\",\"url\":\"https:\\\/\\\/test.drspiegl.com\\\/it\\\/en\\\/home\\\/\",\"name\":\"test.drspiegl.com\",\"description\":\"Health Medical Theme\",\"potentialAction\":[{\"@type\":\"SearchAction\",\"target\":{\"@type\":\"EntryPoint\",\"urlTemplate\":\"https:\\\/\\\/test.drspiegl.com\\\/it\\\/en\\\/home\\\/?s={search_term_string}\"},\"query-input\":{\"@type\":\"PropertyValueSpecification\",\"valueRequired\":true,\"valueName\":\"search_term_string\"}}],\"inLanguage\":\"it-IT\"}]}<\/script>\n<!-- \/ Yoast SEO plugin. -->","yoast_head_json":{"title":"Aumento del seno con grasso autologo - test.drspiegl.com","robots":{"index":"index","follow":"follow","max-snippet":"max-snippet:-1","max-image-preview":"max-image-preview:large","max-video-preview":"max-video-preview:-1"},"canonical":"https:\/\/test.drspiegl.com\/it\/trattamenti-chirurgici\/seno\/aumento-del-seno-con-grasso-autologo\/","og_locale":"it_IT","og_type":"article","og_title":"Aumento del seno con grasso autologo - test.drspiegl.com","og_description":"[vc_row][vc_column][vc_column_text css=&#8221;&#8221;] Aumento del seno con grasso autologo (Lipofilling) L\u2019aumento del seno con grasso autologo \u00e8 stato descritto per la prima volta nel 1987, sebbene il principio del lipotrasferimento \u2013 ossia il trapianto di tessuto adiposo autologo da una regione corporea a un\u2019altra \u2013 sia noto da oltre 120 anni. La metodica si \u00e8 realmente","og_url":"https:\/\/test.drspiegl.com\/it\/trattamenti-chirurgici\/seno\/aumento-del-seno-con-grasso-autologo\/","og_site_name":"test.drspiegl.com","article_modified_time":"2026-04-11T20:11:22+00:00","og_image":[{"width":800,"height":1200,"url":"https:\/\/test.drspiegl.com\/wp-content\/uploads\/2026\/02\/bf.webp","type":"image\/webp"}],"twitter_card":"summary_large_image","twitter_misc":{"Tempo di lettura stimato":"6 minuti"},"schema":{"@context":"https:\/\/schema.org","@graph":[{"@type":"WebPage","@id":"https:\/\/test.drspiegl.com\/it\/trattamenti-chirurgici\/seno\/aumento-del-seno-con-grasso-autologo\/","url":"https:\/\/test.drspiegl.com\/it\/trattamenti-chirurgici\/seno\/aumento-del-seno-con-grasso-autologo\/","name":"Aumento del seno con grasso autologo - test.drspiegl.com","isPartOf":{"@id":"https:\/\/test.drspiegl.com\/it\/en\/home\/#website"},"primaryImageOfPage":{"@id":"https:\/\/test.drspiegl.com\/it\/trattamenti-chirurgici\/seno\/aumento-del-seno-con-grasso-autologo\/#primaryimage"},"image":{"@id":"https:\/\/test.drspiegl.com\/it\/trattamenti-chirurgici\/seno\/aumento-del-seno-con-grasso-autologo\/#primaryimage"},"thumbnailUrl":"https:\/\/test.drspiegl.com\/wp-content\/uploads\/2026\/02\/bf-683x1024.webp","datePublished":"2025-11-17T16:59:00+00:00","dateModified":"2026-04-11T20:11:22+00:00","breadcrumb":{"@id":"https:\/\/test.drspiegl.com\/it\/trattamenti-chirurgici\/seno\/aumento-del-seno-con-grasso-autologo\/#breadcrumb"},"inLanguage":"it-IT","potentialAction":[{"@type":"ReadAction","target":["https:\/\/test.drspiegl.com\/it\/trattamenti-chirurgici\/seno\/aumento-del-seno-con-grasso-autologo\/"]}]},{"@type":"ImageObject","inLanguage":"it-IT","@id":"https:\/\/test.drspiegl.com\/it\/trattamenti-chirurgici\/seno\/aumento-del-seno-con-grasso-autologo\/#primaryimage","url":"https:\/\/test.drspiegl.com\/wp-content\/uploads\/2026\/02\/bf-683x1024.webp","contentUrl":"https:\/\/test.drspiegl.com\/wp-content\/uploads\/2026\/02\/bf-683x1024.webp"},{"@type":"BreadcrumbList","@id":"https:\/\/test.drspiegl.com\/it\/trattamenti-chirurgici\/seno\/aumento-del-seno-con-grasso-autologo\/#breadcrumb","itemListElement":[{"@type":"ListItem","position":1,"name":"Home","item":"https:\/\/test.drspiegl.com\/it\/"},{"@type":"ListItem","position":2,"name":"Trattamenti Chirurgici","item":"https:\/\/test.drspiegl.com\/it\/trattamenti-chirurgici\/"},{"@type":"ListItem","position":3,"name":"Seno","item":"https:\/\/test.drspiegl.com\/it\/trattamenti-chirurgici\/seno\/"},{"@type":"ListItem","position":4,"name":"Aumento del seno con grasso autologo"}]},{"@type":"WebSite","@id":"https:\/\/test.drspiegl.com\/it\/en\/home\/#website","url":"https:\/\/test.drspiegl.com\/it\/en\/home\/","name":"test.drspiegl.com","description":"Health Medical Theme","potentialAction":[{"@type":"SearchAction","target":{"@type":"EntryPoint","urlTemplate":"https:\/\/test.drspiegl.com\/it\/en\/home\/?s={search_term_string}"},"query-input":{"@type":"PropertyValueSpecification","valueRequired":true,"valueName":"search_term_string"}}],"inLanguage":"it-IT"}]}},"_links":{"self":[{"href":"https:\/\/test.drspiegl.com\/it\/wp-json\/wp\/v2\/pages\/4351","targetHints":{"allow":["GET"]}}],"collection":[{"href":"https:\/\/test.drspiegl.com\/it\/wp-json\/wp\/v2\/pages"}],"about":[{"href":"https:\/\/test.drspiegl.com\/it\/wp-json\/wp\/v2\/types\/page"}],"author":[{"embeddable":true,"href":"https:\/\/test.drspiegl.com\/it\/wp-json\/wp\/v2\/users\/1"}],"replies":[{"embeddable":true,"href":"https:\/\/test.drspiegl.com\/it\/wp-json\/wp\/v2\/comments?post=4351"}],"version-history":[{"count":5,"href":"https:\/\/test.drspiegl.com\/it\/wp-json\/wp\/v2\/pages\/4351\/revisions"}],"predecessor-version":[{"id":5947,"href":"https:\/\/test.drspiegl.com\/it\/wp-json\/wp\/v2\/pages\/4351\/revisions\/5947"}],"up":[{"embeddable":true,"href":"https:\/\/test.drspiegl.com\/it\/wp-json\/wp\/v2\/pages\/4265"}],"wp:attachment":[{"href":"https:\/\/test.drspiegl.com\/it\/wp-json\/wp\/v2\/media?parent=4351"}],"curies":[{"name":"wp","href":"https:\/\/api.w.org\/{rel}","templated":true}]}}