{"id":4473,"date":"2025-11-17T19:48:34","date_gmt":"2025-11-17T19:48:34","guid":{"rendered":"https:\/\/test.drspiegl.com\/?page_id=4473"},"modified":"2025-11-17T19:54:05","modified_gmt":"2025-11-17T19:54:05","slug":"lifting-delle-palpebre-superiori","status":"publish","type":"page","link":"https:\/\/test.drspiegl.com\/it\/trattamenti-chirurgici\/viso\/lifting-delle-palpebre-superiori\/","title":{"rendered":"Lifting delle Palpebre Superiori"},"content":{"rendered":"\n<h2 class=\"wp-block-heading\">Lifting delle Palpebre Superiori a Salisburgo &amp; nel Tullnerfeld \u2013 Per uno Sguardo Sveglio e Fresco<\/h2>\n\n\n\n<p>Soffre di occhi stanchi nonostante dorma a sufficienza? La causa \u00e8 spesso l&#8217;eccesso di pelle sulle palpebre superiori e un tessuto connettivo rilassato nella zona degli occhi. Un intervento correttivo, cio\u00e8 un <strong>Lifting delle Palpebre Superiori<\/strong> \u2013 chiamato anche <strong>&#8220;Blefaroplastica&#8221;<\/strong> \u2013 pu\u00f2 produrre veri e propri miracoli in questo senso. Gli interventi sulle palpebre sono tra i trattamenti estetici pi\u00f9 diffusi sul viso e sono in assoluto gli <strong>&#8220;Interventi Estetici&#8221;<\/strong> pi\u00f9 eseguiti sugli uomini.<\/p>\n\n\n\n<p>Il risultato: uno sguardo aperto, fresco e giovanile.<\/p>\n\n\n\n<h3 class=\"wp-block-heading\">Perch\u00e9 un Lifting delle Palpebre Superiori \u00e8 Utile<\/h3>\n\n\n\n<p>Un lifting delle palpebre superiori a Salisburgo o nel Tullnerfeld \u00e8 consigliabile in caso di:<\/p>\n\n\n\n<ul class=\"wp-block-list\">\n<li><strong>Palpebre cadenti (Schlupflider) o eccesso di pelle sulla palpebra superiore<\/strong> (che pu\u00f2 essere anche congenito).<\/li>\n\n\n\n<li><strong>Espressione facciale stanca o triste<\/strong> nonostante un sonno sufficiente.<\/li>\n\n\n\n<li><strong>Limitazioni del campo visivo<\/strong> dovute all&#8217;eccesso di pelle.<\/li>\n\n\n\n<li><strong>Rughe fastidiose ed eccesso di pelle<\/strong> sulla palpebra superiore.<\/li>\n\n\n\n<li>Desiderio di un <strong>aspetto pi\u00f9 fresco e vitale<\/strong>.<\/li>\n<\/ul>\n\n\n\n<p>L&#8217;operazione rientra tra gli interventi di routine della chirurgia estetica e offre risultati duraturi.<\/p>\n\n\n\n<h3 class=\"wp-block-heading\">Svolgimento del Suo Lifting delle Palpebre Superiori con il Dott. Spiegl<\/h3>\n\n\n\n<p>Ci prendiamo il tempo necessario per le Sue esigenze. Come per molti altri interventi, durante il processo sorgono sempre delle domande. Se \u00e8 interessato\/a a un lifting delle palpebre superiori, pu\u00f2 fissare un appuntamento di consulenza con il Dott. Spiegl.<\/p>\n\n\n\n<h4 class=\"wp-block-heading\">Consulenza e Analisi:<\/h4>\n\n\n\n<p>In un appuntamento senza fretta, le domande vengono chiarite e Lei riceve una <strong>consulenza completa<\/strong>. Inoltre, viene preparata una <strong>documentazione fotografica<\/strong> della Sua storia clinica. Dovrebbe portare con s\u00e9 tutti i referti medici disponibili. Se, dopo aver ricevuto il preventivo dei costi, decide di sottoporsi all&#8217;intervento con il Dott. Spiegl, verr\u00e0 concordato congiuntamente un appuntamento per l&#8217;operazione. A tal riguardo, \u00e8 importante sapere che in Austria, per legge, devono trascorrere <strong>2 settimane<\/strong> tra il colloquio informativo e il consenso all&#8217;operazione.<\/p>\n\n\n\n<h4 class=\"wp-block-heading\">Il Giorno dell&#8217;Operazione:<\/h4>\n\n\n\n<p>Dopo che tutte le ultime domande sono state chiarite in tutta tranquillit\u00e0, inizia la detersione sterile e la copertura dell&#8217;area operatoria. Successivamente, viene dedicato un certo tempo alla <strong>marcatura dell&#8217;eccesso di pelle da rimuovere<\/strong>, al fine di ottenere un risultato il pi\u00f9 simmetrico possibile. Poi, le palpebre superiori vengono anestetizzate con una iniezione sottile, in modo che l&#8217;intervento si svolga in modo completamente indolore; si sentir\u00e0 solo la puntura dell&#8217;ago all&#8217;inizio dell&#8217;anestesia. Dopodich\u00e9, si avvertir\u00e0 solo una leggera sensazione di pressione.<\/p>\n\n\n\n<p>Successivamente, l&#8217;eccesso di pelle e, se necessario, piccoli depositi di grasso vengono rimossi con precisione e le ferite vengono chiuse. La cicatrice si trover\u00e0 nella piega naturale della palpebra e sar\u00e0 difficilmente visibile in seguito. Dopo l&#8217;intervento, le palpebre vengono raffreddate per ridurre il rischio di gonfiore.<\/p>\n\n\n\n<h4 class=\"wp-block-heading\">La Cura Post-operatoria:<\/h4>\n\n\n\n<p>Prima che i punti vengano rimossi dopo circa <strong>7 giorni<\/strong>, la cura post-operatoria a casa \u00e8 estremamente importante. Pertanto, tenga conto dei seguenti punti:<\/p>\n\n\n\n<ul class=\"wp-block-list\">\n<li><strong>Indossi occhiali da sole scuri<\/strong> durante il viaggio di ritorno. Potrebbe essere sensibile alla luce. Le gocce oculari utilizzate durante l&#8217;operazione possono causare una visione offuscata. Questo \u00e8 solo temporaneo e scompare solitamente entro 24 ore.<\/li>\n\n\n\n<li><strong>Non indossi lenti a contatto<\/strong> per almeno 2 settimane dopo l&#8217;operazione. Utilizzi invece gli occhiali.<\/li>\n\n\n\n<li>Finch\u00e9 ha la vista offuscata, <strong>dovrebbe evitare di guidare l&#8217;auto<\/strong>. Si assicuri di poter guidare un veicolo in modo sicuro e confortevole. Ci\u00f2 avviene di solito circa 5-10 giorni dopo l&#8217;operazione.<\/li>\n\n\n\n<li>\u00c8 importante che <strong>si riposi<\/strong> nei primi 3-4 giorni dopo l&#8217;operazione. Assicuri una posizione elevata della testa, sdraiato sulla schiena. Questo aiuta a prevenire il gonfiore nelle aree operate. Fino a quando i punti non saranno completamente rimossi, dovrebbe raffreddare la ferita il pi\u00f9 spesso e il pi\u00f9 a lungo possibile.<\/li>\n<\/ul>\n\n\n\n<h4 class=\"wp-block-heading\">Ritorno al Lavoro e allo Sport:<\/h4>\n\n\n\n<p>Il momento in cui potr\u00e0 tornare al lavoro dopo l&#8217;intervento dipende da fattori come il tipo di lavoro e il progresso della guarigione. Se la Sua attivit\u00e0 comporta uno sforzo fisico minimo e non richiede sollevamento di carichi pesanti, \u00e8 possibile che possa tornare attiva\/o anche prima della rimozione dei punti, non appena si sentir\u00e0 a Suo agio.<\/p>\n\n\n\n<p>Se il Suo lavoro richiede leggere attivit\u00e0 fisiche o movimenti, potrebbe essere necessario interrompere l&#8217;attivit\u00e0 per 1-2 settimane. Se la Sua professione \u00e8 legata al sollevamento di carichi pesanti, ad attivit\u00e0 fisica faticosa o a lavoro manuale, potrebbe essere necessario prendersi 2 settimane intere di riposo per garantire una corretta guarigione e, soprattutto, la riduzione del gonfiore ed evitare complicazioni.<\/p>\n\n\n\n<p>Quando riprende lo sport o le attivit\u00e0 fisiche dopo un lifting delle palpebre superiori, deve essere prudente. Si consulti con noi a tal proposito.<\/p>\n\n\n\n<p>Le attivit\u00e0 leggere come camminare o lo stretching delicato possono di solito essere riprese entro pochi giorni o una settimana dopo l&#8217;operazione. Esercizi a basso impatto come la cyclette stazionaria o il jogging leggero possono essere gradualmente ripresi dopo circa 2 settimane. Sport ad alta intensit\u00e0 come il sollevamento pesi e attivit\u00e0 che richiedono movimenti intensi della parte superiore del corpo dovrebbero essere evitati per circa 3 settimane.<\/p>\n\n\n\n<p>\u00c8 importante sapere che il processo di guarigione \u00e8 diverso per ogni paziente e che \u00e8 necessario seguire esattamente le istruzioni del Suo chirurgo. Se si sforza troppo o torna troppo presto allo sport, il rischio di complicazioni pu\u00f2 aumentare.<\/p>\n\n\n\n<p>Se ha domande sul nostro approccio, saremo lieti di accoglierLa nel nostro studio.<\/p>\n\n\n\n<p><em>(Pulsante: Modulo di Contatto)<\/em><\/p>\n\n\n\n<h3 class=\"wp-block-heading\">Costi del Lifting delle Palpebre Superiori a Salisburgo &amp; Pixendorf<\/h3>\n\n\n\n<p>I prezzi per un lifting delle palpebre superiori con il Dott. Spiegl partono da <strong>2.500 \u20ac<\/strong>. L&#8217;importo finale dipende da fattori individuali come la combinazione con ulteriori trattamenti.<\/p>\n\n\n\n<p>Nel colloquio di consulenza personale a Salisburgo o Pixendorf\/Tullnerfeld, ricever\u00e0 un piano dei costi trasparente, adattato ai Suoi desideri e ai requisiti medici.<\/p>\n\n\n\n<h3 class=\"wp-block-heading\">Gli Effetti Positivi di un Lifting delle Palpebre Superiori<\/h3>\n\n\n\n<p>Un lifting delle palpebre superiori pu\u00f2 ringiovanire notevolmente l&#8217;aspetto della zona degli occhi e rendere il viso complessivamente pi\u00f9 fresco e sveglio. L&#8217;intervento rimuove la pelle in eccesso ed eventualmente anche il tessuto adiposo. Nonostante i bassi rischi associati all&#8217;operazione, un lifting delle palpebre superiori porta in genere a risultati duraturi e naturali.<\/p>\n\n\n\n<p>I vantaggi in sintesi:<\/p>\n\n\n\n<ul class=\"wp-block-list\">\n<li>Un&#8217;<strong>espressione facciale sveglia, ringiovanita e amichevole<\/strong>.<\/li>\n\n\n\n<li>Rimozione di <strong>palpebre cadenti e pelle in eccesso<\/strong>.<\/li>\n\n\n\n<li>Eventuale <strong>miglioramento del campo visivo<\/strong>.<\/li>\n\n\n\n<li><strong>Ringiovanimento duraturo<\/strong> della zona degli occhi.<\/li>\n\n\n\n<li><strong>Risultati naturali<\/strong> senza un aspetto &#8220;operato&#8221;.<\/li>\n<\/ul>\n\n\n\n<p>Il risultato finale \u00e8 visibile dopo 3-6 mesi e dura di solito per molti anni. Tuttavia, la maggior parte dei pazienti \u00e8 socialmente presentabile gi\u00e0 dopo 10 giorni.<\/p>\n\n\n\n<h3 class=\"wp-block-heading\">Domande Tipiche dei Miei Pazienti<\/h3>\n\n\n\n<p><strong>L&#8217;intervento fa male?<\/strong> No. Grazie all&#8217;anestesia locale, l&#8217;operazione \u00e8 indolore; si sentir\u00e0 solo la puntura dell&#8217;iniezione anestetica all&#8217;inizio. Dopodich\u00e9, si avvertir\u00e0 solo una leggera sensazione di pressione.<\/p>\n\n\n\n<p><strong>Quanto dura il lifting delle palpebre superiori?<\/strong> Di solito 45-60 minuti.<\/p>\n\n\n\n<p><strong>Quando sar\u00f2 di nuovo socialmente presentabile?<\/strong> Dopo 7-10 giorni, il gonfiore e i piccoli lividi di solito si sono attenuati a sufficienza per uscire in pubblico. Anche alcuni giorni prima della rimozione dei punti, di solito si possono gi\u00e0 svolgere semplici attivit\u00e0 in pubblico, se le piccole strisce adesive color carne non danno fastidio.<\/p>\n\n\n\n<p><strong>Rimangono cicatrici visibili?<\/strong> La cicatrice sottile si trova nella piega naturale della palpebra ed \u00e8 difficilmente riconoscibile in seguito.<\/p>\n\n\n\n<p><strong>Il lifting delle palpebre superiori pu\u00f2 essere combinato con altri trattamenti?<\/strong> S\u00ec \u2013 \u00e8 particolarmente apprezzata la combinazione con un <strong>trattamento laser CO2<\/strong>, che affina ulteriormente la struttura della pelle e crea un risultato ancora pi\u00f9 armonioso. Qui possono essere trattate sia le palpebre inferiori che l&#8217;intero viso.<\/p>\n","protected":false},"excerpt":{"rendered":"<p>Lifting delle Palpebre Superiori a Salisburgo &amp; nel Tullnerfeld \u2013 Per uno Sguardo Sveglio e Fresco Soffre di occhi stanchi nonostante dorma a sufficienza? La causa \u00e8 spesso l&#8217;eccesso di pelle sulle palpebre superiori e un tessuto connettivo rilassato nella zona degli occhi. Un intervento correttivo, cio\u00e8 un Lifting delle Palpebre Superiori \u2013 chiamato anche<\/p>\n","protected":false},"author":1,"featured_media":0,"parent":4276,"menu_order":0,"comment_status":"closed","ping_status":"closed","template":"","meta":{"footnotes":""},"class_list":["post-4473","page","type-page","status-publish","hentry"],"yoast_head":"<!-- This site is optimized with the Yoast SEO plugin v27.4 - https:\/\/yoast.com\/product\/yoast-seo-wordpress\/ -->\n<title>Lifting delle Palpebre Superiori - test.drspiegl.com<\/title>\n<meta name=\"robots\" content=\"index, follow, max-snippet:-1, max-image-preview:large, max-video-preview:-1\" \/>\n<link rel=\"canonical\" href=\"https:\/\/test.drspiegl.com\/it\/trattamenti-chirurgici\/viso\/lifting-delle-palpebre-superiori\/\" \/>\n<meta property=\"og:locale\" content=\"it_IT\" \/>\n<meta property=\"og:type\" content=\"article\" \/>\n<meta property=\"og:title\" content=\"Lifting delle Palpebre Superiori - test.drspiegl.com\" \/>\n<meta property=\"og:description\" content=\"Lifting delle Palpebre Superiori a Salisburgo &amp; nel Tullnerfeld \u2013 Per uno Sguardo Sveglio e Fresco Soffre di occhi stanchi nonostante dorma a sufficienza? La causa \u00e8 spesso l&#8217;eccesso di pelle sulle palpebre superiori e un tessuto connettivo rilassato nella zona degli occhi. Un intervento correttivo, cio\u00e8 un Lifting delle Palpebre Superiori \u2013 chiamato anche\" \/>\n<meta property=\"og:url\" content=\"https:\/\/test.drspiegl.com\/it\/trattamenti-chirurgici\/viso\/lifting-delle-palpebre-superiori\/\" \/>\n<meta property=\"og:site_name\" content=\"test.drspiegl.com\" \/>\n<meta property=\"article:modified_time\" content=\"2025-11-17T19:54:05+00:00\" \/>\n<meta name=\"twitter:card\" content=\"summary_large_image\" \/>\n<meta name=\"twitter:label1\" content=\"Tempo di lettura stimato\" \/>\n\t<meta name=\"twitter:data1\" content=\"6 minuti\" \/>\n<script type=\"application\/ld+json\" class=\"yoast-schema-graph\">{\"@context\":\"https:\\\/\\\/schema.org\",\"@graph\":[{\"@type\":\"WebPage\",\"@id\":\"https:\\\/\\\/test.drspiegl.com\\\/it\\\/trattamenti-chirurgici\\\/viso\\\/lifting-delle-palpebre-superiori\\\/\",\"url\":\"https:\\\/\\\/test.drspiegl.com\\\/it\\\/trattamenti-chirurgici\\\/viso\\\/lifting-delle-palpebre-superiori\\\/\",\"name\":\"Lifting delle Palpebre Superiori - test.drspiegl.com\",\"isPartOf\":{\"@id\":\"https:\\\/\\\/test.drspiegl.com\\\/it\\\/en\\\/home\\\/#website\"},\"datePublished\":\"2025-11-17T19:48:34+00:00\",\"dateModified\":\"2025-11-17T19:54:05+00:00\",\"breadcrumb\":{\"@id\":\"https:\\\/\\\/test.drspiegl.com\\\/it\\\/trattamenti-chirurgici\\\/viso\\\/lifting-delle-palpebre-superiori\\\/#breadcrumb\"},\"inLanguage\":\"it-IT\",\"potentialAction\":[{\"@type\":\"ReadAction\",\"target\":[\"https:\\\/\\\/test.drspiegl.com\\\/it\\\/trattamenti-chirurgici\\\/viso\\\/lifting-delle-palpebre-superiori\\\/\"]}]},{\"@type\":\"BreadcrumbList\",\"@id\":\"https:\\\/\\\/test.drspiegl.com\\\/it\\\/trattamenti-chirurgici\\\/viso\\\/lifting-delle-palpebre-superiori\\\/#breadcrumb\",\"itemListElement\":[{\"@type\":\"ListItem\",\"position\":1,\"name\":\"Home\",\"item\":\"https:\\\/\\\/test.drspiegl.com\\\/it\\\/\"},{\"@type\":\"ListItem\",\"position\":2,\"name\":\"Trattamenti Chirurgici\",\"item\":\"https:\\\/\\\/test.drspiegl.com\\\/it\\\/trattamenti-chirurgici\\\/\"},{\"@type\":\"ListItem\",\"position\":3,\"name\":\"Viso\",\"item\":\"https:\\\/\\\/test.drspiegl.com\\\/it\\\/trattamenti-chirurgici\\\/viso\\\/\"},{\"@type\":\"ListItem\",\"position\":4,\"name\":\"Lifting delle Palpebre Superiori\"}]},{\"@type\":\"WebSite\",\"@id\":\"https:\\\/\\\/test.drspiegl.com\\\/it\\\/en\\\/home\\\/#website\",\"url\":\"https:\\\/\\\/test.drspiegl.com\\\/it\\\/en\\\/home\\\/\",\"name\":\"test.drspiegl.com\",\"description\":\"Health Medical Theme\",\"potentialAction\":[{\"@type\":\"SearchAction\",\"target\":{\"@type\":\"EntryPoint\",\"urlTemplate\":\"https:\\\/\\\/test.drspiegl.com\\\/it\\\/en\\\/home\\\/?s={search_term_string}\"},\"query-input\":{\"@type\":\"PropertyValueSpecification\",\"valueRequired\":true,\"valueName\":\"search_term_string\"}}],\"inLanguage\":\"it-IT\"}]}<\/script>\n<!-- \/ Yoast SEO plugin. -->","yoast_head_json":{"title":"Lifting delle Palpebre Superiori - test.drspiegl.com","robots":{"index":"index","follow":"follow","max-snippet":"max-snippet:-1","max-image-preview":"max-image-preview:large","max-video-preview":"max-video-preview:-1"},"canonical":"https:\/\/test.drspiegl.com\/it\/trattamenti-chirurgici\/viso\/lifting-delle-palpebre-superiori\/","og_locale":"it_IT","og_type":"article","og_title":"Lifting delle Palpebre Superiori - test.drspiegl.com","og_description":"Lifting delle Palpebre Superiori a Salisburgo &amp; nel Tullnerfeld \u2013 Per uno Sguardo Sveglio e Fresco Soffre di occhi stanchi nonostante dorma a sufficienza? La causa \u00e8 spesso l&#8217;eccesso di pelle sulle palpebre superiori e un tessuto connettivo rilassato nella zona degli occhi. Un intervento correttivo, cio\u00e8 un Lifting delle Palpebre Superiori \u2013 chiamato anche","og_url":"https:\/\/test.drspiegl.com\/it\/trattamenti-chirurgici\/viso\/lifting-delle-palpebre-superiori\/","og_site_name":"test.drspiegl.com","article_modified_time":"2025-11-17T19:54:05+00:00","twitter_card":"summary_large_image","twitter_misc":{"Tempo di lettura stimato":"6 minuti"},"schema":{"@context":"https:\/\/schema.org","@graph":[{"@type":"WebPage","@id":"https:\/\/test.drspiegl.com\/it\/trattamenti-chirurgici\/viso\/lifting-delle-palpebre-superiori\/","url":"https:\/\/test.drspiegl.com\/it\/trattamenti-chirurgici\/viso\/lifting-delle-palpebre-superiori\/","name":"Lifting delle Palpebre Superiori - test.drspiegl.com","isPartOf":{"@id":"https:\/\/test.drspiegl.com\/it\/en\/home\/#website"},"datePublished":"2025-11-17T19:48:34+00:00","dateModified":"2025-11-17T19:54:05+00:00","breadcrumb":{"@id":"https:\/\/test.drspiegl.com\/it\/trattamenti-chirurgici\/viso\/lifting-delle-palpebre-superiori\/#breadcrumb"},"inLanguage":"it-IT","potentialAction":[{"@type":"ReadAction","target":["https:\/\/test.drspiegl.com\/it\/trattamenti-chirurgici\/viso\/lifting-delle-palpebre-superiori\/"]}]},{"@type":"BreadcrumbList","@id":"https:\/\/test.drspiegl.com\/it\/trattamenti-chirurgici\/viso\/lifting-delle-palpebre-superiori\/#breadcrumb","itemListElement":[{"@type":"ListItem","position":1,"name":"Home","item":"https:\/\/test.drspiegl.com\/it\/"},{"@type":"ListItem","position":2,"name":"Trattamenti Chirurgici","item":"https:\/\/test.drspiegl.com\/it\/trattamenti-chirurgici\/"},{"@type":"ListItem","position":3,"name":"Viso","item":"https:\/\/test.drspiegl.com\/it\/trattamenti-chirurgici\/viso\/"},{"@type":"ListItem","position":4,"name":"Lifting delle Palpebre Superiori"}]},{"@type":"WebSite","@id":"https:\/\/test.drspiegl.com\/it\/en\/home\/#website","url":"https:\/\/test.drspiegl.com\/it\/en\/home\/","name":"test.drspiegl.com","description":"Health Medical Theme","potentialAction":[{"@type":"SearchAction","target":{"@type":"EntryPoint","urlTemplate":"https:\/\/test.drspiegl.com\/it\/en\/home\/?s={search_term_string}"},"query-input":{"@type":"PropertyValueSpecification","valueRequired":true,"valueName":"search_term_string"}}],"inLanguage":"it-IT"}]}},"_links":{"self":[{"href":"https:\/\/test.drspiegl.com\/it\/wp-json\/wp\/v2\/pages\/4473","targetHints":{"allow":["GET"]}}],"collection":[{"href":"https:\/\/test.drspiegl.com\/it\/wp-json\/wp\/v2\/pages"}],"about":[{"href":"https:\/\/test.drspiegl.com\/it\/wp-json\/wp\/v2\/types\/page"}],"author":[{"embeddable":true,"href":"https:\/\/test.drspiegl.com\/it\/wp-json\/wp\/v2\/users\/1"}],"replies":[{"embeddable":true,"href":"https:\/\/test.drspiegl.com\/it\/wp-json\/wp\/v2\/comments?post=4473"}],"version-history":[{"count":1,"href":"https:\/\/test.drspiegl.com\/it\/wp-json\/wp\/v2\/pages\/4473\/revisions"}],"predecessor-version":[{"id":4474,"href":"https:\/\/test.drspiegl.com\/it\/wp-json\/wp\/v2\/pages\/4473\/revisions\/4474"}],"up":[{"embeddable":true,"href":"https:\/\/test.drspiegl.com\/it\/wp-json\/wp\/v2\/pages\/4276"}],"wp:attachment":[{"href":"https:\/\/test.drspiegl.com\/it\/wp-json\/wp\/v2\/media?parent=4473"}],"curies":[{"name":"wp","href":"https:\/\/api.w.org\/{rel}","templated":true}]}}