{"id":4499,"date":"2025-11-17T20:09:59","date_gmt":"2025-11-17T20:09:59","guid":{"rendered":"https:\/\/test.drspiegl.com\/?page_id=4499"},"modified":"2025-11-17T20:11:28","modified_gmt":"2025-11-17T20:11:28","slug":"lifting-facciale","status":"publish","type":"page","link":"https:\/\/test.drspiegl.com\/it\/trattamenti-chirurgici\/viso\/lifting-facciale\/","title":{"rendered":"Lifting facciale"},"content":{"rendered":"\n<h2 class=\"wp-block-heading\">Facelift (Lifting Facciale) \u2013 La Correzione Ottimale per i Segni del Tempo<\/h2>\n\n\n\n<p>Quando l&#8217;elasticit\u00e0 della pelle e il volume del viso si perdono con l&#8217;et\u00e0, si formano rughe e cedimenti (guance cadenti), i quali all&#8217;inizio del processo possono ancora essere parzialmente corretti con interventi non chirurgici come i filler di acido ialuronico. Questo cosiddetto &#8220;Liquid Facelift&#8221; (Lifting Liquido) ha tuttavia solo un effetto temporaneo, poich\u00e9 l&#8217;acido ialuronico si riassorbe. Inoltre, i filler possono appesantire il viso se se ne rende necessario troppo per contrastare l&#8217;invecchiamento. Mediante il <strong>lifting chirurgico del viso \u2013 il Facelift<\/strong> \u2013 i segni dell&#8217;invecchiamento sul volto possono essere corretti in modo ottimale, ma cos&#8217;\u00e8 esattamente un Facelift e chi \u00e8 adatto a sottoporsi ad esso?<\/p>\n\n\n\n<p>Esistono molti metodi diversi di Facelift. In passato, ci si concentrava principalmente sulla pelle e si tendeva soprattutto questa, il che portava a risultati innaturali e talvolta a cicatrici visibili. Oggi, i metodi si sono evoluti in modo che non solo la pelle, ma anche il tessuto connettivo rilassato con lo strato muscolare venga riposizionato. Sostituire simile con simile: questo \u00e8 il principio della Chirurgia Plastica. Lo strato muscolare e del tessuto connettivo viene riportato nella sua posizione originale e, laddove \u00e8 andato perso volume, questo viene sostituito se necessario con grasso autologo. In questo modo si evita una tensione eccessiva sulla pelle, le cicatrici guariscono in modo quasi invisibile e il risultato finale \u00e8 un aspetto fresco, non artificiale.<\/p>\n\n\n\n<p>Esistono innumerevoli tecniche di Facelift; a seconda del paziente o della paziente, la procedura spesso differisce in modo fondamentale. A volte, ad esempio, \u00e8 necessario il lifting del collo, ma a volte \u00e8 sufficiente solo il lifting del viso medio. Ogni operazione richiede un&#8217;attenta pianificazione, ma per un Facelift questa \u00e8 ancora pi\u00f9 importante che per molti altri interventi. Non si pu\u00f2 generalizzare riguardo al momento in cui si \u00e8 idonei per un Facelift, ma la maggior parte dei pazienti ha un&#8217;et\u00e0 compresa tra <strong>40 e 65 anni<\/strong>.<\/p>\n\n\n\n<p>Se Lei \u00e8 interessato\/a a un Facelift, pu\u00f2 fissare un appuntamento di consulenza con il Dott. Spiegl. Durante il Suo primo appuntamento, le domande verranno chiarite senza fretta, Le verr\u00e0 fornita una consulenza completa e verr\u00e0 creata una documentazione fotografica. Dovrebbe portare con s\u00e9 tutti i referti medici disponibili relativi alla Sua storia clinica. Se, dopo aver ricevuto il preventivo dei costi (il prezzo di un lifting facciale parte da <strong>6.900 \u20ac<\/strong> inclusi anestesia e degenza ospedaliera), decide di sottoporsi all&#8217;operazione con il Dott. Spiegl, verr\u00e0 concordato congiuntamente un appuntamento per l&#8217;intervento. A tal riguardo, \u00e8 importante sapere che in Austria, per legge, devono trascorrere <strong>due settimane<\/strong> tra il colloquio informativo e il consenso all&#8217;operazione.<\/p>\n\n\n\n<p>Il Dott. Spiegl esegue l&#8217;operazione presso l&#8217;Ospedale dei Fratelli della Misericordia (Krankenhaus der Barmherzigen Br\u00fcder) a Salisburgo, dove pu\u00f2 contare su una qualit\u00e0 senza compromessi, i pi\u00f9 alti standard e il Suo fidato team. Questo Le offre un&#8217;ulteriore \u2013 ma importante \u2013 sicurezza.<\/p>\n\n\n\n<p>L&#8217;operazione dura \u2013 a seconda della complessit\u00e0 \u2013 tra le <strong>due e le cinque ore<\/strong> e viene eseguita in anestesia generale. Successivamente, dovrebbe riposare per <strong>una o due settimane<\/strong>. In alcune circostanze, potrebbe essere necessario indossare una maschera compressiva dopo l&#8217;operazione. Di solito si \u00e8 nuovamente idonei al lavoro dopo <strong>due o tre settimane<\/strong>, e si pu\u00f2 ricominciare a fare sport dopo <strong>6-7 settimane<\/strong>. Il risultato finale \u00e8 visibile dopo circa <strong>3-6 mesi<\/strong>.<\/p>\n","protected":false},"excerpt":{"rendered":"<p>Facelift (Lifting Facciale) \u2013 La Correzione Ottimale per i Segni del Tempo Quando l&#8217;elasticit\u00e0 della pelle e il volume del viso si perdono con l&#8217;et\u00e0, si formano rughe e cedimenti (guance cadenti), i quali all&#8217;inizio del processo possono ancora essere parzialmente corretti con interventi non chirurgici come i filler di acido ialuronico. Questo cosiddetto &#8220;Liquid<\/p>\n","protected":false},"author":1,"featured_media":0,"parent":4276,"menu_order":0,"comment_status":"closed","ping_status":"closed","template":"","meta":{"footnotes":""},"class_list":["post-4499","page","type-page","status-publish","hentry"],"yoast_head":"<!-- This site is optimized with the Yoast SEO plugin v27.4 - https:\/\/yoast.com\/product\/yoast-seo-wordpress\/ -->\n<title>Lifting facciale - test.drspiegl.com<\/title>\n<meta name=\"robots\" content=\"index, follow, max-snippet:-1, max-image-preview:large, max-video-preview:-1\" \/>\n<link rel=\"canonical\" href=\"https:\/\/test.drspiegl.com\/it\/trattamenti-chirurgici\/viso\/lifting-facciale\/\" \/>\n<meta property=\"og:locale\" content=\"it_IT\" \/>\n<meta property=\"og:type\" content=\"article\" \/>\n<meta property=\"og:title\" content=\"Lifting facciale - test.drspiegl.com\" \/>\n<meta property=\"og:description\" content=\"Facelift (Lifting Facciale) \u2013 La Correzione Ottimale per i Segni del Tempo Quando l&#8217;elasticit\u00e0 della pelle e il volume del viso si perdono con l&#8217;et\u00e0, si formano rughe e cedimenti (guance cadenti), i quali all&#8217;inizio del processo possono ancora essere parzialmente corretti con interventi non chirurgici come i filler di acido ialuronico. Questo cosiddetto &#8220;Liquid\" \/>\n<meta property=\"og:url\" content=\"https:\/\/test.drspiegl.com\/it\/trattamenti-chirurgici\/viso\/lifting-facciale\/\" \/>\n<meta property=\"og:site_name\" content=\"test.drspiegl.com\" \/>\n<meta property=\"article:modified_time\" content=\"2025-11-17T20:11:28+00:00\" \/>\n<meta name=\"twitter:card\" content=\"summary_large_image\" \/>\n<meta name=\"twitter:label1\" content=\"Tempo di lettura stimato\" \/>\n\t<meta name=\"twitter:data1\" content=\"3 minuti\" \/>\n<script type=\"application\/ld+json\" class=\"yoast-schema-graph\">{\"@context\":\"https:\\\/\\\/schema.org\",\"@graph\":[{\"@type\":\"WebPage\",\"@id\":\"https:\\\/\\\/test.drspiegl.com\\\/it\\\/trattamenti-chirurgici\\\/viso\\\/lifting-facciale\\\/\",\"url\":\"https:\\\/\\\/test.drspiegl.com\\\/it\\\/trattamenti-chirurgici\\\/viso\\\/lifting-facciale\\\/\",\"name\":\"Lifting facciale - test.drspiegl.com\",\"isPartOf\":{\"@id\":\"https:\\\/\\\/test.drspiegl.com\\\/it\\\/en\\\/home\\\/#website\"},\"datePublished\":\"2025-11-17T20:09:59+00:00\",\"dateModified\":\"2025-11-17T20:11:28+00:00\",\"breadcrumb\":{\"@id\":\"https:\\\/\\\/test.drspiegl.com\\\/it\\\/trattamenti-chirurgici\\\/viso\\\/lifting-facciale\\\/#breadcrumb\"},\"inLanguage\":\"it-IT\",\"potentialAction\":[{\"@type\":\"ReadAction\",\"target\":[\"https:\\\/\\\/test.drspiegl.com\\\/it\\\/trattamenti-chirurgici\\\/viso\\\/lifting-facciale\\\/\"]}]},{\"@type\":\"BreadcrumbList\",\"@id\":\"https:\\\/\\\/test.drspiegl.com\\\/it\\\/trattamenti-chirurgici\\\/viso\\\/lifting-facciale\\\/#breadcrumb\",\"itemListElement\":[{\"@type\":\"ListItem\",\"position\":1,\"name\":\"Home\",\"item\":\"https:\\\/\\\/test.drspiegl.com\\\/it\\\/\"},{\"@type\":\"ListItem\",\"position\":2,\"name\":\"Trattamenti Chirurgici\",\"item\":\"https:\\\/\\\/test.drspiegl.com\\\/it\\\/trattamenti-chirurgici\\\/\"},{\"@type\":\"ListItem\",\"position\":3,\"name\":\"Viso\",\"item\":\"https:\\\/\\\/test.drspiegl.com\\\/it\\\/trattamenti-chirurgici\\\/viso\\\/\"},{\"@type\":\"ListItem\",\"position\":4,\"name\":\"Lifting facciale\"}]},{\"@type\":\"WebSite\",\"@id\":\"https:\\\/\\\/test.drspiegl.com\\\/it\\\/en\\\/home\\\/#website\",\"url\":\"https:\\\/\\\/test.drspiegl.com\\\/it\\\/en\\\/home\\\/\",\"name\":\"test.drspiegl.com\",\"description\":\"Health Medical Theme\",\"potentialAction\":[{\"@type\":\"SearchAction\",\"target\":{\"@type\":\"EntryPoint\",\"urlTemplate\":\"https:\\\/\\\/test.drspiegl.com\\\/it\\\/en\\\/home\\\/?s={search_term_string}\"},\"query-input\":{\"@type\":\"PropertyValueSpecification\",\"valueRequired\":true,\"valueName\":\"search_term_string\"}}],\"inLanguage\":\"it-IT\"}]}<\/script>\n<!-- \/ Yoast SEO plugin. -->","yoast_head_json":{"title":"Lifting facciale - test.drspiegl.com","robots":{"index":"index","follow":"follow","max-snippet":"max-snippet:-1","max-image-preview":"max-image-preview:large","max-video-preview":"max-video-preview:-1"},"canonical":"https:\/\/test.drspiegl.com\/it\/trattamenti-chirurgici\/viso\/lifting-facciale\/","og_locale":"it_IT","og_type":"article","og_title":"Lifting facciale - test.drspiegl.com","og_description":"Facelift (Lifting Facciale) \u2013 La Correzione Ottimale per i Segni del Tempo Quando l&#8217;elasticit\u00e0 della pelle e il volume del viso si perdono con l&#8217;et\u00e0, si formano rughe e cedimenti (guance cadenti), i quali all&#8217;inizio del processo possono ancora essere parzialmente corretti con interventi non chirurgici come i filler di acido ialuronico. Questo cosiddetto &#8220;Liquid","og_url":"https:\/\/test.drspiegl.com\/it\/trattamenti-chirurgici\/viso\/lifting-facciale\/","og_site_name":"test.drspiegl.com","article_modified_time":"2025-11-17T20:11:28+00:00","twitter_card":"summary_large_image","twitter_misc":{"Tempo di lettura stimato":"3 minuti"},"schema":{"@context":"https:\/\/schema.org","@graph":[{"@type":"WebPage","@id":"https:\/\/test.drspiegl.com\/it\/trattamenti-chirurgici\/viso\/lifting-facciale\/","url":"https:\/\/test.drspiegl.com\/it\/trattamenti-chirurgici\/viso\/lifting-facciale\/","name":"Lifting facciale - test.drspiegl.com","isPartOf":{"@id":"https:\/\/test.drspiegl.com\/it\/en\/home\/#website"},"datePublished":"2025-11-17T20:09:59+00:00","dateModified":"2025-11-17T20:11:28+00:00","breadcrumb":{"@id":"https:\/\/test.drspiegl.com\/it\/trattamenti-chirurgici\/viso\/lifting-facciale\/#breadcrumb"},"inLanguage":"it-IT","potentialAction":[{"@type":"ReadAction","target":["https:\/\/test.drspiegl.com\/it\/trattamenti-chirurgici\/viso\/lifting-facciale\/"]}]},{"@type":"BreadcrumbList","@id":"https:\/\/test.drspiegl.com\/it\/trattamenti-chirurgici\/viso\/lifting-facciale\/#breadcrumb","itemListElement":[{"@type":"ListItem","position":1,"name":"Home","item":"https:\/\/test.drspiegl.com\/it\/"},{"@type":"ListItem","position":2,"name":"Trattamenti Chirurgici","item":"https:\/\/test.drspiegl.com\/it\/trattamenti-chirurgici\/"},{"@type":"ListItem","position":3,"name":"Viso","item":"https:\/\/test.drspiegl.com\/it\/trattamenti-chirurgici\/viso\/"},{"@type":"ListItem","position":4,"name":"Lifting facciale"}]},{"@type":"WebSite","@id":"https:\/\/test.drspiegl.com\/it\/en\/home\/#website","url":"https:\/\/test.drspiegl.com\/it\/en\/home\/","name":"test.drspiegl.com","description":"Health Medical Theme","potentialAction":[{"@type":"SearchAction","target":{"@type":"EntryPoint","urlTemplate":"https:\/\/test.drspiegl.com\/it\/en\/home\/?s={search_term_string}"},"query-input":{"@type":"PropertyValueSpecification","valueRequired":true,"valueName":"search_term_string"}}],"inLanguage":"it-IT"}]}},"_links":{"self":[{"href":"https:\/\/test.drspiegl.com\/it\/wp-json\/wp\/v2\/pages\/4499","targetHints":{"allow":["GET"]}}],"collection":[{"href":"https:\/\/test.drspiegl.com\/it\/wp-json\/wp\/v2\/pages"}],"about":[{"href":"https:\/\/test.drspiegl.com\/it\/wp-json\/wp\/v2\/types\/page"}],"author":[{"embeddable":true,"href":"https:\/\/test.drspiegl.com\/it\/wp-json\/wp\/v2\/users\/1"}],"replies":[{"embeddable":true,"href":"https:\/\/test.drspiegl.com\/it\/wp-json\/wp\/v2\/comments?post=4499"}],"version-history":[{"count":1,"href":"https:\/\/test.drspiegl.com\/it\/wp-json\/wp\/v2\/pages\/4499\/revisions"}],"predecessor-version":[{"id":4500,"href":"https:\/\/test.drspiegl.com\/it\/wp-json\/wp\/v2\/pages\/4499\/revisions\/4500"}],"up":[{"embeddable":true,"href":"https:\/\/test.drspiegl.com\/it\/wp-json\/wp\/v2\/pages\/4276"}],"wp:attachment":[{"href":"https:\/\/test.drspiegl.com\/it\/wp-json\/wp\/v2\/media?parent=4499"}],"curies":[{"name":"wp","href":"https:\/\/api.w.org\/{rel}","templated":true}]}}