{"id":4583,"date":"2025-11-18T13:15:38","date_gmt":"2025-11-18T13:15:38","guid":{"rendered":"https:\/\/test.drspiegl.com\/?page_id=4583"},"modified":"2025-12-31T14:41:58","modified_gmt":"2025-12-31T14:41:58","slug":"botox-contro-liperidrosi","status":"publish","type":"page","link":"https:\/\/test.drspiegl.com\/it\/trattamenti-non-chirurgici\/botox\/botox-contro-liperidrosi\/","title":{"rendered":"Botox\u2122 contro l&#8217;Iperidrosi"},"content":{"rendered":"\n<h2 class=\"wp-block-heading\">Botox\u2122 Contro l&#8217;Ipersudorazione (Iperidrosi)<\/h2>\n\n\n\n<p>La sudorazione eccessiva, sia essa a livello delle ascelle o delle mani, pu\u00f2 diventare una <strong>sfida gravosa<\/strong> per le persone colpite, influenzando la loro vita quotidiana. Tuttavia, grazie a metodi di trattamento innovativi come la terapia con Botox, esistono <strong>soluzioni efficaci<\/strong>. In questo articolo, esamineremo l&#8217;<strong>applicazione della Tossina Botulinica (&#8220;Botox&#8221;) contro la sudorazione<\/strong>, in particolare in caso di iperidrosi.<\/p>\n\n\n\n<p>L&#8217;<strong>Iperidrosi<\/strong> si verifica quando la <strong>sudorazione va oltre la misura normale<\/strong> e influisce sulla vita quotidiana. Tratteremo di come il Botox possa aiutare in questa specifica forma di sudorazione eccessiva e quali risultati ci si pu\u00f2 aspettare. Inoltre, riceverete tutte le informazioni su procedura e costi del vostro trattamento per l&#8217;iperidrosi con il Dott. Spiegl a Salisburgo.<\/p>\n\n\n\n<p><strong>Indice (reso come lista):<\/strong><\/p>\n\n\n\n<ul class=\"wp-block-list\">\n<li>Come il Botox pu\u00f2 aiutare contro la sudorazione<\/li>\n\n\n\n<li>Procedura del Trattamento per l&#8217;Iperidrosi<\/li>\n\n\n\n<li>Costi<\/li>\n\n\n\n<li>Quando un trattamento Botox contro la sudorazione non \u00e8 appropriato?<\/li>\n\n\n\n<li>Rischi ed effetti collaterali<\/li>\n\n\n\n<li>Dott. Spiegl \u2013 Il Vostro Esperto Chirurgo Estetico a Salisburgo<\/li>\n\n\n\n<li>Domande Tipiche dei Miei Pazienti (FAQ)<\/li>\n<\/ul>\n\n\n\n<hr class=\"wp-block-separator has-alpha-channel-opacity\"\/>\n\n\n\n<h3 class=\"wp-block-heading\">Come un Trattamento Botox Pu\u00f2 Aiutare Contro la Sudorazione Eccessiva<\/h3>\n\n\n\n<p>Un trattamento Botox contro la sudorazione eccessiva presenta tre vantaggi principali:<\/p>\n\n\n\n<ul class=\"wp-block-list\">\n<li><strong>Blocco delle Ghiandole Sudoripare:<\/strong> Le iniezioni di Botox bloccano temporaneamente gli impulsi nervosi che stimolano le ghiandole sudoripare. Questo riduce o addirittura interrompe la produzione di sudore nelle aree trattate.<\/li>\n\n\n\n<li><strong>Effetto Prolungato:<\/strong> Gli effetti di un trattamento Botox contro la sudorazione possono durare diversi mesi, offrendo un sollievo a lungo termine alle persone colpite. Spesso l&#8217;effetto del trattamento dura pi\u00f9 a lungo rispetto all&#8217;uso della Tossina Botulinica per i <em>filler<\/em> delle rughe.<\/li>\n\n\n\n<li><strong>Effetti Collaterali Minimi:<\/strong> Rispetto ad altri metodi di trattamento per la sudorazione eccessiva, come gli interventi chirurgici, gli effetti collaterali del Botox sono generalmente lievi e temporanei.<\/li>\n<\/ul>\n\n\n\n<p>L&#8217;efficacia del Botox nel trattamento della sudorazione eccessiva \u00e8 ben studiata e comprovata da studi clinici. \u00c8 un metodo consolidato e ampiamente diffuso, utilizzato da medici in tutto il mondo.<\/p>\n\n\n\n<p>Il Botox pu\u00f2 essere utilizzato in diverse regioni di trattamento, tra cui:<\/p>\n\n\n\n<ul class=\"wp-block-list\">\n<li><strong>Ascelle:<\/strong> Questa \u00e8 una delle applicazioni pi\u00f9 comuni del Botox contro la sudorazione, poich\u00e9 la sudorazione eccessiva nelle ascelle \u00e8 particolarmente stressante per molte persone.<\/li>\n\n\n\n<li><strong>Palmi delle Mani:<\/strong> La sudorazione eccessiva alle mani pu\u00f2 essere imbarazzante e interferire con la vita quotidiana, per questo il Botox viene utilizzato anche in questa zona.<\/li>\n\n\n\n<li><strong>Piante dei Piedi:<\/strong> La sudorazione alle piante dei piedi pu\u00f2 portare a odori sgradevoli e umidit\u00e0, per cui il Botox viene impiegato come metodo di trattamento anche qui.<\/li>\n<\/ul>\n\n\n\n<h3 class=\"wp-block-heading\">Procedura del Vostro Trattamento per l&#8217;Iperidrosi con il Dott. Spiegl a Salisburgo<\/h3>\n\n\n\n<p>Ecco una breve panoramica del trattamento con il Dott. Spiegl:<\/p>\n\n\n\n<ul class=\"wp-block-list\">\n<li><strong>Trattamento Ambulatoriale:<\/strong> Le iniezioni di Botox vengono eseguite direttamente nello studio del Dott. Spiegl, dopo l&#8217;appropriata informativa medica, senza necessit\u00e0 di ricovero ospedaliero.<\/li>\n\n\n\n<li><strong>Numero di Sessioni:<\/strong> Nella maggior parte dei casi, \u00e8 sufficiente una singola sessione per ottenere i risultati desiderati. Occasionalmente, tuttavia, pu\u00f2 essere necessario un trattamento di richiamo, in particolare se l&#8217;effetto diminuisce dopo alcuni mesi.<\/li>\n\n\n\n<li><strong>Tempo per l&#8217;Inizio dell&#8217;Effetto:<\/strong> L&#8217;effetto del trattamento si manifesta solitamente entro pochi giorni o fino a una settimana. In alcuni casi, potrebbe volerci un po&#8217; pi\u00f9 di tempo per raggiungere il pieno effetto.<\/li>\n\n\n\n<li><strong>Durata dell&#8217;Effetto:<\/strong> L&#8217;effetto del Botox contro la sudorazione eccessiva dura generalmente circa quattro o sei mesi. Dopodich\u00e9, pu\u00f2 essere necessario un nuovo trattamento per mantenere i risultati.<\/li>\n<\/ul>\n\n\n\n<p>Di seguito, vi diamo un&#8217;idea del decorso della vostra terapia per l&#8217;iperidrosi. Scoprite gli aspetti pi\u00f9 importanti relativi a consulenza, esame, appuntamento e fase di guarigione.<\/p>\n\n\n\n<h4 class=\"wp-block-heading\">Colloquio Iniziale e Anamnesi<\/h4>\n\n\n\n<p>Durante il colloquio iniziale e l&#8217;anamnesi, il Dott. Spiegl si prende il tempo necessario per comprendere le vostre aspettative riguardo al trattamento e per discutere i potenziali rischi. Avrete naturalmente sempre la possibilit\u00e0 di porre domande ed esprimere preoccupazioni.<\/p>\n\n\n\n<h4 class=\"wp-block-heading\">Giorno del Trattamento<\/h4>\n\n\n\n<p>Nel giorno del trattamento Botox contro la sudorazione eccessiva non ci sono troppi punti importanti da considerare. Da parte vostra non \u00e8 necessaria alcuna preparazione specifica prima dell&#8217;appuntamento. La sessione di trattamento vera e propria dura in genere circa $15$ o $30$ minuti. Questo dipende dal numero di aree da trattare e dalle vostre esigenze individuali, soprattutto per quanto riguarda la percezione del dolore. Il Dott. Spiegl applica una crema anestetica locale per rendere il trattamento il meno doloroso possibile.<\/p>\n\n\n\n<h4 class=\"wp-block-heading\">Dopo il Trattamento<\/h4>\n\n\n\n<p>La fase di guarigione dopo un trattamento Botox contro la sudorazione eccessiva \u00e8 di solito molto breve e la maggior parte dei pazienti pu\u00f2 tornare immediatamente alle normali attivit\u00e0. Tuttavia, \u00e8 necessario osservare le seguenti raccomandazioni:<\/p>\n\n\n\n<ul class=\"wp-block-list\">\n<li><strong>Controlli di Follow-up:<\/strong> Di solito non sono necessari controlli successivi. Se la terapia non ha avuto il successo sperato, \u00e8 naturalmente possibile effettuare un aggiustamento nell&#8217;ambito di un controllo.<\/li>\n\n\n\n<li><strong>Doccia:<\/strong> Di norma \u00e8 sicuro fare la doccia immediatamente dopo il trattamento. Si raccomanda tuttavia di evitare sfregamenti o massaggi aggressivi delle aree trattate per evitare una distribuzione sfavorevole della Tossina Botulinica.<\/li>\n\n\n\n<li><strong>Sollevamento e Sport:<\/strong> L&#8217;attivit\u00e0 fisica leggera e il sollevamento normale possono di solito essere ripresi immediatamente dopo il trattamento. Tuttavia, \u00e8 consigliabile evitare attivit\u00e0 fisiche faticose per almeno 24 ore.<\/li>\n\n\n\n<li><strong>Nuoto:<\/strong> Nuotare in acqua clorata \u00e8 generalmente possibile immediatamente dopo il trattamento. Si raccomanda, tuttavia, di astenersi da sfregamenti o massaggi eccessivi delle aree trattate per garantire una distribuzione uniforme della Tossina Botulinica.<\/li>\n\n\n\n<li><strong>Esposizione al Sole:<\/strong> L&#8217;esposizione diretta al sole dovrebbe essere evitata dopo il trattamento per minimizzare possibili effetti collaterali come arrossamento o gonfiore temporanei. Se l&#8217;esposizione al sole \u00e8 inevitabile, si dovrebbe utilizzare una protezione solare con un alto fattore di protezione.<\/li>\n<\/ul>\n\n\n\n<h3 class=\"wp-block-heading\">Quali Sono i Costi di un Trattamento per l&#8217;Iperidrosi?<\/h3>\n\n\n\n<p>I <strong>costi<\/strong> di un trattamento Botox contro la sudorazione eccessiva sono leggermente variabili, ma in generale si pu\u00f2 <strong>prevedere un costo di $540 \u20ac$<\/strong>. Dipende dal fatto che vengano trattate le ascelle, le mani o i piedi e anche da quanto \u00e8 grave l&#8217;iperidrosi.<\/p>\n\n\n\n<h3 class=\"wp-block-heading\">Quando un Trattamento Botox Contro la Sudorazione Non \u00e8 Appropriato?<\/h3>\n\n\n\n<p>Se la sudorazione eccessiva \u00e8 causata da <strong>problemi ormonali, disturbi metabolici o determinati farmaci<\/strong>, il Botox pu\u00f2 essere <strong>meno efficace<\/strong>. La Tossina Botulinica non dovrebbe inoltre essere utilizzata in <strong>donne in gravidanza o in allattamento<\/strong>, poich\u00e9 la sicurezza per il nascituro o il neonato non \u00e8 sufficientemente provata.<\/p>\n\n\n\n<p>Un&#8217;altra controindicazione si riscontra in <strong>pazienti con malattie neuromuscolari<\/strong> come la Miastenia Grave o la Sindrome di Lambert-Eaton. In questi casi, si dovrebbe <strong>evitare la Tossina Botulinica<\/strong>, poich\u00e9 il farmaco potrebbe peggiorare i loro sintomi.<\/p>\n\n\n\n<h3 class=\"wp-block-heading\">Possibili Rischi ed Effetti Collaterali<\/h3>\n\n\n\n<p>Poich\u00e9 la Tossina Botulinica \u00e8 ormai <strong>estremamente ben studiata<\/strong>, i possibili <strong>effetti collaterali inattesi sono molto ridotti<\/strong>. Dopo il trattamento, possono verificarsi <strong>lividi e gonfiore<\/strong> per alcuni giorni, ma questi di solito si risolvono dopo pochi giorni. Non si verificano intorpidimenti, ma in alcune circostanze pu\u00f2 verificarsi sudorazione compensatoria in altre parti del corpo \u2013 questo \u00e8 tuttavia molto raro e scompare sempre dopo poche settimane.<\/p>\n\n\n\n<h3 class=\"wp-block-heading\">Dott. Spiegl \u2013 Il Vostro Esperto Chirurgo Estetico a Salisburgo<\/h3>\n\n\n\n<p>Con <strong>molti anni di esperienza<\/strong> e vasta <em>expertise<\/em>, il Dott. Spiegl offre <strong>assistenza individuale ed empatica<\/strong> per le sue pazienti e i suoi pazienti. Sia che stiate considerando un trattamento Botox contro la sudorazione eccessiva o altri interventi estetici, il Dott. Spiegl combina <strong>tecniche all&#8217;avanguardia<\/strong> con un approccio personale per ottenere risultati ottimali. Affidatevi alla <strong>competenza e all&#8217;impegno del Dott. Spiegl<\/strong> per realizzare i vostri desideri e <strong>migliorare la vostra qualit\u00e0 di vita<\/strong>. Con lui siete nelle mani migliori.<\/p>\n\n\n\n<h3 class=\"wp-block-heading\">Domande Tipiche dei Miei Pazienti (FAQ)<\/h3>\n\n\n\n<p>Qui troverete le risposte ad alcune domande delle mie pazienti e dei miei pazienti.<\/p>\n\n\n\n<ul class=\"wp-block-list\">\n<li><strong>Il trattamento per l&#8217;iperidrosi con Botox \u00e8 doloroso?<\/strong> Il trattamento per l&#8217;iperidrosi con Botox \u00e8 di solito solo <strong>minimamente<\/strong> doloroso, paragonabile a piccole punture di ago.<\/li>\n\n\n\n<li><strong>La cassa malattia copre i costi del trattamento per la sudorazione patologica?<\/strong> In alcuni casi, le <strong>casse malati coprono i costi<\/strong> se sussiste una necessit\u00e0 medica. \u00c8 meglio verificare direttamente con la vostra cassa malattia.<\/li>\n\n\n\n<li><strong>Dopo un trattamento Botox non si suda pi\u00f9 affatto?<\/strong> Dopo un trattamento Botox, la sudorazione si riduce notevolmente; la <strong>produzione di sudore<\/strong> viene <strong>fortemente diminuita<\/strong>, ma <strong>non completamente interrotta<\/strong>.<\/li>\n\n\n\n<li><strong>L&#8217;iperidrosi pu\u00f2 scomparire di nuovo?<\/strong> L&#8217;iperidrosi pu\u00f2 <strong>in alcuni casi<\/strong> scomparire da sola, in particolare se \u00e8 causata da fattori temporanei come stress o cambiamenti ormonali. Spesso \u00e8 tuttavia necessario un trattamento mirato per alleviare i sintomi a lungo termine.<\/li>\n\n\n\n<li><strong>Cosa succede se si smette con il trattamento Botox?<\/strong> Se si interrompe il trattamento Botox contro la sudorazione eccessiva, la <strong>sudorazione ritorna<\/strong> ai livelli originali nelle aree trattate dopo circa $4$ o $6$ mesi. L&#8217;effetto del Botox non \u00e8 permanente e richiede regolari richiami.<\/li>\n\n\n\n<li><strong>Il Botox rimane nel corpo?<\/strong> Il Botox <strong>non rimane permanentemente<\/strong> nel corpo. Viene <strong>smaltito nel tempo<\/strong> e il suo effetto svanisce dopo circa $4$ o $6$ mesi. Dopodich\u00e9, le funzioni nervose e la produzione di sudore tornano come prima.<\/li>\n<\/ul>\n","protected":false},"excerpt":{"rendered":"<p>Botox\u2122 Contro l&#8217;Ipersudorazione (Iperidrosi) La sudorazione eccessiva, sia essa a livello delle ascelle o delle mani, pu\u00f2 diventare una sfida gravosa per le persone colpite, influenzando la loro vita quotidiana. Tuttavia, grazie a metodi di trattamento innovativi come la terapia con Botox, esistono soluzioni efficaci. In questo articolo, esamineremo l&#8217;applicazione della Tossina Botulinica (&#8220;Botox&#8221;) contro<\/p>\n","protected":false},"author":1,"featured_media":0,"parent":4283,"menu_order":0,"comment_status":"closed","ping_status":"closed","template":"","meta":{"footnotes":""},"class_list":["post-4583","page","type-page","status-publish","hentry"],"yoast_head":"<!-- This site is optimized with the Yoast SEO plugin v27.4 - https:\/\/yoast.com\/product\/yoast-seo-wordpress\/ -->\n<title>Botox\u2122 contro l&#039;Iperidrosi - test.drspiegl.com<\/title>\n<meta name=\"robots\" content=\"index, follow, max-snippet:-1, max-image-preview:large, max-video-preview:-1\" \/>\n<link rel=\"canonical\" href=\"https:\/\/test.drspiegl.com\/it\/trattamenti-non-chirurgici\/botox\/botox-contro-liperidrosi\/\" \/>\n<meta property=\"og:locale\" content=\"it_IT\" \/>\n<meta property=\"og:type\" content=\"article\" \/>\n<meta property=\"og:title\" content=\"Botox\u2122 contro l&#039;Iperidrosi - test.drspiegl.com\" \/>\n<meta property=\"og:description\" content=\"Botox\u2122 Contro l&#8217;Ipersudorazione (Iperidrosi) La sudorazione eccessiva, sia essa a livello delle ascelle o delle mani, pu\u00f2 diventare una sfida gravosa per le persone colpite, influenzando la loro vita quotidiana. Tuttavia, grazie a metodi di trattamento innovativi come la terapia con Botox, esistono soluzioni efficaci. In questo articolo, esamineremo l&#8217;applicazione della Tossina Botulinica (&#8220;Botox&#8221;) contro\" \/>\n<meta property=\"og:url\" content=\"https:\/\/test.drspiegl.com\/it\/trattamenti-non-chirurgici\/botox\/botox-contro-liperidrosi\/\" \/>\n<meta property=\"og:site_name\" content=\"test.drspiegl.com\" \/>\n<meta property=\"article:modified_time\" content=\"2025-12-31T14:41:58+00:00\" \/>\n<meta name=\"twitter:card\" content=\"summary_large_image\" \/>\n<meta name=\"twitter:label1\" content=\"Tempo di lettura stimato\" \/>\n\t<meta name=\"twitter:data1\" content=\"7 minuti\" \/>\n<script type=\"application\/ld+json\" class=\"yoast-schema-graph\">{\"@context\":\"https:\\\/\\\/schema.org\",\"@graph\":[{\"@type\":\"WebPage\",\"@id\":\"https:\\\/\\\/test.drspiegl.com\\\/it\\\/trattamenti-non-chirurgici\\\/botox\\\/botox-contro-liperidrosi\\\/\",\"url\":\"https:\\\/\\\/test.drspiegl.com\\\/it\\\/trattamenti-non-chirurgici\\\/botox\\\/botox-contro-liperidrosi\\\/\",\"name\":\"Botox\u2122 contro l'Iperidrosi - test.drspiegl.com\",\"isPartOf\":{\"@id\":\"https:\\\/\\\/test.drspiegl.com\\\/it\\\/en\\\/home\\\/#website\"},\"datePublished\":\"2025-11-18T13:15:38+00:00\",\"dateModified\":\"2025-12-31T14:41:58+00:00\",\"breadcrumb\":{\"@id\":\"https:\\\/\\\/test.drspiegl.com\\\/it\\\/trattamenti-non-chirurgici\\\/botox\\\/botox-contro-liperidrosi\\\/#breadcrumb\"},\"inLanguage\":\"it-IT\",\"potentialAction\":[{\"@type\":\"ReadAction\",\"target\":[\"https:\\\/\\\/test.drspiegl.com\\\/it\\\/trattamenti-non-chirurgici\\\/botox\\\/botox-contro-liperidrosi\\\/\"]}]},{\"@type\":\"BreadcrumbList\",\"@id\":\"https:\\\/\\\/test.drspiegl.com\\\/it\\\/trattamenti-non-chirurgici\\\/botox\\\/botox-contro-liperidrosi\\\/#breadcrumb\",\"itemListElement\":[{\"@type\":\"ListItem\",\"position\":1,\"name\":\"Home\",\"item\":\"https:\\\/\\\/test.drspiegl.com\\\/it\\\/\"},{\"@type\":\"ListItem\",\"position\":2,\"name\":\"Trattamenti Non Chirurgici\",\"item\":\"https:\\\/\\\/test.drspiegl.com\\\/it\\\/trattamenti-non-chirurgici\\\/\"},{\"@type\":\"ListItem\",\"position\":3,\"name\":\"Botox\u2122\",\"item\":\"https:\\\/\\\/test.drspiegl.com\\\/it\\\/trattamenti-non-chirurgici\\\/botox\\\/\"},{\"@type\":\"ListItem\",\"position\":4,\"name\":\"Botox\u2122 contro l&#8217;Iperidrosi\"}]},{\"@type\":\"WebSite\",\"@id\":\"https:\\\/\\\/test.drspiegl.com\\\/it\\\/en\\\/home\\\/#website\",\"url\":\"https:\\\/\\\/test.drspiegl.com\\\/it\\\/en\\\/home\\\/\",\"name\":\"test.drspiegl.com\",\"description\":\"Health Medical Theme\",\"potentialAction\":[{\"@type\":\"SearchAction\",\"target\":{\"@type\":\"EntryPoint\",\"urlTemplate\":\"https:\\\/\\\/test.drspiegl.com\\\/it\\\/en\\\/home\\\/?s={search_term_string}\"},\"query-input\":{\"@type\":\"PropertyValueSpecification\",\"valueRequired\":true,\"valueName\":\"search_term_string\"}}],\"inLanguage\":\"it-IT\"}]}<\/script>\n<!-- \/ Yoast SEO plugin. -->","yoast_head_json":{"title":"Botox\u2122 contro l'Iperidrosi - test.drspiegl.com","robots":{"index":"index","follow":"follow","max-snippet":"max-snippet:-1","max-image-preview":"max-image-preview:large","max-video-preview":"max-video-preview:-1"},"canonical":"https:\/\/test.drspiegl.com\/it\/trattamenti-non-chirurgici\/botox\/botox-contro-liperidrosi\/","og_locale":"it_IT","og_type":"article","og_title":"Botox\u2122 contro l'Iperidrosi - test.drspiegl.com","og_description":"Botox\u2122 Contro l&#8217;Ipersudorazione (Iperidrosi) La sudorazione eccessiva, sia essa a livello delle ascelle o delle mani, pu\u00f2 diventare una sfida gravosa per le persone colpite, influenzando la loro vita quotidiana. Tuttavia, grazie a metodi di trattamento innovativi come la terapia con Botox, esistono soluzioni efficaci. In questo articolo, esamineremo l&#8217;applicazione della Tossina Botulinica (&#8220;Botox&#8221;) contro","og_url":"https:\/\/test.drspiegl.com\/it\/trattamenti-non-chirurgici\/botox\/botox-contro-liperidrosi\/","og_site_name":"test.drspiegl.com","article_modified_time":"2025-12-31T14:41:58+00:00","twitter_card":"summary_large_image","twitter_misc":{"Tempo di lettura stimato":"7 minuti"},"schema":{"@context":"https:\/\/schema.org","@graph":[{"@type":"WebPage","@id":"https:\/\/test.drspiegl.com\/it\/trattamenti-non-chirurgici\/botox\/botox-contro-liperidrosi\/","url":"https:\/\/test.drspiegl.com\/it\/trattamenti-non-chirurgici\/botox\/botox-contro-liperidrosi\/","name":"Botox\u2122 contro l'Iperidrosi - test.drspiegl.com","isPartOf":{"@id":"https:\/\/test.drspiegl.com\/it\/en\/home\/#website"},"datePublished":"2025-11-18T13:15:38+00:00","dateModified":"2025-12-31T14:41:58+00:00","breadcrumb":{"@id":"https:\/\/test.drspiegl.com\/it\/trattamenti-non-chirurgici\/botox\/botox-contro-liperidrosi\/#breadcrumb"},"inLanguage":"it-IT","potentialAction":[{"@type":"ReadAction","target":["https:\/\/test.drspiegl.com\/it\/trattamenti-non-chirurgici\/botox\/botox-contro-liperidrosi\/"]}]},{"@type":"BreadcrumbList","@id":"https:\/\/test.drspiegl.com\/it\/trattamenti-non-chirurgici\/botox\/botox-contro-liperidrosi\/#breadcrumb","itemListElement":[{"@type":"ListItem","position":1,"name":"Home","item":"https:\/\/test.drspiegl.com\/it\/"},{"@type":"ListItem","position":2,"name":"Trattamenti Non Chirurgici","item":"https:\/\/test.drspiegl.com\/it\/trattamenti-non-chirurgici\/"},{"@type":"ListItem","position":3,"name":"Botox\u2122","item":"https:\/\/test.drspiegl.com\/it\/trattamenti-non-chirurgici\/botox\/"},{"@type":"ListItem","position":4,"name":"Botox\u2122 contro l&#8217;Iperidrosi"}]},{"@type":"WebSite","@id":"https:\/\/test.drspiegl.com\/it\/en\/home\/#website","url":"https:\/\/test.drspiegl.com\/it\/en\/home\/","name":"test.drspiegl.com","description":"Health Medical Theme","potentialAction":[{"@type":"SearchAction","target":{"@type":"EntryPoint","urlTemplate":"https:\/\/test.drspiegl.com\/it\/en\/home\/?s={search_term_string}"},"query-input":{"@type":"PropertyValueSpecification","valueRequired":true,"valueName":"search_term_string"}}],"inLanguage":"it-IT"}]}},"_links":{"self":[{"href":"https:\/\/test.drspiegl.com\/it\/wp-json\/wp\/v2\/pages\/4583","targetHints":{"allow":["GET"]}}],"collection":[{"href":"https:\/\/test.drspiegl.com\/it\/wp-json\/wp\/v2\/pages"}],"about":[{"href":"https:\/\/test.drspiegl.com\/it\/wp-json\/wp\/v2\/types\/page"}],"author":[{"embeddable":true,"href":"https:\/\/test.drspiegl.com\/it\/wp-json\/wp\/v2\/users\/1"}],"replies":[{"embeddable":true,"href":"https:\/\/test.drspiegl.com\/it\/wp-json\/wp\/v2\/comments?post=4583"}],"version-history":[{"count":2,"href":"https:\/\/test.drspiegl.com\/it\/wp-json\/wp\/v2\/pages\/4583\/revisions"}],"predecessor-version":[{"id":5342,"href":"https:\/\/test.drspiegl.com\/it\/wp-json\/wp\/v2\/pages\/4583\/revisions\/5342"}],"up":[{"embeddable":true,"href":"https:\/\/test.drspiegl.com\/it\/wp-json\/wp\/v2\/pages\/4283"}],"wp:attachment":[{"href":"https:\/\/test.drspiegl.com\/it\/wp-json\/wp\/v2\/media?parent=4583"}],"curies":[{"name":"wp","href":"https:\/\/api.w.org\/{rel}","templated":true}]}}