{"id":4611,"date":"2025-11-18T13:37:07","date_gmt":"2025-11-18T13:37:07","guid":{"rendered":"https:\/\/test.drspiegl.com\/?page_id=4611"},"modified":"2025-11-18T13:39:11","modified_gmt":"2025-11-18T13:39:11","slug":"vampire-lifting","status":"publish","type":"page","link":"https:\/\/test.drspiegl.com\/it\/trattamenti-non-chirurgici\/pelle\/vampire-lifting\/","title":{"rendered":"Vampire Lifting"},"content":{"rendered":"\n<h2 class=\"wp-block-heading\">Vampire Lifting a Salisburgo<\/h2>\n\n\n\n<p>Il <strong>Vampire Lifting<\/strong>, noto anche come <strong>PRP\/Terapia con Plasma Arricchito di Piastrine (PRP) con Sangue Autologo<\/strong>, sta guadagnando crescente popolarit\u00e0 nella medicina estetica. Questo trattamento innovativo utilizza il vostro stesso sangue per <strong>rigenerare<\/strong> e <strong>ringiovanire la pelle<\/strong>. Il Plasma Ricco di Piastrine (PRP) viene estratto dal sangue e iniettato nella pelle.<\/p>\n\n\n\n<p>Un <em>Vampire Lifting<\/em> <strong>promuove la rigenerazione cellulare<\/strong>, migliora la struttura della pelle e riduce le linee sottili e le rughe. Grazie all&#8217;utilizzo di sostanze proprie dell&#8217;organismo, il <strong>rischio di reazioni allergiche \u00e8 minimizzato<\/strong> e viene supportata la rigenerazione naturale, portando a un aspetto fresco e giovanile.<\/p>\n\n\n\n<p>Ulteriori servizi chirurgici e non chirurgici che portano a un aspetto ringiovanito includono, ad esempio, i <em>filler<\/em> per le rughe, un <em>lifting<\/em> del viso o il <em>microneedling<\/em>.<\/p>\n\n\n\n<p><strong>Indice (reso come lista):<\/strong><\/p>\n\n\n\n<ul class=\"wp-block-list\">\n<li>Come Funziona un Trattamento PRP<\/li>\n\n\n\n<li>Svolgimento del <em>Vampire Lifting<\/em><\/li>\n\n\n\n<li>Costi<\/li>\n\n\n\n<li>Rischi Potenziale<\/li>\n\n\n\n<li>Dott. Spiegl \u2013 Il Vostro Esperto Chirurgo Estetico a Salisburgo<\/li>\n\n\n\n<li>Domande Tipiche dei Miei Pazienti (FAQ)<\/li>\n<\/ul>\n\n\n\n<hr class=\"wp-block-separator has-alpha-channel-opacity\"\/>\n\n\n\n<h3 class=\"wp-block-heading\">Come Funziona un <em>Vampire Lifting<\/em> con PRP<\/h3>\n\n\n\n<p>Un <em>Vampire Lifting<\/em> pu\u00f2 essere utilizzato sia per il <strong>ringiovanimento della pelle<\/strong> che contro la <strong>caduta dei capelli<\/strong>. Di seguito, scoprite esattamente come funzionano i singoli trattamenti.<\/p>\n\n\n\n<h4 class=\"wp-block-heading\"><em>Vampire Lifting<\/em> come Ringiovanimento Cutaneo<\/h4>\n\n\n\n<p>Per il <em>Vampire Lifting<\/em>, viene prelevata una piccola quantit\u00e0 di sangue, che viene successivamente centrifugata per isolare il <strong>Plasma Ricco di Piastrine (PRP)<\/strong>. Questo plasma viene quindi <strong>iniettato nella pelle<\/strong> per <strong>promuovere la rigenerazione cellulare e la produzione di collagene<\/strong>. Il trattamento \u00e8 minimamente doloroso. Tuttavia, prima delle iniezioni pu\u00f2 essere applicata una crema anestetica per ridurre la sensibilit\u00e0 al dolore.<\/p>\n\n\n\n<p>Inoltre, un <strong>trattamento PRP<\/strong> pu\u00f2 essere combinato in modo eccellente <strong>con trattamenti a base di Acido Ialuronico\/Vitamine e Aminoacidi<\/strong> (ad esempio, NCTF dell&#8217;azienda Fillmed) per generare effetti immediati e diretti e per supportare il tessuto durante la rigenerazione.<\/p>\n\n\n\n<p>I <strong>risultati<\/strong> di un <em>Vampire Lifting<\/em> possono <strong>durare diversi mesi<\/strong>. Si raccomanda generalmente di ripetere il trattamento a intervalli regolari per ottenere risultati ottimali e a lungo termine. Se si opta per questa terapia, si dovrebbe <strong>prevedere almeno tre sedute terapeutiche<\/strong> per ottenere buoni risultati.<\/p>\n\n\n\n<h4 class=\"wp-block-heading\">Terapia PRP\/Sangue Autologo Contro la Caduta dei Capelli<\/h4>\n\n\n\n<p>Nella terapia PRP contro la caduta dei capelli, il <strong>Plasma Ricco di Piastrine (PRP)<\/strong> viene anch&#8217;esso estratto dal proprio sangue e <strong>iniettato nel cuoio capelluto<\/strong>. Questo <strong>stimola i follicoli piliferi<\/strong> e <strong>promuove la crescita dei capelli<\/strong>. Similmente al ringiovanimento cutaneo, una crema anestetica pu\u00f2 essere applicata sul cuoio capelluto per minimizzare il dolore durante le iniezioni. I risultati possono variare, ma molti pazienti riscontrano un <strong>miglioramento della crescita dei capelli dopo diverse sedute<\/strong>. Anche qui sono necessari trattamenti regolari per ottenere i migliori risultati.<\/p>\n\n\n\n<h3 class=\"wp-block-heading\">Svolgimento del Vostro Trattamento PRP con il Dott. Spiegl a Salisburgo<\/h3>\n\n\n\n<p>L&#8217;intero decorso del trattamento PRP <strong>si estende su diverse settimane<\/strong> e pu\u00f2 variare a seconda delle esigenze individuali e delle condizioni della vostra pelle o dei vostri capelli. Di seguito trovate una panoramica dei singoli passaggi.<\/p>\n\n\n\n<h4 class=\"wp-block-heading\">Colloquio Iniziale e Anamnesi<\/h4>\n\n\n\n<p>In un <strong>colloquio di consulenza dettagliato<\/strong>, il Dott. Spiegl analizza insieme a voi i vostri desideri e le vostre aspettative. Solo cos\u00ec \u00e8 possibile garantire un trattamento adeguato. Non bisogna dimenticare che un trattamento PRP <strong>attiva i poteri di autoguarigione del proprio tessuto<\/strong> e i risultati diventano visibili lentamente e solo con il tempo. Inoltre, vengono escluse le controindicazioni e vengono verificate le vostre condizioni di salute, comprese le malattie concomitanti e l&#8217;assunzione di farmaci.<\/p>\n\n\n\n<h4 class=\"wp-block-heading\">Giorno del <em>Plasma Lifting<\/em><\/h4>\n\n\n\n<p>Di norma non \u00e8 necessario adattare o sospendere i farmaci, ma questo verr\u00e0 discusso separatamente con il Dott. Spiegl. Il trattamento minimamente invasivo <strong>non richiede anestesia<\/strong>, ma pu\u00f2 essere applicata una crema anestetica. <strong>Dopo il <em>lifting<\/em><\/strong>, possono verificarsi <strong>lievi gonfiori o arrossamenti<\/strong>, che svaniscono rapidamente. La guida \u00e8 generalmente possibile, a condizione che non si verifichino effetti collaterali invalidanti.<\/p>\n\n\n\n<h4 class=\"wp-block-heading\">Dopo la Terapia al Plasma<\/h4>\n\n\n\n<p>Dopo la terapia al plasma, la <strong>fase di guarigione<\/strong> dura tipicamente <strong>da pochi giorni fino a una settimana<\/strong>, a seconda del processo di guarigione individuale. Durante questo periodo, <strong>l&#8217;esposizione diretta al sole dovrebbe essere evitata<\/strong>. Inoltre, \u00e8 importante seguire scrupolosamente le istruzioni per la cura fornite dal Dott. Spiegl. Fare la doccia \u00e8 solitamente consentito il giorno dopo il trattamento, ma i <strong>bagni caldi dovrebbero essere evitati per circa tre giorni<\/strong>.<\/p>\n\n\n\n<p>Potete <strong>truccarvi di nuovo dopo circa 24 ore<\/strong>, a condizione che non ci siano irritazioni. La protezione solare \u00e8 indispensabile quando si \u00e8 all&#8217;aperto. I <strong>controlli di <em>follow-up<\/em><\/strong> spesso <strong>non sono strettamente necessari<\/strong>, tranne in caso di complicazioni o domande, per monitorare il progresso della guarigione. Inoltre, di solito vengono pianificate diverse sessioni per ottimizzare il risultato.<\/p>\n\n\n\n<h3 class=\"wp-block-heading\">Quanto Costa un <em>Vampire Lifting<\/em> a Salisburgo?<\/h3>\n\n\n\n<p>Una seduta PRP a Salisburgo con il Dott. Spiegl costa <strong>$350 \u20ac$ senza additivi, e $450 \u20ac$ con NCTF o altri additivi <em>Skin Booster<\/em> in combinazione<\/strong>.<\/p>\n\n\n\n<h3 class=\"wp-block-heading\">Potenziali Rischi ed Effetti Collaterali<\/h3>\n\n\n\n<p>In un trattamento PRP, i <strong>problemi pi\u00f9 comuni sono lievi lividi, gonfiori e sensibilit\u00e0 alla pressione<\/strong> nel punto di iniezione. Questi effetti collaterali sono generalmente lievi e scompaiono entro pochi giorni. <strong>Estremamente raramente<\/strong>, possono verificarsi <strong>infezioni o reazioni allergiche<\/strong>. \u00c8 importante seguire le istruzioni del Dott. Spiegl dopo il trattamento e mantenere pulita l&#8217;area trattata per evitare complicazioni.<\/p>\n\n\n\n<h3 class=\"wp-block-heading\">Dott. Spiegl \u2013 Il Vostro Esperto Chirurgo Estetico a Salisburgo<\/h3>\n\n\n\n<p>Con molti anni di esperienza e vasta <em>expertise<\/em>, il Dott. Spiegl offre <strong>assistenza individuale ed empatica<\/strong> per le sue pazienti e i suoi pazienti. Sia che stiate considerando un trattamento <em>Vampire Lift<\/em> o altri interventi estetici, il Dott. Spiegl combina <strong>tecniche all&#8217;avanguardia con un approccio personalizzato<\/strong> per ottenere risultati ottimali. Affidatevi alla competenza e all&#8217;impegno del Dott. Spiegl per realizzare i vostri desideri e migliorare la vostra qualit\u00e0 di vita. Con lui siete nelle mani migliori.<\/p>\n\n\n\n<h3 class=\"wp-block-heading\">Domande Tipiche dei Miei Pazienti (FAQ)<\/h3>\n\n\n\n<p>Qui trovate le risposte ad alcune domande delle mie pazienti e dei miei pazienti.<\/p>\n\n\n\n<ul class=\"wp-block-list\">\n<li><strong>Quali vantaggi offre un <em>Vampire Lifting<\/em>?<\/strong> Un <em>Vampire Lifting<\/em> <strong>promuove<\/strong> la <strong>rigenerazione della pelle<\/strong>, migliora la <strong>struttura e l&#8217;elasticit\u00e0 della pelle<\/strong> e <strong>riduce le linee sottili e le rughe<\/strong> utilizzando i fattori di crescita propri dell&#8217;organismo.<\/li>\n\n\n\n<li><strong>Un <em>Plasma Lifting<\/em> \u00e8 sicuro?<\/strong> Un <em>Plasma Lifting<\/em> \u00e8 <strong>generalmente sicuro<\/strong>, poich\u00e9 utilizza materiale proprio del corpo e minimizza il rischio di reazioni allergiche. Gli effetti collaterali come gonfiore e arrossamento sono di solito lievi e temporanei.<\/li>\n\n\n\n<li><strong>In quali regioni pu\u00f2 essere applicato un <em>Vampire Lifting<\/em>?<\/strong> Un <em>Vampire Lifting<\/em> pu\u00f2 essere applicato su <strong>viso, collo, d\u00e9collet\u00e9 e mani<\/strong> per migliorare la struttura della pelle e ridurre i segni dell&#8217;invecchiamento cutaneo. Pu\u00f2 anche <strong>stimolare la crescita dei capelli<\/strong>.<\/li>\n\n\n\n<li><strong>Cosa succede se interrompo la terapia PRP?<\/strong> Dopo l&#8217;interruzione della terapia PRP, i <strong>miglioramenti cutanei e gli effetti di ringiovanimento raggiunti possono essere mantenuti<\/strong>, ma il processo di invecchiamento naturale riprende. Sono <strong>necessari trattamenti di richiamo regolari<\/strong> per mantenere i risultati a lungo termine.<\/li>\n\n\n\n<li><strong>L&#8217;espressione facciale cambia dopo un trattamento PRP?<\/strong> Dopo un trattamento PRP, l&#8217;<strong>espressione facciale naturale rimane invariata<\/strong>, poich\u00e9 non vengono utilizzati riempitivi artificiali o interventi chirurgici. La pelle appare semplicemente pi\u00f9 fresca e luminosa.<\/li>\n\n\n\n<li><strong>Quando un <em>Vampire Lifting<\/em> non \u00e8 la scelta giusta?<\/strong> Un <em>Vampire Lifting<\/em> <strong>non \u00e8 adatto in caso di infezioni cutanee attive, disturbi della coagulazione del sangue, malattie croniche gravi o durante la gravidanza e l&#8217;allattamento<\/strong>. Dovrebbe essere evitato anche in caso di allergie note ai componenti del trattamento.<\/li>\n\n\n\n<li><strong>A partire da quale et\u00e0 si pu\u00f2 eseguire un <em>Plasma Lifting<\/em>?<\/strong> Dai $18$ anni, sebbene l&#8217;et\u00e0 ottimale per iniziare un trattamento sia molto individuale.<\/li>\n\n\n\n<li><strong>Un <em>Vampire Lifting<\/em> pu\u00f2 essere combinato con altri trattamenti?<\/strong> S\u00ec, un <em>Vampire Lifting<\/em> pu\u00f2 essere combinato con altri trattamenti come Botox e iniezioni di <em>filler<\/em> per ottenere risultati estetici pi\u00f9 completi.<\/li>\n<\/ul>\n","protected":false},"excerpt":{"rendered":"<p>Vampire Lifting a Salisburgo Il Vampire Lifting, noto anche come PRP\/Terapia con Plasma Arricchito di Piastrine (PRP) con Sangue Autologo, sta guadagnando crescente popolarit\u00e0 nella medicina estetica. Questo trattamento innovativo utilizza il vostro stesso sangue per rigenerare e ringiovanire la pelle. Il Plasma Ricco di Piastrine (PRP) viene estratto dal sangue e iniettato nella pelle.<\/p>\n","protected":false},"author":1,"featured_media":0,"parent":4287,"menu_order":0,"comment_status":"closed","ping_status":"closed","template":"","meta":{"footnotes":""},"class_list":["post-4611","page","type-page","status-publish","hentry"],"yoast_head":"<!-- This site is optimized with the Yoast SEO plugin v27.4 - https:\/\/yoast.com\/product\/yoast-seo-wordpress\/ -->\n<title>Vampire Lifting - test.drspiegl.com<\/title>\n<meta name=\"robots\" content=\"index, follow, max-snippet:-1, max-image-preview:large, max-video-preview:-1\" \/>\n<link rel=\"canonical\" href=\"https:\/\/test.drspiegl.com\/it\/trattamenti-non-chirurgici\/pelle\/vampire-lifting\/\" \/>\n<meta property=\"og:locale\" content=\"it_IT\" \/>\n<meta property=\"og:type\" content=\"article\" \/>\n<meta property=\"og:title\" content=\"Vampire Lifting - test.drspiegl.com\" \/>\n<meta property=\"og:description\" content=\"Vampire Lifting a Salisburgo Il Vampire Lifting, noto anche come PRP\/Terapia con Plasma Arricchito di Piastrine (PRP) con Sangue Autologo, sta guadagnando crescente popolarit\u00e0 nella medicina estetica. Questo trattamento innovativo utilizza il vostro stesso sangue per rigenerare e ringiovanire la pelle. Il Plasma Ricco di Piastrine (PRP) viene estratto dal sangue e iniettato nella pelle.\" \/>\n<meta property=\"og:url\" content=\"https:\/\/test.drspiegl.com\/it\/trattamenti-non-chirurgici\/pelle\/vampire-lifting\/\" \/>\n<meta property=\"og:site_name\" content=\"test.drspiegl.com\" \/>\n<meta property=\"article:modified_time\" content=\"2025-11-18T13:39:11+00:00\" \/>\n<meta name=\"twitter:card\" content=\"summary_large_image\" \/>\n<meta name=\"twitter:label1\" content=\"Tempo di lettura stimato\" \/>\n\t<meta name=\"twitter:data1\" content=\"6 minuti\" \/>\n<script type=\"application\/ld+json\" class=\"yoast-schema-graph\">{\"@context\":\"https:\\\/\\\/schema.org\",\"@graph\":[{\"@type\":\"WebPage\",\"@id\":\"https:\\\/\\\/test.drspiegl.com\\\/it\\\/trattamenti-non-chirurgici\\\/pelle\\\/vampire-lifting\\\/\",\"url\":\"https:\\\/\\\/test.drspiegl.com\\\/it\\\/trattamenti-non-chirurgici\\\/pelle\\\/vampire-lifting\\\/\",\"name\":\"Vampire Lifting - test.drspiegl.com\",\"isPartOf\":{\"@id\":\"https:\\\/\\\/test.drspiegl.com\\\/it\\\/en\\\/home\\\/#website\"},\"datePublished\":\"2025-11-18T13:37:07+00:00\",\"dateModified\":\"2025-11-18T13:39:11+00:00\",\"breadcrumb\":{\"@id\":\"https:\\\/\\\/test.drspiegl.com\\\/it\\\/trattamenti-non-chirurgici\\\/pelle\\\/vampire-lifting\\\/#breadcrumb\"},\"inLanguage\":\"it-IT\",\"potentialAction\":[{\"@type\":\"ReadAction\",\"target\":[\"https:\\\/\\\/test.drspiegl.com\\\/it\\\/trattamenti-non-chirurgici\\\/pelle\\\/vampire-lifting\\\/\"]}]},{\"@type\":\"BreadcrumbList\",\"@id\":\"https:\\\/\\\/test.drspiegl.com\\\/it\\\/trattamenti-non-chirurgici\\\/pelle\\\/vampire-lifting\\\/#breadcrumb\",\"itemListElement\":[{\"@type\":\"ListItem\",\"position\":1,\"name\":\"Home\",\"item\":\"https:\\\/\\\/test.drspiegl.com\\\/it\\\/\"},{\"@type\":\"ListItem\",\"position\":2,\"name\":\"Trattamenti Non Chirurgici\",\"item\":\"https:\\\/\\\/test.drspiegl.com\\\/it\\\/trattamenti-non-chirurgici\\\/\"},{\"@type\":\"ListItem\",\"position\":3,\"name\":\"Pelle\",\"item\":\"https:\\\/\\\/test.drspiegl.com\\\/it\\\/trattamenti-non-chirurgici\\\/pelle\\\/\"},{\"@type\":\"ListItem\",\"position\":4,\"name\":\"Vampire Lifting\"}]},{\"@type\":\"WebSite\",\"@id\":\"https:\\\/\\\/test.drspiegl.com\\\/it\\\/en\\\/home\\\/#website\",\"url\":\"https:\\\/\\\/test.drspiegl.com\\\/it\\\/en\\\/home\\\/\",\"name\":\"test.drspiegl.com\",\"description\":\"Health Medical Theme\",\"potentialAction\":[{\"@type\":\"SearchAction\",\"target\":{\"@type\":\"EntryPoint\",\"urlTemplate\":\"https:\\\/\\\/test.drspiegl.com\\\/it\\\/en\\\/home\\\/?s={search_term_string}\"},\"query-input\":{\"@type\":\"PropertyValueSpecification\",\"valueRequired\":true,\"valueName\":\"search_term_string\"}}],\"inLanguage\":\"it-IT\"}]}<\/script>\n<!-- \/ Yoast SEO plugin. -->","yoast_head_json":{"title":"Vampire Lifting - test.drspiegl.com","robots":{"index":"index","follow":"follow","max-snippet":"max-snippet:-1","max-image-preview":"max-image-preview:large","max-video-preview":"max-video-preview:-1"},"canonical":"https:\/\/test.drspiegl.com\/it\/trattamenti-non-chirurgici\/pelle\/vampire-lifting\/","og_locale":"it_IT","og_type":"article","og_title":"Vampire Lifting - test.drspiegl.com","og_description":"Vampire Lifting a Salisburgo Il Vampire Lifting, noto anche come PRP\/Terapia con Plasma Arricchito di Piastrine (PRP) con Sangue Autologo, sta guadagnando crescente popolarit\u00e0 nella medicina estetica. Questo trattamento innovativo utilizza il vostro stesso sangue per rigenerare e ringiovanire la pelle. Il Plasma Ricco di Piastrine (PRP) viene estratto dal sangue e iniettato nella pelle.","og_url":"https:\/\/test.drspiegl.com\/it\/trattamenti-non-chirurgici\/pelle\/vampire-lifting\/","og_site_name":"test.drspiegl.com","article_modified_time":"2025-11-18T13:39:11+00:00","twitter_card":"summary_large_image","twitter_misc":{"Tempo di lettura stimato":"6 minuti"},"schema":{"@context":"https:\/\/schema.org","@graph":[{"@type":"WebPage","@id":"https:\/\/test.drspiegl.com\/it\/trattamenti-non-chirurgici\/pelle\/vampire-lifting\/","url":"https:\/\/test.drspiegl.com\/it\/trattamenti-non-chirurgici\/pelle\/vampire-lifting\/","name":"Vampire Lifting - test.drspiegl.com","isPartOf":{"@id":"https:\/\/test.drspiegl.com\/it\/en\/home\/#website"},"datePublished":"2025-11-18T13:37:07+00:00","dateModified":"2025-11-18T13:39:11+00:00","breadcrumb":{"@id":"https:\/\/test.drspiegl.com\/it\/trattamenti-non-chirurgici\/pelle\/vampire-lifting\/#breadcrumb"},"inLanguage":"it-IT","potentialAction":[{"@type":"ReadAction","target":["https:\/\/test.drspiegl.com\/it\/trattamenti-non-chirurgici\/pelle\/vampire-lifting\/"]}]},{"@type":"BreadcrumbList","@id":"https:\/\/test.drspiegl.com\/it\/trattamenti-non-chirurgici\/pelle\/vampire-lifting\/#breadcrumb","itemListElement":[{"@type":"ListItem","position":1,"name":"Home","item":"https:\/\/test.drspiegl.com\/it\/"},{"@type":"ListItem","position":2,"name":"Trattamenti Non Chirurgici","item":"https:\/\/test.drspiegl.com\/it\/trattamenti-non-chirurgici\/"},{"@type":"ListItem","position":3,"name":"Pelle","item":"https:\/\/test.drspiegl.com\/it\/trattamenti-non-chirurgici\/pelle\/"},{"@type":"ListItem","position":4,"name":"Vampire Lifting"}]},{"@type":"WebSite","@id":"https:\/\/test.drspiegl.com\/it\/en\/home\/#website","url":"https:\/\/test.drspiegl.com\/it\/en\/home\/","name":"test.drspiegl.com","description":"Health Medical Theme","potentialAction":[{"@type":"SearchAction","target":{"@type":"EntryPoint","urlTemplate":"https:\/\/test.drspiegl.com\/it\/en\/home\/?s={search_term_string}"},"query-input":{"@type":"PropertyValueSpecification","valueRequired":true,"valueName":"search_term_string"}}],"inLanguage":"it-IT"}]}},"_links":{"self":[{"href":"https:\/\/test.drspiegl.com\/it\/wp-json\/wp\/v2\/pages\/4611","targetHints":{"allow":["GET"]}}],"collection":[{"href":"https:\/\/test.drspiegl.com\/it\/wp-json\/wp\/v2\/pages"}],"about":[{"href":"https:\/\/test.drspiegl.com\/it\/wp-json\/wp\/v2\/types\/page"}],"author":[{"embeddable":true,"href":"https:\/\/test.drspiegl.com\/it\/wp-json\/wp\/v2\/users\/1"}],"replies":[{"embeddable":true,"href":"https:\/\/test.drspiegl.com\/it\/wp-json\/wp\/v2\/comments?post=4611"}],"version-history":[{"count":1,"href":"https:\/\/test.drspiegl.com\/it\/wp-json\/wp\/v2\/pages\/4611\/revisions"}],"predecessor-version":[{"id":4612,"href":"https:\/\/test.drspiegl.com\/it\/wp-json\/wp\/v2\/pages\/4611\/revisions\/4612"}],"up":[{"embeddable":true,"href":"https:\/\/test.drspiegl.com\/it\/wp-json\/wp\/v2\/pages\/4287"}],"wp:attachment":[{"href":"https:\/\/test.drspiegl.com\/it\/wp-json\/wp\/v2\/media?parent=4611"}],"curies":[{"name":"wp","href":"https:\/\/api.w.org\/{rel}","templated":true}]}}