{"id":4654,"date":"2025-11-18T14:27:11","date_gmt":"2025-11-18T14:27:11","guid":{"rendered":"https:\/\/test.drspiegl.com\/?page_id=4654"},"modified":"2025-11-18T14:29:50","modified_gmt":"2025-11-18T14:29:50","slug":"aumento-delle-labbra","status":"publish","type":"page","link":"https:\/\/test.drspiegl.com\/it\/trattamenti-non-chirurgici\/filler\/aumento-delle-labbra\/","title":{"rendered":"Aumento delle Labbra"},"content":{"rendered":"\n<h2 class=\"wp-block-heading\">Aumento delle Labbra a Salisburgo<\/h2>\n\n\n\n<p>Labbra piene e sensuali sono uno dei segni centrali del viso giovane. L'&#8221;Aumento delle labbra&#8221; \u00e8 popolare anche per questo motivo: labbra belle appaiono attraenti e sexy. La forma delle labbra e il volume di base sono innati, ma con il processo di invecchiamento si perde pienezza e la distanza tra il naso e il labbro superiore aumenta. Questo invecchiamento del labbro porta all&#8217;assottigliamento del labbro superiore.<\/p>\n\n\n\n<p>Sia che siate nate con labbra piuttosto sottili, che vogliate semplicemente &#8220;un po&#8217; di pi\u00f9&#8221;, o che desideriate ripristinare la vostra forma labiale originaria, l&#8217;iniezione di <strong>Acido Ialuronico (<em>Filler<\/em>)<\/strong> \u00e8 solitamente la soluzione. L&#8217;Acido Ialuronico \u00e8 una sostanza presente nel corpo, motivo per cui \u00e8 fondamentalmente ben tollerato e viene riassorbito da solo dopo un certo tempo. Reazioni allergiche o intolleranze sono molto rare.<\/p>\n\n\n\n<p>Dopo un&#8217;analisi e un&#8217;informazione completa, viene applicata una <strong>crema anestetica<\/strong> affinch\u00e9 l&#8217;intervento sia eseguito con poco dolore. Il Dott. Spiegl utilizza solo <strong>prodotti di qualit\u00e0 di produttori leader<\/strong> e ha una <strong>tecnica di iniezione propria<\/strong> che riduce la probabilit\u00e0 di gonfiore ed ematomi. Non viene utilizzata una penna per iniezioni (<em>&#8220;Hyaluronpen&#8221;<\/em>), in quanto spara il materiale nel tessuto in modo imprevedibile e impreciso, risultando quindi molto pericolosa per il rischio di disturbi della circolazione. <strong>La sicurezza \u00e8 sempre la massima priorit\u00e0 per il Dott. Spiegl.<\/strong> I desideri personali delle pazienti sono sempre in primo piano: da &#8220;discreto e quasi invisibile&#8221; a &#8220;pieno e sensuale&#8221;, molto \u00e8 possibile, anche se, come spesso accade, il meno \u00e8 di solito pi\u00f9.<\/p>\n\n\n\n<p>Tendenze specifiche come le note <em>&#8220;Russian Lips&#8221;<\/em> non sono possibili per ogni paziente; ogni donna \u00e8 unica e ha labbra uniche. La forma delle labbra non dovrebbe essere alterata in modo significativo, ma piuttosto accentuata, altrimenti si rischia un aspetto molto artificiale.<\/p>\n\n\n\n<p>Se siete interessate a un ingrandimento delle labbra con <em>filler<\/em>, potete fissare un appuntamento con il Dott. Spiegl a <strong>Salisburgo o Tulln<\/strong>. Il <strong>prezzo<\/strong> di tale intervento \u00e8 di <strong>circa $400 \u20ac$<\/strong> e include controlli gratuiti post-trattamento. Dopo l&#8217;iniezione, dovreste riposare fisicamente ed evitare di applicare <em>make-up<\/em>, sauna e solarium per $24$ ore. Il gonfiore scompare di solito dopo una settimana e il risultato finale \u00e8 visibile dopo due settimane. La <strong>durata dei <em>filler<\/em> labiali<\/strong> \u00e8 da 6 a 12 mesi, a seconda del prodotto utilizzato, della quantit\u00e0 e del metabolismo individuale.<\/p>\n","protected":false},"excerpt":{"rendered":"<p>Aumento delle Labbra a Salisburgo Labbra piene e sensuali sono uno dei segni centrali del viso giovane. L&#8217;&#8221;Aumento delle labbra&#8221; \u00e8 popolare anche per questo motivo: labbra belle appaiono attraenti e sexy. La forma delle labbra e il volume di base sono innati, ma con il processo di invecchiamento si perde pienezza e la distanza<\/p>\n","protected":false},"author":1,"featured_media":0,"parent":4294,"menu_order":0,"comment_status":"closed","ping_status":"closed","template":"","meta":{"footnotes":""},"class_list":["post-4654","page","type-page","status-publish","hentry"],"yoast_head":"<!-- This site is optimized with the Yoast SEO plugin v27.4 - https:\/\/yoast.com\/product\/yoast-seo-wordpress\/ -->\n<title>Aumento delle Labbra - test.drspiegl.com<\/title>\n<meta name=\"robots\" content=\"index, follow, max-snippet:-1, max-image-preview:large, max-video-preview:-1\" \/>\n<link rel=\"canonical\" href=\"https:\/\/test.drspiegl.com\/it\/trattamenti-non-chirurgici\/filler\/aumento-delle-labbra\/\" \/>\n<meta property=\"og:locale\" content=\"it_IT\" \/>\n<meta property=\"og:type\" content=\"article\" \/>\n<meta property=\"og:title\" content=\"Aumento delle Labbra - test.drspiegl.com\" \/>\n<meta property=\"og:description\" content=\"Aumento delle Labbra a Salisburgo Labbra piene e sensuali sono uno dei segni centrali del viso giovane. L&#039;&#8221;Aumento delle labbra&#8221; \u00e8 popolare anche per questo motivo: labbra belle appaiono attraenti e sexy. La forma delle labbra e il volume di base sono innati, ma con il processo di invecchiamento si perde pienezza e la distanza\" \/>\n<meta property=\"og:url\" content=\"https:\/\/test.drspiegl.com\/it\/trattamenti-non-chirurgici\/filler\/aumento-delle-labbra\/\" \/>\n<meta property=\"og:site_name\" content=\"test.drspiegl.com\" \/>\n<meta property=\"article:modified_time\" content=\"2025-11-18T14:29:50+00:00\" \/>\n<meta name=\"twitter:card\" content=\"summary_large_image\" \/>\n<meta name=\"twitter:label1\" content=\"Tempo di lettura stimato\" \/>\n\t<meta name=\"twitter:data1\" content=\"2 minuti\" \/>\n<script type=\"application\/ld+json\" class=\"yoast-schema-graph\">{\"@context\":\"https:\\\/\\\/schema.org\",\"@graph\":[{\"@type\":\"WebPage\",\"@id\":\"https:\\\/\\\/test.drspiegl.com\\\/it\\\/trattamenti-non-chirurgici\\\/filler\\\/aumento-delle-labbra\\\/\",\"url\":\"https:\\\/\\\/test.drspiegl.com\\\/it\\\/trattamenti-non-chirurgici\\\/filler\\\/aumento-delle-labbra\\\/\",\"name\":\"Aumento delle Labbra - test.drspiegl.com\",\"isPartOf\":{\"@id\":\"https:\\\/\\\/test.drspiegl.com\\\/it\\\/en\\\/home\\\/#website\"},\"datePublished\":\"2025-11-18T14:27:11+00:00\",\"dateModified\":\"2025-11-18T14:29:50+00:00\",\"breadcrumb\":{\"@id\":\"https:\\\/\\\/test.drspiegl.com\\\/it\\\/trattamenti-non-chirurgici\\\/filler\\\/aumento-delle-labbra\\\/#breadcrumb\"},\"inLanguage\":\"it-IT\",\"potentialAction\":[{\"@type\":\"ReadAction\",\"target\":[\"https:\\\/\\\/test.drspiegl.com\\\/it\\\/trattamenti-non-chirurgici\\\/filler\\\/aumento-delle-labbra\\\/\"]}]},{\"@type\":\"BreadcrumbList\",\"@id\":\"https:\\\/\\\/test.drspiegl.com\\\/it\\\/trattamenti-non-chirurgici\\\/filler\\\/aumento-delle-labbra\\\/#breadcrumb\",\"itemListElement\":[{\"@type\":\"ListItem\",\"position\":1,\"name\":\"Home\",\"item\":\"https:\\\/\\\/test.drspiegl.com\\\/it\\\/\"},{\"@type\":\"ListItem\",\"position\":2,\"name\":\"Trattamenti Non Chirurgici\",\"item\":\"https:\\\/\\\/test.drspiegl.com\\\/it\\\/trattamenti-non-chirurgici\\\/\"},{\"@type\":\"ListItem\",\"position\":3,\"name\":\"Filler\",\"item\":\"https:\\\/\\\/test.drspiegl.com\\\/it\\\/trattamenti-non-chirurgici\\\/filler\\\/\"},{\"@type\":\"ListItem\",\"position\":4,\"name\":\"Aumento delle Labbra\"}]},{\"@type\":\"WebSite\",\"@id\":\"https:\\\/\\\/test.drspiegl.com\\\/it\\\/en\\\/home\\\/#website\",\"url\":\"https:\\\/\\\/test.drspiegl.com\\\/it\\\/en\\\/home\\\/\",\"name\":\"test.drspiegl.com\",\"description\":\"Health Medical Theme\",\"potentialAction\":[{\"@type\":\"SearchAction\",\"target\":{\"@type\":\"EntryPoint\",\"urlTemplate\":\"https:\\\/\\\/test.drspiegl.com\\\/it\\\/en\\\/home\\\/?s={search_term_string}\"},\"query-input\":{\"@type\":\"PropertyValueSpecification\",\"valueRequired\":true,\"valueName\":\"search_term_string\"}}],\"inLanguage\":\"it-IT\"}]}<\/script>\n<!-- \/ Yoast SEO plugin. -->","yoast_head_json":{"title":"Aumento delle Labbra - test.drspiegl.com","robots":{"index":"index","follow":"follow","max-snippet":"max-snippet:-1","max-image-preview":"max-image-preview:large","max-video-preview":"max-video-preview:-1"},"canonical":"https:\/\/test.drspiegl.com\/it\/trattamenti-non-chirurgici\/filler\/aumento-delle-labbra\/","og_locale":"it_IT","og_type":"article","og_title":"Aumento delle Labbra - test.drspiegl.com","og_description":"Aumento delle Labbra a Salisburgo Labbra piene e sensuali sono uno dei segni centrali del viso giovane. L'&#8221;Aumento delle labbra&#8221; \u00e8 popolare anche per questo motivo: labbra belle appaiono attraenti e sexy. La forma delle labbra e il volume di base sono innati, ma con il processo di invecchiamento si perde pienezza e la distanza","og_url":"https:\/\/test.drspiegl.com\/it\/trattamenti-non-chirurgici\/filler\/aumento-delle-labbra\/","og_site_name":"test.drspiegl.com","article_modified_time":"2025-11-18T14:29:50+00:00","twitter_card":"summary_large_image","twitter_misc":{"Tempo di lettura stimato":"2 minuti"},"schema":{"@context":"https:\/\/schema.org","@graph":[{"@type":"WebPage","@id":"https:\/\/test.drspiegl.com\/it\/trattamenti-non-chirurgici\/filler\/aumento-delle-labbra\/","url":"https:\/\/test.drspiegl.com\/it\/trattamenti-non-chirurgici\/filler\/aumento-delle-labbra\/","name":"Aumento delle Labbra - test.drspiegl.com","isPartOf":{"@id":"https:\/\/test.drspiegl.com\/it\/en\/home\/#website"},"datePublished":"2025-11-18T14:27:11+00:00","dateModified":"2025-11-18T14:29:50+00:00","breadcrumb":{"@id":"https:\/\/test.drspiegl.com\/it\/trattamenti-non-chirurgici\/filler\/aumento-delle-labbra\/#breadcrumb"},"inLanguage":"it-IT","potentialAction":[{"@type":"ReadAction","target":["https:\/\/test.drspiegl.com\/it\/trattamenti-non-chirurgici\/filler\/aumento-delle-labbra\/"]}]},{"@type":"BreadcrumbList","@id":"https:\/\/test.drspiegl.com\/it\/trattamenti-non-chirurgici\/filler\/aumento-delle-labbra\/#breadcrumb","itemListElement":[{"@type":"ListItem","position":1,"name":"Home","item":"https:\/\/test.drspiegl.com\/it\/"},{"@type":"ListItem","position":2,"name":"Trattamenti Non Chirurgici","item":"https:\/\/test.drspiegl.com\/it\/trattamenti-non-chirurgici\/"},{"@type":"ListItem","position":3,"name":"Filler","item":"https:\/\/test.drspiegl.com\/it\/trattamenti-non-chirurgici\/filler\/"},{"@type":"ListItem","position":4,"name":"Aumento delle Labbra"}]},{"@type":"WebSite","@id":"https:\/\/test.drspiegl.com\/it\/en\/home\/#website","url":"https:\/\/test.drspiegl.com\/it\/en\/home\/","name":"test.drspiegl.com","description":"Health Medical Theme","potentialAction":[{"@type":"SearchAction","target":{"@type":"EntryPoint","urlTemplate":"https:\/\/test.drspiegl.com\/it\/en\/home\/?s={search_term_string}"},"query-input":{"@type":"PropertyValueSpecification","valueRequired":true,"valueName":"search_term_string"}}],"inLanguage":"it-IT"}]}},"_links":{"self":[{"href":"https:\/\/test.drspiegl.com\/it\/wp-json\/wp\/v2\/pages\/4654","targetHints":{"allow":["GET"]}}],"collection":[{"href":"https:\/\/test.drspiegl.com\/it\/wp-json\/wp\/v2\/pages"}],"about":[{"href":"https:\/\/test.drspiegl.com\/it\/wp-json\/wp\/v2\/types\/page"}],"author":[{"embeddable":true,"href":"https:\/\/test.drspiegl.com\/it\/wp-json\/wp\/v2\/users\/1"}],"replies":[{"embeddable":true,"href":"https:\/\/test.drspiegl.com\/it\/wp-json\/wp\/v2\/comments?post=4654"}],"version-history":[{"count":1,"href":"https:\/\/test.drspiegl.com\/it\/wp-json\/wp\/v2\/pages\/4654\/revisions"}],"predecessor-version":[{"id":4655,"href":"https:\/\/test.drspiegl.com\/it\/wp-json\/wp\/v2\/pages\/4654\/revisions\/4655"}],"up":[{"embeddable":true,"href":"https:\/\/test.drspiegl.com\/it\/wp-json\/wp\/v2\/pages\/4294"}],"wp:attachment":[{"href":"https:\/\/test.drspiegl.com\/it\/wp-json\/wp\/v2\/media?parent=4654"}],"curies":[{"name":"wp","href":"https:\/\/api.w.org\/{rel}","templated":true}]}}