{"id":4675,"date":"2025-11-18T17:39:10","date_gmt":"2025-11-18T17:39:10","guid":{"rendered":"https:\/\/test.drspiegl.com\/?page_id=4675"},"modified":"2026-01-09T09:44:57","modified_gmt":"2026-01-09T09:44:57","slug":"chi-e-dr-spiegl","status":"publish","type":"page","link":"https:\/\/test.drspiegl.com\/it\/chi-e-dr-spiegl\/","title":{"rendered":"Chi Siamo"},"content":{"rendered":"<div class=\"wpb-content-wrapper\"><p>[vc_row type=&#8221;full-width&#8221;][vc_column width=&#8221;1\/2&#8243;][vc_single_image image=&#8221;5249&#8243; img_size=&#8221;large-thumb&#8221; css_animation=&#8221;fadeIn&#8221; css=&#8221;&#8221;][\/vc_column][vc_column width=&#8221;1\/2&#8243;][vc_column_text css=&#8221;&#8221; el_class=&#8221;padding-left-100&#8243;]<\/p>\r\n<p><span style=\"padding-left: 20px;\">Il Dott. Matthias Spiegl ha iniziato la sua formazione medica presso l\u2019Universit\u00e0 di Medicina di Vienna, proseguendo poi all\u2019Ospedale di Tulln, in Austria. Presso l\u2019Ospedale Cantonale di San Gallo, in Svizzera, ha maturato il proprio percorso fino al ruolo di specialista e continua a operare come consulente presso l\u2019Ospedale dei Fratelli della Misericordia di Salisburgo, in Austria.<br \/><!-- \/wp:post-content --><\/span><\/p>\r\n<p><!-- wp:paragraph --><span style=\"padding-left: 20px;\">Il Dott. Spiegl ha scelto la Chirurgia Plastica per la profonda ammirazione verso il corpo umano. Quando si \u00e8 presentata l\u2019opportunit\u00e0 di entrare in questo settore altamente competitivo in Svizzera, non ha esitato. La formazione in un grande centro di traumatologia e oncologia gli ha permesso di acquisire esperienza in numerose procedure, inclusa la chirurgia della mano con specializzazione nella chirurgia del seno.<\/span><\/p>\r\n<p><!-- wp:paragraph --><span style=\"padding-left: 20px;\">Secondo il Dott. Spiegl, una vita senza compromessi richiede totale dedizione al proprio lavoro, senza rinunciare a vivere e apprezzare pienamente le cose pi\u00f9 belle.<\/span><\/p>\r\n<p>[\/vc_column_text][\/vc_column][\/vc_row][vc_row type=&#8221;full-width&#8221;][vc_column width=&#8221;1\/2&#8243;][vc_column_text css=&#8221;&#8221; el_class=&#8221;padding-right-100&#8243;]<\/p>\r\n<p data-start=\"596\" data-end=\"695\">Grazie alla sua instancabile dedizione al lavoro, appartiene alle seguenti prestigiose istituzioni.<\/p>\r\n<ul>\r\n<li data-start=\"697\" data-end=\"1027\">International Society for Aesthetic Plastic Surgery (ISAPS)<\/li>\r\n<li data-start=\"697\" data-end=\"1027\">Societ\u00e0 Austriaca di Chirurgia Plastica, Estetica e Ricostruttiva (\u00d6GP\u00c4RC)<\/li>\r\n<li data-start=\"697\" data-end=\"1027\">SwissPlasticSurgery<\/li>\r\n<li data-start=\"697\" data-end=\"1027\">Fellow del European Board of Plastic, Reconstructive and Aesthetic Surgery (FEBOPRAS)<\/li>\r\n<li data-start=\"697\" data-end=\"1027\">General Medical Council (GMC)<\/li>\r\n<li data-start=\"697\" data-end=\"1027\">Fellow of the American College of Surgeons (FACS)<\/li>\r\n<\/ul>\r\n<div style=\"display: flex; align-items: center; gap: 12px; flex-wrap: wrap;\">\r\n<p><iframe loading=\"lazy\" class=\"doctify-widget\" src=\"https:\/\/h3kssctze3.execute-api.eu-central-1.amazonaws.com\/production\/wv2\/average-rating-widget?language=de&amp;profileType=specialist&amp;slugs=matthias-spiegl&amp;tenantId=athena-at&amp;theme=darkNavy&amp;widgetName=average-rating-widget\" name=\"average-rating-widget\" width=\"150px\" height=\"92px\" frameborder=\"1\" scrolling=\"no\"><span data-mce-type=\"bookmark\" style=\"display: inline-block; width: 0px; overflow: hidden; line-height: 0;\" class=\"mce_SELRES_start\">\ufeff<\/span><span data-mce-type=\"bookmark\" style=\"display: inline-block; width: 0px; overflow: hidden; line-height: 0;\" class=\"mce_SELRES_start\">\ufeff<\/span><span data-mce-type=\"bookmark\" style=\"display: inline-block; width: 0px; overflow: hidden; line-height: 0;\" class=\"mce_SELRES_start\">\ufeff<\/span><span data-mce-type=\"bookmark\" style=\"display: inline-block; width: 0px; overflow: hidden; line-height: 0;\" class=\"mce_SELRES_start\">\ufeff<\/span><span data-mce-type=\"bookmark\" style=\"display: inline-block; width: 0px; overflow: hidden; line-height: 0;\" class=\"mce_SELRES_start\"><span data-mce-type=\"bookmark\" style=\"display: inline-block; width: 0px; overflow: hidden; line-height: 0;\" class=\"mce_SELRES_start\">\ufeff<\/span>\ufeff<\/span><span data-mce-type=\"bookmark\" style=\"display: inline-block; width: 0px; overflow: hidden; line-height: 0;\" class=\"mce_SELRES_start\"><span data-mce-type=\"bookmark\" style=\"display: inline-block; width: 0px; overflow: hidden; line-height: 0;\" class=\"mce_SELRES_start\">\ufeff<\/span>\ufeff<\/span> Browser doesn&#8217;t support frames<\/iframe><\/p>\r\n<p><a href=\"https:\/\/www.doctify.com\/de-at\/specialist\/matthias-spiegl\" target=\"blank\"><img loading=\"lazy\" decoding=\"async\" class=\"alignnone wp-image-4775\" style=\"width: 130px; margin: -10px 10px 0 0;\" src=\"https:\/\/test.drspiegl.com\/wp-content\/uploads\/2025\/11\/ex-1-300x174.webp\" alt=\"\" width=\"153\" height=\"89\" srcset=\"https:\/\/test.drspiegl.com\/wp-content\/uploads\/2025\/11\/ex-1-300x174.webp 300w, https:\/\/test.drspiegl.com\/wp-content\/uploads\/2025\/11\/ex-1.webp 450w\" sizes=\"auto, (max-width: 153px) 100vw, 153px\" \/><\/a><\/p>\r\n<p><a href=\"https:\/\/www.doctify.com\/de-at\/specialist\/matthias-spiegl\" target=\"blank\"><img loading=\"lazy\" decoding=\"async\" class=\"alignnone wp-image-4774\" style=\"width: 130px; margin: -10px 0 0 0;\" src=\"https:\/\/test.drspiegl.com\/wp-content\/uploads\/2025\/11\/ex-2-300x173.webp\" alt=\"\" width=\"132\" height=\"76\" srcset=\"https:\/\/test.drspiegl.com\/wp-content\/uploads\/2025\/11\/ex-2-300x173.webp 300w, https:\/\/test.drspiegl.com\/wp-content\/uploads\/2025\/11\/ex-2-768x443.webp 768w, https:\/\/test.drspiegl.com\/wp-content\/uploads\/2025\/11\/ex-2.webp 899w\" sizes=\"auto, (max-width: 132px) 100vw, 132px\" \/><\/a><\/p>\r\n<\/div>\r\n<p>[\/vc_column_text][\/vc_column][vc_column width=&#8221;1\/2&#8243;][vc_single_image image=&#8221;5248&#8243; img_size=&#8221;large-thumb&#8221; css_animation=&#8221;fadeIn&#8221; css=&#8221;&#8221;][\/vc_column][\/vc_row]<\/p><!-- \/wp:paragraph --><\/div>","protected":false},"excerpt":{"rendered":"<p>[vc_row type=&#8221;full-width&#8221;][vc_column width=&#8221;1\/2&#8243;][vc_single_image image=&#8221;5249&#8243; img_size=&#8221;large-thumb&#8221; css_animation=&#8221;fadeIn&#8221; css=&#8221;&#8221;][\/vc_column][vc_column width=&#8221;1\/2&#8243;][vc_column_text css=&#8221;&#8221; el_class=&#8221;padding-left-100&#8243;] Il Dott. Matthias Spiegl ha iniziato la sua formazione medica presso l\u2019Universit\u00e0 di Medicina di Vienna, proseguendo poi all\u2019Ospedale di Tulln, in Austria. Presso l\u2019Ospedale Cantonale di San Gallo, in Svizzera, ha maturato il proprio percorso fino al ruolo di specialista e continua a operare<\/p>\n","protected":false},"author":1,"featured_media":0,"parent":0,"menu_order":0,"comment_status":"closed","ping_status":"closed","template":"","meta":{"footnotes":""},"class_list":["post-4675","page","type-page","status-publish","hentry"],"yoast_head":"<!-- This site is optimized with the Yoast SEO plugin v27.4 - https:\/\/yoast.com\/product\/yoast-seo-wordpress\/ -->\n<title>Chi Siamo - test.drspiegl.com<\/title>\n<meta name=\"robots\" content=\"index, follow, max-snippet:-1, max-image-preview:large, max-video-preview:-1\" \/>\n<link rel=\"canonical\" href=\"https:\/\/test.drspiegl.com\/it\/chi-e-dr-spiegl\/\" \/>\n<meta property=\"og:locale\" content=\"it_IT\" \/>\n<meta property=\"og:type\" content=\"article\" \/>\n<meta property=\"og:title\" content=\"Chi Siamo - test.drspiegl.com\" \/>\n<meta property=\"og:description\" content=\"[vc_row type=&#8221;full-width&#8221;][vc_column width=&#8221;1\/2&#8243;][vc_single_image image=&#8221;5249&#8243; img_size=&#8221;large-thumb&#8221; css_animation=&#8221;fadeIn&#8221; css=&#8221;&#8221;][\/vc_column][vc_column width=&#8221;1\/2&#8243;][vc_column_text css=&#8221;&#8221; el_class=&#8221;padding-left-100&#8243;] Il Dott. Matthias Spiegl ha iniziato la sua formazione medica presso l\u2019Universit\u00e0 di Medicina di Vienna, proseguendo poi all\u2019Ospedale di Tulln, in Austria. Presso l\u2019Ospedale Cantonale di San Gallo, in Svizzera, ha maturato il proprio percorso fino al ruolo di specialista e continua a operare\" \/>\n<meta property=\"og:url\" content=\"https:\/\/test.drspiegl.com\/it\/chi-e-dr-spiegl\/\" \/>\n<meta property=\"og:site_name\" content=\"test.drspiegl.com\" \/>\n<meta property=\"article:modified_time\" content=\"2026-01-09T09:44:57+00:00\" \/>\n<meta property=\"og:image\" content=\"https:\/\/test.drspiegl.com\/wp-content\/uploads\/2025\/11\/ex-1-300x174.webp\" \/>\n<meta name=\"twitter:card\" content=\"summary_large_image\" \/>\n<meta name=\"twitter:label1\" content=\"Tempo di lettura stimato\" \/>\n\t<meta name=\"twitter:data1\" content=\"2 minuti\" \/>\n<script type=\"application\/ld+json\" class=\"yoast-schema-graph\">{\"@context\":\"https:\\\/\\\/schema.org\",\"@graph\":[{\"@type\":\"WebPage\",\"@id\":\"https:\\\/\\\/test.drspiegl.com\\\/it\\\/chi-e-dr-spiegl\\\/\",\"url\":\"https:\\\/\\\/test.drspiegl.com\\\/it\\\/chi-e-dr-spiegl\\\/\",\"name\":\"Chi Siamo - test.drspiegl.com\",\"isPartOf\":{\"@id\":\"https:\\\/\\\/test.drspiegl.com\\\/it\\\/en\\\/home\\\/#website\"},\"primaryImageOfPage\":{\"@id\":\"https:\\\/\\\/test.drspiegl.com\\\/it\\\/chi-e-dr-spiegl\\\/#primaryimage\"},\"image\":{\"@id\":\"https:\\\/\\\/test.drspiegl.com\\\/it\\\/chi-e-dr-spiegl\\\/#primaryimage\"},\"thumbnailUrl\":\"https:\\\/\\\/test.drspiegl.com\\\/wp-content\\\/uploads\\\/2025\\\/11\\\/ex-1-300x174.webp\",\"datePublished\":\"2025-11-18T17:39:10+00:00\",\"dateModified\":\"2026-01-09T09:44:57+00:00\",\"breadcrumb\":{\"@id\":\"https:\\\/\\\/test.drspiegl.com\\\/it\\\/chi-e-dr-spiegl\\\/#breadcrumb\"},\"inLanguage\":\"it-IT\",\"potentialAction\":[{\"@type\":\"ReadAction\",\"target\":[\"https:\\\/\\\/test.drspiegl.com\\\/it\\\/chi-e-dr-spiegl\\\/\"]}]},{\"@type\":\"ImageObject\",\"inLanguage\":\"it-IT\",\"@id\":\"https:\\\/\\\/test.drspiegl.com\\\/it\\\/chi-e-dr-spiegl\\\/#primaryimage\",\"url\":\"https:\\\/\\\/test.drspiegl.com\\\/wp-content\\\/uploads\\\/2025\\\/11\\\/ex-1-300x174.webp\",\"contentUrl\":\"https:\\\/\\\/test.drspiegl.com\\\/wp-content\\\/uploads\\\/2025\\\/11\\\/ex-1-300x174.webp\"},{\"@type\":\"BreadcrumbList\",\"@id\":\"https:\\\/\\\/test.drspiegl.com\\\/it\\\/chi-e-dr-spiegl\\\/#breadcrumb\",\"itemListElement\":[{\"@type\":\"ListItem\",\"position\":1,\"name\":\"Home\",\"item\":\"https:\\\/\\\/test.drspiegl.com\\\/it\\\/\"},{\"@type\":\"ListItem\",\"position\":2,\"name\":\"Chi Siamo\"}]},{\"@type\":\"WebSite\",\"@id\":\"https:\\\/\\\/test.drspiegl.com\\\/it\\\/en\\\/home\\\/#website\",\"url\":\"https:\\\/\\\/test.drspiegl.com\\\/it\\\/en\\\/home\\\/\",\"name\":\"test.drspiegl.com\",\"description\":\"Health Medical Theme\",\"potentialAction\":[{\"@type\":\"SearchAction\",\"target\":{\"@type\":\"EntryPoint\",\"urlTemplate\":\"https:\\\/\\\/test.drspiegl.com\\\/it\\\/en\\\/home\\\/?s={search_term_string}\"},\"query-input\":{\"@type\":\"PropertyValueSpecification\",\"valueRequired\":true,\"valueName\":\"search_term_string\"}}],\"inLanguage\":\"it-IT\"}]}<\/script>\n<!-- \/ Yoast SEO plugin. -->","yoast_head_json":{"title":"Chi Siamo - test.drspiegl.com","robots":{"index":"index","follow":"follow","max-snippet":"max-snippet:-1","max-image-preview":"max-image-preview:large","max-video-preview":"max-video-preview:-1"},"canonical":"https:\/\/test.drspiegl.com\/it\/chi-e-dr-spiegl\/","og_locale":"it_IT","og_type":"article","og_title":"Chi Siamo - test.drspiegl.com","og_description":"[vc_row type=&#8221;full-width&#8221;][vc_column width=&#8221;1\/2&#8243;][vc_single_image image=&#8221;5249&#8243; img_size=&#8221;large-thumb&#8221; css_animation=&#8221;fadeIn&#8221; css=&#8221;&#8221;][\/vc_column][vc_column width=&#8221;1\/2&#8243;][vc_column_text css=&#8221;&#8221; el_class=&#8221;padding-left-100&#8243;] Il Dott. Matthias Spiegl ha iniziato la sua formazione medica presso l\u2019Universit\u00e0 di Medicina di Vienna, proseguendo poi all\u2019Ospedale di Tulln, in Austria. Presso l\u2019Ospedale Cantonale di San Gallo, in Svizzera, ha maturato il proprio percorso fino al ruolo di specialista e continua a operare","og_url":"https:\/\/test.drspiegl.com\/it\/chi-e-dr-spiegl\/","og_site_name":"test.drspiegl.com","article_modified_time":"2026-01-09T09:44:57+00:00","og_image":[{"url":"https:\/\/test.drspiegl.com\/wp-content\/uploads\/2025\/11\/ex-1-300x174.webp","type":"","width":"","height":""}],"twitter_card":"summary_large_image","twitter_misc":{"Tempo di lettura stimato":"2 minuti"},"schema":{"@context":"https:\/\/schema.org","@graph":[{"@type":"WebPage","@id":"https:\/\/test.drspiegl.com\/it\/chi-e-dr-spiegl\/","url":"https:\/\/test.drspiegl.com\/it\/chi-e-dr-spiegl\/","name":"Chi Siamo - test.drspiegl.com","isPartOf":{"@id":"https:\/\/test.drspiegl.com\/it\/en\/home\/#website"},"primaryImageOfPage":{"@id":"https:\/\/test.drspiegl.com\/it\/chi-e-dr-spiegl\/#primaryimage"},"image":{"@id":"https:\/\/test.drspiegl.com\/it\/chi-e-dr-spiegl\/#primaryimage"},"thumbnailUrl":"https:\/\/test.drspiegl.com\/wp-content\/uploads\/2025\/11\/ex-1-300x174.webp","datePublished":"2025-11-18T17:39:10+00:00","dateModified":"2026-01-09T09:44:57+00:00","breadcrumb":{"@id":"https:\/\/test.drspiegl.com\/it\/chi-e-dr-spiegl\/#breadcrumb"},"inLanguage":"it-IT","potentialAction":[{"@type":"ReadAction","target":["https:\/\/test.drspiegl.com\/it\/chi-e-dr-spiegl\/"]}]},{"@type":"ImageObject","inLanguage":"it-IT","@id":"https:\/\/test.drspiegl.com\/it\/chi-e-dr-spiegl\/#primaryimage","url":"https:\/\/test.drspiegl.com\/wp-content\/uploads\/2025\/11\/ex-1-300x174.webp","contentUrl":"https:\/\/test.drspiegl.com\/wp-content\/uploads\/2025\/11\/ex-1-300x174.webp"},{"@type":"BreadcrumbList","@id":"https:\/\/test.drspiegl.com\/it\/chi-e-dr-spiegl\/#breadcrumb","itemListElement":[{"@type":"ListItem","position":1,"name":"Home","item":"https:\/\/test.drspiegl.com\/it\/"},{"@type":"ListItem","position":2,"name":"Chi Siamo"}]},{"@type":"WebSite","@id":"https:\/\/test.drspiegl.com\/it\/en\/home\/#website","url":"https:\/\/test.drspiegl.com\/it\/en\/home\/","name":"test.drspiegl.com","description":"Health Medical Theme","potentialAction":[{"@type":"SearchAction","target":{"@type":"EntryPoint","urlTemplate":"https:\/\/test.drspiegl.com\/it\/en\/home\/?s={search_term_string}"},"query-input":{"@type":"PropertyValueSpecification","valueRequired":true,"valueName":"search_term_string"}}],"inLanguage":"it-IT"}]}},"_links":{"self":[{"href":"https:\/\/test.drspiegl.com\/it\/wp-json\/wp\/v2\/pages\/4675","targetHints":{"allow":["GET"]}}],"collection":[{"href":"https:\/\/test.drspiegl.com\/it\/wp-json\/wp\/v2\/pages"}],"about":[{"href":"https:\/\/test.drspiegl.com\/it\/wp-json\/wp\/v2\/types\/page"}],"author":[{"embeddable":true,"href":"https:\/\/test.drspiegl.com\/it\/wp-json\/wp\/v2\/users\/1"}],"replies":[{"embeddable":true,"href":"https:\/\/test.drspiegl.com\/it\/wp-json\/wp\/v2\/comments?post=4675"}],"version-history":[{"count":29,"href":"https:\/\/test.drspiegl.com\/it\/wp-json\/wp\/v2\/pages\/4675\/revisions"}],"predecessor-version":[{"id":5537,"href":"https:\/\/test.drspiegl.com\/it\/wp-json\/wp\/v2\/pages\/4675\/revisions\/5537"}],"wp:attachment":[{"href":"https:\/\/test.drspiegl.com\/it\/wp-json\/wp\/v2\/media?parent=4675"}],"curies":[{"name":"wp","href":"https:\/\/api.w.org\/{rel}","templated":true}]}}