{"id":5303,"date":"2025-12-29T14:16:49","date_gmt":"2025-12-29T14:16:49","guid":{"rendered":"https:\/\/test.drspiegl.com\/?page_id=5303"},"modified":"2026-01-17T15:42:46","modified_gmt":"2026-01-17T15:42:46","slug":"privacy","status":"publish","type":"page","link":"https:\/\/test.drspiegl.com\/it\/privacy\/","title":{"rendered":"Privacy"},"content":{"rendered":"<div class=\"wpb-content-wrapper\"><p>[vc_row][vc_column][vc_column_text css=&#8221;&#8221;]<\/p>\n<p data-path-to-node=\"2\"><b data-path-to-node=\"2\" data-index-in-node=\"0\">Informativa sulla Protezione dei Dati<\/b><\/p>\n<p data-path-to-node=\"3\">Nella seguente informativa sulla protezione dei dati, la informiamo sugli aspetti principali del trattamento dei dati nell&#8217;ambito del nostro sito web. Raccogliamo e trattiamo i dati personali esclusivamente sulla base delle disposizioni di legge (Regolamento Generale sulla Protezione dei Dati &#8211; GDPR, Legge sulle Telecomunicazioni del 2003).<\/p>\n<p data-path-to-node=\"4\">Non appena l&#8217;utente accede o visita il nostro sito web, vengono rilevati l&#8217;indirizzo IP, l&#8217;inizio nonch\u00e9 l&#8217;inizio e la fine della sessione. Ci\u00f2 \u00e8 dovuto a ragioni tecniche e costituisce pertanto un legittimo interesse ai sensi dell&#8217;Art. 6 par. 1 lett. f del GDPR.<\/p>\n<p data-path-to-node=\"5\"><b data-path-to-node=\"5\" data-index-in-node=\"0\">Contatti<\/b><\/p>\n<p data-path-to-node=\"5\">Se ci contatta tramite il modulo di contatto sul nostro sito web o via e-mail, i dati da lei trasmessi saranno conservati presso di noi per sei mesi al fine di elaborare la sua richiesta o in caso di ulteriori domande di follow-up. Non avverr\u00e0 alcuna divulgazione dei dati trasmessi senza il suo consenso.<\/p>\n<p data-path-to-node=\"6\"><b data-path-to-node=\"6\" data-index-in-node=\"0\">Cookie<\/b><\/p>\n<p data-path-to-node=\"6\">Il nostro sito web utilizza i cosiddetti cookie. Si tratta di piccoli file di testo che vengono memorizzati sul suo dispositivo terminale con l&#8217;aiuto del browser. Essi non causano alcun danno. Utilizziamo i cookie per rendere la nostra offerta pi\u00f9 fruibile per l&#8217;utente. Alcuni cookie rimangono memorizzati sul suo dispositivo finch\u00e9 non li cancella. Essi ci permettono di riconoscere il suo browser alla visita successiva. Se non lo desidera, pu\u00f2 impostare il suo browser in modo che la informi sull&#8217;impostazione dei cookie e che lei possa consentirlo solo in singoli casi. In caso di disattivazione dei cookie, la funzionalit\u00e0 del nostro sito web potrebbe essere limitata.<\/p>\n<p data-path-to-node=\"7\"><b data-path-to-node=\"7\" data-index-in-node=\"0\">File di log del server<\/b><\/p>\n<p data-path-to-node=\"7\">Questo sito web e il relativo provider raccolgono automaticamente informazioni nel corso dell&#8217;utilizzo del sito web nell&#8217;ambito dei cosiddetti &#8220;file di log del server&#8221;. Ci\u00f2 riguarda in particolare:<\/p>\n<ul>\n<li data-path-to-node=\"8,0,0\">Indirizzo IP o hostname<\/li>\n<li data-path-to-node=\"8,0,0\">Il browser utilizzato<\/li>\n<li data-path-to-node=\"8,0,0\">Durata della permanenza sul sito web nonch\u00e9 data e ora<\/li>\n<li data-path-to-node=\"8,0,0\">Pagine del sito web visitate<\/li>\n<li data-path-to-node=\"8,0,0\">Impostazioni della lingua e sistema operativo<\/li>\n<li data-path-to-node=\"8,0,0\">&#8220;Leaving-Page&#8221; (l&#8217;URL su cui l&#8217;utente ha lasciato il sito web)<\/li>\n<li data-path-to-node=\"8,0,0\">ISP (Internet Service Provider)<\/li>\n<\/ul>\n<p data-path-to-node=\"9\">Queste informazioni raccolte non vengono elaborate in modo identificativo n\u00e9 associate a dati personali. Il gestore del sito web si riserva il diritto di valutare o verificare tali dati in caso di segnalazione di attivit\u00e0 illecite.<\/p>\n<p data-path-to-node=\"10\"><b data-path-to-node=\"10\" data-index-in-node=\"0\">I suoi diritti come interessato<\/b><\/p>\n<p data-path-to-node=\"10\">In qualit\u00e0 di interessato, lei ha fondamentalmente i seguenti diritti riguardo ai suoi dati conservati presso di noi:<\/p>\n<ul>\n<li data-path-to-node=\"11,0,0\">Accesso<\/li>\n<li data-path-to-node=\"11,0,0\">Cancellazione dei dati<\/li>\n<li data-path-to-node=\"11,0,0\">Rettifica dei dati<\/li>\n<li data-path-to-node=\"11,0,0\">Portabilit\u00e0 dei dati<\/li>\n<li data-path-to-node=\"11,0,0\">Revoca e opposizione al trattamento dei dati<\/li>\n<li data-path-to-node=\"11,0,0\">Limitazione del trattamento<\/li>\n<\/ul>\n<p data-path-to-node=\"12\">Se ritiene che nel corso del trattamento dei suoi dati si siano verificate violazioni del diritto alla protezione dei dati, ha la possibilit\u00e0 di presentare reclamo presso di noi (<a href=\"mailto:of&#102;ice&#64;d&#114;&#115;&#112;i&#101;&#103;l.co&#109;\">of&#102;ice&#64;d&#114;&#115;&#112;i&#101;&#103;l.co&#109;<\/a>) o presso l&#8217;autorit\u00e0 garante della protezione dei dati.<\/p>\n<p data-path-to-node=\"13\"><b data-path-to-node=\"13\" data-index-in-node=\"0\">Pu\u00f2 contattarci ai seguenti recapiti:<\/b><\/p>\n<p data-path-to-node=\"13\"><strong>Gestore del sito web:<\/strong> Dr.med.univ. Matthias Spiegl, FEBOPRAS FACS<br \/>\n<strong>Telefono:<\/strong> <a href=\"tel:+436602483816\">+43 660 2483 816<\/a><br \/>\n<strong>E-Mail: <\/strong><a href=\"mailto:&#111;ffi&#99;e&#64;&#100;r&#115;p&#105;&#101;gl&#46;c&#111;m\">&#111;ffi&#99;e&#64;&#100;r&#115;p&#105;&#101;gl&#46;c&#111;m<\/a><\/p>\n<p>[\/vc_column_text][\/vc_column][\/vc_row]<\/p>\n<\/div>","protected":false},"excerpt":{"rendered":"<p>[vc_row][vc_column][vc_column_text css=&#8221;&#8221;] Informativa sulla Protezione dei Dati Nella seguente informativa sulla protezione dei dati, la informiamo sugli aspetti principali del trattamento dei dati nell&#8217;ambito del nostro sito web. Raccogliamo e trattiamo i dati personali esclusivamente sulla base delle disposizioni di legge (Regolamento Generale sulla Protezione dei Dati &#8211; GDPR, Legge sulle Telecomunicazioni del 2003). Non<\/p>\n","protected":false},"author":1,"featured_media":0,"parent":0,"menu_order":0,"comment_status":"closed","ping_status":"closed","template":"","meta":{"footnotes":""},"class_list":["post-5303","page","type-page","status-publish","hentry"],"yoast_head":"<!-- This site is optimized with the Yoast SEO plugin v27.4 - https:\/\/yoast.com\/product\/yoast-seo-wordpress\/ -->\n<title>Privacy - test.drspiegl.com<\/title>\n<meta name=\"robots\" content=\"index, follow, max-snippet:-1, max-image-preview:large, max-video-preview:-1\" \/>\n<link rel=\"canonical\" href=\"https:\/\/test.drspiegl.com\/it\/privacy\/\" \/>\n<meta property=\"og:locale\" content=\"it_IT\" \/>\n<meta property=\"og:type\" content=\"article\" \/>\n<meta property=\"og:title\" content=\"Privacy - test.drspiegl.com\" \/>\n<meta property=\"og:description\" content=\"[vc_row][vc_column][vc_column_text css=&#8221;&#8221;] Informativa sulla Protezione dei Dati Nella seguente informativa sulla protezione dei dati, la informiamo sugli aspetti principali del trattamento dei dati nell&#8217;ambito del nostro sito web. Raccogliamo e trattiamo i dati personali esclusivamente sulla base delle disposizioni di legge (Regolamento Generale sulla Protezione dei Dati &#8211; GDPR, Legge sulle Telecomunicazioni del 2003). Non\" \/>\n<meta property=\"og:url\" content=\"https:\/\/test.drspiegl.com\/it\/privacy\/\" \/>\n<meta property=\"og:site_name\" content=\"test.drspiegl.com\" \/>\n<meta property=\"article:modified_time\" content=\"2026-01-17T15:42:46+00:00\" \/>\n<meta name=\"twitter:card\" content=\"summary_large_image\" \/>\n<meta name=\"twitter:label1\" content=\"Tempo di lettura stimato\" \/>\n\t<meta name=\"twitter:data1\" content=\"3 minuti\" \/>\n<script type=\"application\/ld+json\" class=\"yoast-schema-graph\">{\"@context\":\"https:\\\/\\\/schema.org\",\"@graph\":[{\"@type\":\"WebPage\",\"@id\":\"https:\\\/\\\/test.drspiegl.com\\\/it\\\/privacy\\\/\",\"url\":\"https:\\\/\\\/test.drspiegl.com\\\/it\\\/privacy\\\/\",\"name\":\"Privacy - test.drspiegl.com\",\"isPartOf\":{\"@id\":\"https:\\\/\\\/test.drspiegl.com\\\/it\\\/en\\\/home\\\/#website\"},\"datePublished\":\"2025-12-29T14:16:49+00:00\",\"dateModified\":\"2026-01-17T15:42:46+00:00\",\"breadcrumb\":{\"@id\":\"https:\\\/\\\/test.drspiegl.com\\\/it\\\/privacy\\\/#breadcrumb\"},\"inLanguage\":\"it-IT\",\"potentialAction\":[{\"@type\":\"ReadAction\",\"target\":[\"https:\\\/\\\/test.drspiegl.com\\\/it\\\/privacy\\\/\"]}]},{\"@type\":\"BreadcrumbList\",\"@id\":\"https:\\\/\\\/test.drspiegl.com\\\/it\\\/privacy\\\/#breadcrumb\",\"itemListElement\":[{\"@type\":\"ListItem\",\"position\":1,\"name\":\"Home\",\"item\":\"https:\\\/\\\/test.drspiegl.com\\\/it\\\/\"},{\"@type\":\"ListItem\",\"position\":2,\"name\":\"Privacy\"}]},{\"@type\":\"WebSite\",\"@id\":\"https:\\\/\\\/test.drspiegl.com\\\/it\\\/en\\\/home\\\/#website\",\"url\":\"https:\\\/\\\/test.drspiegl.com\\\/it\\\/en\\\/home\\\/\",\"name\":\"test.drspiegl.com\",\"description\":\"Health Medical Theme\",\"potentialAction\":[{\"@type\":\"SearchAction\",\"target\":{\"@type\":\"EntryPoint\",\"urlTemplate\":\"https:\\\/\\\/test.drspiegl.com\\\/it\\\/en\\\/home\\\/?s={search_term_string}\"},\"query-input\":{\"@type\":\"PropertyValueSpecification\",\"valueRequired\":true,\"valueName\":\"search_term_string\"}}],\"inLanguage\":\"it-IT\"}]}<\/script>\n<!-- \/ Yoast SEO plugin. -->","yoast_head_json":{"title":"Privacy - test.drspiegl.com","robots":{"index":"index","follow":"follow","max-snippet":"max-snippet:-1","max-image-preview":"max-image-preview:large","max-video-preview":"max-video-preview:-1"},"canonical":"https:\/\/test.drspiegl.com\/it\/privacy\/","og_locale":"it_IT","og_type":"article","og_title":"Privacy - test.drspiegl.com","og_description":"[vc_row][vc_column][vc_column_text css=&#8221;&#8221;] Informativa sulla Protezione dei Dati Nella seguente informativa sulla protezione dei dati, la informiamo sugli aspetti principali del trattamento dei dati nell&#8217;ambito del nostro sito web. Raccogliamo e trattiamo i dati personali esclusivamente sulla base delle disposizioni di legge (Regolamento Generale sulla Protezione dei Dati &#8211; GDPR, Legge sulle Telecomunicazioni del 2003). Non","og_url":"https:\/\/test.drspiegl.com\/it\/privacy\/","og_site_name":"test.drspiegl.com","article_modified_time":"2026-01-17T15:42:46+00:00","twitter_card":"summary_large_image","twitter_misc":{"Tempo di lettura stimato":"3 minuti"},"schema":{"@context":"https:\/\/schema.org","@graph":[{"@type":"WebPage","@id":"https:\/\/test.drspiegl.com\/it\/privacy\/","url":"https:\/\/test.drspiegl.com\/it\/privacy\/","name":"Privacy - test.drspiegl.com","isPartOf":{"@id":"https:\/\/test.drspiegl.com\/it\/en\/home\/#website"},"datePublished":"2025-12-29T14:16:49+00:00","dateModified":"2026-01-17T15:42:46+00:00","breadcrumb":{"@id":"https:\/\/test.drspiegl.com\/it\/privacy\/#breadcrumb"},"inLanguage":"it-IT","potentialAction":[{"@type":"ReadAction","target":["https:\/\/test.drspiegl.com\/it\/privacy\/"]}]},{"@type":"BreadcrumbList","@id":"https:\/\/test.drspiegl.com\/it\/privacy\/#breadcrumb","itemListElement":[{"@type":"ListItem","position":1,"name":"Home","item":"https:\/\/test.drspiegl.com\/it\/"},{"@type":"ListItem","position":2,"name":"Privacy"}]},{"@type":"WebSite","@id":"https:\/\/test.drspiegl.com\/it\/en\/home\/#website","url":"https:\/\/test.drspiegl.com\/it\/en\/home\/","name":"test.drspiegl.com","description":"Health Medical Theme","potentialAction":[{"@type":"SearchAction","target":{"@type":"EntryPoint","urlTemplate":"https:\/\/test.drspiegl.com\/it\/en\/home\/?s={search_term_string}"},"query-input":{"@type":"PropertyValueSpecification","valueRequired":true,"valueName":"search_term_string"}}],"inLanguage":"it-IT"}]}},"_links":{"self":[{"href":"https:\/\/test.drspiegl.com\/it\/wp-json\/wp\/v2\/pages\/5303","targetHints":{"allow":["GET"]}}],"collection":[{"href":"https:\/\/test.drspiegl.com\/it\/wp-json\/wp\/v2\/pages"}],"about":[{"href":"https:\/\/test.drspiegl.com\/it\/wp-json\/wp\/v2\/types\/page"}],"author":[{"embeddable":true,"href":"https:\/\/test.drspiegl.com\/it\/wp-json\/wp\/v2\/users\/1"}],"replies":[{"embeddable":true,"href":"https:\/\/test.drspiegl.com\/it\/wp-json\/wp\/v2\/comments?post=5303"}],"version-history":[{"count":7,"href":"https:\/\/test.drspiegl.com\/it\/wp-json\/wp\/v2\/pages\/5303\/revisions"}],"predecessor-version":[{"id":5540,"href":"https:\/\/test.drspiegl.com\/it\/wp-json\/wp\/v2\/pages\/5303\/revisions\/5540"}],"wp:attachment":[{"href":"https:\/\/test.drspiegl.com\/it\/wp-json\/wp\/v2\/media?parent=5303"}],"curies":[{"name":"wp","href":"https:\/\/api.w.org\/{rel}","templated":true}]}}